{"id":7995,"date":"2021-07-09T10:28:21","date_gmt":"2021-07-09T10:28:21","guid":{"rendered":"https:\/\/www.modelight.eu--skip-columns=guid\/?post_type=product&#038;p=7995"},"modified":"2024-02-23T12:51:19","modified_gmt":"2024-02-23T12:51:19","slug":"fante-s-red","status":"publish","type":"product","link":"https:\/\/www.modelight.eu\/pt\/produto\/fante-s-red\/","title":{"rendered":"FANTE S RED"},"content":{"rendered":"","protected":false},"excerpt":{"rendered":"<p>\u00c0 medida que o dia passa, a ilumina\u00e7\u00e3o da nossa casa muda. O que precisamos \u00e9 de candeeiros verdadeiramente flex\u00edveis para nos darem as melhores op\u00e7\u00f5es de ilumina\u00e7\u00e3o para cada divis\u00e3o, hora e esta\u00e7\u00e3o. O candeeiro de teto italiano FANTE S RED da Stilnovo, l\u00fadico e elegante, n\u00e3o o vai desiludir. A geometria do cone, a l\u00e2mpada globo E27 e o abajur de alum\u00ednio pintado de branco s\u00e3o t\u00e3o agrad\u00e1veis, que o candeeiro por vezes se assemelha a um modelo de moda com um chap\u00e9u elegante num \u00e2ngulo alegre. Pode mover o disco met\u00e1lico para direcionar a luz para onde precisa dela. Os designers J. De Pas, D. D'Urbino e P. Lomazzi conseguiram tudo isto sem a utiliza\u00e7\u00e3o de articula\u00e7\u00f5es ou mecanismos.<\/p>\n<p>Fonte de luz: 1 x E27 (inclu\u00edda)<br \/>\nPot\u00eancia: Globo 126 Full Light 220-240V LED 11W<br \/>\nCaracter\u00edsticas: 2700K, 1520lm, CRI 80<br \/>\nMaterial: Alum\u00ednio (branco), PU (vermelho)<br \/>\nDimens\u00f5es: \u00d8 301 mm, H 280 mm<br \/>\nPeso: 1,5 kg<br \/>\nClassifica\u00e7\u00e3o IP: IP20<br \/>\nInclina\u00e7\u00e3o: Sim<br \/>\nInstala\u00e7\u00e3o: Tecto<br \/>\nMarca: Stilnovo<br \/>\nFeito em It\u00e1lia<\/p>","protected":false},"featured_media":8733,"template":"","meta":[],"product_brand":[],"product_cat":[47],"product_tag":[41,106,112,246,667,668,786],"class_list":{"0":"post-7995","1":"product","2":"type-product","3":"status-publish","4":"has-post-thumbnail","6":"product_cat-ceiling-lights","7":"product_tag-lighting","8":"product_tag-ceiling","9":"product_tag-white","10":"product_tag-red","11":"product_tag-italian","12":"product_tag-designer","13":"product_tag-fante","15":"first","16":"instock","17":"taxable","18":"shipping-taxable","19":"purchasable","20":"product-type-simple"},"yoast_head":"<!-- This site is optimized with the Yoast SEO plugin v27.6 - https:\/\/yoast.com\/product\/yoast-seo-wordpress\/ -->\n<title>FANTE S RED - Modelight<\/title>\n<meta name=\"robots\" content=\"index, follow, max-snippet:-1, max-image-preview:large, max-video-preview:-1\" \/>\n<link rel=\"canonical\" href=\"https:\/\/www.modelight.eu\/pt\/produto\/fante-s-red\/\" \/>\n<meta property=\"og:locale\" content=\"pt_PT\" \/>\n<meta property=\"og:type\" content=\"article\" \/>\n<meta property=\"og:title\" content=\"FANTE S RED - Modelight\" \/>\n<meta property=\"og:description\" content=\"As the day passes, the lighting in our home changes. What we need are truly flexible lights to give us the best lighting options for every room, hour, and season. The playful, stylish FANTE S RED Italian ceiling lighting by Stilnovo won\u2019t let you down. The geometry of the cone, E27 globe bulb, and white-painted aluminium lampshade is so pleasing, the lamp sometimes resembling a fashion model wearing a stylish hat at a jaunty angle. You can move the metal disc to direct the light where you need it. Designers J. De Pas, D. D\u2019Urbino, and P. Lomazzi achieved all this without the use of joints or mechanisms.  Light source: 1 x E27 (included) Power: Globo 126 Full Light 220-240V LED 11W Characteristics: 2700K, 1520lm, CRI 80 Material: Aluminium (white), PU (red) Dimensions: \u00d8 301 mm, H 280 mm Weight: 1.5 kg IP rating: IP20 Tilting: Yes Installation: Ceiling Brand: Stilnovo Made in Italy\" \/>\n<meta property=\"og:url\" content=\"https:\/\/www.modelight.eu\/pt\/produto\/fante-s-red\/\" \/>\n<meta property=\"og:site_name\" content=\"Modelight\" \/>\n<meta property=\"article:publisher\" content=\"https:\/\/www.facebook.com\/Modelight.eu\" \/>\n<meta property=\"article:modified_time\" content=\"2024-02-23T12:51:19+00:00\" \/>\n<meta property=\"og:image\" content=\"https:\/\/i0.wp.com\/www.modelight.eu\/wp-content\/uploads\/2021\/07\/stilnovo-fante-s-red-italian-ceiling-lights-modelight-designer-lighting-1.jpg?fit=800%2C1200&ssl=1\" \/>\n\t<meta property=\"og:image:width\" content=\"800\" \/>\n\t<meta property=\"og:image:height\" content=\"1200\" \/>\n\t<meta property=\"og:image:type\" content=\"image\/jpeg\" \/>\n<meta name=\"twitter:card\" content=\"summary_large_image\" \/>\n<meta name=\"twitter:site\" content=\"@modelightqdl\" \/>\n<script type=\"application\/ld+json\" class=\"yoast-schema-graph\">{\"@context\":\"https:\\\/\\\/schema.org\",\"@graph\":[{\"@type\":\"WebPage\",\"@id\":\"https:\\\/\\\/www.modelight.eu\\\/product\\\/fante-s-red\\\/\",\"url\":\"https:\\\/\\\/www.modelight.eu\\\/product\\\/fante-s-red\\\/\",\"name\":\"FANTE S RED - Modelight\",\"isPartOf\":{\"@id\":\"http:\\\/\\\/www.modelight.eu\\\/pt\\\/#website\"},\"primaryImageOfPage\":{\"@id\":\"https:\\\/\\\/www.modelight.eu\\\/product\\\/fante-s-red\\\/#primaryimage\"},\"image\":{\"@id\":\"https:\\\/\\\/www.modelight.eu\\\/product\\\/fante-s-red\\\/#primaryimage\"},\"thumbnailUrl\":\"https:\\\/\\\/www.modelight.eu\\\/wp-content\\\/uploads\\\/2021\\\/07\\\/stilnovo-fante-s-red-italian-ceiling-lights-modelight-designer-lighting-1.jpg\",\"datePublished\":\"2021-07-09T10:28:21+00:00\",\"dateModified\":\"2024-02-23T12:51:19+00:00\",\"breadcrumb\":{\"@id\":\"https:\\\/\\\/www.modelight.eu\\\/product\\\/fante-s-red\\\/#breadcrumb\"},\"inLanguage\":\"pt-PT\",\"potentialAction\":[{\"@type\":\"ReadAction\",\"target\":[\"https:\\\/\\\/www.modelight.eu\\\/product\\\/fante-s-red\\\/\"]}]},{\"@type\":\"ImageObject\",\"inLanguage\":\"pt-PT\",\"@id\":\"https:\\\/\\\/www.modelight.eu\\\/product\\\/fante-s-red\\\/#primaryimage\",\"url\":\"https:\\\/\\\/www.modelight.eu\\\/wp-content\\\/uploads\\\/2021\\\/07\\\/stilnovo-fante-s-red-italian-ceiling-lights-modelight-designer-lighting-1.jpg\",\"contentUrl\":\"https:\\\/\\\/www.modelight.eu\\\/wp-content\\\/uploads\\\/2021\\\/07\\\/stilnovo-fante-s-red-italian-ceiling-lights-modelight-designer-lighting-1.jpg\",\"width\":800,\"height\":1200,\"caption\":\"Stilnovo Fante S red Italian ceiling lights picture 1\"},{\"@type\":\"BreadcrumbList\",\"@id\":\"https:\\\/\\\/www.modelight.eu\\\/product\\\/fante-s-red\\\/#breadcrumb\",\"itemListElement\":[{\"@type\":\"ListItem\",\"position\":1,\"name\":\"Home\",\"item\":\"https:\\\/\\\/www.modelight.eu\\\/\"},{\"@type\":\"ListItem\",\"position\":2,\"name\":\"Shop\",\"item\":\"https:\\\/\\\/www.modelight.eu\\\/modelight-decorative-lighting\\\/\"},{\"@type\":\"ListItem\",\"position\":3,\"name\":\"FANTE S RED\"}]},{\"@type\":\"WebSite\",\"@id\":\"http:\\\/\\\/www.modelight.eu\\\/pt\\\/#website\",\"url\":\"http:\\\/\\\/www.modelight.eu\\\/pt\\\/\",\"name\":\"Modelight\",\"description\":\"Italian Decorative Lighting\",\"publisher\":{\"@id\":\"http:\\\/\\\/www.modelight.eu\\\/pt\\\/#organization\"},\"potentialAction\":[{\"@type\":\"SearchAction\",\"target\":{\"@type\":\"EntryPoint\",\"urlTemplate\":\"http:\\\/\\\/www.modelight.eu\\\/pt\\\/?s={search_term_string}\"},\"query-input\":{\"@type\":\"PropertyValueSpecification\",\"valueRequired\":true,\"valueName\":\"search_term_string\"}}],\"inLanguage\":\"pt-PT\"},{\"@type\":\"Organization\",\"@id\":\"http:\\\/\\\/www.modelight.eu\\\/pt\\\/#organization\",\"name\":\"modelight.eu\",\"url\":\"http:\\\/\\\/www.modelight.eu\\\/pt\\\/\",\"logo\":{\"@type\":\"ImageObject\",\"inLanguage\":\"pt-PT\",\"@id\":\"http:\\\/\\\/www.modelight.eu\\\/pt\\\/#\\\/schema\\\/logo\\\/image\\\/\",\"url\":\"https:\\\/\\\/www.modelight.eu\\\/wp-content\\\/uploads\\\/2020\\\/08\\\/modelight-ico-logo.jpg\",\"contentUrl\":\"https:\\\/\\\/www.modelight.eu\\\/wp-content\\\/uploads\\\/2020\\\/08\\\/modelight-ico-logo.jpg\",\"width\":512,\"height\":512,\"caption\":\"modelight.eu\"},\"image\":{\"@id\":\"http:\\\/\\\/www.modelight.eu\\\/pt\\\/#\\\/schema\\\/logo\\\/image\\\/\"},\"sameAs\":[\"https:\\\/\\\/www.facebook.com\\\/Modelight.eu\",\"https:\\\/\\\/x.com\\\/modelightqdl\",\"https:\\\/\\\/www.instagram.com\\\/modelight.eu\\\/\"]}]}<\/script>\n<!-- \/ Yoast SEO plugin. -->","yoast_head_json":{"title":"FANTE S RED - Modelight","robots":{"index":"index","follow":"follow","max-snippet":"max-snippet:-1","max-image-preview":"max-image-preview:large","max-video-preview":"max-video-preview:-1"},"canonical":"https:\/\/www.modelight.eu\/pt\/produto\/fante-s-red\/","og_locale":"pt_PT","og_type":"article","og_title":"FANTE S RED - Modelight","og_description":"As the day passes, the lighting in our home changes. What we need are truly flexible lights to give us the best lighting options for every room, hour, and season. The playful, stylish FANTE S RED Italian ceiling lighting by Stilnovo won\u2019t let you down. The geometry of the cone, E27 globe bulb, and white-painted aluminium lampshade is so pleasing, the lamp sometimes resembling a fashion model wearing a stylish hat at a jaunty angle. You can move the metal disc to direct the light where you need it. Designers J. De Pas, D. D\u2019Urbino, and P. Lomazzi achieved all this without the use of joints or mechanisms.  Light source: 1 x E27 (included) Power: Globo 126 Full Light 220-240V LED 11W Characteristics: 2700K, 1520lm, CRI 80 Material: Aluminium (white), PU (red) Dimensions: \u00d8 301 mm, H 280 mm Weight: 1.5 kg IP rating: IP20 Tilting: Yes Installation: Ceiling Brand: Stilnovo Made in Italy","og_url":"https:\/\/www.modelight.eu\/pt\/produto\/fante-s-red\/","og_site_name":"Modelight","article_publisher":"https:\/\/www.facebook.com\/Modelight.eu","article_modified_time":"2024-02-23T12:51:19+00:00","og_image":[{"width":800,"height":1200,"url":"https:\/\/i0.wp.com\/www.modelight.eu\/wp-content\/uploads\/2021\/07\/stilnovo-fante-s-red-italian-ceiling-lights-modelight-designer-lighting-1.jpg?fit=800%2C1200&ssl=1","type":"image\/jpeg"}],"twitter_card":"summary_large_image","twitter_site":"@modelightqdl","schema":{"@context":"https:\/\/schema.org","@graph":[{"@type":"WebPage","@id":"https:\/\/www.modelight.eu\/product\/fante-s-red\/","url":"https:\/\/www.modelight.eu\/product\/fante-s-red\/","name":"FANTE S RED - Modelight","isPartOf":{"@id":"http:\/\/www.modelight.eu\/pt\/#website"},"primaryImageOfPage":{"@id":"https:\/\/www.modelight.eu\/product\/fante-s-red\/#primaryimage"},"image":{"@id":"https:\/\/www.modelight.eu\/product\/fante-s-red\/#primaryimage"},"thumbnailUrl":"https:\/\/www.modelight.eu\/wp-content\/uploads\/2021\/07\/stilnovo-fante-s-red-italian-ceiling-lights-modelight-designer-lighting-1.jpg","datePublished":"2021-07-09T10:28:21+00:00","dateModified":"2024-02-23T12:51:19+00:00","breadcrumb":{"@id":"https:\/\/www.modelight.eu\/product\/fante-s-red\/#breadcrumb"},"inLanguage":"pt-PT","potentialAction":[{"@type":"ReadAction","target":["https:\/\/www.modelight.eu\/product\/fante-s-red\/"]}]},{"@type":"ImageObject","inLanguage":"pt-PT","@id":"https:\/\/www.modelight.eu\/product\/fante-s-red\/#primaryimage","url":"https:\/\/www.modelight.eu\/wp-content\/uploads\/2021\/07\/stilnovo-fante-s-red-italian-ceiling-lights-modelight-designer-lighting-1.jpg","contentUrl":"https:\/\/www.modelight.eu\/wp-content\/uploads\/2021\/07\/stilnovo-fante-s-red-italian-ceiling-lights-modelight-designer-lighting-1.jpg","width":800,"height":1200,"caption":"Stilnovo Fante S red Italian ceiling lights picture 1"},{"@type":"BreadcrumbList","@id":"https:\/\/www.modelight.eu\/product\/fante-s-red\/#breadcrumb","itemListElement":[{"@type":"ListItem","position":1,"name":"Home","item":"https:\/\/www.modelight.eu\/"},{"@type":"ListItem","position":2,"name":"Shop","item":"https:\/\/www.modelight.eu\/modelight-decorative-lighting\/"},{"@type":"ListItem","position":3,"name":"FANTE S RED"}]},{"@type":"WebSite","@id":"http:\/\/www.modelight.eu\/pt\/#website","url":"http:\/\/www.modelight.eu\/pt\/","name":"Modelight","description":"Ilumina\u00e7\u00e3o Decorativa Italiana","publisher":{"@id":"http:\/\/www.modelight.eu\/pt\/#organization"},"potentialAction":[{"@type":"SearchAction","target":{"@type":"EntryPoint","urlTemplate":"http:\/\/www.modelight.eu\/pt\/?s={search_term_string}"},"query-input":{"@type":"PropertyValueSpecification","valueRequired":true,"valueName":"search_term_string"}}],"inLanguage":"pt-PT"},{"@type":"Organization","@id":"http:\/\/www.modelight.eu\/pt\/#organization","name":"modelight.eu","url":"http:\/\/www.modelight.eu\/pt\/","logo":{"@type":"ImageObject","inLanguage":"pt-PT","@id":"http:\/\/www.modelight.eu\/pt\/#\/schema\/logo\/image\/","url":"https:\/\/www.modelight.eu\/wp-content\/uploads\/2020\/08\/modelight-ico-logo.jpg","contentUrl":"https:\/\/www.modelight.eu\/wp-content\/uploads\/2020\/08\/modelight-ico-logo.jpg","width":512,"height":512,"caption":"modelight.eu"},"image":{"@id":"http:\/\/www.modelight.eu\/pt\/#\/schema\/logo\/image\/"},"sameAs":["https:\/\/www.facebook.com\/Modelight.eu","https:\/\/x.com\/modelightqdl","https:\/\/www.instagram.com\/modelight.eu\/"]}]}},"jetpack_sharing_enabled":true,"_links":{"self":[{"href":"https:\/\/www.modelight.eu\/pt\/wp-json\/wp\/v2\/product\/7995","targetHints":{"allow":["GET"]}}],"collection":[{"href":"https:\/\/www.modelight.eu\/pt\/wp-json\/wp\/v2\/product"}],"about":[{"href":"https:\/\/www.modelight.eu\/pt\/wp-json\/wp\/v2\/types\/product"}],"wp:featuredmedia":[{"embeddable":true,"href":"https:\/\/www.modelight.eu\/pt\/wp-json\/wp\/v2\/media\/8733"}],"wp:attachment":[{"href":"https:\/\/www.modelight.eu\/pt\/wp-json\/wp\/v2\/media?parent=7995"}],"wp:term":[{"taxonomy":"product_brand","embeddable":true,"href":"https:\/\/www.modelight.eu\/pt\/wp-json\/wp\/v2\/product_brand?post=7995"},{"taxonomy":"product_cat","embeddable":true,"href":"https:\/\/www.modelight.eu\/pt\/wp-json\/wp\/v2\/product_cat?post=7995"},{"taxonomy":"product_tag","embeddable":true,"href":"https:\/\/www.modelight.eu\/pt\/wp-json\/wp\/v2\/product_tag?post=7995"}],"curies":[{"name":"wp","href":"https:\/\/api.w.org\/{rel}","templated":true}]}}