{"id":6423,"date":"2021-02-19T12:51:33","date_gmt":"2021-02-19T12:51:33","guid":{"rendered":"https:\/\/www.modelight.eu--skip-columns=guid\/?post_type=product&#038;p=6423"},"modified":"2024-02-23T12:48:47","modified_gmt":"2024-02-23T12:48:47","slug":"tara-mega","status":"publish","type":"product","link":"https:\/\/www.modelight.eu\/pt\/produto\/tara-mega\/","title":{"rendered":"TARA MEGA"},"content":{"rendered":"","protected":false},"excerpt":{"rendered":"<p>A Tara Mega oferece quadrados de luz perfeitos que irradiam o seu encanto atrav\u00e9s de arestas suaves e linhas n\u00edtidas, actuando como uma companheira de ilumina\u00e7\u00e3o atenta, sem preocupa\u00e7\u00f5es com sombras ou interiores escuros. O seu brilho celestial \u00e9 acentuado pelo seu minimalismo, melhorando os espa\u00e7os como grandiosos candeeiros de parede e de teto italianos.<\/p>\n<p>Fonte de luz: LED<br \/>\nPot\u00eancia: TopLED 72W, 220-240V<br \/>\nCaracter\u00edsticas: 3000K, 8100lm, CRI 80<br \/>\nMaterial: Alum\u00ednio (branco), PMMA (opalino)<br \/>\nDimens\u00f5es: 890 x 890 x 64 mm<br \/>\nClassifica\u00e7\u00e3o IP: IP40<br \/>\nRegul\u00e1vel: Push DIM ou Phase-cut (regulador de intensidade n\u00e3o inclu\u00eddo)<br \/>\nInstala\u00e7\u00e3o: Teto, parede<br \/>\nMarca: Linea Light<br \/>\nFeito em It\u00e1lia<\/p>","protected":false},"featured_media":6424,"template":"","meta":[],"product_brand":[],"product_cat":[47,48,81],"product_tag":[105,106,112,363,627,667,668],"class_list":{"0":"post-6423","1":"product","2":"type-product","3":"status-publish","4":"has-post-thumbnail","6":"product_cat-ceiling-lights","7":"product_cat-wall-lights","8":"product_cat-led-lighting","9":"product_tag-wall","10":"product_tag-ceiling","11":"product_tag-white","12":"product_tag-tara","13":"product_tag-mega","14":"product_tag-italian","15":"product_tag-designer","17":"first","18":"instock","19":"taxable","20":"shipping-taxable","21":"purchasable","22":"product-type-simple"},"yoast_head":"<!-- This site is optimized with the Yoast SEO plugin v27.6 - https:\/\/yoast.com\/product\/yoast-seo-wordpress\/ -->\n<title>TARA MEGA - Modelight<\/title>\n<meta name=\"robots\" content=\"index, follow, max-snippet:-1, max-image-preview:large, max-video-preview:-1\" \/>\n<link rel=\"canonical\" href=\"https:\/\/www.modelight.eu\/pt\/produto\/tara-mega\/\" \/>\n<meta property=\"og:locale\" content=\"pt_PT\" \/>\n<meta property=\"og:type\" content=\"article\" \/>\n<meta property=\"og:title\" content=\"TARA MEGA - Modelight\" \/>\n<meta property=\"og:description\" content=\"Tara Mega offers perfect squares of light that beam their charm through soft edges and sharp lines, acting as an attentive lighting companion with no concern for shadows or dim interiors. Her heavenly glow is accentuated by her minimalism, enhancing spaces as grandiose Italian wall and ceiling lights.  Light source: LED Power: TopLED 72W, 220-240V Characteristics: 3000K, 8100lm, CRI 80 Material: Aluminium (white), PMMA (opaline) Dimensions: 890 x 890 x 64 mm IP rating: IP40 Dimmable: Push DIM or Phase-cut (dimmer not included) Installation: Ceiling, Wall Brand: Linea Light Made in Italy\" \/>\n<meta property=\"og:url\" content=\"https:\/\/www.modelight.eu\/pt\/produto\/tara-mega\/\" \/>\n<meta property=\"og:site_name\" content=\"Modelight\" \/>\n<meta property=\"article:publisher\" content=\"https:\/\/www.facebook.com\/Modelight.eu\" \/>\n<meta property=\"article:modified_time\" content=\"2024-02-23T12:48:47+00:00\" \/>\n<meta property=\"og:image\" content=\"https:\/\/i0.wp.com\/www.modelight.eu\/wp-content\/uploads\/2021\/02\/tara-mega-linea-light-dimmable-led-lights-wall-ceiling-modelight-italian-lighting-1.jpg?fit=800%2C1200&ssl=1\" \/>\n\t<meta property=\"og:image:width\" content=\"800\" \/>\n\t<meta property=\"og:image:height\" content=\"1200\" \/>\n\t<meta property=\"og:image:type\" content=\"image\/jpeg\" \/>\n<meta name=\"twitter:card\" content=\"summary_large_image\" \/>\n<meta name=\"twitter:site\" content=\"@modelightqdl\" \/>\n<script type=\"application\/ld+json\" class=\"yoast-schema-graph\">{\"@context\":\"https:\\\/\\\/schema.org\",\"@graph\":[{\"@type\":\"WebPage\",\"@id\":\"https:\\\/\\\/www.modelight.eu\\\/product\\\/tara-mega\\\/\",\"url\":\"https:\\\/\\\/www.modelight.eu\\\/product\\\/tara-mega\\\/\",\"name\":\"TARA MEGA - Modelight\",\"isPartOf\":{\"@id\":\"http:\\\/\\\/www.modelight.eu\\\/pt\\\/#website\"},\"primaryImageOfPage\":{\"@id\":\"https:\\\/\\\/www.modelight.eu\\\/product\\\/tara-mega\\\/#primaryimage\"},\"image\":{\"@id\":\"https:\\\/\\\/www.modelight.eu\\\/product\\\/tara-mega\\\/#primaryimage\"},\"thumbnailUrl\":\"https:\\\/\\\/www.modelight.eu\\\/wp-content\\\/uploads\\\/2021\\\/02\\\/tara-mega-linea-light-dimmable-led-lights-wall-ceiling-modelight-italian-lighting-1.jpg\",\"datePublished\":\"2021-02-19T12:51:33+00:00\",\"dateModified\":\"2024-02-23T12:48:47+00:00\",\"breadcrumb\":{\"@id\":\"https:\\\/\\\/www.modelight.eu\\\/product\\\/tara-mega\\\/#breadcrumb\"},\"inLanguage\":\"pt-PT\",\"potentialAction\":[{\"@type\":\"ReadAction\",\"target\":[\"https:\\\/\\\/www.modelight.eu\\\/product\\\/tara-mega\\\/\"]}]},{\"@type\":\"ImageObject\",\"inLanguage\":\"pt-PT\",\"@id\":\"https:\\\/\\\/www.modelight.eu\\\/product\\\/tara-mega\\\/#primaryimage\",\"url\":\"https:\\\/\\\/www.modelight.eu\\\/wp-content\\\/uploads\\\/2021\\\/02\\\/tara-mega-linea-light-dimmable-led-lights-wall-ceiling-modelight-italian-lighting-1.jpg\",\"contentUrl\":\"https:\\\/\\\/www.modelight.eu\\\/wp-content\\\/uploads\\\/2021\\\/02\\\/tara-mega-linea-light-dimmable-led-lights-wall-ceiling-modelight-italian-lighting-1.jpg\",\"width\":800,\"height\":1200,\"caption\":\"TARA MEGA Italian ceiling and wall light Picture 1\"},{\"@type\":\"BreadcrumbList\",\"@id\":\"https:\\\/\\\/www.modelight.eu\\\/product\\\/tara-mega\\\/#breadcrumb\",\"itemListElement\":[{\"@type\":\"ListItem\",\"position\":1,\"name\":\"Home\",\"item\":\"https:\\\/\\\/www.modelight.eu\\\/\"},{\"@type\":\"ListItem\",\"position\":2,\"name\":\"Shop\",\"item\":\"https:\\\/\\\/www.modelight.eu\\\/modelight-decorative-lighting\\\/\"},{\"@type\":\"ListItem\",\"position\":3,\"name\":\"TARA MEGA\"}]},{\"@type\":\"WebSite\",\"@id\":\"http:\\\/\\\/www.modelight.eu\\\/pt\\\/#website\",\"url\":\"http:\\\/\\\/www.modelight.eu\\\/pt\\\/\",\"name\":\"Modelight\",\"description\":\"Italian Decorative Lighting\",\"publisher\":{\"@id\":\"http:\\\/\\\/www.modelight.eu\\\/pt\\\/#organization\"},\"potentialAction\":[{\"@type\":\"SearchAction\",\"target\":{\"@type\":\"EntryPoint\",\"urlTemplate\":\"http:\\\/\\\/www.modelight.eu\\\/pt\\\/?s={search_term_string}\"},\"query-input\":{\"@type\":\"PropertyValueSpecification\",\"valueRequired\":true,\"valueName\":\"search_term_string\"}}],\"inLanguage\":\"pt-PT\"},{\"@type\":\"Organization\",\"@id\":\"http:\\\/\\\/www.modelight.eu\\\/pt\\\/#organization\",\"name\":\"modelight.eu\",\"url\":\"http:\\\/\\\/www.modelight.eu\\\/pt\\\/\",\"logo\":{\"@type\":\"ImageObject\",\"inLanguage\":\"pt-PT\",\"@id\":\"http:\\\/\\\/www.modelight.eu\\\/pt\\\/#\\\/schema\\\/logo\\\/image\\\/\",\"url\":\"https:\\\/\\\/www.modelight.eu\\\/wp-content\\\/uploads\\\/2020\\\/08\\\/modelight-ico-logo.jpg\",\"contentUrl\":\"https:\\\/\\\/www.modelight.eu\\\/wp-content\\\/uploads\\\/2020\\\/08\\\/modelight-ico-logo.jpg\",\"width\":512,\"height\":512,\"caption\":\"modelight.eu\"},\"image\":{\"@id\":\"http:\\\/\\\/www.modelight.eu\\\/pt\\\/#\\\/schema\\\/logo\\\/image\\\/\"},\"sameAs\":[\"https:\\\/\\\/www.facebook.com\\\/Modelight.eu\",\"https:\\\/\\\/x.com\\\/modelightqdl\",\"https:\\\/\\\/www.instagram.com\\\/modelight.eu\\\/\"]}]}<\/script>\n<!-- \/ Yoast SEO plugin. -->","yoast_head_json":{"title":"TARA MEGA - Modelight","robots":{"index":"index","follow":"follow","max-snippet":"max-snippet:-1","max-image-preview":"max-image-preview:large","max-video-preview":"max-video-preview:-1"},"canonical":"https:\/\/www.modelight.eu\/pt\/produto\/tara-mega\/","og_locale":"pt_PT","og_type":"article","og_title":"TARA MEGA - Modelight","og_description":"Tara Mega offers perfect squares of light that beam their charm through soft edges and sharp lines, acting as an attentive lighting companion with no concern for shadows or dim interiors. Her heavenly glow is accentuated by her minimalism, enhancing spaces as grandiose Italian wall and ceiling lights.  Light source: LED Power: TopLED 72W, 220-240V Characteristics: 3000K, 8100lm, CRI 80 Material: Aluminium (white), PMMA (opaline) Dimensions: 890 x 890 x 64 mm IP rating: IP40 Dimmable: Push DIM or Phase-cut (dimmer not included) Installation: Ceiling, Wall Brand: Linea Light Made in Italy","og_url":"https:\/\/www.modelight.eu\/pt\/produto\/tara-mega\/","og_site_name":"Modelight","article_publisher":"https:\/\/www.facebook.com\/Modelight.eu","article_modified_time":"2024-02-23T12:48:47+00:00","og_image":[{"width":800,"height":1200,"url":"https:\/\/i0.wp.com\/www.modelight.eu\/wp-content\/uploads\/2021\/02\/tara-mega-linea-light-dimmable-led-lights-wall-ceiling-modelight-italian-lighting-1.jpg?fit=800%2C1200&ssl=1","type":"image\/jpeg"}],"twitter_card":"summary_large_image","twitter_site":"@modelightqdl","schema":{"@context":"https:\/\/schema.org","@graph":[{"@type":"WebPage","@id":"https:\/\/www.modelight.eu\/product\/tara-mega\/","url":"https:\/\/www.modelight.eu\/product\/tara-mega\/","name":"TARA MEGA - Modelight","isPartOf":{"@id":"http:\/\/www.modelight.eu\/pt\/#website"},"primaryImageOfPage":{"@id":"https:\/\/www.modelight.eu\/product\/tara-mega\/#primaryimage"},"image":{"@id":"https:\/\/www.modelight.eu\/product\/tara-mega\/#primaryimage"},"thumbnailUrl":"https:\/\/www.modelight.eu\/wp-content\/uploads\/2021\/02\/tara-mega-linea-light-dimmable-led-lights-wall-ceiling-modelight-italian-lighting-1.jpg","datePublished":"2021-02-19T12:51:33+00:00","dateModified":"2024-02-23T12:48:47+00:00","breadcrumb":{"@id":"https:\/\/www.modelight.eu\/product\/tara-mega\/#breadcrumb"},"inLanguage":"pt-PT","potentialAction":[{"@type":"ReadAction","target":["https:\/\/www.modelight.eu\/product\/tara-mega\/"]}]},{"@type":"ImageObject","inLanguage":"pt-PT","@id":"https:\/\/www.modelight.eu\/product\/tara-mega\/#primaryimage","url":"https:\/\/www.modelight.eu\/wp-content\/uploads\/2021\/02\/tara-mega-linea-light-dimmable-led-lights-wall-ceiling-modelight-italian-lighting-1.jpg","contentUrl":"https:\/\/www.modelight.eu\/wp-content\/uploads\/2021\/02\/tara-mega-linea-light-dimmable-led-lights-wall-ceiling-modelight-italian-lighting-1.jpg","width":800,"height":1200,"caption":"TARA MEGA Italian ceiling and wall light Picture 1"},{"@type":"BreadcrumbList","@id":"https:\/\/www.modelight.eu\/product\/tara-mega\/#breadcrumb","itemListElement":[{"@type":"ListItem","position":1,"name":"Home","item":"https:\/\/www.modelight.eu\/"},{"@type":"ListItem","position":2,"name":"Shop","item":"https:\/\/www.modelight.eu\/modelight-decorative-lighting\/"},{"@type":"ListItem","position":3,"name":"TARA MEGA"}]},{"@type":"WebSite","@id":"http:\/\/www.modelight.eu\/pt\/#website","url":"http:\/\/www.modelight.eu\/pt\/","name":"Modelight","description":"Ilumina\u00e7\u00e3o Decorativa Italiana","publisher":{"@id":"http:\/\/www.modelight.eu\/pt\/#organization"},"potentialAction":[{"@type":"SearchAction","target":{"@type":"EntryPoint","urlTemplate":"http:\/\/www.modelight.eu\/pt\/?s={search_term_string}"},"query-input":{"@type":"PropertyValueSpecification","valueRequired":true,"valueName":"search_term_string"}}],"inLanguage":"pt-PT"},{"@type":"Organization","@id":"http:\/\/www.modelight.eu\/pt\/#organization","name":"modelight.eu","url":"http:\/\/www.modelight.eu\/pt\/","logo":{"@type":"ImageObject","inLanguage":"pt-PT","@id":"http:\/\/www.modelight.eu\/pt\/#\/schema\/logo\/image\/","url":"https:\/\/www.modelight.eu\/wp-content\/uploads\/2020\/08\/modelight-ico-logo.jpg","contentUrl":"https:\/\/www.modelight.eu\/wp-content\/uploads\/2020\/08\/modelight-ico-logo.jpg","width":512,"height":512,"caption":"modelight.eu"},"image":{"@id":"http:\/\/www.modelight.eu\/pt\/#\/schema\/logo\/image\/"},"sameAs":["https:\/\/www.facebook.com\/Modelight.eu","https:\/\/x.com\/modelightqdl","https:\/\/www.instagram.com\/modelight.eu\/"]}]}},"jetpack_sharing_enabled":true,"_links":{"self":[{"href":"https:\/\/www.modelight.eu\/pt\/wp-json\/wp\/v2\/product\/6423","targetHints":{"allow":["GET"]}}],"collection":[{"href":"https:\/\/www.modelight.eu\/pt\/wp-json\/wp\/v2\/product"}],"about":[{"href":"https:\/\/www.modelight.eu\/pt\/wp-json\/wp\/v2\/types\/product"}],"wp:featuredmedia":[{"embeddable":true,"href":"https:\/\/www.modelight.eu\/pt\/wp-json\/wp\/v2\/media\/6424"}],"wp:attachment":[{"href":"https:\/\/www.modelight.eu\/pt\/wp-json\/wp\/v2\/media?parent=6423"}],"wp:term":[{"taxonomy":"product_brand","embeddable":true,"href":"https:\/\/www.modelight.eu\/pt\/wp-json\/wp\/v2\/product_brand?post=6423"},{"taxonomy":"product_cat","embeddable":true,"href":"https:\/\/www.modelight.eu\/pt\/wp-json\/wp\/v2\/product_cat?post=6423"},{"taxonomy":"product_tag","embeddable":true,"href":"https:\/\/www.modelight.eu\/pt\/wp-json\/wp\/v2\/product_tag?post=6423"}],"curies":[{"name":"wp","href":"https:\/\/api.w.org\/{rel}","templated":true}]}}