{"id":6402,"date":"2021-02-19T12:00:19","date_gmt":"2021-02-19T12:00:19","guid":{"rendered":"https:\/\/www.modelight.eu--skip-columns=guid\/?post_type=product&#038;p=6402"},"modified":"2024-02-23T12:48:43","modified_gmt":"2024-02-23T12:48:43","slug":"tara-dimmable","status":"publish","type":"product","link":"https:\/\/www.modelight.eu\/pt\/produto\/tara-dimmable\/","title":{"rendered":"TARA DIMM\u00c1VEL"},"content":{"rendered":"","protected":false},"excerpt":{"rendered":"<p>A Tara Dimmable oferece rect\u00e2ngulos de luz perfeitos que irradiam o seu encanto atrav\u00e9s de arestas suaves e linhas n\u00edtidas, actuando como uma companheira de ilumina\u00e7\u00e3o atenta, sem se preocupar com sombras ou interiores escuros. O seu brilho celestial \u00e9 acentuado pelo seu minimalismo, melhorando os espa\u00e7os como grandiosos candeeiros de parede e de teto italianos.<\/p>","protected":false},"featured_media":6403,"template":"","meta":[],"product_brand":[],"product_cat":[47,48,56,81],"product_tag":[105,106,112,363,622,667,668],"class_list":{"0":"post-6402","1":"product","2":"type-product","3":"status-publish","4":"has-post-thumbnail","6":"product_cat-ceiling-lights","7":"product_cat-wall-lights","8":"product_cat-designers-picks","9":"product_cat-led-lighting","10":"product_tag-wall","11":"product_tag-ceiling","12":"product_tag-white","13":"product_tag-tara","14":"product_tag-dimmable","15":"product_tag-italian","16":"product_tag-designer","18":"first","19":"instock","20":"taxable","21":"shipping-taxable","22":"purchasable","23":"product-type-variable"},"yoast_head":"<!-- This site is optimized with the Yoast SEO plugin v27.6 - https:\/\/yoast.com\/product\/yoast-seo-wordpress\/ -->\n<title>TARA DIMMABLE - Modelight<\/title>\n<meta name=\"robots\" content=\"index, follow, max-snippet:-1, max-image-preview:large, max-video-preview:-1\" \/>\n<link rel=\"canonical\" href=\"https:\/\/www.modelight.eu\/pt\/produit\/tara-dimmable\/\" \/>\n<meta property=\"og:locale\" content=\"pt_PT\" \/>\n<meta property=\"og:type\" content=\"article\" \/>\n<meta property=\"og:title\" content=\"TARA DIMMABLE - Modelight\" \/>\n<meta property=\"og:description\" content=\"Tara Dimmable offers perfect rectangles of light that beam their charm through soft edges and sharp lines, acting as an attentive lighting companion with no concern for shadows or dim interiors. Her heavenly glow is accentuated by her minimalism, enhancing spaces as grandiose Italian wall and ceiling lights.\" \/>\n<meta property=\"og:url\" content=\"https:\/\/www.modelight.eu\/pt\/produit\/tara-dimmable\/\" \/>\n<meta property=\"og:site_name\" content=\"Modelight\" \/>\n<meta property=\"article:publisher\" content=\"https:\/\/www.facebook.com\/Modelight.eu\" \/>\n<meta property=\"article:modified_time\" content=\"2024-02-23T12:48:43+00:00\" \/>\n<meta property=\"og:image\" content=\"https:\/\/i0.wp.com\/www.modelight.eu\/wp-content\/uploads\/2021\/02\/tara-dimmable-linea-light-led-designer-lights-wall-ceiling-modelight-italian-lighting-1.jpg?fit=800%2C1200&ssl=1\" \/>\n\t<meta property=\"og:image:width\" content=\"800\" \/>\n\t<meta property=\"og:image:height\" content=\"1200\" \/>\n\t<meta property=\"og:image:type\" content=\"image\/jpeg\" \/>\n<meta name=\"twitter:card\" content=\"summary_large_image\" \/>\n<meta name=\"twitter:site\" content=\"@modelightqdl\" \/>\n<script type=\"application\/ld+json\" class=\"yoast-schema-graph\">{\"@context\":\"https:\\\/\\\/schema.org\",\"@graph\":[{\"@type\":\"WebPage\",\"@id\":\"https:\\\/\\\/www.modelight.eu\\\/fr\\\/produit\\\/tara-dimmable\\\/\",\"url\":\"https:\\\/\\\/www.modelight.eu\\\/fr\\\/produit\\\/tara-dimmable\\\/\",\"name\":\"TARA DIMMABLE - Modelight\",\"isPartOf\":{\"@id\":\"http:\\\/\\\/www.modelight.eu\\\/pt\\\/#website\"},\"primaryImageOfPage\":{\"@id\":\"https:\\\/\\\/www.modelight.eu\\\/fr\\\/produit\\\/tara-dimmable\\\/#primaryimage\"},\"image\":{\"@id\":\"https:\\\/\\\/www.modelight.eu\\\/fr\\\/produit\\\/tara-dimmable\\\/#primaryimage\"},\"thumbnailUrl\":\"https:\\\/\\\/www.modelight.eu\\\/wp-content\\\/uploads\\\/2021\\\/02\\\/tara-dimmable-linea-light-led-designer-lights-wall-ceiling-modelight-italian-lighting-1.jpg\",\"datePublished\":\"2021-02-19T12:00:19+00:00\",\"dateModified\":\"2024-02-23T12:48:43+00:00\",\"breadcrumb\":{\"@id\":\"https:\\\/\\\/www.modelight.eu\\\/fr\\\/produit\\\/tara-dimmable\\\/#breadcrumb\"},\"inLanguage\":\"pt-PT\",\"potentialAction\":[{\"@type\":\"ReadAction\",\"target\":[\"https:\\\/\\\/www.modelight.eu\\\/fr\\\/produit\\\/tara-dimmable\\\/\"]}]},{\"@type\":\"ImageObject\",\"inLanguage\":\"pt-PT\",\"@id\":\"https:\\\/\\\/www.modelight.eu\\\/fr\\\/produit\\\/tara-dimmable\\\/#primaryimage\",\"url\":\"https:\\\/\\\/www.modelight.eu\\\/wp-content\\\/uploads\\\/2021\\\/02\\\/tara-dimmable-linea-light-led-designer-lights-wall-ceiling-modelight-italian-lighting-1.jpg\",\"contentUrl\":\"https:\\\/\\\/www.modelight.eu\\\/wp-content\\\/uploads\\\/2021\\\/02\\\/tara-dimmable-linea-light-led-designer-lights-wall-ceiling-modelight-italian-lighting-1.jpg\",\"width\":800,\"height\":1200,\"caption\":\"TARA DIMMABLE Italian ceiling and wall light Picture 1\"},{\"@type\":\"BreadcrumbList\",\"@id\":\"https:\\\/\\\/www.modelight.eu\\\/fr\\\/produit\\\/tara-dimmable\\\/#breadcrumb\",\"itemListElement\":[{\"@type\":\"ListItem\",\"position\":1,\"name\":\"Home\",\"item\":\"https:\\\/\\\/www.modelight.eu\\\/\"},{\"@type\":\"ListItem\",\"position\":2,\"name\":\"Shop\",\"item\":\"https:\\\/\\\/www.modelight.eu\\\/modelight-decorative-lighting\\\/\"},{\"@type\":\"ListItem\",\"position\":3,\"name\":\"TARA DIMMABLE\"}]},{\"@type\":\"WebSite\",\"@id\":\"http:\\\/\\\/www.modelight.eu\\\/pt\\\/#website\",\"url\":\"http:\\\/\\\/www.modelight.eu\\\/pt\\\/\",\"name\":\"Modelight\",\"description\":\"Italian Decorative Lighting\",\"publisher\":{\"@id\":\"http:\\\/\\\/www.modelight.eu\\\/pt\\\/#organization\"},\"potentialAction\":[{\"@type\":\"SearchAction\",\"target\":{\"@type\":\"EntryPoint\",\"urlTemplate\":\"http:\\\/\\\/www.modelight.eu\\\/pt\\\/?s={search_term_string}\"},\"query-input\":{\"@type\":\"PropertyValueSpecification\",\"valueRequired\":true,\"valueName\":\"search_term_string\"}}],\"inLanguage\":\"pt-PT\"},{\"@type\":\"Organization\",\"@id\":\"http:\\\/\\\/www.modelight.eu\\\/pt\\\/#organization\",\"name\":\"modelight.eu\",\"url\":\"http:\\\/\\\/www.modelight.eu\\\/pt\\\/\",\"logo\":{\"@type\":\"ImageObject\",\"inLanguage\":\"pt-PT\",\"@id\":\"http:\\\/\\\/www.modelight.eu\\\/pt\\\/#\\\/schema\\\/logo\\\/image\\\/\",\"url\":\"https:\\\/\\\/www.modelight.eu\\\/wp-content\\\/uploads\\\/2020\\\/08\\\/modelight-ico-logo.jpg\",\"contentUrl\":\"https:\\\/\\\/www.modelight.eu\\\/wp-content\\\/uploads\\\/2020\\\/08\\\/modelight-ico-logo.jpg\",\"width\":512,\"height\":512,\"caption\":\"modelight.eu\"},\"image\":{\"@id\":\"http:\\\/\\\/www.modelight.eu\\\/pt\\\/#\\\/schema\\\/logo\\\/image\\\/\"},\"sameAs\":[\"https:\\\/\\\/www.facebook.com\\\/Modelight.eu\",\"https:\\\/\\\/x.com\\\/modelightqdl\",\"https:\\\/\\\/www.instagram.com\\\/modelight.eu\\\/\"]}]}<\/script>\n<!-- \/ Yoast SEO plugin. -->","yoast_head_json":{"title":"TARA DIMM\u00c1VEL - Modelight","robots":{"index":"index","follow":"follow","max-snippet":"max-snippet:-1","max-image-preview":"max-image-preview:large","max-video-preview":"max-video-preview:-1"},"canonical":"https:\/\/www.modelight.eu\/pt\/produit\/tara-dimmable\/","og_locale":"pt_PT","og_type":"article","og_title":"TARA DIMMABLE - Modelight","og_description":"Tara Dimmable offers perfect rectangles of light that beam their charm through soft edges and sharp lines, acting as an attentive lighting companion with no concern for shadows or dim interiors. Her heavenly glow is accentuated by her minimalism, enhancing spaces as grandiose Italian wall and ceiling lights.","og_url":"https:\/\/www.modelight.eu\/pt\/produit\/tara-dimmable\/","og_site_name":"Modelight","article_publisher":"https:\/\/www.facebook.com\/Modelight.eu","article_modified_time":"2024-02-23T12:48:43+00:00","og_image":[{"width":800,"height":1200,"url":"https:\/\/i0.wp.com\/www.modelight.eu\/wp-content\/uploads\/2021\/02\/tara-dimmable-linea-light-led-designer-lights-wall-ceiling-modelight-italian-lighting-1.jpg?fit=800%2C1200&ssl=1","type":"image\/jpeg"}],"twitter_card":"summary_large_image","twitter_site":"@modelightqdl","schema":{"@context":"https:\/\/schema.org","@graph":[{"@type":"WebPage","@id":"https:\/\/www.modelight.eu\/fr\/produit\/tara-dimmable\/","url":"https:\/\/www.modelight.eu\/fr\/produit\/tara-dimmable\/","name":"TARA DIMM\u00c1VEL - Modelight","isPartOf":{"@id":"http:\/\/www.modelight.eu\/pt\/#website"},"primaryImageOfPage":{"@id":"https:\/\/www.modelight.eu\/fr\/produit\/tara-dimmable\/#primaryimage"},"image":{"@id":"https:\/\/www.modelight.eu\/fr\/produit\/tara-dimmable\/#primaryimage"},"thumbnailUrl":"https:\/\/www.modelight.eu\/wp-content\/uploads\/2021\/02\/tara-dimmable-linea-light-led-designer-lights-wall-ceiling-modelight-italian-lighting-1.jpg","datePublished":"2021-02-19T12:00:19+00:00","dateModified":"2024-02-23T12:48:43+00:00","breadcrumb":{"@id":"https:\/\/www.modelight.eu\/fr\/produit\/tara-dimmable\/#breadcrumb"},"inLanguage":"pt-PT","potentialAction":[{"@type":"ReadAction","target":["https:\/\/www.modelight.eu\/fr\/produit\/tara-dimmable\/"]}]},{"@type":"ImageObject","inLanguage":"pt-PT","@id":"https:\/\/www.modelight.eu\/fr\/produit\/tara-dimmable\/#primaryimage","url":"https:\/\/www.modelight.eu\/wp-content\/uploads\/2021\/02\/tara-dimmable-linea-light-led-designer-lights-wall-ceiling-modelight-italian-lighting-1.jpg","contentUrl":"https:\/\/www.modelight.eu\/wp-content\/uploads\/2021\/02\/tara-dimmable-linea-light-led-designer-lights-wall-ceiling-modelight-italian-lighting-1.jpg","width":800,"height":1200,"caption":"TARA DIMMABLE Italian ceiling and wall light Picture 1"},{"@type":"BreadcrumbList","@id":"https:\/\/www.modelight.eu\/fr\/produit\/tara-dimmable\/#breadcrumb","itemListElement":[{"@type":"ListItem","position":1,"name":"Home","item":"https:\/\/www.modelight.eu\/"},{"@type":"ListItem","position":2,"name":"Shop","item":"https:\/\/www.modelight.eu\/modelight-decorative-lighting\/"},{"@type":"ListItem","position":3,"name":"TARA DIMMABLE"}]},{"@type":"WebSite","@id":"http:\/\/www.modelight.eu\/pt\/#website","url":"http:\/\/www.modelight.eu\/pt\/","name":"Modelight","description":"Ilumina\u00e7\u00e3o Decorativa Italiana","publisher":{"@id":"http:\/\/www.modelight.eu\/pt\/#organization"},"potentialAction":[{"@type":"SearchAction","target":{"@type":"EntryPoint","urlTemplate":"http:\/\/www.modelight.eu\/pt\/?s={search_term_string}"},"query-input":{"@type":"PropertyValueSpecification","valueRequired":true,"valueName":"search_term_string"}}],"inLanguage":"pt-PT"},{"@type":"Organization","@id":"http:\/\/www.modelight.eu\/pt\/#organization","name":"modelight.eu","url":"http:\/\/www.modelight.eu\/pt\/","logo":{"@type":"ImageObject","inLanguage":"pt-PT","@id":"http:\/\/www.modelight.eu\/pt\/#\/schema\/logo\/image\/","url":"https:\/\/www.modelight.eu\/wp-content\/uploads\/2020\/08\/modelight-ico-logo.jpg","contentUrl":"https:\/\/www.modelight.eu\/wp-content\/uploads\/2020\/08\/modelight-ico-logo.jpg","width":512,"height":512,"caption":"modelight.eu"},"image":{"@id":"http:\/\/www.modelight.eu\/pt\/#\/schema\/logo\/image\/"},"sameAs":["https:\/\/www.facebook.com\/Modelight.eu","https:\/\/x.com\/modelightqdl","https:\/\/www.instagram.com\/modelight.eu\/"]}]}},"jetpack_sharing_enabled":true,"_links":{"self":[{"href":"https:\/\/www.modelight.eu\/pt\/wp-json\/wp\/v2\/product\/6402","targetHints":{"allow":["GET"]}}],"collection":[{"href":"https:\/\/www.modelight.eu\/pt\/wp-json\/wp\/v2\/product"}],"about":[{"href":"https:\/\/www.modelight.eu\/pt\/wp-json\/wp\/v2\/types\/product"}],"wp:featuredmedia":[{"embeddable":true,"href":"https:\/\/www.modelight.eu\/pt\/wp-json\/wp\/v2\/media\/6403"}],"wp:attachment":[{"href":"https:\/\/www.modelight.eu\/pt\/wp-json\/wp\/v2\/media?parent=6402"}],"wp:term":[{"taxonomy":"product_brand","embeddable":true,"href":"https:\/\/www.modelight.eu\/pt\/wp-json\/wp\/v2\/product_brand?post=6402"},{"taxonomy":"product_cat","embeddable":true,"href":"https:\/\/www.modelight.eu\/pt\/wp-json\/wp\/v2\/product_cat?post=6402"},{"taxonomy":"product_tag","embeddable":true,"href":"https:\/\/www.modelight.eu\/pt\/wp-json\/wp\/v2\/product_tag?post=6402"}],"curies":[{"name":"wp","href":"https:\/\/api.w.org\/{rel}","templated":true}]}}