{"id":5329,"date":"2020-08-17T06:44:51","date_gmt":"2020-08-17T06:44:51","guid":{"rendered":"https:\/\/www.modelight.eu--skip-columns=guid\/?post_type=product&#038;p=5329"},"modified":"2024-02-23T12:47:55","modified_gmt":"2024-02-23T12:47:55","slug":"demi-s-700","status":"publish","type":"product","link":"https:\/\/www.modelight.eu\/pt\/produto\/demi-s-700\/","title":{"rendered":"DEMI S 70"},"content":{"rendered":"","protected":false},"excerpt":{"rendered":"<p>A ilumina\u00e7\u00e3o de teto italiana no seu melhor. A simplicidade pode ser t\u00e3o bela, e isso \u00e9 especialmente verdade na espetacular e et\u00e9rea gama Demi concebida por Mirco Crosatto. A chave \u00e9 a utiliza\u00e7\u00e3o de PMMA termoformado e transparente, a resina onde a ci\u00eancia da ilumina\u00e7\u00e3o se transforma em magia da ilumina\u00e7\u00e3o. Quer esteja \u00e0 procura de um candeeiro de refer\u00eancia para uma sala de jantar ou de algo que crie um ambiente maravilhoso numa sala de estar, esta excitante e inovadora gama de ilumina\u00e7\u00e3o transl\u00facida da Stilnovo ajud\u00e1-lo-\u00e1 a criar um estilo de casa fora deste mundo.<\/p>\n<p>Fonte de luz: LED<br \/>\nPot\u00eancia: TopLED 37W, 220-240V<br \/>\nCaracter\u00edsticas: 3000K, 4198lm, CRI 80<br \/>\nMaterial: Ferro (branco), Alum\u00ednio (fundido sob press\u00e3o), PMMA (gravuras a laser)<br \/>\nDimens\u00f5es: \u00d8 700 mm, H 295 mm<br \/>\nClassifica\u00e7\u00e3o IP: IP40<br \/>\nDimit\u00e1vel: DALI (dimmer n\u00e3o inclu\u00eddo)<br \/>\nEmiss\u00e3o de luz dupla<br \/>\nInstala\u00e7\u00e3o: Tecto<br \/>\nMarca: Stilnovo<br \/>\nFeito em It\u00e1lia<\/p>","protected":false},"featured_media":9306,"template":"","meta":[],"product_brand":[],"product_cat":[47,56,81],"product_tag":[106,112,522,667,668],"class_list":{"0":"post-5329","1":"product","2":"type-product","3":"status-publish","4":"has-post-thumbnail","6":"product_cat-ceiling-lights","7":"product_cat-designers-picks","8":"product_cat-led-lighting","9":"product_tag-ceiling","10":"product_tag-white","11":"product_tag-demi","12":"product_tag-italian","13":"product_tag-designer","15":"first","16":"instock","17":"taxable","18":"shipping-taxable","19":"purchasable","20":"product-type-simple"},"yoast_head":"<!-- This site is optimized with the Yoast SEO plugin v27.6 - https:\/\/yoast.com\/product\/yoast-seo-wordpress\/ -->\n<title>DEMI S 700 Linea Light Italian Ceiling Light<\/title>\n<meta name=\"description\" content=\"The very best in Italian ceiling lighting \u2013 DEMI S 700 Linea Light. Modelight The Great Italian Lighting. FREE delivery on all orders \u2013 Shop now.\" \/>\n<meta name=\"robots\" content=\"index, follow, max-snippet:-1, max-image-preview:large, max-video-preview:-1\" \/>\n<link rel=\"canonical\" href=\"http:\/\/www.modelight.eu\/pt\/produit\/demi-s-700\/\" \/>\n<meta property=\"og:locale\" content=\"pt_PT\" \/>\n<meta property=\"og:type\" content=\"article\" \/>\n<meta property=\"og:title\" content=\"DEMI S 700 Linea Light Italian Ceiling Light\" \/>\n<meta property=\"og:description\" content=\"The very best in Italian ceiling lighting \u2013 DEMI S 700 Linea Light. Modelight The Great Italian Lighting. FREE delivery on all orders \u2013 Shop now.\" \/>\n<meta property=\"og:url\" content=\"http:\/\/www.modelight.eu\/pt\/produit\/demi-s-700\/\" \/>\n<meta property=\"og:site_name\" content=\"Modelight\" \/>\n<meta property=\"article:publisher\" content=\"https:\/\/www.facebook.com\/Modelight.eu\" \/>\n<meta property=\"article:modified_time\" content=\"2024-02-23T12:47:55+00:00\" \/>\n<meta property=\"og:image\" content=\"https:\/\/i0.wp.com\/www.modelight.eu\/wp-content\/uploads\/2020\/08\/stilnovo-demi-70-s-italian-lighting-ceiling-wall-modelight-designer-lighting-1.jpg?fit=800%2C1200&ssl=1\" \/>\n\t<meta property=\"og:image:width\" content=\"800\" \/>\n\t<meta property=\"og:image:height\" content=\"1200\" \/>\n\t<meta property=\"og:image:type\" content=\"image\/jpeg\" \/>\n<meta name=\"twitter:card\" content=\"summary_large_image\" \/>\n<meta name=\"twitter:site\" content=\"@modelightqdl\" \/>\n<script type=\"application\/ld+json\" class=\"yoast-schema-graph\">{\"@context\":\"https:\\\/\\\/schema.org\",\"@graph\":[{\"@type\":\"WebPage\",\"@id\":\"http:\\\/\\\/www.modelight.eu\\\/fr\\\/produit\\\/demi-s-700\\\/\",\"url\":\"http:\\\/\\\/www.modelight.eu\\\/fr\\\/produit\\\/demi-s-700\\\/\",\"name\":\"DEMI S 700 Linea Light Italian Ceiling Light\",\"isPartOf\":{\"@id\":\"http:\\\/\\\/www.modelight.eu\\\/pt\\\/#website\"},\"primaryImageOfPage\":{\"@id\":\"http:\\\/\\\/www.modelight.eu\\\/fr\\\/produit\\\/demi-s-700\\\/#primaryimage\"},\"image\":{\"@id\":\"http:\\\/\\\/www.modelight.eu\\\/fr\\\/produit\\\/demi-s-700\\\/#primaryimage\"},\"thumbnailUrl\":\"https:\\\/\\\/www.modelight.eu\\\/wp-content\\\/uploads\\\/2020\\\/08\\\/stilnovo-demi-70-s-italian-lighting-ceiling-wall-modelight-designer-lighting-1.jpg\",\"datePublished\":\"2020-08-17T06:44:51+00:00\",\"dateModified\":\"2024-02-23T12:47:55+00:00\",\"description\":\"The very best in Italian ceiling lighting \u2013 DEMI S 700 Linea Light. Modelight The Great Italian Lighting. FREE delivery on all orders \u2013 Shop now.\",\"breadcrumb\":{\"@id\":\"http:\\\/\\\/www.modelight.eu\\\/fr\\\/produit\\\/demi-s-700\\\/#breadcrumb\"},\"inLanguage\":\"pt-PT\",\"potentialAction\":[{\"@type\":\"ReadAction\",\"target\":[\"http:\\\/\\\/www.modelight.eu\\\/fr\\\/produit\\\/demi-s-700\\\/\"]}]},{\"@type\":\"ImageObject\",\"inLanguage\":\"pt-PT\",\"@id\":\"http:\\\/\\\/www.modelight.eu\\\/fr\\\/produit\\\/demi-s-700\\\/#primaryimage\",\"url\":\"https:\\\/\\\/www.modelight.eu\\\/wp-content\\\/uploads\\\/2020\\\/08\\\/stilnovo-demi-70-s-italian-lighting-ceiling-wall-modelight-designer-lighting-1.jpg\",\"contentUrl\":\"https:\\\/\\\/www.modelight.eu\\\/wp-content\\\/uploads\\\/2020\\\/08\\\/stilnovo-demi-70-s-italian-lighting-ceiling-wall-modelight-designer-lighting-1.jpg\",\"width\":800,\"height\":1200,\"caption\":\"Stilnovo Demi 70 Italian lighting ceiling and wall picture 1\"},{\"@type\":\"BreadcrumbList\",\"@id\":\"http:\\\/\\\/www.modelight.eu\\\/fr\\\/produit\\\/demi-s-700\\\/#breadcrumb\",\"itemListElement\":[{\"@type\":\"ListItem\",\"position\":1,\"name\":\"Home\",\"item\":\"https:\\\/\\\/www.modelight.eu\\\/\"},{\"@type\":\"ListItem\",\"position\":2,\"name\":\"Shop\",\"item\":\"https:\\\/\\\/www.modelight.eu\\\/modelight-decorative-lighting\\\/\"},{\"@type\":\"ListItem\",\"position\":3,\"name\":\"DEMI S 70\"}]},{\"@type\":\"WebSite\",\"@id\":\"http:\\\/\\\/www.modelight.eu\\\/pt\\\/#website\",\"url\":\"http:\\\/\\\/www.modelight.eu\\\/pt\\\/\",\"name\":\"Modelight\",\"description\":\"Italian Decorative Lighting\",\"publisher\":{\"@id\":\"http:\\\/\\\/www.modelight.eu\\\/pt\\\/#organization\"},\"potentialAction\":[{\"@type\":\"SearchAction\",\"target\":{\"@type\":\"EntryPoint\",\"urlTemplate\":\"http:\\\/\\\/www.modelight.eu\\\/pt\\\/?s={search_term_string}\"},\"query-input\":{\"@type\":\"PropertyValueSpecification\",\"valueRequired\":true,\"valueName\":\"search_term_string\"}}],\"inLanguage\":\"pt-PT\"},{\"@type\":\"Organization\",\"@id\":\"http:\\\/\\\/www.modelight.eu\\\/pt\\\/#organization\",\"name\":\"modelight.eu\",\"url\":\"http:\\\/\\\/www.modelight.eu\\\/pt\\\/\",\"logo\":{\"@type\":\"ImageObject\",\"inLanguage\":\"pt-PT\",\"@id\":\"http:\\\/\\\/www.modelight.eu\\\/pt\\\/#\\\/schema\\\/logo\\\/image\\\/\",\"url\":\"https:\\\/\\\/www.modelight.eu\\\/wp-content\\\/uploads\\\/2020\\\/08\\\/modelight-ico-logo.jpg\",\"contentUrl\":\"https:\\\/\\\/www.modelight.eu\\\/wp-content\\\/uploads\\\/2020\\\/08\\\/modelight-ico-logo.jpg\",\"width\":512,\"height\":512,\"caption\":\"modelight.eu\"},\"image\":{\"@id\":\"http:\\\/\\\/www.modelight.eu\\\/pt\\\/#\\\/schema\\\/logo\\\/image\\\/\"},\"sameAs\":[\"https:\\\/\\\/www.facebook.com\\\/Modelight.eu\",\"https:\\\/\\\/x.com\\\/modelightqdl\",\"https:\\\/\\\/www.instagram.com\\\/modelight.eu\\\/\"]}]}<\/script>\n<!-- \/ Yoast SEO plugin. -->","yoast_head_json":{"title":"DEMI S 700 Linea Light Candeeiro de teto italiano","description":"O melhor da ilumina\u00e7\u00e3o de teto italiana - DEMI S 700 Linea Light. Modelight A grande ilumina\u00e7\u00e3o italiana. Entrega gratuita em todas as encomendas - Compre agora.","robots":{"index":"index","follow":"follow","max-snippet":"max-snippet:-1","max-image-preview":"max-image-preview:large","max-video-preview":"max-video-preview:-1"},"canonical":"http:\/\/www.modelight.eu\/pt\/produit\/demi-s-700\/","og_locale":"pt_PT","og_type":"article","og_title":"DEMI S 700 Linea Light Italian Ceiling Light","og_description":"The very best in Italian ceiling lighting \u2013 DEMI S 700 Linea Light. Modelight The Great Italian Lighting. FREE delivery on all orders \u2013 Shop now.","og_url":"http:\/\/www.modelight.eu\/pt\/produit\/demi-s-700\/","og_site_name":"Modelight","article_publisher":"https:\/\/www.facebook.com\/Modelight.eu","article_modified_time":"2024-02-23T12:47:55+00:00","og_image":[{"width":800,"height":1200,"url":"https:\/\/i0.wp.com\/www.modelight.eu\/wp-content\/uploads\/2020\/08\/stilnovo-demi-70-s-italian-lighting-ceiling-wall-modelight-designer-lighting-1.jpg?fit=800%2C1200&ssl=1","type":"image\/jpeg"}],"twitter_card":"summary_large_image","twitter_site":"@modelightqdl","schema":{"@context":"https:\/\/schema.org","@graph":[{"@type":"WebPage","@id":"http:\/\/www.modelight.eu\/fr\/produit\/demi-s-700\/","url":"http:\/\/www.modelight.eu\/fr\/produit\/demi-s-700\/","name":"DEMI S 700 Linea Light Candeeiro de teto italiano","isPartOf":{"@id":"http:\/\/www.modelight.eu\/pt\/#website"},"primaryImageOfPage":{"@id":"http:\/\/www.modelight.eu\/fr\/produit\/demi-s-700\/#primaryimage"},"image":{"@id":"http:\/\/www.modelight.eu\/fr\/produit\/demi-s-700\/#primaryimage"},"thumbnailUrl":"https:\/\/www.modelight.eu\/wp-content\/uploads\/2020\/08\/stilnovo-demi-70-s-italian-lighting-ceiling-wall-modelight-designer-lighting-1.jpg","datePublished":"2020-08-17T06:44:51+00:00","dateModified":"2024-02-23T12:47:55+00:00","description":"O melhor da ilumina\u00e7\u00e3o de teto italiana - DEMI S 700 Linea Light. Modelight A grande ilumina\u00e7\u00e3o italiana. Entrega gratuita em todas as encomendas - Compre agora.","breadcrumb":{"@id":"http:\/\/www.modelight.eu\/fr\/produit\/demi-s-700\/#breadcrumb"},"inLanguage":"pt-PT","potentialAction":[{"@type":"ReadAction","target":["http:\/\/www.modelight.eu\/fr\/produit\/demi-s-700\/"]}]},{"@type":"ImageObject","inLanguage":"pt-PT","@id":"http:\/\/www.modelight.eu\/fr\/produit\/demi-s-700\/#primaryimage","url":"https:\/\/www.modelight.eu\/wp-content\/uploads\/2020\/08\/stilnovo-demi-70-s-italian-lighting-ceiling-wall-modelight-designer-lighting-1.jpg","contentUrl":"https:\/\/www.modelight.eu\/wp-content\/uploads\/2020\/08\/stilnovo-demi-70-s-italian-lighting-ceiling-wall-modelight-designer-lighting-1.jpg","width":800,"height":1200,"caption":"Stilnovo Demi 70 Italian lighting ceiling and wall picture 1"},{"@type":"BreadcrumbList","@id":"http:\/\/www.modelight.eu\/fr\/produit\/demi-s-700\/#breadcrumb","itemListElement":[{"@type":"ListItem","position":1,"name":"Home","item":"https:\/\/www.modelight.eu\/"},{"@type":"ListItem","position":2,"name":"Shop","item":"https:\/\/www.modelight.eu\/modelight-decorative-lighting\/"},{"@type":"ListItem","position":3,"name":"DEMI S 70"}]},{"@type":"WebSite","@id":"http:\/\/www.modelight.eu\/pt\/#website","url":"http:\/\/www.modelight.eu\/pt\/","name":"Modelight","description":"Ilumina\u00e7\u00e3o Decorativa Italiana","publisher":{"@id":"http:\/\/www.modelight.eu\/pt\/#organization"},"potentialAction":[{"@type":"SearchAction","target":{"@type":"EntryPoint","urlTemplate":"http:\/\/www.modelight.eu\/pt\/?s={search_term_string}"},"query-input":{"@type":"PropertyValueSpecification","valueRequired":true,"valueName":"search_term_string"}}],"inLanguage":"pt-PT"},{"@type":"Organization","@id":"http:\/\/www.modelight.eu\/pt\/#organization","name":"modelight.eu","url":"http:\/\/www.modelight.eu\/pt\/","logo":{"@type":"ImageObject","inLanguage":"pt-PT","@id":"http:\/\/www.modelight.eu\/pt\/#\/schema\/logo\/image\/","url":"https:\/\/www.modelight.eu\/wp-content\/uploads\/2020\/08\/modelight-ico-logo.jpg","contentUrl":"https:\/\/www.modelight.eu\/wp-content\/uploads\/2020\/08\/modelight-ico-logo.jpg","width":512,"height":512,"caption":"modelight.eu"},"image":{"@id":"http:\/\/www.modelight.eu\/pt\/#\/schema\/logo\/image\/"},"sameAs":["https:\/\/www.facebook.com\/Modelight.eu","https:\/\/x.com\/modelightqdl","https:\/\/www.instagram.com\/modelight.eu\/"]}]}},"jetpack_sharing_enabled":true,"_links":{"self":[{"href":"https:\/\/www.modelight.eu\/pt\/wp-json\/wp\/v2\/product\/5329","targetHints":{"allow":["GET"]}}],"collection":[{"href":"https:\/\/www.modelight.eu\/pt\/wp-json\/wp\/v2\/product"}],"about":[{"href":"https:\/\/www.modelight.eu\/pt\/wp-json\/wp\/v2\/types\/product"}],"wp:featuredmedia":[{"embeddable":true,"href":"https:\/\/www.modelight.eu\/pt\/wp-json\/wp\/v2\/media\/9306"}],"wp:attachment":[{"href":"https:\/\/www.modelight.eu\/pt\/wp-json\/wp\/v2\/media?parent=5329"}],"wp:term":[{"taxonomy":"product_brand","embeddable":true,"href":"https:\/\/www.modelight.eu\/pt\/wp-json\/wp\/v2\/product_brand?post=5329"},{"taxonomy":"product_cat","embeddable":true,"href":"https:\/\/www.modelight.eu\/pt\/wp-json\/wp\/v2\/product_cat?post=5329"},{"taxonomy":"product_tag","embeddable":true,"href":"https:\/\/www.modelight.eu\/pt\/wp-json\/wp\/v2\/product_tag?post=5329"}],"curies":[{"name":"wp","href":"https:\/\/api.w.org\/{rel}","templated":true}]}}