{"id":5103,"date":"2020-08-15T18:43:53","date_gmt":"2020-08-15T18:43:53","guid":{"rendered":"https:\/\/www.modelight.eu--skip-columns=guid\/?post_type=product&#038;p=5103"},"modified":"2024-02-23T12:47:45","modified_gmt":"2024-02-23T12:47:45","slug":"mr-magoo-p-520","status":"publish","type":"product","link":"https:\/\/www.modelight.eu\/pt\/produto\/mr-magoo-p-520\/","title":{"rendered":"MR MAGOO P 520"},"content":{"rendered":"","protected":false},"excerpt":{"rendered":"<p>Um companheiro elegante com uma natureza vers\u00e1til, o Mr. Magoo P 520 da Stilnovo ilumina todas as divis\u00f5es com a ponta do seu chap\u00e9u. Assume v\u00e1rias formas e tamanhos, elevando o car\u00e1cter de assinatura de cada interior atrav\u00e9s de um brilho iridescente e de um design sofisticado.<\/p>\n<p>Fonte de luz: LED<br \/>\nPot\u00eancia: TopLED 23W, 220-240V<br \/>\nCaracter\u00edsticas: 3000K, 2794lm, CRI 90<br \/>\nMaterial: Alum\u00ednio (branco), PE (neutro)<br \/>\nDimens\u00f5es: \u00d8 520 mm, H Max 2000 mm<br \/>\nPeso: 2,22 kg<br \/>\nClassifica\u00e7\u00e3o IP: IP20<br \/>\nRegul\u00e1vel: Corte de fase (regulador de intensidade luminosa n\u00e3o inclu\u00eddo)<br \/>\nInstala\u00e7\u00e3o: Tecto<br \/>\nMarca: Stilnovo<br \/>\nFeito em It\u00e1lia<\/p>","protected":false},"featured_media":8636,"template":"","meta":[],"product_brand":[],"product_cat":[42,56,81],"product_tag":[40,112,500,667,668],"class_list":{"0":"post-5103","1":"product","2":"type-product","3":"status-publish","4":"has-post-thumbnail","6":"product_cat-italian-pendant-lighting","7":"product_cat-designers-picks","8":"product_cat-led-lighting","9":"product_tag-pendant","10":"product_tag-white","11":"product_tag-mr-magoo","12":"product_tag-italian","13":"product_tag-designer","15":"first","16":"instock","17":"taxable","18":"shipping-taxable","19":"purchasable","20":"product-type-simple"},"yoast_head":"<!-- This site is optimized with the Yoast SEO plugin v27.4 - https:\/\/yoast.com\/product\/yoast-seo-wordpress\/ -->\n<title>MR MAGOO P 520 Linea Light Pendant Lighting<\/title>\n<meta name=\"description\" content=\"The very best in Italian pendant lighting \u2013 MR MAGOO P 520 Linea Light. Modelight The Great Italian Lighting.\" \/>\n<meta name=\"robots\" content=\"index, follow, max-snippet:-1, max-image-preview:large, max-video-preview:-1\" \/>\n<link rel=\"canonical\" href=\"https:\/\/www.modelight.eu\/pt\/produto\/mr-magoo-p-520\/\" \/>\n<meta property=\"og:locale\" content=\"pt_PT\" \/>\n<meta property=\"og:type\" content=\"article\" \/>\n<meta property=\"og:title\" content=\"MR MAGOO P 520 Linea Light Pendant Lighting\" \/>\n<meta property=\"og:description\" content=\"The very best in Italian pendant lighting \u2013 MR MAGOO P 520 Linea Light. Modelight The Great Italian Lighting.\" \/>\n<meta property=\"og:url\" content=\"https:\/\/www.modelight.eu\/pt\/produto\/mr-magoo-p-520\/\" \/>\n<meta property=\"og:site_name\" content=\"Modelight\" \/>\n<meta property=\"article:publisher\" content=\"https:\/\/www.facebook.com\/Modelight.eu\" \/>\n<meta property=\"article:modified_time\" content=\"2024-02-23T12:47:45+00:00\" \/>\n<meta property=\"og:image\" content=\"https:\/\/www.modelight.eu\/wp-content\/uploads\/2020\/08\/stilnovo-mr-magoo-p-520-italian-pendant-lighting-modelight-designer-lights-1.jpg\" \/>\n\t<meta property=\"og:image:width\" content=\"800\" \/>\n\t<meta property=\"og:image:height\" content=\"1200\" \/>\n\t<meta property=\"og:image:type\" content=\"image\/jpeg\" \/>\n<meta name=\"twitter:card\" content=\"summary_large_image\" \/>\n<meta name=\"twitter:site\" content=\"@modelightqdl\" \/>\n<script type=\"application\/ld+json\" class=\"yoast-schema-graph\">{\"@context\":\"https:\\\/\\\/schema.org\",\"@graph\":[{\"@type\":\"WebPage\",\"@id\":\"https:\\\/\\\/www.modelight.eu\\\/product\\\/mr-magoo-p-520\\\/\",\"url\":\"https:\\\/\\\/www.modelight.eu\\\/product\\\/mr-magoo-p-520\\\/\",\"name\":\"MR MAGOO P 520 Linea Light Pendant Lighting\",\"isPartOf\":{\"@id\":\"http:\\\/\\\/www.modelight.eu\\\/pt\\\/#website\"},\"primaryImageOfPage\":{\"@id\":\"https:\\\/\\\/www.modelight.eu\\\/product\\\/mr-magoo-p-520\\\/#primaryimage\"},\"image\":{\"@id\":\"https:\\\/\\\/www.modelight.eu\\\/product\\\/mr-magoo-p-520\\\/#primaryimage\"},\"thumbnailUrl\":\"https:\\\/\\\/www.modelight.eu\\\/wp-content\\\/uploads\\\/2020\\\/08\\\/stilnovo-mr-magoo-p-520-italian-pendant-lighting-modelight-designer-lights-1.jpg\",\"datePublished\":\"2020-08-15T18:43:53+00:00\",\"dateModified\":\"2024-02-23T12:47:45+00:00\",\"description\":\"The very best in Italian pendant lighting \u2013 MR MAGOO P 520 Linea Light. Modelight The Great Italian Lighting.\",\"breadcrumb\":{\"@id\":\"https:\\\/\\\/www.modelight.eu\\\/product\\\/mr-magoo-p-520\\\/#breadcrumb\"},\"inLanguage\":\"pt-PT\",\"potentialAction\":[{\"@type\":\"ReadAction\",\"target\":[\"https:\\\/\\\/www.modelight.eu\\\/product\\\/mr-magoo-p-520\\\/\"]}]},{\"@type\":\"ImageObject\",\"inLanguage\":\"pt-PT\",\"@id\":\"https:\\\/\\\/www.modelight.eu\\\/product\\\/mr-magoo-p-520\\\/#primaryimage\",\"url\":\"https:\\\/\\\/www.modelight.eu\\\/wp-content\\\/uploads\\\/2020\\\/08\\\/stilnovo-mr-magoo-p-520-italian-pendant-lighting-modelight-designer-lights-1.jpg\",\"contentUrl\":\"https:\\\/\\\/www.modelight.eu\\\/wp-content\\\/uploads\\\/2020\\\/08\\\/stilnovo-mr-magoo-p-520-italian-pendant-lighting-modelight-designer-lights-1.jpg\",\"width\":800,\"height\":1200,\"caption\":\"Stilnovo Mr Magoo P 520 Italian LED pendant lighting picture 1\"},{\"@type\":\"BreadcrumbList\",\"@id\":\"https:\\\/\\\/www.modelight.eu\\\/product\\\/mr-magoo-p-520\\\/#breadcrumb\",\"itemListElement\":[{\"@type\":\"ListItem\",\"position\":1,\"name\":\"Home\",\"item\":\"https:\\\/\\\/www.modelight.eu\\\/\"},{\"@type\":\"ListItem\",\"position\":2,\"name\":\"Shop\",\"item\":\"https:\\\/\\\/www.modelight.eu\\\/modelight-decorative-lighting\\\/\"},{\"@type\":\"ListItem\",\"position\":3,\"name\":\"MR MAGOO P 520\"}]},{\"@type\":\"WebSite\",\"@id\":\"http:\\\/\\\/www.modelight.eu\\\/pt\\\/#website\",\"url\":\"http:\\\/\\\/www.modelight.eu\\\/pt\\\/\",\"name\":\"Modelight\",\"description\":\"Italian Decorative Lighting\",\"publisher\":{\"@id\":\"http:\\\/\\\/www.modelight.eu\\\/pt\\\/#organization\"},\"potentialAction\":[{\"@type\":\"SearchAction\",\"target\":{\"@type\":\"EntryPoint\",\"urlTemplate\":\"http:\\\/\\\/www.modelight.eu\\\/pt\\\/?s={search_term_string}\"},\"query-input\":{\"@type\":\"PropertyValueSpecification\",\"valueRequired\":true,\"valueName\":\"search_term_string\"}}],\"inLanguage\":\"pt-PT\"},{\"@type\":\"Organization\",\"@id\":\"http:\\\/\\\/www.modelight.eu\\\/pt\\\/#organization\",\"name\":\"modelight.eu\",\"url\":\"http:\\\/\\\/www.modelight.eu\\\/pt\\\/\",\"logo\":{\"@type\":\"ImageObject\",\"inLanguage\":\"pt-PT\",\"@id\":\"http:\\\/\\\/www.modelight.eu\\\/pt\\\/#\\\/schema\\\/logo\\\/image\\\/\",\"url\":\"https:\\\/\\\/www.modelight.eu\\\/wp-content\\\/uploads\\\/2020\\\/08\\\/modelight-ico-logo.jpg\",\"contentUrl\":\"https:\\\/\\\/www.modelight.eu\\\/wp-content\\\/uploads\\\/2020\\\/08\\\/modelight-ico-logo.jpg\",\"width\":512,\"height\":512,\"caption\":\"modelight.eu\"},\"image\":{\"@id\":\"http:\\\/\\\/www.modelight.eu\\\/pt\\\/#\\\/schema\\\/logo\\\/image\\\/\"},\"sameAs\":[\"https:\\\/\\\/www.facebook.com\\\/Modelight.eu\",\"https:\\\/\\\/x.com\\\/modelightqdl\",\"https:\\\/\\\/www.instagram.com\\\/modelight.eu\\\/\"]}]}<\/script>\n<!-- \/ Yoast SEO plugin. -->","yoast_head_json":{"title":"MR MAGOO P 520 Lumin\u00e1ria Pendente Linea Light","description":"O melhor em ilumina\u00e7\u00e3o pendente italiana \u2013 MR MAGOO P 520 Linea Light. Modelight A Grande Ilumina\u00e7\u00e3o Italiana.","robots":{"index":"index","follow":"follow","max-snippet":"max-snippet:-1","max-image-preview":"max-image-preview:large","max-video-preview":"max-video-preview:-1"},"canonical":"https:\/\/www.modelight.eu\/pt\/produto\/mr-magoo-p-520\/","og_locale":"pt_PT","og_type":"article","og_title":"MR MAGOO P 520 Linea Light Pendant Lighting","og_description":"The very best in Italian pendant lighting \u2013 MR MAGOO P 520 Linea Light. Modelight The Great Italian Lighting.","og_url":"https:\/\/www.modelight.eu\/pt\/produto\/mr-magoo-p-520\/","og_site_name":"Modelight","article_publisher":"https:\/\/www.facebook.com\/Modelight.eu","article_modified_time":"2024-02-23T12:47:45+00:00","og_image":[{"width":800,"height":1200,"url":"https:\/\/www.modelight.eu\/wp-content\/uploads\/2020\/08\/stilnovo-mr-magoo-p-520-italian-pendant-lighting-modelight-designer-lights-1.jpg","type":"image\/jpeg"}],"twitter_card":"summary_large_image","twitter_site":"@modelightqdl","schema":{"@context":"https:\/\/schema.org","@graph":[{"@type":"WebPage","@id":"https:\/\/www.modelight.eu\/product\/mr-magoo-p-520\/","url":"https:\/\/www.modelight.eu\/product\/mr-magoo-p-520\/","name":"MR MAGOO P 520 Lumin\u00e1ria Pendente Linea Light","isPartOf":{"@id":"http:\/\/www.modelight.eu\/pt\/#website"},"primaryImageOfPage":{"@id":"https:\/\/www.modelight.eu\/product\/mr-magoo-p-520\/#primaryimage"},"image":{"@id":"https:\/\/www.modelight.eu\/product\/mr-magoo-p-520\/#primaryimage"},"thumbnailUrl":"https:\/\/www.modelight.eu\/wp-content\/uploads\/2020\/08\/stilnovo-mr-magoo-p-520-italian-pendant-lighting-modelight-designer-lights-1.jpg","datePublished":"2020-08-15T18:43:53+00:00","dateModified":"2024-02-23T12:47:45+00:00","description":"O melhor em ilumina\u00e7\u00e3o pendente italiana \u2013 MR MAGOO P 520 Linea Light. Modelight A Grande Ilumina\u00e7\u00e3o Italiana.","breadcrumb":{"@id":"https:\/\/www.modelight.eu\/product\/mr-magoo-p-520\/#breadcrumb"},"inLanguage":"pt-PT","potentialAction":[{"@type":"ReadAction","target":["https:\/\/www.modelight.eu\/product\/mr-magoo-p-520\/"]}]},{"@type":"ImageObject","inLanguage":"pt-PT","@id":"https:\/\/www.modelight.eu\/product\/mr-magoo-p-520\/#primaryimage","url":"https:\/\/www.modelight.eu\/wp-content\/uploads\/2020\/08\/stilnovo-mr-magoo-p-520-italian-pendant-lighting-modelight-designer-lights-1.jpg","contentUrl":"https:\/\/www.modelight.eu\/wp-content\/uploads\/2020\/08\/stilnovo-mr-magoo-p-520-italian-pendant-lighting-modelight-designer-lights-1.jpg","width":800,"height":1200,"caption":"Stilnovo Mr Magoo P 520 Italian LED pendant lighting picture 1"},{"@type":"BreadcrumbList","@id":"https:\/\/www.modelight.eu\/product\/mr-magoo-p-520\/#breadcrumb","itemListElement":[{"@type":"ListItem","position":1,"name":"Home","item":"https:\/\/www.modelight.eu\/"},{"@type":"ListItem","position":2,"name":"Shop","item":"https:\/\/www.modelight.eu\/modelight-decorative-lighting\/"},{"@type":"ListItem","position":3,"name":"MR MAGOO P 520"}]},{"@type":"WebSite","@id":"http:\/\/www.modelight.eu\/pt\/#website","url":"http:\/\/www.modelight.eu\/pt\/","name":"Modelight","description":"Ilumina\u00e7\u00e3o Decorativa Italiana","publisher":{"@id":"http:\/\/www.modelight.eu\/pt\/#organization"},"potentialAction":[{"@type":"SearchAction","target":{"@type":"EntryPoint","urlTemplate":"http:\/\/www.modelight.eu\/pt\/?s={search_term_string}"},"query-input":{"@type":"PropertyValueSpecification","valueRequired":true,"valueName":"search_term_string"}}],"inLanguage":"pt-PT"},{"@type":"Organization","@id":"http:\/\/www.modelight.eu\/pt\/#organization","name":"modelight.eu","url":"http:\/\/www.modelight.eu\/pt\/","logo":{"@type":"ImageObject","inLanguage":"pt-PT","@id":"http:\/\/www.modelight.eu\/pt\/#\/schema\/logo\/image\/","url":"https:\/\/www.modelight.eu\/wp-content\/uploads\/2020\/08\/modelight-ico-logo.jpg","contentUrl":"https:\/\/www.modelight.eu\/wp-content\/uploads\/2020\/08\/modelight-ico-logo.jpg","width":512,"height":512,"caption":"modelight.eu"},"image":{"@id":"http:\/\/www.modelight.eu\/pt\/#\/schema\/logo\/image\/"},"sameAs":["https:\/\/www.facebook.com\/Modelight.eu","https:\/\/x.com\/modelightqdl","https:\/\/www.instagram.com\/modelight.eu\/"]}]}},"jetpack_sharing_enabled":true,"_links":{"self":[{"href":"https:\/\/www.modelight.eu\/pt\/wp-json\/wp\/v2\/product\/5103","targetHints":{"allow":["GET"]}}],"collection":[{"href":"https:\/\/www.modelight.eu\/pt\/wp-json\/wp\/v2\/product"}],"about":[{"href":"https:\/\/www.modelight.eu\/pt\/wp-json\/wp\/v2\/types\/product"}],"wp:featuredmedia":[{"embeddable":true,"href":"https:\/\/www.modelight.eu\/pt\/wp-json\/wp\/v2\/media\/8636"}],"wp:attachment":[{"href":"https:\/\/www.modelight.eu\/pt\/wp-json\/wp\/v2\/media?parent=5103"}],"wp:term":[{"taxonomy":"product_brand","embeddable":true,"href":"https:\/\/www.modelight.eu\/pt\/wp-json\/wp\/v2\/product_brand?post=5103"},{"taxonomy":"product_cat","embeddable":true,"href":"https:\/\/www.modelight.eu\/pt\/wp-json\/wp\/v2\/product_cat?post=5103"},{"taxonomy":"product_tag","embeddable":true,"href":"https:\/\/www.modelight.eu\/pt\/wp-json\/wp\/v2\/product_tag?post=5103"}],"curies":[{"name":"wp","href":"https:\/\/api.w.org\/{rel}","templated":true}]}}