{"id":3011,"date":"2020-08-05T12:27:56","date_gmt":"2020-08-05T12:27:56","guid":{"rendered":"https:\/\/www.modelight.eu--skip-columns=guid\/?post_type=product&#038;p=3011"},"modified":"2024-02-23T12:45:42","modified_gmt":"2024-02-23T12:45:42","slug":"oh-s65-led","status":"publish","type":"product","link":"https:\/\/www.modelight.eu\/pt\/produto\/oh-s65-led\/","title":{"rendered":"OH! S65 LED"},"content":{"rendered":"","protected":false},"excerpt":{"rendered":"<p>OH! a beleza de uma \u00fanica esfera, tal como uma lua de colheita brilhante, ou uma colec\u00e7\u00e3o de orbes que aparecem misteriosamente nas fotografias, o fasc\u00ednio do sol poente, ou a magnific\u00eancia da m\u00e3e natureza no seu melhor.<\/p>\n<p>OH! A lumin\u00e1ria de parede e de teto italiana S65 LED da Linea Light \u00e9 a nossa gama diversificada de ilumina\u00e7\u00e3o exterior aqui no planeta Terra; esferas de alta qualidade para iluminar todos os ambientes exteriores. De um s\u00f3 tamanho ou at\u00e9 tr\u00eas tamanhos de esfera, esta magn\u00edfica ilumina\u00e7\u00e3o exterior na sua perfei\u00e7\u00e3o pode criar efeitos profundos. Seja a solo, em filas ou em grupos, ou colocadas ao acaso, disponha as nossas belas esferas como desejar.<\/p>","protected":false},"featured_media":6864,"template":"","meta":[],"product_brand":[],"product_cat":[78,81,52],"product_tag":[106,283,284,294,295,667,668],"class_list":{"0":"post-3011","1":"product","2":"type-product","3":"status-publish","4":"has-post-thumbnail","6":"product_cat-outdoor-lighting","7":"product_cat-led-lighting","8":"product_cat-italian-sphere-lighting","9":"product_tag-ceiling","10":"product_tag-oh","11":"product_tag-sphere","12":"product_tag-outdoor","13":"product_tag-garden","14":"product_tag-italian","15":"product_tag-designer","17":"first","18":"instock","19":"taxable","20":"shipping-taxable","21":"purchasable","22":"product-type-variable"},"yoast_head":"<!-- This site is optimized with the Yoast SEO plugin v27.6 - https:\/\/yoast.com\/product\/yoast-seo-wordpress\/ -->\n<title>OH! S65 LED Linea Light Italian Wall and Ceiling Light<\/title>\n<meta name=\"description\" content=\"The very best in Italian outdoor lighting \u2013 OH! S65 LED Linea Light. Modelight The Great Italian Lighting. FREE delivery on all orders \u2013 Shop now.\" \/>\n<meta name=\"robots\" content=\"index, follow, max-snippet:-1, max-image-preview:large, max-video-preview:-1\" \/>\n<link rel=\"canonical\" href=\"https:\/\/www.modelight.eu\/pt\/produto\/oh-s65-led\/\" \/>\n<meta property=\"og:locale\" content=\"pt_PT\" \/>\n<meta property=\"og:type\" content=\"article\" \/>\n<meta property=\"og:title\" content=\"OH! S65 LED Linea Light Italian Wall and Ceiling Light\" \/>\n<meta property=\"og:description\" content=\"The very best in Italian outdoor lighting \u2013 OH! S65 LED Linea Light. Modelight The Great Italian Lighting. FREE delivery on all orders \u2013 Shop now.\" \/>\n<meta property=\"og:url\" content=\"https:\/\/www.modelight.eu\/pt\/produto\/oh-s65-led\/\" \/>\n<meta property=\"og:site_name\" content=\"Modelight\" \/>\n<meta property=\"article:publisher\" content=\"https:\/\/www.facebook.com\/Modelight.eu\" \/>\n<meta property=\"article:modified_time\" content=\"2024-02-23T12:45:42+00:00\" \/>\n<meta property=\"og:image\" content=\"https:\/\/i0.wp.com\/www.modelight.eu\/wp-content\/uploads\/2020\/08\/oh-s65-led-linea-light-italian-outdoor-lights-ceiling-wall-modelight-1-new.jpg?fit=800%2C1200&ssl=1\" \/>\n\t<meta property=\"og:image:width\" content=\"800\" \/>\n\t<meta property=\"og:image:height\" content=\"1200\" \/>\n\t<meta property=\"og:image:type\" content=\"image\/jpeg\" \/>\n<meta name=\"twitter:card\" content=\"summary_large_image\" \/>\n<meta name=\"twitter:site\" content=\"@modelightqdl\" \/>\n<script type=\"application\/ld+json\" class=\"yoast-schema-graph\">{\"@context\":\"https:\\\/\\\/schema.org\",\"@graph\":[{\"@type\":\"WebPage\",\"@id\":\"https:\\\/\\\/www.modelight.eu\\\/product\\\/oh-s65-led\\\/\",\"url\":\"https:\\\/\\\/www.modelight.eu\\\/product\\\/oh-s65-led\\\/\",\"name\":\"OH! S65 LED Linea Light Italian Wall and Ceiling Light\",\"isPartOf\":{\"@id\":\"http:\\\/\\\/www.modelight.eu\\\/pt\\\/#website\"},\"primaryImageOfPage\":{\"@id\":\"https:\\\/\\\/www.modelight.eu\\\/product\\\/oh-s65-led\\\/#primaryimage\"},\"image\":{\"@id\":\"https:\\\/\\\/www.modelight.eu\\\/product\\\/oh-s65-led\\\/#primaryimage\"},\"thumbnailUrl\":\"https:\\\/\\\/www.modelight.eu\\\/wp-content\\\/uploads\\\/2020\\\/08\\\/oh-s65-led-linea-light-italian-outdoor-lights-ceiling-wall-modelight-1-new.jpg\",\"datePublished\":\"2020-08-05T12:27:56+00:00\",\"dateModified\":\"2024-02-23T12:45:42+00:00\",\"description\":\"The very best in Italian outdoor lighting \u2013 OH! S65 LED Linea Light. Modelight The Great Italian Lighting. FREE delivery on all orders \u2013 Shop now.\",\"breadcrumb\":{\"@id\":\"https:\\\/\\\/www.modelight.eu\\\/product\\\/oh-s65-led\\\/#breadcrumb\"},\"inLanguage\":\"pt-PT\",\"potentialAction\":[{\"@type\":\"ReadAction\",\"target\":[\"https:\\\/\\\/www.modelight.eu\\\/product\\\/oh-s65-led\\\/\"]}]},{\"@type\":\"ImageObject\",\"inLanguage\":\"pt-PT\",\"@id\":\"https:\\\/\\\/www.modelight.eu\\\/product\\\/oh-s65-led\\\/#primaryimage\",\"url\":\"https:\\\/\\\/www.modelight.eu\\\/wp-content\\\/uploads\\\/2020\\\/08\\\/oh-s65-led-linea-light-italian-outdoor-lights-ceiling-wall-modelight-1-new.jpg\",\"contentUrl\":\"https:\\\/\\\/www.modelight.eu\\\/wp-content\\\/uploads\\\/2020\\\/08\\\/oh-s65-led-linea-light-italian-outdoor-lights-ceiling-wall-modelight-1-new.jpg\",\"width\":800,\"height\":1200,\"caption\":\"OH! S65 LED Italian Ceiling Light Picture 1\"},{\"@type\":\"BreadcrumbList\",\"@id\":\"https:\\\/\\\/www.modelight.eu\\\/product\\\/oh-s65-led\\\/#breadcrumb\",\"itemListElement\":[{\"@type\":\"ListItem\",\"position\":1,\"name\":\"Home\",\"item\":\"https:\\\/\\\/www.modelight.eu\\\/\"},{\"@type\":\"ListItem\",\"position\":2,\"name\":\"Shop\",\"item\":\"https:\\\/\\\/www.modelight.eu\\\/modelight-decorative-lighting\\\/\"},{\"@type\":\"ListItem\",\"position\":3,\"name\":\"OH! S65 LED\"}]},{\"@type\":\"WebSite\",\"@id\":\"http:\\\/\\\/www.modelight.eu\\\/pt\\\/#website\",\"url\":\"http:\\\/\\\/www.modelight.eu\\\/pt\\\/\",\"name\":\"Modelight\",\"description\":\"Italian Decorative Lighting\",\"publisher\":{\"@id\":\"http:\\\/\\\/www.modelight.eu\\\/pt\\\/#organization\"},\"potentialAction\":[{\"@type\":\"SearchAction\",\"target\":{\"@type\":\"EntryPoint\",\"urlTemplate\":\"http:\\\/\\\/www.modelight.eu\\\/pt\\\/?s={search_term_string}\"},\"query-input\":{\"@type\":\"PropertyValueSpecification\",\"valueRequired\":true,\"valueName\":\"search_term_string\"}}],\"inLanguage\":\"pt-PT\"},{\"@type\":\"Organization\",\"@id\":\"http:\\\/\\\/www.modelight.eu\\\/pt\\\/#organization\",\"name\":\"modelight.eu\",\"url\":\"http:\\\/\\\/www.modelight.eu\\\/pt\\\/\",\"logo\":{\"@type\":\"ImageObject\",\"inLanguage\":\"pt-PT\",\"@id\":\"http:\\\/\\\/www.modelight.eu\\\/pt\\\/#\\\/schema\\\/logo\\\/image\\\/\",\"url\":\"https:\\\/\\\/www.modelight.eu\\\/wp-content\\\/uploads\\\/2020\\\/08\\\/modelight-ico-logo.jpg\",\"contentUrl\":\"https:\\\/\\\/www.modelight.eu\\\/wp-content\\\/uploads\\\/2020\\\/08\\\/modelight-ico-logo.jpg\",\"width\":512,\"height\":512,\"caption\":\"modelight.eu\"},\"image\":{\"@id\":\"http:\\\/\\\/www.modelight.eu\\\/pt\\\/#\\\/schema\\\/logo\\\/image\\\/\"},\"sameAs\":[\"https:\\\/\\\/www.facebook.com\\\/Modelight.eu\",\"https:\\\/\\\/x.com\\\/modelightqdl\",\"https:\\\/\\\/www.instagram.com\\\/modelight.eu\\\/\"]}]}<\/script>\n<!-- \/ Yoast SEO plugin. -->","yoast_head_json":{"title":"OH! S65 LED Linea Light Luz italiana de parede e de teto","description":"O melhor da ilumina\u00e7\u00e3o exterior italiana - OH! Luz LED Linea S65. Modelight A grande ilumina\u00e7\u00e3o italiana. Entrega gratuita em todas as encomendas - Compre agora.","robots":{"index":"index","follow":"follow","max-snippet":"max-snippet:-1","max-image-preview":"max-image-preview:large","max-video-preview":"max-video-preview:-1"},"canonical":"https:\/\/www.modelight.eu\/pt\/produto\/oh-s65-led\/","og_locale":"pt_PT","og_type":"article","og_title":"OH! S65 LED Linea Light Italian Wall and Ceiling Light","og_description":"The very best in Italian outdoor lighting \u2013 OH! S65 LED Linea Light. Modelight The Great Italian Lighting. FREE delivery on all orders \u2013 Shop now.","og_url":"https:\/\/www.modelight.eu\/pt\/produto\/oh-s65-led\/","og_site_name":"Modelight","article_publisher":"https:\/\/www.facebook.com\/Modelight.eu","article_modified_time":"2024-02-23T12:45:42+00:00","og_image":[{"width":800,"height":1200,"url":"https:\/\/i0.wp.com\/www.modelight.eu\/wp-content\/uploads\/2020\/08\/oh-s65-led-linea-light-italian-outdoor-lights-ceiling-wall-modelight-1-new.jpg?fit=800%2C1200&ssl=1","type":"image\/jpeg"}],"twitter_card":"summary_large_image","twitter_site":"@modelightqdl","schema":{"@context":"https:\/\/schema.org","@graph":[{"@type":"WebPage","@id":"https:\/\/www.modelight.eu\/product\/oh-s65-led\/","url":"https:\/\/www.modelight.eu\/product\/oh-s65-led\/","name":"OH! S65 LED Linea Light Luz italiana de parede e de teto","isPartOf":{"@id":"http:\/\/www.modelight.eu\/pt\/#website"},"primaryImageOfPage":{"@id":"https:\/\/www.modelight.eu\/product\/oh-s65-led\/#primaryimage"},"image":{"@id":"https:\/\/www.modelight.eu\/product\/oh-s65-led\/#primaryimage"},"thumbnailUrl":"https:\/\/www.modelight.eu\/wp-content\/uploads\/2020\/08\/oh-s65-led-linea-light-italian-outdoor-lights-ceiling-wall-modelight-1-new.jpg","datePublished":"2020-08-05T12:27:56+00:00","dateModified":"2024-02-23T12:45:42+00:00","description":"O melhor da ilumina\u00e7\u00e3o exterior italiana - OH! Luz LED Linea S65. Modelight A grande ilumina\u00e7\u00e3o italiana. Entrega gratuita em todas as encomendas - Compre agora.","breadcrumb":{"@id":"https:\/\/www.modelight.eu\/product\/oh-s65-led\/#breadcrumb"},"inLanguage":"pt-PT","potentialAction":[{"@type":"ReadAction","target":["https:\/\/www.modelight.eu\/product\/oh-s65-led\/"]}]},{"@type":"ImageObject","inLanguage":"pt-PT","@id":"https:\/\/www.modelight.eu\/product\/oh-s65-led\/#primaryimage","url":"https:\/\/www.modelight.eu\/wp-content\/uploads\/2020\/08\/oh-s65-led-linea-light-italian-outdoor-lights-ceiling-wall-modelight-1-new.jpg","contentUrl":"https:\/\/www.modelight.eu\/wp-content\/uploads\/2020\/08\/oh-s65-led-linea-light-italian-outdoor-lights-ceiling-wall-modelight-1-new.jpg","width":800,"height":1200,"caption":"OH! S65 LED Italian Ceiling Light Picture 1"},{"@type":"BreadcrumbList","@id":"https:\/\/www.modelight.eu\/product\/oh-s65-led\/#breadcrumb","itemListElement":[{"@type":"ListItem","position":1,"name":"Home","item":"https:\/\/www.modelight.eu\/"},{"@type":"ListItem","position":2,"name":"Shop","item":"https:\/\/www.modelight.eu\/modelight-decorative-lighting\/"},{"@type":"ListItem","position":3,"name":"OH! S65 LED"}]},{"@type":"WebSite","@id":"http:\/\/www.modelight.eu\/pt\/#website","url":"http:\/\/www.modelight.eu\/pt\/","name":"Modelight","description":"Ilumina\u00e7\u00e3o Decorativa Italiana","publisher":{"@id":"http:\/\/www.modelight.eu\/pt\/#organization"},"potentialAction":[{"@type":"SearchAction","target":{"@type":"EntryPoint","urlTemplate":"http:\/\/www.modelight.eu\/pt\/?s={search_term_string}"},"query-input":{"@type":"PropertyValueSpecification","valueRequired":true,"valueName":"search_term_string"}}],"inLanguage":"pt-PT"},{"@type":"Organization","@id":"http:\/\/www.modelight.eu\/pt\/#organization","name":"modelight.eu","url":"http:\/\/www.modelight.eu\/pt\/","logo":{"@type":"ImageObject","inLanguage":"pt-PT","@id":"http:\/\/www.modelight.eu\/pt\/#\/schema\/logo\/image\/","url":"https:\/\/www.modelight.eu\/wp-content\/uploads\/2020\/08\/modelight-ico-logo.jpg","contentUrl":"https:\/\/www.modelight.eu\/wp-content\/uploads\/2020\/08\/modelight-ico-logo.jpg","width":512,"height":512,"caption":"modelight.eu"},"image":{"@id":"http:\/\/www.modelight.eu\/pt\/#\/schema\/logo\/image\/"},"sameAs":["https:\/\/www.facebook.com\/Modelight.eu","https:\/\/x.com\/modelightqdl","https:\/\/www.instagram.com\/modelight.eu\/"]}]}},"jetpack_sharing_enabled":true,"_links":{"self":[{"href":"https:\/\/www.modelight.eu\/pt\/wp-json\/wp\/v2\/product\/3011","targetHints":{"allow":["GET"]}}],"collection":[{"href":"https:\/\/www.modelight.eu\/pt\/wp-json\/wp\/v2\/product"}],"about":[{"href":"https:\/\/www.modelight.eu\/pt\/wp-json\/wp\/v2\/types\/product"}],"wp:featuredmedia":[{"embeddable":true,"href":"https:\/\/www.modelight.eu\/pt\/wp-json\/wp\/v2\/media\/6864"}],"wp:attachment":[{"href":"https:\/\/www.modelight.eu\/pt\/wp-json\/wp\/v2\/media?parent=3011"}],"wp:term":[{"taxonomy":"product_brand","embeddable":true,"href":"https:\/\/www.modelight.eu\/pt\/wp-json\/wp\/v2\/product_brand?post=3011"},{"taxonomy":"product_cat","embeddable":true,"href":"https:\/\/www.modelight.eu\/pt\/wp-json\/wp\/v2\/product_cat?post=3011"},{"taxonomy":"product_tag","embeddable":true,"href":"https:\/\/www.modelight.eu\/pt\/wp-json\/wp\/v2\/product_tag?post=3011"}],"curies":[{"name":"wp","href":"https:\/\/api.w.org\/{rel}","templated":true}]}}