{"id":12620,"date":"2024-10-15T16:24:04","date_gmt":"2024-10-15T15:24:04","guid":{"rendered":"https:\/\/www.modelight.eu\/?post_type=product&#038;p=12620"},"modified":"2024-10-15T16:24:05","modified_gmt":"2024-10-15T15:24:05","slug":"morgana-pendant-by-linea-light","status":"publish","type":"product","link":"https:\/\/www.modelight.eu\/pt\/produto\/morgana-pendant-by-linea-light\/","title":{"rendered":"Morgana"},"content":{"rendered":"<p>A cole\u00e7\u00e3o Morgana Pendant da Linea Light \u00e9 um conjunto deslumbrante de candeeiros suspensos que personifica a eleg\u00e2ncia e a versatilidade contempor\u00e2neas. Concebidas para valorizar tanto os espa\u00e7os residenciais como comerciais, estas lumin\u00e1rias s\u00e3o fabricadas em metal de alta qualidade, pintado com rugas, garantindo durabilidade e mantendo uma est\u00e9tica moderna. Toda a cole\u00e7\u00e3o apresenta cinco cores cativantes, do branco cl\u00e1ssico ao preto profundo, permitindo a sua harmoniza\u00e7\u00e3o com uma variedade de estilos de interiores. Cada candeeiro \u00e9 ainda real\u00e7ado por luxuosos detalhes em ouro escovado ou n\u00edquel, acrescentando um toque adicional de sofistica\u00e7\u00e3o.<\/p>\n<p>Uma das carater\u00edsticas de destaque da cole\u00e7\u00e3o Morgana \u00e9 a sua adaptabilidade. Estas luzes pendentes podem transformar sem esfor\u00e7o \u00e1reas de jantar, salas de estar, escrit\u00f3rios e restaurantes em ambientes convidativos. A luz ambiente que produzem cria uma atmosfera calorosa e acolhedora, tornando-as perfeitas tanto para reuni\u00f5es \u00edntimas como para ambientes profissionais. Al\u00e9m disso, a possibilidade de instalar os candeeiros individualmente ou em grupos permite que os designers e os propriet\u00e1rios personalizem os seus arranjos de ilumina\u00e7\u00e3o de acordo com os seus desejos, necessidades e prefer\u00eancias espec\u00edficos.<\/p>\n<p>Para al\u00e9m do seu apelo est\u00e9tico, as lumin\u00e1rias pendentes Morgana d\u00e3o prioridade \u00e0 efici\u00eancia energ\u00e9tica, utilizando tecnologia de ilumina\u00e7\u00e3o avan\u00e7ada para proporcionar uma ilumina\u00e7\u00e3o \u00f3ptima, reduzindo o impacto ambiental. Este compromisso com a sustentabilidade reflecte-se no design da cole\u00e7\u00e3o, assegurando que cada pe\u00e7a n\u00e3o s\u00f3 valoriza um espa\u00e7o, como tamb\u00e9m contribui para pr\u00e1ticas amigas do ambiente.<\/p>\n<p>A cole\u00e7\u00e3o Morgana Pendant exemplifica a dedica\u00e7\u00e3o da Linea Light a solu\u00e7\u00f5es de ilumina\u00e7\u00e3o inovadoras que equilibram beleza, funcionalidade e sustentabilidade. Quer pretenda criar uma afirma\u00e7\u00e3o ousada ou um ambiente subtil, a Morgana oferece a solu\u00e7\u00e3o ideal para qualquer desafio de ilumina\u00e7\u00e3o. Com a sua mistura de design moderno e praticidade, esta cole\u00e7\u00e3o \u00e9 perfeita para elevar a est\u00e9tica de qualquer ambiente interior.<\/p>\n<p>Explore a cole\u00e7\u00e3o Morgana Pendant para descobrir como pode melhorar o seu pr\u00f3ximo projeto de design. Para mais informa\u00e7\u00f5es, visite a p\u00e1gina do produto em\u00a0<a href=\"http:\/\/www.linealight.com\/en\/group_morgana\">http:\/\/www.linealight.com\/en\/group_morgana<\/a>, onde podem ser obtidas mais informa\u00e7\u00f5es.<\/p>","protected":false},"excerpt":{"rendered":"<p>A cole\u00e7\u00e3o Morgana Pendant da Linea Light \u00e9 uma deslumbrante gama de candeeiros suspensos que incorpora eleg\u00e2ncia contempor\u00e2nea e versatilidade.<\/p>","protected":false},"featured_media":12624,"template":"","meta":[],"product_brand":[],"product_cat":[42],"product_tag":[40,668,963,964],"class_list":{"0":"post-12620","1":"product","2":"type-product","3":"status-publish","4":"has-post-thumbnail","6":"product_cat-italian-pendant-lighting","7":"product_tag-pendant","8":"product_tag-designer","9":"product_tag-colours","10":"product_tag-linea-light","12":"first","13":"instock","14":"taxable","15":"shipping-taxable","16":"purchasable","17":"product-type-variable"},"yoast_head":"<!-- This site is optimized with the Yoast SEO plugin v27.6 - https:\/\/yoast.com\/product\/yoast-seo-wordpress\/ -->\n<title>Morgana Pendant by Linea Light<\/title>\n<meta name=\"description\" content=\"Discover Morgana, a sleek suspension light by Linea Light, combining luxury design and functionality for modern interiors.\" \/>\n<meta name=\"robots\" content=\"index, follow, max-snippet:-1, max-image-preview:large, max-video-preview:-1\" \/>\n<link rel=\"canonical\" href=\"https:\/\/www.modelight.eu\/pt\/produto\/morgana-pendant-by-linea-light\/\" \/>\n<meta property=\"og:locale\" content=\"pt_PT\" \/>\n<meta property=\"og:type\" content=\"article\" \/>\n<meta property=\"og:title\" content=\"Morgana Pendant by Linea Light\" \/>\n<meta property=\"og:description\" content=\"Discover Morgana, a sleek suspension light by Linea Light, combining luxury design and functionality for modern interiors.\" \/>\n<meta property=\"og:url\" content=\"https:\/\/www.modelight.eu\/pt\/produto\/morgana-pendant-by-linea-light\/\" \/>\n<meta property=\"og:site_name\" content=\"Modelight\" \/>\n<meta property=\"article:publisher\" content=\"https:\/\/www.facebook.com\/Modelight.eu\" \/>\n<meta property=\"article:modified_time\" content=\"2024-10-15T15:24:05+00:00\" \/>\n<meta property=\"og:image\" content=\"https:\/\/www.modelight.eu\/wp-content\/uploads\/2024\/10\/gallery-product-morgana-suspension-projector-linealightgroup-1260x1680-1.jpg\" \/>\n\t<meta property=\"og:image:width\" content=\"1680\" \/>\n\t<meta property=\"og:image:height\" content=\"2240\" \/>\n\t<meta property=\"og:image:type\" content=\"image\/jpeg\" \/>\n<meta name=\"twitter:card\" content=\"summary_large_image\" \/>\n<meta name=\"twitter:site\" content=\"@modelightqdl\" \/>\n<meta name=\"twitter:label1\" content=\"Tempo estimado de leitura\" \/>\n\t<meta name=\"twitter:data1\" content=\"2 minutos\" \/>\n<script type=\"application\/ld+json\" class=\"yoast-schema-graph\">{\"@context\":\"https:\\\/\\\/schema.org\",\"@graph\":[{\"@type\":\"WebPage\",\"@id\":\"https:\\\/\\\/www.modelight.eu\\\/product\\\/morgana-pendant-by-linea-light\\\/\",\"url\":\"https:\\\/\\\/www.modelight.eu\\\/product\\\/morgana-pendant-by-linea-light\\\/\",\"name\":\"Morgana Pendant by Linea Light\",\"isPartOf\":{\"@id\":\"http:\\\/\\\/www.modelight.eu\\\/pt\\\/#website\"},\"primaryImageOfPage\":{\"@id\":\"https:\\\/\\\/www.modelight.eu\\\/product\\\/morgana-pendant-by-linea-light\\\/#primaryimage\"},\"image\":{\"@id\":\"https:\\\/\\\/www.modelight.eu\\\/product\\\/morgana-pendant-by-linea-light\\\/#primaryimage\"},\"thumbnailUrl\":\"https:\\\/\\\/www.modelight.eu\\\/wp-content\\\/uploads\\\/2024\\\/10\\\/gallery-product-morgana-suspension-projector-linealightgroup-1260x1680-1.jpg\",\"datePublished\":\"2024-10-15T15:24:04+00:00\",\"dateModified\":\"2024-10-15T15:24:05+00:00\",\"description\":\"Discover Morgana, a sleek suspension light by Linea Light, combining luxury design and functionality for modern interiors.\",\"breadcrumb\":{\"@id\":\"https:\\\/\\\/www.modelight.eu\\\/product\\\/morgana-pendant-by-linea-light\\\/#breadcrumb\"},\"inLanguage\":\"pt-PT\",\"potentialAction\":[{\"@type\":\"ReadAction\",\"target\":[\"https:\\\/\\\/www.modelight.eu\\\/product\\\/morgana-pendant-by-linea-light\\\/\"]}]},{\"@type\":\"ImageObject\",\"inLanguage\":\"pt-PT\",\"@id\":\"https:\\\/\\\/www.modelight.eu\\\/product\\\/morgana-pendant-by-linea-light\\\/#primaryimage\",\"url\":\"https:\\\/\\\/www.modelight.eu\\\/wp-content\\\/uploads\\\/2024\\\/10\\\/gallery-product-morgana-suspension-projector-linealightgroup-1260x1680-1.jpg\",\"contentUrl\":\"https:\\\/\\\/www.modelight.eu\\\/wp-content\\\/uploads\\\/2024\\\/10\\\/gallery-product-morgana-suspension-projector-linealightgroup-1260x1680-1.jpg\",\"width\":1680,\"height\":2240},{\"@type\":\"BreadcrumbList\",\"@id\":\"https:\\\/\\\/www.modelight.eu\\\/product\\\/morgana-pendant-by-linea-light\\\/#breadcrumb\",\"itemListElement\":[{\"@type\":\"ListItem\",\"position\":1,\"name\":\"Home\",\"item\":\"https:\\\/\\\/www.modelight.eu\\\/\"},{\"@type\":\"ListItem\",\"position\":2,\"name\":\"Shop\",\"item\":\"https:\\\/\\\/www.modelight.eu\\\/modelight-decorative-lighting\\\/\"},{\"@type\":\"ListItem\",\"position\":3,\"name\":\"Morgana\"}]},{\"@type\":\"WebSite\",\"@id\":\"http:\\\/\\\/www.modelight.eu\\\/pt\\\/#website\",\"url\":\"http:\\\/\\\/www.modelight.eu\\\/pt\\\/\",\"name\":\"Modelight\",\"description\":\"Italian Decorative Lighting\",\"publisher\":{\"@id\":\"http:\\\/\\\/www.modelight.eu\\\/pt\\\/#organization\"},\"potentialAction\":[{\"@type\":\"SearchAction\",\"target\":{\"@type\":\"EntryPoint\",\"urlTemplate\":\"http:\\\/\\\/www.modelight.eu\\\/pt\\\/?s={search_term_string}\"},\"query-input\":{\"@type\":\"PropertyValueSpecification\",\"valueRequired\":true,\"valueName\":\"search_term_string\"}}],\"inLanguage\":\"pt-PT\"},{\"@type\":\"Organization\",\"@id\":\"http:\\\/\\\/www.modelight.eu\\\/pt\\\/#organization\",\"name\":\"modelight.eu\",\"url\":\"http:\\\/\\\/www.modelight.eu\\\/pt\\\/\",\"logo\":{\"@type\":\"ImageObject\",\"inLanguage\":\"pt-PT\",\"@id\":\"http:\\\/\\\/www.modelight.eu\\\/pt\\\/#\\\/schema\\\/logo\\\/image\\\/\",\"url\":\"https:\\\/\\\/www.modelight.eu\\\/wp-content\\\/uploads\\\/2020\\\/08\\\/modelight-ico-logo.jpg\",\"contentUrl\":\"https:\\\/\\\/www.modelight.eu\\\/wp-content\\\/uploads\\\/2020\\\/08\\\/modelight-ico-logo.jpg\",\"width\":512,\"height\":512,\"caption\":\"modelight.eu\"},\"image\":{\"@id\":\"http:\\\/\\\/www.modelight.eu\\\/pt\\\/#\\\/schema\\\/logo\\\/image\\\/\"},\"sameAs\":[\"https:\\\/\\\/www.facebook.com\\\/Modelight.eu\",\"https:\\\/\\\/x.com\\\/modelightqdl\",\"https:\\\/\\\/www.instagram.com\\\/modelight.eu\\\/\"]}]}<\/script>\n<!-- \/ Yoast SEO plugin. -->","yoast_head_json":{"title":"Pingente Morgana da Linea Light","description":"Descubra Morgana, um elegante candelabro suspenso da Linea Light, que combina design luxuoso e funcionalidade para interiores modernos.","robots":{"index":"index","follow":"follow","max-snippet":"max-snippet:-1","max-image-preview":"max-image-preview:large","max-video-preview":"max-video-preview:-1"},"canonical":"https:\/\/www.modelight.eu\/pt\/produto\/morgana-pendant-by-linea-light\/","og_locale":"pt_PT","og_type":"article","og_title":"Morgana Pendant by Linea Light","og_description":"Discover Morgana, a sleek suspension light by Linea Light, combining luxury design and functionality for modern interiors.","og_url":"https:\/\/www.modelight.eu\/pt\/produto\/morgana-pendant-by-linea-light\/","og_site_name":"Modelight","article_publisher":"https:\/\/www.facebook.com\/Modelight.eu","article_modified_time":"2024-10-15T15:24:05+00:00","og_image":[{"width":1680,"height":2240,"url":"https:\/\/www.modelight.eu\/wp-content\/uploads\/2024\/10\/gallery-product-morgana-suspension-projector-linealightgroup-1260x1680-1.jpg","type":"image\/jpeg"}],"twitter_card":"summary_large_image","twitter_site":"@modelightqdl","twitter_misc":{"Tempo estimado de leitura":"2 minutos"},"schema":{"@context":"https:\/\/schema.org","@graph":[{"@type":"WebPage","@id":"https:\/\/www.modelight.eu\/product\/morgana-pendant-by-linea-light\/","url":"https:\/\/www.modelight.eu\/product\/morgana-pendant-by-linea-light\/","name":"Pingente Morgana da Linea Light","isPartOf":{"@id":"http:\/\/www.modelight.eu\/pt\/#website"},"primaryImageOfPage":{"@id":"https:\/\/www.modelight.eu\/product\/morgana-pendant-by-linea-light\/#primaryimage"},"image":{"@id":"https:\/\/www.modelight.eu\/product\/morgana-pendant-by-linea-light\/#primaryimage"},"thumbnailUrl":"https:\/\/www.modelight.eu\/wp-content\/uploads\/2024\/10\/gallery-product-morgana-suspension-projector-linealightgroup-1260x1680-1.jpg","datePublished":"2024-10-15T15:24:04+00:00","dateModified":"2024-10-15T15:24:05+00:00","description":"Descubra Morgana, um elegante candelabro suspenso da Linea Light, que combina design luxuoso e funcionalidade para interiores modernos.","breadcrumb":{"@id":"https:\/\/www.modelight.eu\/product\/morgana-pendant-by-linea-light\/#breadcrumb"},"inLanguage":"pt-PT","potentialAction":[{"@type":"ReadAction","target":["https:\/\/www.modelight.eu\/product\/morgana-pendant-by-linea-light\/"]}]},{"@type":"ImageObject","inLanguage":"pt-PT","@id":"https:\/\/www.modelight.eu\/product\/morgana-pendant-by-linea-light\/#primaryimage","url":"https:\/\/www.modelight.eu\/wp-content\/uploads\/2024\/10\/gallery-product-morgana-suspension-projector-linealightgroup-1260x1680-1.jpg","contentUrl":"https:\/\/www.modelight.eu\/wp-content\/uploads\/2024\/10\/gallery-product-morgana-suspension-projector-linealightgroup-1260x1680-1.jpg","width":1680,"height":2240},{"@type":"BreadcrumbList","@id":"https:\/\/www.modelight.eu\/product\/morgana-pendant-by-linea-light\/#breadcrumb","itemListElement":[{"@type":"ListItem","position":1,"name":"Home","item":"https:\/\/www.modelight.eu\/"},{"@type":"ListItem","position":2,"name":"Shop","item":"https:\/\/www.modelight.eu\/modelight-decorative-lighting\/"},{"@type":"ListItem","position":3,"name":"Morgana"}]},{"@type":"WebSite","@id":"http:\/\/www.modelight.eu\/pt\/#website","url":"http:\/\/www.modelight.eu\/pt\/","name":"Modelight","description":"Ilumina\u00e7\u00e3o Decorativa Italiana","publisher":{"@id":"http:\/\/www.modelight.eu\/pt\/#organization"},"potentialAction":[{"@type":"SearchAction","target":{"@type":"EntryPoint","urlTemplate":"http:\/\/www.modelight.eu\/pt\/?s={search_term_string}"},"query-input":{"@type":"PropertyValueSpecification","valueRequired":true,"valueName":"search_term_string"}}],"inLanguage":"pt-PT"},{"@type":"Organization","@id":"http:\/\/www.modelight.eu\/pt\/#organization","name":"modelight.eu","url":"http:\/\/www.modelight.eu\/pt\/","logo":{"@type":"ImageObject","inLanguage":"pt-PT","@id":"http:\/\/www.modelight.eu\/pt\/#\/schema\/logo\/image\/","url":"https:\/\/www.modelight.eu\/wp-content\/uploads\/2020\/08\/modelight-ico-logo.jpg","contentUrl":"https:\/\/www.modelight.eu\/wp-content\/uploads\/2020\/08\/modelight-ico-logo.jpg","width":512,"height":512,"caption":"modelight.eu"},"image":{"@id":"http:\/\/www.modelight.eu\/pt\/#\/schema\/logo\/image\/"},"sameAs":["https:\/\/www.facebook.com\/Modelight.eu","https:\/\/x.com\/modelightqdl","https:\/\/www.instagram.com\/modelight.eu\/"]}]}},"jetpack_sharing_enabled":true,"_links":{"self":[{"href":"https:\/\/www.modelight.eu\/pt\/wp-json\/wp\/v2\/product\/12620","targetHints":{"allow":["GET"]}}],"collection":[{"href":"https:\/\/www.modelight.eu\/pt\/wp-json\/wp\/v2\/product"}],"about":[{"href":"https:\/\/www.modelight.eu\/pt\/wp-json\/wp\/v2\/types\/product"}],"wp:featuredmedia":[{"embeddable":true,"href":"https:\/\/www.modelight.eu\/pt\/wp-json\/wp\/v2\/media\/12624"}],"wp:attachment":[{"href":"https:\/\/www.modelight.eu\/pt\/wp-json\/wp\/v2\/media?parent=12620"}],"wp:term":[{"taxonomy":"product_brand","embeddable":true,"href":"https:\/\/www.modelight.eu\/pt\/wp-json\/wp\/v2\/product_brand?post=12620"},{"taxonomy":"product_cat","embeddable":true,"href":"https:\/\/www.modelight.eu\/pt\/wp-json\/wp\/v2\/product_cat?post=12620"},{"taxonomy":"product_tag","embeddable":true,"href":"https:\/\/www.modelight.eu\/pt\/wp-json\/wp\/v2\/product_tag?post=12620"}],"curies":[{"name":"wp","href":"https:\/\/api.w.org\/{rel}","templated":true}]}}