{"id":10375,"date":"2021-10-29T09:49:29","date_gmt":"2021-10-29T09:49:29","guid":{"rendered":"https:\/\/www.modelight.eu--skip-columns=guid\/?post_type=product&#038;p=10375"},"modified":"2024-02-23T12:52:56","modified_gmt":"2024-02-23T12:52:56","slug":"megafono-wall-light-light-black","status":"publish","type":"product","link":"https:\/\/www.modelight.eu\/pt\/produto\/megafono-wall-light-light-black\/","title":{"rendered":"MEGAFONO 2\u00d72 PRETO"},"content":{"rendered":"<p>Megafono \u00e9 um candeeiro ic\u00f3nico dos anos 50 com luz direta e indireta. Na vers\u00e3o de candeeiro de parede com um ou dois bra\u00e7os, uma estrutura de lat\u00e3o premiada com douramento galv\u00e2nico combina com abajures c\u00f3nicos em marfim ou preto brilhante, iluminando o ambiente com eleg\u00e2ncia.<\/p>","protected":false},"excerpt":{"rendered":"<p>Uma lumin\u00e1ria de parede impressionante para a sua sala de estar, quarto ou sala de jantar. Os cones de luz duplos direccion\u00e1veis da Megafono, um elemento ic\u00f3nico da ilumina\u00e7\u00e3o italiana dos anos 50, proporcionam uma ilumina\u00e7\u00e3o direta e indireta. Este design requintado enquadra-se t\u00e3o bem no design de salas de meados do s\u00e9culo e em esquemas de salas modernistas. O dourado galv\u00e2nico do corpo em lat\u00e3o \u00e9 tamb\u00e9m a folha ideal para os abajures. Dispon\u00edvel como candeeiro de parede, candeeiro de mesa ou ilumina\u00e7\u00e3o suspensa, o Megafono da Stilnovo \u00e9 em lat\u00e3o com dourado galv\u00e2nico e abajures em preto ou marfim.<\/p>\n<p>Fonte de luz: 4 x E14 (l\u00e2mpadas inclu\u00eddas)<br \/>\nPot\u00eancia: 4 x LED 6W Miniglobo P45, 220-240V<br \/>\nCaracter\u00edsticas: 2700K, 3224lm, CRI 80<br \/>\nMaterial: Lat\u00e3o (dourado), Ferro (preto)<br \/>\nDimens\u00f5es: 331 x 310 x 199 mm<br \/>\nClassifica\u00e7\u00e3o IP: IP20<br \/>\nEmiss\u00e3o de luz para baixo e para cima<br \/>\nGirat\u00f3rio: vertical 360\u00b0, horizontal 60\u00b0<br \/>\nInstala\u00e7\u00e3o: Parede<br \/>\nMarca: Stilnovo<br \/>\nFeito em It\u00e1lia<\/p>","protected":false},"featured_media":10376,"template":"","meta":[],"product_brand":[],"product_cat":[48],"product_tag":[37,41,105,118,667,868],"class_list":{"0":"post-10375","1":"product","2":"type-product","3":"status-publish","4":"has-post-thumbnail","6":"product_cat-wall-lights","7":"product_tag-black","8":"product_tag-lighting","9":"product_tag-wall","10":"product_tag-gold","11":"product_tag-italian","12":"product_tag-megafono","14":"first","15":"instock","16":"taxable","17":"shipping-taxable","18":"purchasable","19":"product-type-simple"},"yoast_head":"<!-- This site is optimized with the Yoast SEO plugin v27.4 - https:\/\/yoast.com\/product\/yoast-seo-wordpress\/ -->\n<title>MEGAFONO 2x2 BLACK - Modelight<\/title>\n<meta name=\"description\" content=\"Megafono wall light is an iconic 1950s lamp with both direct and indirect light. Available in a single or double-arm wall lamp version.\" \/>\n<meta name=\"robots\" content=\"index, follow, max-snippet:-1, max-image-preview:large, max-video-preview:-1\" \/>\n<link rel=\"canonical\" href=\"https:\/\/www.modelight.eu\/pt\/produto\/megafono-wall-light-light-black\/\" \/>\n<meta property=\"og:locale\" content=\"pt_PT\" \/>\n<meta property=\"og:type\" content=\"article\" \/>\n<meta property=\"og:title\" content=\"MEGAFONO 2x2 BLACK - Modelight\" \/>\n<meta property=\"og:description\" content=\"Megafono wall light is an iconic 1950s lamp with both direct and indirect light. Available in a single or double-arm wall lamp version.\" \/>\n<meta property=\"og:url\" content=\"https:\/\/www.modelight.eu\/pt\/produto\/megafono-wall-light-light-black\/\" \/>\n<meta property=\"og:site_name\" content=\"Modelight\" \/>\n<meta property=\"article:publisher\" content=\"https:\/\/www.facebook.com\/Modelight.eu\" \/>\n<meta property=\"article:modified_time\" content=\"2024-02-23T12:52:56+00:00\" \/>\n<meta property=\"og:image\" content=\"https:\/\/www.modelight.eu\/wp-content\/uploads\/2021\/10\/stilnovo-megafono-2x2-black-italian-wall-lights-modelight-designer-lighting-1.jpg\" \/>\n\t<meta property=\"og:image:width\" content=\"800\" \/>\n\t<meta property=\"og:image:height\" content=\"1200\" \/>\n\t<meta property=\"og:image:type\" content=\"image\/jpeg\" \/>\n<meta name=\"twitter:card\" content=\"summary_large_image\" \/>\n<meta name=\"twitter:site\" content=\"@modelightqdl\" \/>\n<script type=\"application\/ld+json\" class=\"yoast-schema-graph\">{\"@context\":\"https:\\\/\\\/schema.org\",\"@graph\":[{\"@type\":\"WebPage\",\"@id\":\"https:\\\/\\\/www.modelight.eu\\\/product\\\/megafono-wall-light-light-black\\\/\",\"url\":\"https:\\\/\\\/www.modelight.eu\\\/product\\\/megafono-wall-light-light-black\\\/\",\"name\":\"MEGAFONO 2x2 BLACK - Modelight\",\"isPartOf\":{\"@id\":\"http:\\\/\\\/www.modelight.eu\\\/pt\\\/#website\"},\"primaryImageOfPage\":{\"@id\":\"https:\\\/\\\/www.modelight.eu\\\/product\\\/megafono-wall-light-light-black\\\/#primaryimage\"},\"image\":{\"@id\":\"https:\\\/\\\/www.modelight.eu\\\/product\\\/megafono-wall-light-light-black\\\/#primaryimage\"},\"thumbnailUrl\":\"https:\\\/\\\/www.modelight.eu\\\/wp-content\\\/uploads\\\/2021\\\/10\\\/stilnovo-megafono-2x2-black-italian-wall-lights-modelight-designer-lighting-1.jpg\",\"datePublished\":\"2021-10-29T09:49:29+00:00\",\"dateModified\":\"2024-02-23T12:52:56+00:00\",\"description\":\"Megafono wall light is an iconic 1950s lamp with both direct and indirect light. Available in a single or double-arm wall lamp version.\",\"breadcrumb\":{\"@id\":\"https:\\\/\\\/www.modelight.eu\\\/product\\\/megafono-wall-light-light-black\\\/#breadcrumb\"},\"inLanguage\":\"pt-PT\",\"potentialAction\":[{\"@type\":\"ReadAction\",\"target\":[\"https:\\\/\\\/www.modelight.eu\\\/product\\\/megafono-wall-light-light-black\\\/\"]}]},{\"@type\":\"ImageObject\",\"inLanguage\":\"pt-PT\",\"@id\":\"https:\\\/\\\/www.modelight.eu\\\/product\\\/megafono-wall-light-light-black\\\/#primaryimage\",\"url\":\"https:\\\/\\\/www.modelight.eu\\\/wp-content\\\/uploads\\\/2021\\\/10\\\/stilnovo-megafono-2x2-black-italian-wall-lights-modelight-designer-lighting-1.jpg\",\"contentUrl\":\"https:\\\/\\\/www.modelight.eu\\\/wp-content\\\/uploads\\\/2021\\\/10\\\/stilnovo-megafono-2x2-black-italian-wall-lights-modelight-designer-lighting-1.jpg\",\"width\":800,\"height\":1200,\"caption\":\"Stilnovo Megafono 2x2 Black Italian wall lights picture 1\"},{\"@type\":\"BreadcrumbList\",\"@id\":\"https:\\\/\\\/www.modelight.eu\\\/product\\\/megafono-wall-light-light-black\\\/#breadcrumb\",\"itemListElement\":[{\"@type\":\"ListItem\",\"position\":1,\"name\":\"Home\",\"item\":\"https:\\\/\\\/www.modelight.eu\\\/\"},{\"@type\":\"ListItem\",\"position\":2,\"name\":\"Shop\",\"item\":\"https:\\\/\\\/www.modelight.eu\\\/modelight-decorative-lighting\\\/\"},{\"@type\":\"ListItem\",\"position\":3,\"name\":\"MEGAFONO 2&#215;2 BLACK\"}]},{\"@type\":\"WebSite\",\"@id\":\"http:\\\/\\\/www.modelight.eu\\\/pt\\\/#website\",\"url\":\"http:\\\/\\\/www.modelight.eu\\\/pt\\\/\",\"name\":\"Modelight\",\"description\":\"Italian Decorative Lighting\",\"publisher\":{\"@id\":\"http:\\\/\\\/www.modelight.eu\\\/pt\\\/#organization\"},\"potentialAction\":[{\"@type\":\"SearchAction\",\"target\":{\"@type\":\"EntryPoint\",\"urlTemplate\":\"http:\\\/\\\/www.modelight.eu\\\/pt\\\/?s={search_term_string}\"},\"query-input\":{\"@type\":\"PropertyValueSpecification\",\"valueRequired\":true,\"valueName\":\"search_term_string\"}}],\"inLanguage\":\"pt-PT\"},{\"@type\":\"Organization\",\"@id\":\"http:\\\/\\\/www.modelight.eu\\\/pt\\\/#organization\",\"name\":\"modelight.eu\",\"url\":\"http:\\\/\\\/www.modelight.eu\\\/pt\\\/\",\"logo\":{\"@type\":\"ImageObject\",\"inLanguage\":\"pt-PT\",\"@id\":\"http:\\\/\\\/www.modelight.eu\\\/pt\\\/#\\\/schema\\\/logo\\\/image\\\/\",\"url\":\"https:\\\/\\\/www.modelight.eu\\\/wp-content\\\/uploads\\\/2020\\\/08\\\/modelight-ico-logo.jpg\",\"contentUrl\":\"https:\\\/\\\/www.modelight.eu\\\/wp-content\\\/uploads\\\/2020\\\/08\\\/modelight-ico-logo.jpg\",\"width\":512,\"height\":512,\"caption\":\"modelight.eu\"},\"image\":{\"@id\":\"http:\\\/\\\/www.modelight.eu\\\/pt\\\/#\\\/schema\\\/logo\\\/image\\\/\"},\"sameAs\":[\"https:\\\/\\\/www.facebook.com\\\/Modelight.eu\",\"https:\\\/\\\/x.com\\\/modelightqdl\",\"https:\\\/\\\/www.instagram.com\\\/modelight.eu\\\/\"]}]}<\/script>\n<!-- \/ Yoast SEO plugin. -->","yoast_head_json":{"title":"MEGAFONE 2x2 PRETO - Modelight","description":"O candeeiro de parede Megaphone \u00e9 um \u00edcone dos anos 50 com luz direta e indireta. Dispon\u00edvel em vers\u00e3o de candeeiro de parede de bra\u00e7o simples ou duplo.","robots":{"index":"index","follow":"follow","max-snippet":"max-snippet:-1","max-image-preview":"max-image-preview:large","max-video-preview":"max-video-preview:-1"},"canonical":"https:\/\/www.modelight.eu\/pt\/produto\/megafono-wall-light-light-black\/","og_locale":"pt_PT","og_type":"article","og_title":"MEGAFONO 2x2 BLACK - Modelight","og_description":"Megafono wall light is an iconic 1950s lamp with both direct and indirect light. Available in a single or double-arm wall lamp version.","og_url":"https:\/\/www.modelight.eu\/pt\/produto\/megafono-wall-light-light-black\/","og_site_name":"Modelight","article_publisher":"https:\/\/www.facebook.com\/Modelight.eu","article_modified_time":"2024-02-23T12:52:56+00:00","og_image":[{"width":800,"height":1200,"url":"https:\/\/www.modelight.eu\/wp-content\/uploads\/2021\/10\/stilnovo-megafono-2x2-black-italian-wall-lights-modelight-designer-lighting-1.jpg","type":"image\/jpeg"}],"twitter_card":"summary_large_image","twitter_site":"@modelightqdl","schema":{"@context":"https:\/\/schema.org","@graph":[{"@type":"WebPage","@id":"https:\/\/www.modelight.eu\/product\/megafono-wall-light-light-black\/","url":"https:\/\/www.modelight.eu\/product\/megafono-wall-light-light-black\/","name":"MEGAFONE 2x2 PRETO - Modelight","isPartOf":{"@id":"http:\/\/www.modelight.eu\/pt\/#website"},"primaryImageOfPage":{"@id":"https:\/\/www.modelight.eu\/product\/megafono-wall-light-light-black\/#primaryimage"},"image":{"@id":"https:\/\/www.modelight.eu\/product\/megafono-wall-light-light-black\/#primaryimage"},"thumbnailUrl":"https:\/\/www.modelight.eu\/wp-content\/uploads\/2021\/10\/stilnovo-megafono-2x2-black-italian-wall-lights-modelight-designer-lighting-1.jpg","datePublished":"2021-10-29T09:49:29+00:00","dateModified":"2024-02-23T12:52:56+00:00","description":"O candeeiro de parede Megaphone \u00e9 um \u00edcone dos anos 50 com luz direta e indireta. Dispon\u00edvel em vers\u00e3o de candeeiro de parede de bra\u00e7o simples ou duplo.","breadcrumb":{"@id":"https:\/\/www.modelight.eu\/product\/megafono-wall-light-light-black\/#breadcrumb"},"inLanguage":"pt-PT","potentialAction":[{"@type":"ReadAction","target":["https:\/\/www.modelight.eu\/product\/megafono-wall-light-light-black\/"]}]},{"@type":"ImageObject","inLanguage":"pt-PT","@id":"https:\/\/www.modelight.eu\/product\/megafono-wall-light-light-black\/#primaryimage","url":"https:\/\/www.modelight.eu\/wp-content\/uploads\/2021\/10\/stilnovo-megafono-2x2-black-italian-wall-lights-modelight-designer-lighting-1.jpg","contentUrl":"https:\/\/www.modelight.eu\/wp-content\/uploads\/2021\/10\/stilnovo-megafono-2x2-black-italian-wall-lights-modelight-designer-lighting-1.jpg","width":800,"height":1200,"caption":"Stilnovo Megafono 2x2 Black Italian wall lights picture 1"},{"@type":"BreadcrumbList","@id":"https:\/\/www.modelight.eu\/product\/megafono-wall-light-light-black\/#breadcrumb","itemListElement":[{"@type":"ListItem","position":1,"name":"Home","item":"https:\/\/www.modelight.eu\/"},{"@type":"ListItem","position":2,"name":"Shop","item":"https:\/\/www.modelight.eu\/modelight-decorative-lighting\/"},{"@type":"ListItem","position":3,"name":"MEGAFONO 2&#215;2 BLACK"}]},{"@type":"WebSite","@id":"http:\/\/www.modelight.eu\/pt\/#website","url":"http:\/\/www.modelight.eu\/pt\/","name":"Modelight","description":"Ilumina\u00e7\u00e3o Decorativa Italiana","publisher":{"@id":"http:\/\/www.modelight.eu\/pt\/#organization"},"potentialAction":[{"@type":"SearchAction","target":{"@type":"EntryPoint","urlTemplate":"http:\/\/www.modelight.eu\/pt\/?s={search_term_string}"},"query-input":{"@type":"PropertyValueSpecification","valueRequired":true,"valueName":"search_term_string"}}],"inLanguage":"pt-PT"},{"@type":"Organization","@id":"http:\/\/www.modelight.eu\/pt\/#organization","name":"modelight.eu","url":"http:\/\/www.modelight.eu\/pt\/","logo":{"@type":"ImageObject","inLanguage":"pt-PT","@id":"http:\/\/www.modelight.eu\/pt\/#\/schema\/logo\/image\/","url":"https:\/\/www.modelight.eu\/wp-content\/uploads\/2020\/08\/modelight-ico-logo.jpg","contentUrl":"https:\/\/www.modelight.eu\/wp-content\/uploads\/2020\/08\/modelight-ico-logo.jpg","width":512,"height":512,"caption":"modelight.eu"},"image":{"@id":"http:\/\/www.modelight.eu\/pt\/#\/schema\/logo\/image\/"},"sameAs":["https:\/\/www.facebook.com\/Modelight.eu","https:\/\/x.com\/modelightqdl","https:\/\/www.instagram.com\/modelight.eu\/"]}]}},"jetpack_sharing_enabled":true,"_links":{"self":[{"href":"https:\/\/www.modelight.eu\/pt\/wp-json\/wp\/v2\/product\/10375","targetHints":{"allow":["GET"]}}],"collection":[{"href":"https:\/\/www.modelight.eu\/pt\/wp-json\/wp\/v2\/product"}],"about":[{"href":"https:\/\/www.modelight.eu\/pt\/wp-json\/wp\/v2\/types\/product"}],"wp:featuredmedia":[{"embeddable":true,"href":"https:\/\/www.modelight.eu\/pt\/wp-json\/wp\/v2\/media\/10376"}],"wp:attachment":[{"href":"https:\/\/www.modelight.eu\/pt\/wp-json\/wp\/v2\/media?parent=10375"}],"wp:term":[{"taxonomy":"product_brand","embeddable":true,"href":"https:\/\/www.modelight.eu\/pt\/wp-json\/wp\/v2\/product_brand?post=10375"},{"taxonomy":"product_cat","embeddable":true,"href":"https:\/\/www.modelight.eu\/pt\/wp-json\/wp\/v2\/product_cat?post=10375"},{"taxonomy":"product_tag","embeddable":true,"href":"https:\/\/www.modelight.eu\/pt\/wp-json\/wp\/v2\/product_tag?post=10375"}],"curies":[{"name":"wp","href":"https:\/\/api.w.org\/{rel}","templated":true}]}}