{"id":8199,"date":"2021-07-15T08:43:34","date_gmt":"2021-07-15T08:43:34","guid":{"rendered":"https:\/\/www.modelight.eu--skip-columns=guid\/?post_type=product&#038;p=8199"},"modified":"2024-02-23T12:51:20","modified_gmt":"2024-02-23T12:51:20","slug":"butler","status":"publish","type":"product","link":"https:\/\/www.modelight.eu\/fr\/produit\/butler\/","title":{"rendered":"BUTLER"},"content":{"rendered":"","protected":false},"excerpt":{"rendered":"<p>Transformez votre jardin en une pi\u00e8ce ext\u00e9rieure et une salle \u00e0 manger de r\u00eave gr\u00e2ce \u00e0 notre \u00e9clairage d'ext\u00e9rieur italien BUTLER. Cet incroyable \u00e9clairage italien, dot\u00e9 d'un diffuseur sph\u00e9rique diffusant une lumi\u00e8re douce et chaleureuse, est le compagnon id\u00e9al de vos chaises et tables de jardin. Regardez le soleil se coucher, buvez un verre de vin et discutez jusqu'au bout de la nuit \u00e0 la lumi\u00e8re de cette gamme de lampes de jardin en m\u00e9tal peint en noir.<\/p>\n<p>Source de lumi\u00e8re : LED<br \/>\nPuissance : TopLED 8W, 220-240V<br \/>\nCaract\u00e9ristiques : 3000K, 994lm, CRI 80<br \/>\nMat\u00e9riau : Fer (noir), PE (neutre)<br \/>\nDimensions : \u00d8 350 mm, H 1918 mm<br \/>\nPoids : 8,6 kg<br \/>\nIndice de protection IP : IP65<br \/>\nLongueur du c\u00e2ble : 2300 mm<br \/>\nPrise \u00e9lectrique : Type F<br \/>\nTable et crochet pour sac \u00e0 main non inclus<br \/>\nInstallation : Sol<br \/>\nMarque : Linea Light<br \/>\nFabriqu\u00e9 en Italie<\/p>","protected":false},"featured_media":8200,"template":"","meta":[],"product_brand":[],"product_cat":[78,81],"product_tag":[41,129,294,295,667,668,798],"class_list":{"0":"post-8199","1":"product","2":"type-product","3":"status-publish","4":"has-post-thumbnail","6":"product_cat-outdoor-lighting","7":"product_cat-led-lighting","8":"product_tag-lighting","9":"product_tag-floor","10":"product_tag-outdoor","11":"product_tag-garden","12":"product_tag-italian","13":"product_tag-designer","14":"product_tag-butler","16":"first","17":"instock","18":"taxable","19":"shipping-taxable","20":"purchasable","21":"product-type-simple"},"yoast_head":"<!-- This site is optimized with the Yoast SEO plugin v27.4 - https:\/\/yoast.com\/product\/yoast-seo-wordpress\/ -->\n<title>BUTLER - Modelight<\/title>\n<meta name=\"robots\" content=\"index, follow, max-snippet:-1, max-image-preview:large, max-video-preview:-1\" \/>\n<link rel=\"canonical\" href=\"https:\/\/www.modelight.eu\/fr\/produit\/butler\/\" \/>\n<meta property=\"og:locale\" content=\"fr_FR\" \/>\n<meta property=\"og:type\" content=\"article\" \/>\n<meta property=\"og:title\" content=\"BUTLER - Modelight\" \/>\n<meta property=\"og:description\" content=\"Transform your garden into the outside room and dining space of your dreams with our Italian outdoor lighting BUTLER. This incredible Italian lighting with a spherical diffuser giving off soft, warm light is the perfect companion to your garden chairs and tables. Watch the sun go down, drink a glass of wine, and chat long into the night by the light of this simply curvaceous range of black painted metal garden lamps.  Light source: LED Power: TopLED 8W, 220-240V Characteristics: 3000K, 994lm, CRI 80 Material: Iron (black), PE (neutral) Dimensions: \u00d8 350 mm, H 1918 mm Weight: 8.6 kg IP rating: IP65 Cable length: 2300 mm Electric socket: Type F Table and handbag hook not included Installation: Floor Brand: Linea Light Made in Italy\" \/>\n<meta property=\"og:url\" content=\"https:\/\/www.modelight.eu\/fr\/produit\/butler\/\" \/>\n<meta property=\"og:site_name\" content=\"Modelight\" \/>\n<meta property=\"article:publisher\" content=\"https:\/\/www.facebook.com\/Modelight.eu\" \/>\n<meta property=\"article:modified_time\" content=\"2024-02-23T12:51:20+00:00\" \/>\n<meta property=\"og:image\" content=\"https:\/\/i0.wp.com\/www.modelight.eu\/wp-content\/uploads\/2021\/07\/butler-linea-light-outdoor-floor-lamps-for-garden-modelight-italian-lighting-1.jpg?fit=800%2C1200&ssl=1\" \/>\n\t<meta property=\"og:image:width\" content=\"800\" \/>\n\t<meta property=\"og:image:height\" content=\"1200\" \/>\n\t<meta property=\"og:image:type\" content=\"image\/jpeg\" \/>\n<meta name=\"twitter:card\" content=\"summary_large_image\" \/>\n<meta name=\"twitter:site\" content=\"@modelightqdl\" \/>\n<script type=\"application\/ld+json\" class=\"yoast-schema-graph\">{\"@context\":\"https:\\\/\\\/schema.org\",\"@graph\":[{\"@type\":\"WebPage\",\"@id\":\"https:\\\/\\\/www.modelight.eu\\\/product\\\/butler\\\/\",\"url\":\"https:\\\/\\\/www.modelight.eu\\\/product\\\/butler\\\/\",\"name\":\"BUTLER - Modelight\",\"isPartOf\":{\"@id\":\"http:\\\/\\\/www.modelight.eu\\\/pt\\\/#website\"},\"primaryImageOfPage\":{\"@id\":\"https:\\\/\\\/www.modelight.eu\\\/product\\\/butler\\\/#primaryimage\"},\"image\":{\"@id\":\"https:\\\/\\\/www.modelight.eu\\\/product\\\/butler\\\/#primaryimage\"},\"thumbnailUrl\":\"https:\\\/\\\/www.modelight.eu\\\/wp-content\\\/uploads\\\/2021\\\/07\\\/butler-linea-light-outdoor-floor-lamps-for-garden-modelight-italian-lighting-1.jpg\",\"datePublished\":\"2021-07-15T08:43:34+00:00\",\"dateModified\":\"2024-02-23T12:51:20+00:00\",\"breadcrumb\":{\"@id\":\"https:\\\/\\\/www.modelight.eu\\\/product\\\/butler\\\/#breadcrumb\"},\"inLanguage\":\"fr-FR\",\"potentialAction\":[{\"@type\":\"ReadAction\",\"target\":[\"https:\\\/\\\/www.modelight.eu\\\/product\\\/butler\\\/\"]}]},{\"@type\":\"ImageObject\",\"inLanguage\":\"fr-FR\",\"@id\":\"https:\\\/\\\/www.modelight.eu\\\/product\\\/butler\\\/#primaryimage\",\"url\":\"https:\\\/\\\/www.modelight.eu\\\/wp-content\\\/uploads\\\/2021\\\/07\\\/butler-linea-light-outdoor-floor-lamps-for-garden-modelight-italian-lighting-1.jpg\",\"contentUrl\":\"https:\\\/\\\/www.modelight.eu\\\/wp-content\\\/uploads\\\/2021\\\/07\\\/butler-linea-light-outdoor-floor-lamps-for-garden-modelight-italian-lighting-1.jpg\",\"width\":800,\"height\":1200,\"caption\":\"BUTLER Italian Outdoor Lighting Picture 1\"},{\"@type\":\"BreadcrumbList\",\"@id\":\"https:\\\/\\\/www.modelight.eu\\\/product\\\/butler\\\/#breadcrumb\",\"itemListElement\":[{\"@type\":\"ListItem\",\"position\":1,\"name\":\"Home\",\"item\":\"https:\\\/\\\/www.modelight.eu\\\/\"},{\"@type\":\"ListItem\",\"position\":2,\"name\":\"Shop\",\"item\":\"https:\\\/\\\/www.modelight.eu\\\/modelight-decorative-lighting\\\/\"},{\"@type\":\"ListItem\",\"position\":3,\"name\":\"BUTLER\"}]},{\"@type\":\"WebSite\",\"@id\":\"http:\\\/\\\/www.modelight.eu\\\/pt\\\/#website\",\"url\":\"http:\\\/\\\/www.modelight.eu\\\/pt\\\/\",\"name\":\"Modelight\",\"description\":\"Italian Decorative Lighting\",\"publisher\":{\"@id\":\"http:\\\/\\\/www.modelight.eu\\\/pt\\\/#organization\"},\"potentialAction\":[{\"@type\":\"SearchAction\",\"target\":{\"@type\":\"EntryPoint\",\"urlTemplate\":\"http:\\\/\\\/www.modelight.eu\\\/pt\\\/?s={search_term_string}\"},\"query-input\":{\"@type\":\"PropertyValueSpecification\",\"valueRequired\":true,\"valueName\":\"search_term_string\"}}],\"inLanguage\":\"fr-FR\"},{\"@type\":\"Organization\",\"@id\":\"http:\\\/\\\/www.modelight.eu\\\/pt\\\/#organization\",\"name\":\"modelight.eu\",\"url\":\"http:\\\/\\\/www.modelight.eu\\\/pt\\\/\",\"logo\":{\"@type\":\"ImageObject\",\"inLanguage\":\"fr-FR\",\"@id\":\"http:\\\/\\\/www.modelight.eu\\\/pt\\\/#\\\/schema\\\/logo\\\/image\\\/\",\"url\":\"https:\\\/\\\/www.modelight.eu\\\/wp-content\\\/uploads\\\/2020\\\/08\\\/modelight-ico-logo.jpg\",\"contentUrl\":\"https:\\\/\\\/www.modelight.eu\\\/wp-content\\\/uploads\\\/2020\\\/08\\\/modelight-ico-logo.jpg\",\"width\":512,\"height\":512,\"caption\":\"modelight.eu\"},\"image\":{\"@id\":\"http:\\\/\\\/www.modelight.eu\\\/pt\\\/#\\\/schema\\\/logo\\\/image\\\/\"},\"sameAs\":[\"https:\\\/\\\/www.facebook.com\\\/Modelight.eu\",\"https:\\\/\\\/x.com\\\/modelightqdl\",\"https:\\\/\\\/www.instagram.com\\\/modelight.eu\\\/\"]}]}<\/script>\n<!-- \/ Yoast SEO plugin. -->","yoast_head_json":{"title":"BUTLER - Modelight","robots":{"index":"index","follow":"follow","max-snippet":"max-snippet:-1","max-image-preview":"max-image-preview:large","max-video-preview":"max-video-preview:-1"},"canonical":"https:\/\/www.modelight.eu\/fr\/produit\/butler\/","og_locale":"fr_FR","og_type":"article","og_title":"BUTLER - Modelight","og_description":"Transform your garden into the outside room and dining space of your dreams with our Italian outdoor lighting BUTLER. This incredible Italian lighting with a spherical diffuser giving off soft, warm light is the perfect companion to your garden chairs and tables. Watch the sun go down, drink a glass of wine, and chat long into the night by the light of this simply curvaceous range of black painted metal garden lamps.  Light source: LED Power: TopLED 8W, 220-240V Characteristics: 3000K, 994lm, CRI 80 Material: Iron (black), PE (neutral) Dimensions: \u00d8 350 mm, H 1918 mm Weight: 8.6 kg IP rating: IP65 Cable length: 2300 mm Electric socket: Type F Table and handbag hook not included Installation: Floor Brand: Linea Light Made in Italy","og_url":"https:\/\/www.modelight.eu\/fr\/produit\/butler\/","og_site_name":"Modelight","article_publisher":"https:\/\/www.facebook.com\/Modelight.eu","article_modified_time":"2024-02-23T12:51:20+00:00","og_image":[{"width":800,"height":1200,"url":"https:\/\/i0.wp.com\/www.modelight.eu\/wp-content\/uploads\/2021\/07\/butler-linea-light-outdoor-floor-lamps-for-garden-modelight-italian-lighting-1.jpg?fit=800%2C1200&ssl=1","type":"image\/jpeg"}],"twitter_card":"summary_large_image","twitter_site":"@modelightqdl","schema":{"@context":"https:\/\/schema.org","@graph":[{"@type":"WebPage","@id":"https:\/\/www.modelight.eu\/product\/butler\/","url":"https:\/\/www.modelight.eu\/product\/butler\/","name":"BUTLER - Modelight","isPartOf":{"@id":"http:\/\/www.modelight.eu\/pt\/#website"},"primaryImageOfPage":{"@id":"https:\/\/www.modelight.eu\/product\/butler\/#primaryimage"},"image":{"@id":"https:\/\/www.modelight.eu\/product\/butler\/#primaryimage"},"thumbnailUrl":"https:\/\/www.modelight.eu\/wp-content\/uploads\/2021\/07\/butler-linea-light-outdoor-floor-lamps-for-garden-modelight-italian-lighting-1.jpg","datePublished":"2021-07-15T08:43:34+00:00","dateModified":"2024-02-23T12:51:20+00:00","breadcrumb":{"@id":"https:\/\/www.modelight.eu\/product\/butler\/#breadcrumb"},"inLanguage":"fr-FR","potentialAction":[{"@type":"ReadAction","target":["https:\/\/www.modelight.eu\/product\/butler\/"]}]},{"@type":"ImageObject","inLanguage":"fr-FR","@id":"https:\/\/www.modelight.eu\/product\/butler\/#primaryimage","url":"https:\/\/www.modelight.eu\/wp-content\/uploads\/2021\/07\/butler-linea-light-outdoor-floor-lamps-for-garden-modelight-italian-lighting-1.jpg","contentUrl":"https:\/\/www.modelight.eu\/wp-content\/uploads\/2021\/07\/butler-linea-light-outdoor-floor-lamps-for-garden-modelight-italian-lighting-1.jpg","width":800,"height":1200,"caption":"BUTLER Italian Outdoor Lighting Picture 1"},{"@type":"BreadcrumbList","@id":"https:\/\/www.modelight.eu\/product\/butler\/#breadcrumb","itemListElement":[{"@type":"ListItem","position":1,"name":"Home","item":"https:\/\/www.modelight.eu\/"},{"@type":"ListItem","position":2,"name":"Shop","item":"https:\/\/www.modelight.eu\/modelight-decorative-lighting\/"},{"@type":"ListItem","position":3,"name":"BUTLER"}]},{"@type":"WebSite","@id":"http:\/\/www.modelight.eu\/pt\/#website","url":"http:\/\/www.modelight.eu\/pt\/","name":"Modelight","description":"Luminaires d\u00e9coratifs italiens","publisher":{"@id":"http:\/\/www.modelight.eu\/pt\/#organization"},"potentialAction":[{"@type":"SearchAction","target":{"@type":"EntryPoint","urlTemplate":"http:\/\/www.modelight.eu\/pt\/?s={search_term_string}"},"query-input":{"@type":"PropertyValueSpecification","valueRequired":true,"valueName":"search_term_string"}}],"inLanguage":"fr-FR"},{"@type":"Organization","@id":"http:\/\/www.modelight.eu\/pt\/#organization","name":"modelight.eu","url":"http:\/\/www.modelight.eu\/pt\/","logo":{"@type":"ImageObject","inLanguage":"fr-FR","@id":"http:\/\/www.modelight.eu\/pt\/#\/schema\/logo\/image\/","url":"https:\/\/www.modelight.eu\/wp-content\/uploads\/2020\/08\/modelight-ico-logo.jpg","contentUrl":"https:\/\/www.modelight.eu\/wp-content\/uploads\/2020\/08\/modelight-ico-logo.jpg","width":512,"height":512,"caption":"modelight.eu"},"image":{"@id":"http:\/\/www.modelight.eu\/pt\/#\/schema\/logo\/image\/"},"sameAs":["https:\/\/www.facebook.com\/Modelight.eu","https:\/\/x.com\/modelightqdl","https:\/\/www.instagram.com\/modelight.eu\/"]}]}},"jetpack_sharing_enabled":true,"_links":{"self":[{"href":"https:\/\/www.modelight.eu\/fr\/wp-json\/wp\/v2\/product\/8199","targetHints":{"allow":["GET"]}}],"collection":[{"href":"https:\/\/www.modelight.eu\/fr\/wp-json\/wp\/v2\/product"}],"about":[{"href":"https:\/\/www.modelight.eu\/fr\/wp-json\/wp\/v2\/types\/product"}],"wp:featuredmedia":[{"embeddable":true,"href":"https:\/\/www.modelight.eu\/fr\/wp-json\/wp\/v2\/media\/8200"}],"wp:attachment":[{"href":"https:\/\/www.modelight.eu\/fr\/wp-json\/wp\/v2\/media?parent=8199"}],"wp:term":[{"taxonomy":"product_brand","embeddable":true,"href":"https:\/\/www.modelight.eu\/fr\/wp-json\/wp\/v2\/product_brand?post=8199"},{"taxonomy":"product_cat","embeddable":true,"href":"https:\/\/www.modelight.eu\/fr\/wp-json\/wp\/v2\/product_cat?post=8199"},{"taxonomy":"product_tag","embeddable":true,"href":"https:\/\/www.modelight.eu\/fr\/wp-json\/wp\/v2\/product_tag?post=8199"}],"curies":[{"name":"wp","href":"https:\/\/api.w.org\/{rel}","templated":true}]}}