{"id":7502,"date":"2021-03-10T12:37:42","date_gmt":"2021-03-10T12:37:42","guid":{"rendered":"https:\/\/www.modelight.eu--skip-columns=guid\/?post_type=product&#038;p=7502"},"modified":"2024-02-23T12:51:01","modified_gmt":"2024-02-23T12:51:01","slug":"verdi","status":"publish","type":"product","link":"https:\/\/www.modelight.eu\/fr\/produit\/verdi\/","title":{"rendered":"VERDI"},"content":{"rendered":"","protected":false},"excerpt":{"rendered":"<p>Une fa\u00e7on attachante d'\u00e9clairer votre espace dans de belles tonalit\u00e9s. Cette \u00e9l\u00e9gante suspension italienne \u00e0 LED, dot\u00e9e d'un bo\u00eetier en aluminium d\u00e9clin\u00e9 en quatre finitions \u00e9tonnantes, est parfaite pour les petites pi\u00e8ces, mais se d\u00e9cline \u00e9galement dans de multiples formats. \u00c0 la maison ou au bureau, Verdi by Linea Light peut cr\u00e9er une gamme d'agencements des plus \u00e9tonnants, une ambiance vraiment magique, presque alchimique. Un membre fier de la famille Sinfonia.<\/p>","protected":false},"featured_media":7559,"template":"","meta":[],"product_brand":[],"product_cat":[42,56,81],"product_tag":[37,40,86,112,118,667,668,706],"class_list":{"0":"post-7502","1":"product","2":"type-product","3":"status-publish","4":"has-post-thumbnail","6":"product_cat-italian-pendant-lighting","7":"product_cat-designers-picks","8":"product_cat-led-lighting","9":"product_tag-black","10":"product_tag-pendant","11":"product_tag-chrome","12":"product_tag-white","13":"product_tag-gold","14":"product_tag-italian","15":"product_tag-designer","16":"product_tag-verdi","18":"first","19":"instock","20":"taxable","21":"shipping-taxable","22":"purchasable","23":"product-type-variable"},"yoast_head":"<!-- This site is optimized with the Yoast SEO plugin v27.6 - https:\/\/yoast.com\/product\/yoast-seo-wordpress\/ -->\n<title>VERDI - Modelight<\/title>\n<meta name=\"robots\" content=\"index, follow, max-snippet:-1, max-image-preview:large, max-video-preview:-1\" \/>\n<link rel=\"canonical\" href=\"https:\/\/www.modelight.eu\/fr\/produit\/verdi\/\" \/>\n<meta property=\"og:locale\" content=\"fr_FR\" \/>\n<meta property=\"og:type\" content=\"article\" \/>\n<meta property=\"og:title\" content=\"VERDI - Modelight\" \/>\n<meta property=\"og:description\" content=\"An endearing way to light up your place in beautiful tones. This stylish and elegant Italian LED pendant lighting, with aluminium casing in four amazing finishes, is perfect for small rooms, yet equally in multiple formats. At home or business Verdi by Linea Light can create the most amazing range of design arrangements, a truly magical, almost alchemical ambience. A proud member of the Sinfonia family.\" \/>\n<meta property=\"og:url\" content=\"https:\/\/www.modelight.eu\/fr\/produit\/verdi\/\" \/>\n<meta property=\"og:site_name\" content=\"Modelight\" \/>\n<meta property=\"article:publisher\" content=\"https:\/\/www.facebook.com\/Modelight.eu\" \/>\n<meta property=\"article:modified_time\" content=\"2024-02-23T12:51:01+00:00\" \/>\n<meta property=\"og:image\" content=\"https:\/\/www.modelight.eu\/wp-content\/uploads\/2021\/03\/verdi-linea-light-led-pendant-lighting-modelight-italian-lights-1-new.jpg\" \/>\n\t<meta property=\"og:image:width\" content=\"800\" \/>\n\t<meta property=\"og:image:height\" content=\"1200\" \/>\n\t<meta property=\"og:image:type\" content=\"image\/jpeg\" \/>\n<meta name=\"twitter:card\" content=\"summary_large_image\" \/>\n<meta name=\"twitter:site\" content=\"@modelightqdl\" \/>\n<script type=\"application\/ld+json\" class=\"yoast-schema-graph\">{\"@context\":\"https:\\\/\\\/schema.org\",\"@graph\":[{\"@type\":\"WebPage\",\"@id\":\"https:\\\/\\\/www.modelight.eu\\\/product\\\/verdi\\\/\",\"url\":\"https:\\\/\\\/www.modelight.eu\\\/product\\\/verdi\\\/\",\"name\":\"VERDI - Modelight\",\"isPartOf\":{\"@id\":\"http:\\\/\\\/www.modelight.eu\\\/pt\\\/#website\"},\"primaryImageOfPage\":{\"@id\":\"https:\\\/\\\/www.modelight.eu\\\/product\\\/verdi\\\/#primaryimage\"},\"image\":{\"@id\":\"https:\\\/\\\/www.modelight.eu\\\/product\\\/verdi\\\/#primaryimage\"},\"thumbnailUrl\":\"https:\\\/\\\/www.modelight.eu\\\/wp-content\\\/uploads\\\/2021\\\/03\\\/verdi-linea-light-led-pendant-lighting-modelight-italian-lights-1-new.jpg\",\"datePublished\":\"2021-03-10T12:37:42+00:00\",\"dateModified\":\"2024-02-23T12:51:01+00:00\",\"breadcrumb\":{\"@id\":\"https:\\\/\\\/www.modelight.eu\\\/product\\\/verdi\\\/#breadcrumb\"},\"inLanguage\":\"fr-FR\",\"potentialAction\":[{\"@type\":\"ReadAction\",\"target\":[\"https:\\\/\\\/www.modelight.eu\\\/product\\\/verdi\\\/\"]}]},{\"@type\":\"ImageObject\",\"inLanguage\":\"fr-FR\",\"@id\":\"https:\\\/\\\/www.modelight.eu\\\/product\\\/verdi\\\/#primaryimage\",\"url\":\"https:\\\/\\\/www.modelight.eu\\\/wp-content\\\/uploads\\\/2021\\\/03\\\/verdi-linea-light-led-pendant-lighting-modelight-italian-lights-1-new.jpg\",\"contentUrl\":\"https:\\\/\\\/www.modelight.eu\\\/wp-content\\\/uploads\\\/2021\\\/03\\\/verdi-linea-light-led-pendant-lighting-modelight-italian-lights-1-new.jpg\",\"width\":800,\"height\":1200,\"caption\":\"VERDI Italian Pendant Lighting Picture 1\"},{\"@type\":\"BreadcrumbList\",\"@id\":\"https:\\\/\\\/www.modelight.eu\\\/product\\\/verdi\\\/#breadcrumb\",\"itemListElement\":[{\"@type\":\"ListItem\",\"position\":1,\"name\":\"Home\",\"item\":\"https:\\\/\\\/www.modelight.eu\\\/\"},{\"@type\":\"ListItem\",\"position\":2,\"name\":\"Shop\",\"item\":\"https:\\\/\\\/www.modelight.eu\\\/modelight-decorative-lighting\\\/\"},{\"@type\":\"ListItem\",\"position\":3,\"name\":\"VERDI\"}]},{\"@type\":\"WebSite\",\"@id\":\"http:\\\/\\\/www.modelight.eu\\\/pt\\\/#website\",\"url\":\"http:\\\/\\\/www.modelight.eu\\\/pt\\\/\",\"name\":\"Modelight\",\"description\":\"Italian Decorative Lighting\",\"publisher\":{\"@id\":\"http:\\\/\\\/www.modelight.eu\\\/pt\\\/#organization\"},\"potentialAction\":[{\"@type\":\"SearchAction\",\"target\":{\"@type\":\"EntryPoint\",\"urlTemplate\":\"http:\\\/\\\/www.modelight.eu\\\/pt\\\/?s={search_term_string}\"},\"query-input\":{\"@type\":\"PropertyValueSpecification\",\"valueRequired\":true,\"valueName\":\"search_term_string\"}}],\"inLanguage\":\"fr-FR\"},{\"@type\":\"Organization\",\"@id\":\"http:\\\/\\\/www.modelight.eu\\\/pt\\\/#organization\",\"name\":\"modelight.eu\",\"url\":\"http:\\\/\\\/www.modelight.eu\\\/pt\\\/\",\"logo\":{\"@type\":\"ImageObject\",\"inLanguage\":\"fr-FR\",\"@id\":\"http:\\\/\\\/www.modelight.eu\\\/pt\\\/#\\\/schema\\\/logo\\\/image\\\/\",\"url\":\"https:\\\/\\\/www.modelight.eu\\\/wp-content\\\/uploads\\\/2020\\\/08\\\/modelight-ico-logo.jpg\",\"contentUrl\":\"https:\\\/\\\/www.modelight.eu\\\/wp-content\\\/uploads\\\/2020\\\/08\\\/modelight-ico-logo.jpg\",\"width\":512,\"height\":512,\"caption\":\"modelight.eu\"},\"image\":{\"@id\":\"http:\\\/\\\/www.modelight.eu\\\/pt\\\/#\\\/schema\\\/logo\\\/image\\\/\"},\"sameAs\":[\"https:\\\/\\\/www.facebook.com\\\/Modelight.eu\",\"https:\\\/\\\/x.com\\\/modelightqdl\",\"https:\\\/\\\/www.instagram.com\\\/modelight.eu\\\/\"]}]}<\/script>\n<!-- \/ Yoast SEO plugin. -->","yoast_head_json":{"title":"VERDI - Modelight","robots":{"index":"index","follow":"follow","max-snippet":"max-snippet:-1","max-image-preview":"max-image-preview:large","max-video-preview":"max-video-preview:-1"},"canonical":"https:\/\/www.modelight.eu\/fr\/produit\/verdi\/","og_locale":"fr_FR","og_type":"article","og_title":"VERDI - Modelight","og_description":"An endearing way to light up your place in beautiful tones. This stylish and elegant Italian LED pendant lighting, with aluminium casing in four amazing finishes, is perfect for small rooms, yet equally in multiple formats. At home or business Verdi by Linea Light can create the most amazing range of design arrangements, a truly magical, almost alchemical ambience. A proud member of the Sinfonia family.","og_url":"https:\/\/www.modelight.eu\/fr\/produit\/verdi\/","og_site_name":"Modelight","article_publisher":"https:\/\/www.facebook.com\/Modelight.eu","article_modified_time":"2024-02-23T12:51:01+00:00","og_image":[{"width":800,"height":1200,"url":"https:\/\/www.modelight.eu\/wp-content\/uploads\/2021\/03\/verdi-linea-light-led-pendant-lighting-modelight-italian-lights-1-new.jpg","type":"image\/jpeg"}],"twitter_card":"summary_large_image","twitter_site":"@modelightqdl","schema":{"@context":"https:\/\/schema.org","@graph":[{"@type":"WebPage","@id":"https:\/\/www.modelight.eu\/product\/verdi\/","url":"https:\/\/www.modelight.eu\/product\/verdi\/","name":"VERDI - Modelight","isPartOf":{"@id":"http:\/\/www.modelight.eu\/pt\/#website"},"primaryImageOfPage":{"@id":"https:\/\/www.modelight.eu\/product\/verdi\/#primaryimage"},"image":{"@id":"https:\/\/www.modelight.eu\/product\/verdi\/#primaryimage"},"thumbnailUrl":"https:\/\/www.modelight.eu\/wp-content\/uploads\/2021\/03\/verdi-linea-light-led-pendant-lighting-modelight-italian-lights-1-new.jpg","datePublished":"2021-03-10T12:37:42+00:00","dateModified":"2024-02-23T12:51:01+00:00","breadcrumb":{"@id":"https:\/\/www.modelight.eu\/product\/verdi\/#breadcrumb"},"inLanguage":"fr-FR","potentialAction":[{"@type":"ReadAction","target":["https:\/\/www.modelight.eu\/product\/verdi\/"]}]},{"@type":"ImageObject","inLanguage":"fr-FR","@id":"https:\/\/www.modelight.eu\/product\/verdi\/#primaryimage","url":"https:\/\/www.modelight.eu\/wp-content\/uploads\/2021\/03\/verdi-linea-light-led-pendant-lighting-modelight-italian-lights-1-new.jpg","contentUrl":"https:\/\/www.modelight.eu\/wp-content\/uploads\/2021\/03\/verdi-linea-light-led-pendant-lighting-modelight-italian-lights-1-new.jpg","width":800,"height":1200,"caption":"VERDI Italian Pendant Lighting Picture 1"},{"@type":"BreadcrumbList","@id":"https:\/\/www.modelight.eu\/product\/verdi\/#breadcrumb","itemListElement":[{"@type":"ListItem","position":1,"name":"Home","item":"https:\/\/www.modelight.eu\/"},{"@type":"ListItem","position":2,"name":"Shop","item":"https:\/\/www.modelight.eu\/modelight-decorative-lighting\/"},{"@type":"ListItem","position":3,"name":"VERDI"}]},{"@type":"WebSite","@id":"http:\/\/www.modelight.eu\/pt\/#website","url":"http:\/\/www.modelight.eu\/pt\/","name":"Modelight","description":"Luminaires d\u00e9coratifs italiens","publisher":{"@id":"http:\/\/www.modelight.eu\/pt\/#organization"},"potentialAction":[{"@type":"SearchAction","target":{"@type":"EntryPoint","urlTemplate":"http:\/\/www.modelight.eu\/pt\/?s={search_term_string}"},"query-input":{"@type":"PropertyValueSpecification","valueRequired":true,"valueName":"search_term_string"}}],"inLanguage":"fr-FR"},{"@type":"Organization","@id":"http:\/\/www.modelight.eu\/pt\/#organization","name":"modelight.eu","url":"http:\/\/www.modelight.eu\/pt\/","logo":{"@type":"ImageObject","inLanguage":"fr-FR","@id":"http:\/\/www.modelight.eu\/pt\/#\/schema\/logo\/image\/","url":"https:\/\/www.modelight.eu\/wp-content\/uploads\/2020\/08\/modelight-ico-logo.jpg","contentUrl":"https:\/\/www.modelight.eu\/wp-content\/uploads\/2020\/08\/modelight-ico-logo.jpg","width":512,"height":512,"caption":"modelight.eu"},"image":{"@id":"http:\/\/www.modelight.eu\/pt\/#\/schema\/logo\/image\/"},"sameAs":["https:\/\/www.facebook.com\/Modelight.eu","https:\/\/x.com\/modelightqdl","https:\/\/www.instagram.com\/modelight.eu\/"]}]}},"jetpack_sharing_enabled":true,"_links":{"self":[{"href":"https:\/\/www.modelight.eu\/fr\/wp-json\/wp\/v2\/product\/7502","targetHints":{"allow":["GET"]}}],"collection":[{"href":"https:\/\/www.modelight.eu\/fr\/wp-json\/wp\/v2\/product"}],"about":[{"href":"https:\/\/www.modelight.eu\/fr\/wp-json\/wp\/v2\/types\/product"}],"wp:featuredmedia":[{"embeddable":true,"href":"https:\/\/www.modelight.eu\/fr\/wp-json\/wp\/v2\/media\/7559"}],"wp:attachment":[{"href":"https:\/\/www.modelight.eu\/fr\/wp-json\/wp\/v2\/media?parent=7502"}],"wp:term":[{"taxonomy":"product_brand","embeddable":true,"href":"https:\/\/www.modelight.eu\/fr\/wp-json\/wp\/v2\/product_brand?post=7502"},{"taxonomy":"product_cat","embeddable":true,"href":"https:\/\/www.modelight.eu\/fr\/wp-json\/wp\/v2\/product_cat?post=7502"},{"taxonomy":"product_tag","embeddable":true,"href":"https:\/\/www.modelight.eu\/fr\/wp-json\/wp\/v2\/product_tag?post=7502"}],"curies":[{"name":"wp","href":"https:\/\/api.w.org\/{rel}","templated":true}]}}