{"id":7053,"date":"2021-03-02T11:21:49","date_gmt":"2021-03-02T11:21:49","guid":{"rendered":"https:\/\/www.modelight.eu--skip-columns=guid\/?post_type=product&#038;p=7053"},"modified":"2024-02-23T12:49:58","modified_gmt":"2024-02-23T12:49:58","slug":"birba-fl-1655","status":"publish","type":"product","link":"https:\/\/www.modelight.eu\/fr\/produit\/birba-fl-1655\/","title":{"rendered":"BIRBA FL 1655"},"content":{"rendered":"","protected":false},"excerpt":{"rendered":"<p>Mariage frappant de tiges m\u00e9talliques et d'ampoules iconiques, le lampadaire Birba FL 1655 de Linea Light a quelque chose \u00e0 offrir \u00e0 chaque maison ou bureau. Les corps de Birba en aluminium poli, en laiton poli v\u00e9ritable ou en aluminium peint en blanc sont aussi longs ou aussi courts que l'exige l'am\u00e9nagement de votre pi\u00e8ce. C'est le compl\u00e9ment id\u00e9al des int\u00e9rieurs modernes et du milieu du si\u00e8cle.<\/p>","protected":false},"featured_media":7057,"template":"","meta":[],"product_brand":[],"product_cat":[49],"product_tag":[112,129,619,667,668,671,672],"class_list":{"0":"post-7053","1":"product","2":"type-product","3":"status-publish","4":"has-post-thumbnail","6":"product_cat-floor-lamps","7":"product_tag-white","8":"product_tag-floor","9":"product_tag-brass","10":"product_tag-italian","11":"product_tag-designer","12":"product_tag-birba","13":"product_tag-aluminium","15":"first","16":"instock","17":"taxable","18":"shipping-taxable","19":"purchasable","20":"product-type-variable"},"yoast_head":"<!-- This site is optimized with the Yoast SEO plugin v27.6 - https:\/\/yoast.com\/product\/yoast-seo-wordpress\/ -->\n<title>BIRBA FL 1655 - Modelight<\/title>\n<meta name=\"robots\" content=\"index, follow, max-snippet:-1, max-image-preview:large, max-video-preview:-1\" \/>\n<link rel=\"canonical\" href=\"http:\/\/www.modelight.eu\/fr\/produit\/birba-fl-1655\/\" \/>\n<meta property=\"og:locale\" content=\"fr_FR\" \/>\n<meta property=\"og:type\" content=\"article\" \/>\n<meta property=\"og:title\" content=\"BIRBA FL 1655 - Modelight\" \/>\n<meta property=\"og:description\" content=\"A striking marriage of metal rods and iconic lightbulbs, the Birba FL 1655 floor lighting by Linea Light offers something to every home or office. Birba&#039;s polished aluminium, genuine polished brass, or white painted aluminium bodies are as long or as short as your room design dictates. The perfect addition to modern and mid-century interior design schemes.\" \/>\n<meta property=\"og:url\" content=\"http:\/\/www.modelight.eu\/fr\/produit\/birba-fl-1655\/\" \/>\n<meta property=\"og:site_name\" content=\"Modelight\" \/>\n<meta property=\"article:publisher\" content=\"https:\/\/www.facebook.com\/Modelight.eu\" \/>\n<meta property=\"article:modified_time\" content=\"2024-02-23T12:49:58+00:00\" \/>\n<meta property=\"og:image\" content=\"https:\/\/i0.wp.com\/www.modelight.eu\/wp-content\/uploads\/2021\/03\/birba-fl-linea-light-1615-italian-floor-lamps-modelight-designer-lighting-1.jpg?fit=800%2C1200&ssl=1\" \/>\n\t<meta property=\"og:image:width\" content=\"800\" \/>\n\t<meta property=\"og:image:height\" content=\"1200\" \/>\n\t<meta property=\"og:image:type\" content=\"image\/jpeg\" \/>\n<meta name=\"twitter:card\" content=\"summary_large_image\" \/>\n<meta name=\"twitter:site\" content=\"@modelightqdl\" \/>\n<script type=\"application\/ld+json\" class=\"yoast-schema-graph\">{\"@context\":\"https:\\\/\\\/schema.org\",\"@graph\":[{\"@type\":\"WebPage\",\"@id\":\"http:\\\/\\\/www.modelight.eu\\\/fr\\\/produit\\\/birba-fl-1655\\\/\",\"url\":\"http:\\\/\\\/www.modelight.eu\\\/fr\\\/produit\\\/birba-fl-1655\\\/\",\"name\":\"BIRBA FL 1655 - Modelight\",\"isPartOf\":{\"@id\":\"http:\\\/\\\/www.modelight.eu\\\/pt\\\/#website\"},\"primaryImageOfPage\":{\"@id\":\"http:\\\/\\\/www.modelight.eu\\\/fr\\\/produit\\\/birba-fl-1655\\\/#primaryimage\"},\"image\":{\"@id\":\"http:\\\/\\\/www.modelight.eu\\\/fr\\\/produit\\\/birba-fl-1655\\\/#primaryimage\"},\"thumbnailUrl\":\"https:\\\/\\\/www.modelight.eu\\\/wp-content\\\/uploads\\\/2021\\\/03\\\/birba-fl-linea-light-1615-italian-floor-lamps-modelight-designer-lighting-1.jpg\",\"datePublished\":\"2021-03-02T11:21:49+00:00\",\"dateModified\":\"2024-02-23T12:49:58+00:00\",\"breadcrumb\":{\"@id\":\"http:\\\/\\\/www.modelight.eu\\\/fr\\\/produit\\\/birba-fl-1655\\\/#breadcrumb\"},\"inLanguage\":\"fr-FR\",\"potentialAction\":[{\"@type\":\"ReadAction\",\"target\":[\"http:\\\/\\\/www.modelight.eu\\\/fr\\\/produit\\\/birba-fl-1655\\\/\"]}]},{\"@type\":\"ImageObject\",\"inLanguage\":\"fr-FR\",\"@id\":\"http:\\\/\\\/www.modelight.eu\\\/fr\\\/produit\\\/birba-fl-1655\\\/#primaryimage\",\"url\":\"https:\\\/\\\/www.modelight.eu\\\/wp-content\\\/uploads\\\/2021\\\/03\\\/birba-fl-linea-light-1615-italian-floor-lamps-modelight-designer-lighting-1.jpg\",\"contentUrl\":\"https:\\\/\\\/www.modelight.eu\\\/wp-content\\\/uploads\\\/2021\\\/03\\\/birba-fl-linea-light-1615-italian-floor-lamps-modelight-designer-lighting-1.jpg\",\"width\":800,\"height\":1200,\"caption\":\"BIRBA FL 1655 Italian floor lamps Picture 1\"},{\"@type\":\"BreadcrumbList\",\"@id\":\"http:\\\/\\\/www.modelight.eu\\\/fr\\\/produit\\\/birba-fl-1655\\\/#breadcrumb\",\"itemListElement\":[{\"@type\":\"ListItem\",\"position\":1,\"name\":\"Home\",\"item\":\"https:\\\/\\\/www.modelight.eu\\\/\"},{\"@type\":\"ListItem\",\"position\":2,\"name\":\"Shop\",\"item\":\"https:\\\/\\\/www.modelight.eu\\\/modelight-decorative-lighting\\\/\"},{\"@type\":\"ListItem\",\"position\":3,\"name\":\"BIRBA FL 1655\"}]},{\"@type\":\"WebSite\",\"@id\":\"http:\\\/\\\/www.modelight.eu\\\/pt\\\/#website\",\"url\":\"http:\\\/\\\/www.modelight.eu\\\/pt\\\/\",\"name\":\"Modelight\",\"description\":\"Italian Decorative Lighting\",\"publisher\":{\"@id\":\"http:\\\/\\\/www.modelight.eu\\\/pt\\\/#organization\"},\"potentialAction\":[{\"@type\":\"SearchAction\",\"target\":{\"@type\":\"EntryPoint\",\"urlTemplate\":\"http:\\\/\\\/www.modelight.eu\\\/pt\\\/?s={search_term_string}\"},\"query-input\":{\"@type\":\"PropertyValueSpecification\",\"valueRequired\":true,\"valueName\":\"search_term_string\"}}],\"inLanguage\":\"fr-FR\"},{\"@type\":\"Organization\",\"@id\":\"http:\\\/\\\/www.modelight.eu\\\/pt\\\/#organization\",\"name\":\"modelight.eu\",\"url\":\"http:\\\/\\\/www.modelight.eu\\\/pt\\\/\",\"logo\":{\"@type\":\"ImageObject\",\"inLanguage\":\"fr-FR\",\"@id\":\"http:\\\/\\\/www.modelight.eu\\\/pt\\\/#\\\/schema\\\/logo\\\/image\\\/\",\"url\":\"https:\\\/\\\/www.modelight.eu\\\/wp-content\\\/uploads\\\/2020\\\/08\\\/modelight-ico-logo.jpg\",\"contentUrl\":\"https:\\\/\\\/www.modelight.eu\\\/wp-content\\\/uploads\\\/2020\\\/08\\\/modelight-ico-logo.jpg\",\"width\":512,\"height\":512,\"caption\":\"modelight.eu\"},\"image\":{\"@id\":\"http:\\\/\\\/www.modelight.eu\\\/pt\\\/#\\\/schema\\\/logo\\\/image\\\/\"},\"sameAs\":[\"https:\\\/\\\/www.facebook.com\\\/Modelight.eu\",\"https:\\\/\\\/x.com\\\/modelightqdl\",\"https:\\\/\\\/www.instagram.com\\\/modelight.eu\\\/\"]}]}<\/script>\n<!-- \/ Yoast SEO plugin. -->","yoast_head_json":{"title":"BIRBA FL 1655 - Modelight","robots":{"index":"index","follow":"follow","max-snippet":"max-snippet:-1","max-image-preview":"max-image-preview:large","max-video-preview":"max-video-preview:-1"},"canonical":"http:\/\/www.modelight.eu\/fr\/produit\/birba-fl-1655\/","og_locale":"fr_FR","og_type":"article","og_title":"BIRBA FL 1655 - Modelight","og_description":"A striking marriage of metal rods and iconic lightbulbs, the Birba FL 1655 floor lighting by Linea Light offers something to every home or office. Birba's polished aluminium, genuine polished brass, or white painted aluminium bodies are as long or as short as your room design dictates. The perfect addition to modern and mid-century interior design schemes.","og_url":"http:\/\/www.modelight.eu\/fr\/produit\/birba-fl-1655\/","og_site_name":"Modelight","article_publisher":"https:\/\/www.facebook.com\/Modelight.eu","article_modified_time":"2024-02-23T12:49:58+00:00","og_image":[{"width":800,"height":1200,"url":"https:\/\/i0.wp.com\/www.modelight.eu\/wp-content\/uploads\/2021\/03\/birba-fl-linea-light-1615-italian-floor-lamps-modelight-designer-lighting-1.jpg?fit=800%2C1200&ssl=1","type":"image\/jpeg"}],"twitter_card":"summary_large_image","twitter_site":"@modelightqdl","schema":{"@context":"https:\/\/schema.org","@graph":[{"@type":"WebPage","@id":"http:\/\/www.modelight.eu\/fr\/produit\/birba-fl-1655\/","url":"http:\/\/www.modelight.eu\/fr\/produit\/birba-fl-1655\/","name":"BIRBA FL 1655 - Modelight","isPartOf":{"@id":"http:\/\/www.modelight.eu\/pt\/#website"},"primaryImageOfPage":{"@id":"http:\/\/www.modelight.eu\/fr\/produit\/birba-fl-1655\/#primaryimage"},"image":{"@id":"http:\/\/www.modelight.eu\/fr\/produit\/birba-fl-1655\/#primaryimage"},"thumbnailUrl":"https:\/\/www.modelight.eu\/wp-content\/uploads\/2021\/03\/birba-fl-linea-light-1615-italian-floor-lamps-modelight-designer-lighting-1.jpg","datePublished":"2021-03-02T11:21:49+00:00","dateModified":"2024-02-23T12:49:58+00:00","breadcrumb":{"@id":"http:\/\/www.modelight.eu\/fr\/produit\/birba-fl-1655\/#breadcrumb"},"inLanguage":"fr-FR","potentialAction":[{"@type":"ReadAction","target":["http:\/\/www.modelight.eu\/fr\/produit\/birba-fl-1655\/"]}]},{"@type":"ImageObject","inLanguage":"fr-FR","@id":"http:\/\/www.modelight.eu\/fr\/produit\/birba-fl-1655\/#primaryimage","url":"https:\/\/www.modelight.eu\/wp-content\/uploads\/2021\/03\/birba-fl-linea-light-1615-italian-floor-lamps-modelight-designer-lighting-1.jpg","contentUrl":"https:\/\/www.modelight.eu\/wp-content\/uploads\/2021\/03\/birba-fl-linea-light-1615-italian-floor-lamps-modelight-designer-lighting-1.jpg","width":800,"height":1200,"caption":"BIRBA FL 1655 Italian floor lamps Picture 1"},{"@type":"BreadcrumbList","@id":"http:\/\/www.modelight.eu\/fr\/produit\/birba-fl-1655\/#breadcrumb","itemListElement":[{"@type":"ListItem","position":1,"name":"Home","item":"https:\/\/www.modelight.eu\/"},{"@type":"ListItem","position":2,"name":"Shop","item":"https:\/\/www.modelight.eu\/modelight-decorative-lighting\/"},{"@type":"ListItem","position":3,"name":"BIRBA FL 1655"}]},{"@type":"WebSite","@id":"http:\/\/www.modelight.eu\/pt\/#website","url":"http:\/\/www.modelight.eu\/pt\/","name":"Modelight","description":"Luminaires d\u00e9coratifs italiens","publisher":{"@id":"http:\/\/www.modelight.eu\/pt\/#organization"},"potentialAction":[{"@type":"SearchAction","target":{"@type":"EntryPoint","urlTemplate":"http:\/\/www.modelight.eu\/pt\/?s={search_term_string}"},"query-input":{"@type":"PropertyValueSpecification","valueRequired":true,"valueName":"search_term_string"}}],"inLanguage":"fr-FR"},{"@type":"Organization","@id":"http:\/\/www.modelight.eu\/pt\/#organization","name":"modelight.eu","url":"http:\/\/www.modelight.eu\/pt\/","logo":{"@type":"ImageObject","inLanguage":"fr-FR","@id":"http:\/\/www.modelight.eu\/pt\/#\/schema\/logo\/image\/","url":"https:\/\/www.modelight.eu\/wp-content\/uploads\/2020\/08\/modelight-ico-logo.jpg","contentUrl":"https:\/\/www.modelight.eu\/wp-content\/uploads\/2020\/08\/modelight-ico-logo.jpg","width":512,"height":512,"caption":"modelight.eu"},"image":{"@id":"http:\/\/www.modelight.eu\/pt\/#\/schema\/logo\/image\/"},"sameAs":["https:\/\/www.facebook.com\/Modelight.eu","https:\/\/x.com\/modelightqdl","https:\/\/www.instagram.com\/modelight.eu\/"]}]}},"jetpack_sharing_enabled":true,"_links":{"self":[{"href":"https:\/\/www.modelight.eu\/fr\/wp-json\/wp\/v2\/product\/7053","targetHints":{"allow":["GET"]}}],"collection":[{"href":"https:\/\/www.modelight.eu\/fr\/wp-json\/wp\/v2\/product"}],"about":[{"href":"https:\/\/www.modelight.eu\/fr\/wp-json\/wp\/v2\/types\/product"}],"wp:featuredmedia":[{"embeddable":true,"href":"https:\/\/www.modelight.eu\/fr\/wp-json\/wp\/v2\/media\/7057"}],"wp:attachment":[{"href":"https:\/\/www.modelight.eu\/fr\/wp-json\/wp\/v2\/media?parent=7053"}],"wp:term":[{"taxonomy":"product_brand","embeddable":true,"href":"https:\/\/www.modelight.eu\/fr\/wp-json\/wp\/v2\/product_brand?post=7053"},{"taxonomy":"product_cat","embeddable":true,"href":"https:\/\/www.modelight.eu\/fr\/wp-json\/wp\/v2\/product_cat?post=7053"},{"taxonomy":"product_tag","embeddable":true,"href":"https:\/\/www.modelight.eu\/fr\/wp-json\/wp\/v2\/product_tag?post=7053"}],"curies":[{"name":"wp","href":"https:\/\/api.w.org\/{rel}","templated":true}]}}