{"id":6539,"date":"2021-02-20T11:08:18","date_gmt":"2021-02-20T11:08:18","guid":{"rendered":"https:\/\/www.modelight.eu--skip-columns=guid\/?post_type=product&#038;p=6539"},"modified":"2024-02-23T12:49:11","modified_gmt":"2024-02-23T12:49:11","slug":"crew-1-dark-grey","status":"publish","type":"product","link":"https:\/\/www.modelight.eu\/fr\/produit\/crew-1-dark-grey\/","title":{"rendered":"CREW 1 GRIS FONC\u00c9"},"content":{"rendered":"","protected":false},"excerpt":{"rendered":"<p>D\u00e9esse ovale qui jette un regard sur les maisons de prestige, Crew 1 ressemble aux fen\u00eatres des cabines des grands navires, scrutant l'oc\u00e9an avec impatience. Ses rayons font \u00e9cho \u00e0 l'\u00e9cume blanche de la mer, enveloppant tout sur son passage d'une luminosit\u00e9 raffin\u00e9e et \u00e9th\u00e9r\u00e9e qui convient parfaitement \u00e0 une d\u00e9coration d'int\u00e9rieur minimale.<\/p>","protected":false},"featured_media":6540,"template":"","meta":[],"product_brand":[],"product_cat":[47,48,81],"product_tag":[105,106,335,648,667,668],"class_list":{"0":"post-6539","1":"product","2":"type-product","3":"status-publish","4":"has-post-thumbnail","6":"product_cat-ceiling-lights","7":"product_cat-wall-lights","8":"product_cat-led-lighting","9":"product_tag-wall","10":"product_tag-ceiling","11":"product_tag-grey","12":"product_tag-crew","13":"product_tag-italian","14":"product_tag-designer","16":"first","17":"instock","18":"taxable","19":"shipping-taxable","20":"purchasable","21":"product-type-variable"},"yoast_head":"<!-- This site is optimized with the Yoast SEO plugin v27.5 - https:\/\/yoast.com\/product\/yoast-seo-wordpress\/ -->\n<title>CREW 1 DARK GREY - Modelight<\/title>\n<meta name=\"robots\" content=\"index, follow, max-snippet:-1, max-image-preview:large, max-video-preview:-1\" \/>\n<link rel=\"canonical\" href=\"https:\/\/www.modelight.eu\/fr\/produit\/crew-1-dark-grey\/\" \/>\n<meta property=\"og:locale\" content=\"fr_FR\" \/>\n<meta property=\"og:type\" content=\"article\" \/>\n<meta property=\"og:title\" content=\"CREW 1 DARK GREY - Modelight\" \/>\n<meta property=\"og:description\" content=\"An oval goddess that casts her eyes over statement homes, Crew 1 resembles the cabin windows of grand ships, eagerly surveying the ocean. Her rays echo the white foam of the sea, enveloping all in its path with a refined, ethereal luminosity best suited to minimal interior design.\" \/>\n<meta property=\"og:url\" content=\"https:\/\/www.modelight.eu\/fr\/produit\/crew-1-dark-grey\/\" \/>\n<meta property=\"og:site_name\" content=\"Modelight\" \/>\n<meta property=\"article:publisher\" content=\"https:\/\/www.facebook.com\/Modelight.eu\" \/>\n<meta property=\"article:modified_time\" content=\"2024-02-23T12:49:11+00:00\" \/>\n<meta property=\"og:image\" content=\"https:\/\/i0.wp.com\/www.modelight.eu\/wp-content\/uploads\/2021\/02\/crew-1-linea-light-dark-grey-italian-lighting-ceiling-wall-modelight-designer-lights-1.jpg?fit=800%2C1200&ssl=1\" \/>\n\t<meta property=\"og:image:width\" content=\"800\" \/>\n\t<meta property=\"og:image:height\" content=\"1200\" \/>\n\t<meta property=\"og:image:type\" content=\"image\/jpeg\" \/>\n<meta name=\"twitter:card\" content=\"summary_large_image\" \/>\n<meta name=\"twitter:site\" content=\"@modelightqdl\" \/>\n<script type=\"application\/ld+json\" class=\"yoast-schema-graph\">{\"@context\":\"https:\\\/\\\/schema.org\",\"@graph\":[{\"@type\":\"WebPage\",\"@id\":\"https:\\\/\\\/www.modelight.eu\\\/product\\\/crew-1-dark-grey\\\/\",\"url\":\"https:\\\/\\\/www.modelight.eu\\\/product\\\/crew-1-dark-grey\\\/\",\"name\":\"CREW 1 DARK GREY - Modelight\",\"isPartOf\":{\"@id\":\"http:\\\/\\\/www.modelight.eu\\\/pt\\\/#website\"},\"primaryImageOfPage\":{\"@id\":\"https:\\\/\\\/www.modelight.eu\\\/product\\\/crew-1-dark-grey\\\/#primaryimage\"},\"image\":{\"@id\":\"https:\\\/\\\/www.modelight.eu\\\/product\\\/crew-1-dark-grey\\\/#primaryimage\"},\"thumbnailUrl\":\"https:\\\/\\\/www.modelight.eu\\\/wp-content\\\/uploads\\\/2021\\\/02\\\/crew-1-linea-light-dark-grey-italian-lighting-ceiling-wall-modelight-designer-lights-1.jpg\",\"datePublished\":\"2021-02-20T11:08:18+00:00\",\"dateModified\":\"2024-02-23T12:49:11+00:00\",\"breadcrumb\":{\"@id\":\"https:\\\/\\\/www.modelight.eu\\\/product\\\/crew-1-dark-grey\\\/#breadcrumb\"},\"inLanguage\":\"fr-FR\",\"potentialAction\":[{\"@type\":\"ReadAction\",\"target\":[\"https:\\\/\\\/www.modelight.eu\\\/product\\\/crew-1-dark-grey\\\/\"]}]},{\"@type\":\"ImageObject\",\"inLanguage\":\"fr-FR\",\"@id\":\"https:\\\/\\\/www.modelight.eu\\\/product\\\/crew-1-dark-grey\\\/#primaryimage\",\"url\":\"https:\\\/\\\/www.modelight.eu\\\/wp-content\\\/uploads\\\/2021\\\/02\\\/crew-1-linea-light-dark-grey-italian-lighting-ceiling-wall-modelight-designer-lights-1.jpg\",\"contentUrl\":\"https:\\\/\\\/www.modelight.eu\\\/wp-content\\\/uploads\\\/2021\\\/02\\\/crew-1-linea-light-dark-grey-italian-lighting-ceiling-wall-modelight-designer-lights-1.jpg\",\"width\":800,\"height\":1200,\"caption\":\"CREW 1 DARK GREY Italian wall and ceiling light Picture 1\"},{\"@type\":\"BreadcrumbList\",\"@id\":\"https:\\\/\\\/www.modelight.eu\\\/product\\\/crew-1-dark-grey\\\/#breadcrumb\",\"itemListElement\":[{\"@type\":\"ListItem\",\"position\":1,\"name\":\"Home\",\"item\":\"https:\\\/\\\/www.modelight.eu\\\/\"},{\"@type\":\"ListItem\",\"position\":2,\"name\":\"Shop\",\"item\":\"https:\\\/\\\/www.modelight.eu\\\/modelight-decorative-lighting\\\/\"},{\"@type\":\"ListItem\",\"position\":3,\"name\":\"CREW 1 DARK GREY\"}]},{\"@type\":\"WebSite\",\"@id\":\"http:\\\/\\\/www.modelight.eu\\\/pt\\\/#website\",\"url\":\"http:\\\/\\\/www.modelight.eu\\\/pt\\\/\",\"name\":\"Modelight\",\"description\":\"Italian Decorative Lighting\",\"publisher\":{\"@id\":\"http:\\\/\\\/www.modelight.eu\\\/pt\\\/#organization\"},\"potentialAction\":[{\"@type\":\"SearchAction\",\"target\":{\"@type\":\"EntryPoint\",\"urlTemplate\":\"http:\\\/\\\/www.modelight.eu\\\/pt\\\/?s={search_term_string}\"},\"query-input\":{\"@type\":\"PropertyValueSpecification\",\"valueRequired\":true,\"valueName\":\"search_term_string\"}}],\"inLanguage\":\"fr-FR\"},{\"@type\":\"Organization\",\"@id\":\"http:\\\/\\\/www.modelight.eu\\\/pt\\\/#organization\",\"name\":\"modelight.eu\",\"url\":\"http:\\\/\\\/www.modelight.eu\\\/pt\\\/\",\"logo\":{\"@type\":\"ImageObject\",\"inLanguage\":\"fr-FR\",\"@id\":\"http:\\\/\\\/www.modelight.eu\\\/pt\\\/#\\\/schema\\\/logo\\\/image\\\/\",\"url\":\"https:\\\/\\\/www.modelight.eu\\\/wp-content\\\/uploads\\\/2020\\\/08\\\/modelight-ico-logo.jpg\",\"contentUrl\":\"https:\\\/\\\/www.modelight.eu\\\/wp-content\\\/uploads\\\/2020\\\/08\\\/modelight-ico-logo.jpg\",\"width\":512,\"height\":512,\"caption\":\"modelight.eu\"},\"image\":{\"@id\":\"http:\\\/\\\/www.modelight.eu\\\/pt\\\/#\\\/schema\\\/logo\\\/image\\\/\"},\"sameAs\":[\"https:\\\/\\\/www.facebook.com\\\/Modelight.eu\",\"https:\\\/\\\/x.com\\\/modelightqdl\",\"https:\\\/\\\/www.instagram.com\\\/modelight.eu\\\/\"]}]}<\/script>\n<!-- \/ Yoast SEO plugin. -->","yoast_head_json":{"title":"CREW 1 GRIS FONC\u00c9 - Modelight","robots":{"index":"index","follow":"follow","max-snippet":"max-snippet:-1","max-image-preview":"max-image-preview:large","max-video-preview":"max-video-preview:-1"},"canonical":"https:\/\/www.modelight.eu\/fr\/produit\/crew-1-dark-grey\/","og_locale":"fr_FR","og_type":"article","og_title":"CREW 1 DARK GREY - Modelight","og_description":"An oval goddess that casts her eyes over statement homes, Crew 1 resembles the cabin windows of grand ships, eagerly surveying the ocean. Her rays echo the white foam of the sea, enveloping all in its path with a refined, ethereal luminosity best suited to minimal interior design.","og_url":"https:\/\/www.modelight.eu\/fr\/produit\/crew-1-dark-grey\/","og_site_name":"Modelight","article_publisher":"https:\/\/www.facebook.com\/Modelight.eu","article_modified_time":"2024-02-23T12:49:11+00:00","og_image":[{"width":800,"height":1200,"url":"https:\/\/i0.wp.com\/www.modelight.eu\/wp-content\/uploads\/2021\/02\/crew-1-linea-light-dark-grey-italian-lighting-ceiling-wall-modelight-designer-lights-1.jpg?fit=800%2C1200&ssl=1","type":"image\/jpeg"}],"twitter_card":"summary_large_image","twitter_site":"@modelightqdl","schema":{"@context":"https:\/\/schema.org","@graph":[{"@type":"WebPage","@id":"https:\/\/www.modelight.eu\/product\/crew-1-dark-grey\/","url":"https:\/\/www.modelight.eu\/product\/crew-1-dark-grey\/","name":"CREW 1 GRIS FONC\u00c9 - Modelight","isPartOf":{"@id":"http:\/\/www.modelight.eu\/pt\/#website"},"primaryImageOfPage":{"@id":"https:\/\/www.modelight.eu\/product\/crew-1-dark-grey\/#primaryimage"},"image":{"@id":"https:\/\/www.modelight.eu\/product\/crew-1-dark-grey\/#primaryimage"},"thumbnailUrl":"https:\/\/www.modelight.eu\/wp-content\/uploads\/2021\/02\/crew-1-linea-light-dark-grey-italian-lighting-ceiling-wall-modelight-designer-lights-1.jpg","datePublished":"2021-02-20T11:08:18+00:00","dateModified":"2024-02-23T12:49:11+00:00","breadcrumb":{"@id":"https:\/\/www.modelight.eu\/product\/crew-1-dark-grey\/#breadcrumb"},"inLanguage":"fr-FR","potentialAction":[{"@type":"ReadAction","target":["https:\/\/www.modelight.eu\/product\/crew-1-dark-grey\/"]}]},{"@type":"ImageObject","inLanguage":"fr-FR","@id":"https:\/\/www.modelight.eu\/product\/crew-1-dark-grey\/#primaryimage","url":"https:\/\/www.modelight.eu\/wp-content\/uploads\/2021\/02\/crew-1-linea-light-dark-grey-italian-lighting-ceiling-wall-modelight-designer-lights-1.jpg","contentUrl":"https:\/\/www.modelight.eu\/wp-content\/uploads\/2021\/02\/crew-1-linea-light-dark-grey-italian-lighting-ceiling-wall-modelight-designer-lights-1.jpg","width":800,"height":1200,"caption":"CREW 1 DARK GREY Italian wall and ceiling light Picture 1"},{"@type":"BreadcrumbList","@id":"https:\/\/www.modelight.eu\/product\/crew-1-dark-grey\/#breadcrumb","itemListElement":[{"@type":"ListItem","position":1,"name":"Home","item":"https:\/\/www.modelight.eu\/"},{"@type":"ListItem","position":2,"name":"Shop","item":"https:\/\/www.modelight.eu\/modelight-decorative-lighting\/"},{"@type":"ListItem","position":3,"name":"CREW 1 DARK GREY"}]},{"@type":"WebSite","@id":"http:\/\/www.modelight.eu\/pt\/#website","url":"http:\/\/www.modelight.eu\/pt\/","name":"Modelight","description":"Luminaires d\u00e9coratifs italiens","publisher":{"@id":"http:\/\/www.modelight.eu\/pt\/#organization"},"potentialAction":[{"@type":"SearchAction","target":{"@type":"EntryPoint","urlTemplate":"http:\/\/www.modelight.eu\/pt\/?s={search_term_string}"},"query-input":{"@type":"PropertyValueSpecification","valueRequired":true,"valueName":"search_term_string"}}],"inLanguage":"fr-FR"},{"@type":"Organization","@id":"http:\/\/www.modelight.eu\/pt\/#organization","name":"modelight.eu","url":"http:\/\/www.modelight.eu\/pt\/","logo":{"@type":"ImageObject","inLanguage":"fr-FR","@id":"http:\/\/www.modelight.eu\/pt\/#\/schema\/logo\/image\/","url":"https:\/\/www.modelight.eu\/wp-content\/uploads\/2020\/08\/modelight-ico-logo.jpg","contentUrl":"https:\/\/www.modelight.eu\/wp-content\/uploads\/2020\/08\/modelight-ico-logo.jpg","width":512,"height":512,"caption":"modelight.eu"},"image":{"@id":"http:\/\/www.modelight.eu\/pt\/#\/schema\/logo\/image\/"},"sameAs":["https:\/\/www.facebook.com\/Modelight.eu","https:\/\/x.com\/modelightqdl","https:\/\/www.instagram.com\/modelight.eu\/"]}]}},"jetpack_sharing_enabled":true,"_links":{"self":[{"href":"https:\/\/www.modelight.eu\/fr\/wp-json\/wp\/v2\/product\/6539","targetHints":{"allow":["GET"]}}],"collection":[{"href":"https:\/\/www.modelight.eu\/fr\/wp-json\/wp\/v2\/product"}],"about":[{"href":"https:\/\/www.modelight.eu\/fr\/wp-json\/wp\/v2\/types\/product"}],"wp:featuredmedia":[{"embeddable":true,"href":"https:\/\/www.modelight.eu\/fr\/wp-json\/wp\/v2\/media\/6540"}],"wp:attachment":[{"href":"https:\/\/www.modelight.eu\/fr\/wp-json\/wp\/v2\/media?parent=6539"}],"wp:term":[{"taxonomy":"product_brand","embeddable":true,"href":"https:\/\/www.modelight.eu\/fr\/wp-json\/wp\/v2\/product_brand?post=6539"},{"taxonomy":"product_cat","embeddable":true,"href":"https:\/\/www.modelight.eu\/fr\/wp-json\/wp\/v2\/product_cat?post=6539"},{"taxonomy":"product_tag","embeddable":true,"href":"https:\/\/www.modelight.eu\/fr\/wp-json\/wp\/v2\/product_tag?post=6539"}],"curies":[{"name":"wp","href":"https:\/\/api.w.org\/{rel}","templated":true}]}}