{"id":6294,"date":"2021-02-18T14:39:29","date_gmt":"2021-02-18T14:39:29","guid":{"rendered":"https:\/\/www.modelight.eu--skip-columns=guid\/?post_type=product&#038;p=6294"},"modified":"2024-02-23T12:48:27","modified_gmt":"2024-02-23T12:48:27","slug":"antigua-fl-black","status":"publish","type":"product","link":"https:\/\/www.modelight.eu\/fr\/produit\/antigua-fl-black\/","title":{"rendered":"ANTIGUA FL Noir"},"content":{"rendered":"","protected":false},"excerpt":{"rendered":"<p>Nous avons vu l'avenir de l'\u00e9clairage et il ressemble \u00e0 l'Antigua FL Black. Illuminez votre maison ou votre bureau avec ce magnifique diffuseur en verre avec un bord sabl\u00e9 et un \u00e9l\u00e9ment d'\u00e9clairage central en m\u00e9tal rev\u00eatu de noir. C'est tout ce que vous attendez d'un \u00e9clairage de sol LED italien : simple, \u00e9l\u00e9gant, saisissant et merveilleusement fonctionnel. La gamme Antigua se d\u00e9cline \u00e9galement en suspensions, appliques et plafonniers.<\/p>\n<p>Source de lumi\u00e8re : LED<br \/>\nPuissance : topLED 39W, 220-240V<br \/>\nCaract\u00e9ristiques : 3000K, 3882lm, CRI 80<br \/>\nMat\u00e9riau : Fer (noir), verre (transparent\/sabl\u00e9)<br \/>\nDimensions : 500 x 1917 x 651 mm<br \/>\nIndice IP : IP20<br \/>\nLongueur du c\u00e2ble : 3000 mm<br \/>\nDimmable : Pousser DIM<br \/>\nDouble \u00e9mission de lumi\u00e8re : 65% vers le haut, 35% vers le bas<br \/>\nInstallation : Sol<br \/>\nMarque : Linea Light<br \/>\nFabriqu\u00e9 en Italie<\/p>","protected":false},"featured_media":6296,"template":"","meta":[],"product_brand":[],"product_cat":[49,81,53],"product_tag":[37,85,119,129,667,668],"class_list":{"0":"post-6294","1":"product","2":"type-product","3":"status-publish","4":"has-post-thumbnail","6":"product_cat-floor-lamps","7":"product_cat-led-lighting","8":"product_cat-italian-glass-lighting","9":"product_tag-black","10":"product_tag-glass","11":"product_tag-antigua","12":"product_tag-floor","13":"product_tag-italian","14":"product_tag-designer","16":"first","17":"instock","18":"taxable","19":"shipping-taxable","20":"purchasable","21":"product-type-simple"},"yoast_head":"<!-- This site is optimized with the Yoast SEO plugin v27.6 - https:\/\/yoast.com\/product\/yoast-seo-wordpress\/ -->\n<title>ANTIGUA FL Black - Modelight<\/title>\n<meta name=\"robots\" content=\"index, follow, max-snippet:-1, max-image-preview:large, max-video-preview:-1\" \/>\n<link rel=\"canonical\" href=\"https:\/\/www.modelight.eu\/fr\/produit\/antigua-fl-black\/\" \/>\n<meta property=\"og:locale\" content=\"fr_FR\" \/>\n<meta property=\"og:type\" content=\"article\" \/>\n<meta property=\"og:title\" content=\"ANTIGUA FL Black - Modelight\" \/>\n<meta property=\"og:description\" content=\"We\u2019ve seen the future of lighting and it looks just like the Antigua FL Black. Illuminate your home or office with this gorgeous glass diffuser with a sandblasted edge and a central lighting element in black coated metal. It\u2019s everything you want in Italian LED floor lighting, simple, elegant, striking, and wonderfully functional. The Antigua range also comes in pendant, wall and ceiling lights.  Light source: LED Power: topLED 39W, 220-240V Characteristics: 3000K, 3882lm, CRI 80 Material: Iron (black), Glass (transparent\/sandblasted) Dimensions: 500 x 1917 x 651 mm IP rating: IP20 Cable length: 3000 mm Dimmable: Push DIM Double light emission: 65% up, 35% down Installation: Floor Brand: Linea Light Made in Italy\" \/>\n<meta property=\"og:url\" content=\"https:\/\/www.modelight.eu\/fr\/produit\/antigua-fl-black\/\" \/>\n<meta property=\"og:site_name\" content=\"Modelight\" \/>\n<meta property=\"article:publisher\" content=\"https:\/\/www.facebook.com\/Modelight.eu\" \/>\n<meta property=\"article:modified_time\" content=\"2024-02-23T12:48:27+00:00\" \/>\n<meta property=\"og:image\" content=\"https:\/\/www.modelight.eu\/wp-content\/uploads\/2021\/02\/antigua-fl-linea-light-black-led-floor-lamps-modelight-italian-lighting-1.jpg\" \/>\n\t<meta property=\"og:image:width\" content=\"800\" \/>\n\t<meta property=\"og:image:height\" content=\"1200\" \/>\n\t<meta property=\"og:image:type\" content=\"image\/jpeg\" \/>\n<meta name=\"twitter:card\" content=\"summary_large_image\" \/>\n<meta name=\"twitter:site\" content=\"@modelightqdl\" \/>\n<script type=\"application\/ld+json\" class=\"yoast-schema-graph\">{\"@context\":\"https:\\\/\\\/schema.org\",\"@graph\":[{\"@type\":\"WebPage\",\"@id\":\"https:\\\/\\\/www.modelight.eu\\\/product\\\/antigua-fl-black\\\/\",\"url\":\"https:\\\/\\\/www.modelight.eu\\\/product\\\/antigua-fl-black\\\/\",\"name\":\"ANTIGUA FL Black - Modelight\",\"isPartOf\":{\"@id\":\"http:\\\/\\\/www.modelight.eu\\\/pt\\\/#website\"},\"primaryImageOfPage\":{\"@id\":\"https:\\\/\\\/www.modelight.eu\\\/product\\\/antigua-fl-black\\\/#primaryimage\"},\"image\":{\"@id\":\"https:\\\/\\\/www.modelight.eu\\\/product\\\/antigua-fl-black\\\/#primaryimage\"},\"thumbnailUrl\":\"https:\\\/\\\/www.modelight.eu\\\/wp-content\\\/uploads\\\/2021\\\/02\\\/antigua-fl-linea-light-black-led-floor-lamps-modelight-italian-lighting-1.jpg\",\"datePublished\":\"2021-02-18T14:39:29+00:00\",\"dateModified\":\"2024-02-23T12:48:27+00:00\",\"breadcrumb\":{\"@id\":\"https:\\\/\\\/www.modelight.eu\\\/product\\\/antigua-fl-black\\\/#breadcrumb\"},\"inLanguage\":\"fr-FR\",\"potentialAction\":[{\"@type\":\"ReadAction\",\"target\":[\"https:\\\/\\\/www.modelight.eu\\\/product\\\/antigua-fl-black\\\/\"]}]},{\"@type\":\"ImageObject\",\"inLanguage\":\"fr-FR\",\"@id\":\"https:\\\/\\\/www.modelight.eu\\\/product\\\/antigua-fl-black\\\/#primaryimage\",\"url\":\"https:\\\/\\\/www.modelight.eu\\\/wp-content\\\/uploads\\\/2021\\\/02\\\/antigua-fl-linea-light-black-led-floor-lamps-modelight-italian-lighting-1.jpg\",\"contentUrl\":\"https:\\\/\\\/www.modelight.eu\\\/wp-content\\\/uploads\\\/2021\\\/02\\\/antigua-fl-linea-light-black-led-floor-lamps-modelight-italian-lighting-1.jpg\",\"width\":800,\"height\":1200,\"caption\":\"ANTIGUA FL Black Italian Floor Lamp Picture 1\"},{\"@type\":\"BreadcrumbList\",\"@id\":\"https:\\\/\\\/www.modelight.eu\\\/product\\\/antigua-fl-black\\\/#breadcrumb\",\"itemListElement\":[{\"@type\":\"ListItem\",\"position\":1,\"name\":\"Home\",\"item\":\"https:\\\/\\\/www.modelight.eu\\\/\"},{\"@type\":\"ListItem\",\"position\":2,\"name\":\"Shop\",\"item\":\"https:\\\/\\\/www.modelight.eu\\\/modelight-decorative-lighting\\\/\"},{\"@type\":\"ListItem\",\"position\":3,\"name\":\"ANTIGUA FL Black\"}]},{\"@type\":\"WebSite\",\"@id\":\"http:\\\/\\\/www.modelight.eu\\\/pt\\\/#website\",\"url\":\"http:\\\/\\\/www.modelight.eu\\\/pt\\\/\",\"name\":\"Modelight\",\"description\":\"Italian Decorative Lighting\",\"publisher\":{\"@id\":\"http:\\\/\\\/www.modelight.eu\\\/pt\\\/#organization\"},\"potentialAction\":[{\"@type\":\"SearchAction\",\"target\":{\"@type\":\"EntryPoint\",\"urlTemplate\":\"http:\\\/\\\/www.modelight.eu\\\/pt\\\/?s={search_term_string}\"},\"query-input\":{\"@type\":\"PropertyValueSpecification\",\"valueRequired\":true,\"valueName\":\"search_term_string\"}}],\"inLanguage\":\"fr-FR\"},{\"@type\":\"Organization\",\"@id\":\"http:\\\/\\\/www.modelight.eu\\\/pt\\\/#organization\",\"name\":\"modelight.eu\",\"url\":\"http:\\\/\\\/www.modelight.eu\\\/pt\\\/\",\"logo\":{\"@type\":\"ImageObject\",\"inLanguage\":\"fr-FR\",\"@id\":\"http:\\\/\\\/www.modelight.eu\\\/pt\\\/#\\\/schema\\\/logo\\\/image\\\/\",\"url\":\"https:\\\/\\\/www.modelight.eu\\\/wp-content\\\/uploads\\\/2020\\\/08\\\/modelight-ico-logo.jpg\",\"contentUrl\":\"https:\\\/\\\/www.modelight.eu\\\/wp-content\\\/uploads\\\/2020\\\/08\\\/modelight-ico-logo.jpg\",\"width\":512,\"height\":512,\"caption\":\"modelight.eu\"},\"image\":{\"@id\":\"http:\\\/\\\/www.modelight.eu\\\/pt\\\/#\\\/schema\\\/logo\\\/image\\\/\"},\"sameAs\":[\"https:\\\/\\\/www.facebook.com\\\/Modelight.eu\",\"https:\\\/\\\/x.com\\\/modelightqdl\",\"https:\\\/\\\/www.instagram.com\\\/modelight.eu\\\/\"]}]}<\/script>\n<!-- \/ Yoast SEO plugin. -->","yoast_head_json":{"title":"ANTIGUA FL Noir - Modelight","robots":{"index":"index","follow":"follow","max-snippet":"max-snippet:-1","max-image-preview":"max-image-preview:large","max-video-preview":"max-video-preview:-1"},"canonical":"https:\/\/www.modelight.eu\/fr\/produit\/antigua-fl-black\/","og_locale":"fr_FR","og_type":"article","og_title":"ANTIGUA FL Black - Modelight","og_description":"We\u2019ve seen the future of lighting and it looks just like the Antigua FL Black. Illuminate your home or office with this gorgeous glass diffuser with a sandblasted edge and a central lighting element in black coated metal. It\u2019s everything you want in Italian LED floor lighting, simple, elegant, striking, and wonderfully functional. The Antigua range also comes in pendant, wall and ceiling lights.  Light source: LED Power: topLED 39W, 220-240V Characteristics: 3000K, 3882lm, CRI 80 Material: Iron (black), Glass (transparent\/sandblasted) Dimensions: 500 x 1917 x 651 mm IP rating: IP20 Cable length: 3000 mm Dimmable: Push DIM Double light emission: 65% up, 35% down Installation: Floor Brand: Linea Light Made in Italy","og_url":"https:\/\/www.modelight.eu\/fr\/produit\/antigua-fl-black\/","og_site_name":"Modelight","article_publisher":"https:\/\/www.facebook.com\/Modelight.eu","article_modified_time":"2024-02-23T12:48:27+00:00","og_image":[{"width":800,"height":1200,"url":"https:\/\/www.modelight.eu\/wp-content\/uploads\/2021\/02\/antigua-fl-linea-light-black-led-floor-lamps-modelight-italian-lighting-1.jpg","type":"image\/jpeg"}],"twitter_card":"summary_large_image","twitter_site":"@modelightqdl","schema":{"@context":"https:\/\/schema.org","@graph":[{"@type":"WebPage","@id":"https:\/\/www.modelight.eu\/product\/antigua-fl-black\/","url":"https:\/\/www.modelight.eu\/product\/antigua-fl-black\/","name":"ANTIGUA FL Noir - Modelight","isPartOf":{"@id":"http:\/\/www.modelight.eu\/pt\/#website"},"primaryImageOfPage":{"@id":"https:\/\/www.modelight.eu\/product\/antigua-fl-black\/#primaryimage"},"image":{"@id":"https:\/\/www.modelight.eu\/product\/antigua-fl-black\/#primaryimage"},"thumbnailUrl":"https:\/\/www.modelight.eu\/wp-content\/uploads\/2021\/02\/antigua-fl-linea-light-black-led-floor-lamps-modelight-italian-lighting-1.jpg","datePublished":"2021-02-18T14:39:29+00:00","dateModified":"2024-02-23T12:48:27+00:00","breadcrumb":{"@id":"https:\/\/www.modelight.eu\/product\/antigua-fl-black\/#breadcrumb"},"inLanguage":"fr-FR","potentialAction":[{"@type":"ReadAction","target":["https:\/\/www.modelight.eu\/product\/antigua-fl-black\/"]}]},{"@type":"ImageObject","inLanguage":"fr-FR","@id":"https:\/\/www.modelight.eu\/product\/antigua-fl-black\/#primaryimage","url":"https:\/\/www.modelight.eu\/wp-content\/uploads\/2021\/02\/antigua-fl-linea-light-black-led-floor-lamps-modelight-italian-lighting-1.jpg","contentUrl":"https:\/\/www.modelight.eu\/wp-content\/uploads\/2021\/02\/antigua-fl-linea-light-black-led-floor-lamps-modelight-italian-lighting-1.jpg","width":800,"height":1200,"caption":"ANTIGUA FL Black Italian Floor Lamp Picture 1"},{"@type":"BreadcrumbList","@id":"https:\/\/www.modelight.eu\/product\/antigua-fl-black\/#breadcrumb","itemListElement":[{"@type":"ListItem","position":1,"name":"Home","item":"https:\/\/www.modelight.eu\/"},{"@type":"ListItem","position":2,"name":"Shop","item":"https:\/\/www.modelight.eu\/modelight-decorative-lighting\/"},{"@type":"ListItem","position":3,"name":"ANTIGUA FL Black"}]},{"@type":"WebSite","@id":"http:\/\/www.modelight.eu\/pt\/#website","url":"http:\/\/www.modelight.eu\/pt\/","name":"Modelight","description":"Luminaires d\u00e9coratifs italiens","publisher":{"@id":"http:\/\/www.modelight.eu\/pt\/#organization"},"potentialAction":[{"@type":"SearchAction","target":{"@type":"EntryPoint","urlTemplate":"http:\/\/www.modelight.eu\/pt\/?s={search_term_string}"},"query-input":{"@type":"PropertyValueSpecification","valueRequired":true,"valueName":"search_term_string"}}],"inLanguage":"fr-FR"},{"@type":"Organization","@id":"http:\/\/www.modelight.eu\/pt\/#organization","name":"modelight.eu","url":"http:\/\/www.modelight.eu\/pt\/","logo":{"@type":"ImageObject","inLanguage":"fr-FR","@id":"http:\/\/www.modelight.eu\/pt\/#\/schema\/logo\/image\/","url":"https:\/\/www.modelight.eu\/wp-content\/uploads\/2020\/08\/modelight-ico-logo.jpg","contentUrl":"https:\/\/www.modelight.eu\/wp-content\/uploads\/2020\/08\/modelight-ico-logo.jpg","width":512,"height":512,"caption":"modelight.eu"},"image":{"@id":"http:\/\/www.modelight.eu\/pt\/#\/schema\/logo\/image\/"},"sameAs":["https:\/\/www.facebook.com\/Modelight.eu","https:\/\/x.com\/modelightqdl","https:\/\/www.instagram.com\/modelight.eu\/"]}]}},"jetpack_sharing_enabled":true,"_links":{"self":[{"href":"https:\/\/www.modelight.eu\/fr\/wp-json\/wp\/v2\/product\/6294","targetHints":{"allow":["GET"]}}],"collection":[{"href":"https:\/\/www.modelight.eu\/fr\/wp-json\/wp\/v2\/product"}],"about":[{"href":"https:\/\/www.modelight.eu\/fr\/wp-json\/wp\/v2\/types\/product"}],"wp:featuredmedia":[{"embeddable":true,"href":"https:\/\/www.modelight.eu\/fr\/wp-json\/wp\/v2\/media\/6296"}],"wp:attachment":[{"href":"https:\/\/www.modelight.eu\/fr\/wp-json\/wp\/v2\/media?parent=6294"}],"wp:term":[{"taxonomy":"product_brand","embeddable":true,"href":"https:\/\/www.modelight.eu\/fr\/wp-json\/wp\/v2\/product_brand?post=6294"},{"taxonomy":"product_cat","embeddable":true,"href":"https:\/\/www.modelight.eu\/fr\/wp-json\/wp\/v2\/product_cat?post=6294"},{"taxonomy":"product_tag","embeddable":true,"href":"https:\/\/www.modelight.eu\/fr\/wp-json\/wp\/v2\/product_tag?post=6294"}],"curies":[{"name":"wp","href":"https:\/\/api.w.org\/{rel}","templated":true}]}}