{"id":5939,"date":"2020-10-29T15:17:18","date_gmt":"2020-10-29T15:17:18","guid":{"rendered":"https:\/\/www.modelight.eu--skip-columns=guid\/?post_type=product&#038;p=5939"},"modified":"2024-02-23T12:53:11","modified_gmt":"2024-02-23T12:53:11","slug":"poe-plus","status":"publish","type":"product","link":"https:\/\/www.modelight.eu\/fr\/produit\/poe-plus\/","title":{"rendered":"POE PLUS"},"content":{"rendered":"","protected":false},"excerpt":{"rendered":"<p>Refl\u00e9tant des gouttes d'or rose, blanc ou noir, la suspension italienne Poe Plus de Linea Light est un design minimal et mill\u00e9naire qui offre une exp\u00e9rience d'\u00e9clairage experte avec pr\u00e9cision et une esth\u00e9tique \u00e0 la mode. Sa forme fragile et petite projette des cascades de lumi\u00e8re discr\u00e8tes qui s'int\u00e8grent \u00e0 la vie zen, avec un bo\u00eetier \u00e0 l'effet pastel qui adh\u00e8re aux int\u00e9rieurs luxueux.<\/p>","protected":false},"featured_media":5940,"template":"","meta":[],"product_brand":[],"product_cat":[42,56,81],"product_tag":[37,40,112,117,595,667,668],"class_list":{"0":"post-5939","1":"product","2":"type-product","3":"status-publish","4":"has-post-thumbnail","6":"product_cat-italian-pendant-lighting","7":"product_cat-designers-picks","8":"product_cat-led-lighting","9":"product_tag-black","10":"product_tag-pendant","11":"product_tag-white","12":"product_tag-copper","13":"product_tag-poe-plus","14":"product_tag-italian","15":"product_tag-designer","17":"first","18":"instock","19":"taxable","20":"shipping-taxable","21":"purchasable","22":"product-type-variable"},"yoast_head":"<!-- This site is optimized with the Yoast SEO plugin v27.6 - https:\/\/yoast.com\/product\/yoast-seo-wordpress\/ -->\n<title>POE PLUS Linea Light Italian Pendant Lighting<\/title>\n<meta name=\"description\" content=\"The very best in Italian pendant lighting \u2013 POE PLUS Linea Light. Modelight The Great Italian Lighting. FREE delivery on all orders \u2013 Shop now.\" \/>\n<meta name=\"robots\" content=\"index, follow, max-snippet:-1, max-image-preview:large, max-video-preview:-1\" \/>\n<link rel=\"canonical\" href=\"https:\/\/www.modelight.eu\/fr\/produit\/poe-plus\/\" \/>\n<meta property=\"og:locale\" content=\"fr_FR\" \/>\n<meta property=\"og:type\" content=\"article\" \/>\n<meta property=\"og:title\" content=\"POE PLUS Linea Light Italian Pendant Lighting\" \/>\n<meta property=\"og:description\" content=\"The very best in Italian pendant lighting \u2013 POE PLUS Linea Light. Modelight The Great Italian Lighting. FREE delivery on all orders \u2013 Shop now.\" \/>\n<meta property=\"og:url\" content=\"https:\/\/www.modelight.eu\/fr\/produit\/poe-plus\/\" \/>\n<meta property=\"og:site_name\" content=\"Modelight\" \/>\n<meta property=\"article:publisher\" content=\"https:\/\/www.facebook.com\/Modelight.eu\" \/>\n<meta property=\"article:modified_time\" content=\"2024-02-23T12:53:11+00:00\" \/>\n<meta property=\"og:image\" content=\"https:\/\/www.modelight.eu\/wp-content\/uploads\/2020\/10\/poe-plus-linea-light-italian-pendant-lighting-modelight-designer-lights-1.jpg\" \/>\n\t<meta property=\"og:image:width\" content=\"800\" \/>\n\t<meta property=\"og:image:height\" content=\"1200\" \/>\n\t<meta property=\"og:image:type\" content=\"image\/jpeg\" \/>\n<meta name=\"twitter:card\" content=\"summary_large_image\" \/>\n<meta name=\"twitter:site\" content=\"@modelightqdl\" \/>\n<script type=\"application\/ld+json\" class=\"yoast-schema-graph\">{\"@context\":\"https:\\\/\\\/schema.org\",\"@graph\":[{\"@type\":\"WebPage\",\"@id\":\"https:\\\/\\\/www.modelight.eu\\\/product\\\/poe-plus\\\/\",\"url\":\"https:\\\/\\\/www.modelight.eu\\\/product\\\/poe-plus\\\/\",\"name\":\"POE PLUS Linea Light Italian Pendant Lighting\",\"isPartOf\":{\"@id\":\"http:\\\/\\\/www.modelight.eu\\\/pt\\\/#website\"},\"primaryImageOfPage\":{\"@id\":\"https:\\\/\\\/www.modelight.eu\\\/product\\\/poe-plus\\\/#primaryimage\"},\"image\":{\"@id\":\"https:\\\/\\\/www.modelight.eu\\\/product\\\/poe-plus\\\/#primaryimage\"},\"thumbnailUrl\":\"https:\\\/\\\/www.modelight.eu\\\/wp-content\\\/uploads\\\/2020\\\/10\\\/poe-plus-linea-light-italian-pendant-lighting-modelight-designer-lights-1.jpg\",\"datePublished\":\"2020-10-29T15:17:18+00:00\",\"dateModified\":\"2024-02-23T12:53:11+00:00\",\"description\":\"The very best in Italian pendant lighting \u2013 POE PLUS Linea Light. Modelight The Great Italian Lighting. FREE delivery on all orders \u2013 Shop now.\",\"breadcrumb\":{\"@id\":\"https:\\\/\\\/www.modelight.eu\\\/product\\\/poe-plus\\\/#breadcrumb\"},\"inLanguage\":\"fr-FR\",\"potentialAction\":[{\"@type\":\"ReadAction\",\"target\":[\"https:\\\/\\\/www.modelight.eu\\\/product\\\/poe-plus\\\/\"]}]},{\"@type\":\"ImageObject\",\"inLanguage\":\"fr-FR\",\"@id\":\"https:\\\/\\\/www.modelight.eu\\\/product\\\/poe-plus\\\/#primaryimage\",\"url\":\"https:\\\/\\\/www.modelight.eu\\\/wp-content\\\/uploads\\\/2020\\\/10\\\/poe-plus-linea-light-italian-pendant-lighting-modelight-designer-lights-1.jpg\",\"contentUrl\":\"https:\\\/\\\/www.modelight.eu\\\/wp-content\\\/uploads\\\/2020\\\/10\\\/poe-plus-linea-light-italian-pendant-lighting-modelight-designer-lights-1.jpg\",\"width\":800,\"height\":1200,\"caption\":\"POE PLUS Italian Pendant Lighting Picture 1\"},{\"@type\":\"BreadcrumbList\",\"@id\":\"https:\\\/\\\/www.modelight.eu\\\/product\\\/poe-plus\\\/#breadcrumb\",\"itemListElement\":[{\"@type\":\"ListItem\",\"position\":1,\"name\":\"Home\",\"item\":\"https:\\\/\\\/www.modelight.eu\\\/\"},{\"@type\":\"ListItem\",\"position\":2,\"name\":\"Shop\",\"item\":\"https:\\\/\\\/www.modelight.eu\\\/modelight-decorative-lighting\\\/\"},{\"@type\":\"ListItem\",\"position\":3,\"name\":\"POE PLUS\"}]},{\"@type\":\"WebSite\",\"@id\":\"http:\\\/\\\/www.modelight.eu\\\/pt\\\/#website\",\"url\":\"http:\\\/\\\/www.modelight.eu\\\/pt\\\/\",\"name\":\"Modelight\",\"description\":\"Italian Decorative Lighting\",\"publisher\":{\"@id\":\"http:\\\/\\\/www.modelight.eu\\\/pt\\\/#organization\"},\"potentialAction\":[{\"@type\":\"SearchAction\",\"target\":{\"@type\":\"EntryPoint\",\"urlTemplate\":\"http:\\\/\\\/www.modelight.eu\\\/pt\\\/?s={search_term_string}\"},\"query-input\":{\"@type\":\"PropertyValueSpecification\",\"valueRequired\":true,\"valueName\":\"search_term_string\"}}],\"inLanguage\":\"fr-FR\"},{\"@type\":\"Organization\",\"@id\":\"http:\\\/\\\/www.modelight.eu\\\/pt\\\/#organization\",\"name\":\"modelight.eu\",\"url\":\"http:\\\/\\\/www.modelight.eu\\\/pt\\\/\",\"logo\":{\"@type\":\"ImageObject\",\"inLanguage\":\"fr-FR\",\"@id\":\"http:\\\/\\\/www.modelight.eu\\\/pt\\\/#\\\/schema\\\/logo\\\/image\\\/\",\"url\":\"https:\\\/\\\/www.modelight.eu\\\/wp-content\\\/uploads\\\/2020\\\/08\\\/modelight-ico-logo.jpg\",\"contentUrl\":\"https:\\\/\\\/www.modelight.eu\\\/wp-content\\\/uploads\\\/2020\\\/08\\\/modelight-ico-logo.jpg\",\"width\":512,\"height\":512,\"caption\":\"modelight.eu\"},\"image\":{\"@id\":\"http:\\\/\\\/www.modelight.eu\\\/pt\\\/#\\\/schema\\\/logo\\\/image\\\/\"},\"sameAs\":[\"https:\\\/\\\/www.facebook.com\\\/Modelight.eu\",\"https:\\\/\\\/x.com\\\/modelightqdl\",\"https:\\\/\\\/www.instagram.com\\\/modelight.eu\\\/\"]}]}<\/script>\n<!-- \/ Yoast SEO plugin. -->","yoast_head_json":{"title":"POE PLUS Linea Light Luminaire suspendu italien","description":"Le meilleur de l'\u00e9clairage suspendu italien - POE PLUS Linea Light. Modelight Le grand \u00e9clairage italien. Livraison GRATUITE sur toutes les commandes - Magasinez maintenant.","robots":{"index":"index","follow":"follow","max-snippet":"max-snippet:-1","max-image-preview":"max-image-preview:large","max-video-preview":"max-video-preview:-1"},"canonical":"https:\/\/www.modelight.eu\/fr\/produit\/poe-plus\/","og_locale":"fr_FR","og_type":"article","og_title":"POE PLUS Linea Light Italian Pendant Lighting","og_description":"The very best in Italian pendant lighting \u2013 POE PLUS Linea Light. Modelight The Great Italian Lighting. FREE delivery on all orders \u2013 Shop now.","og_url":"https:\/\/www.modelight.eu\/fr\/produit\/poe-plus\/","og_site_name":"Modelight","article_publisher":"https:\/\/www.facebook.com\/Modelight.eu","article_modified_time":"2024-02-23T12:53:11+00:00","og_image":[{"width":800,"height":1200,"url":"https:\/\/www.modelight.eu\/wp-content\/uploads\/2020\/10\/poe-plus-linea-light-italian-pendant-lighting-modelight-designer-lights-1.jpg","type":"image\/jpeg"}],"twitter_card":"summary_large_image","twitter_site":"@modelightqdl","schema":{"@context":"https:\/\/schema.org","@graph":[{"@type":"WebPage","@id":"https:\/\/www.modelight.eu\/product\/poe-plus\/","url":"https:\/\/www.modelight.eu\/product\/poe-plus\/","name":"POE PLUS Linea Light Luminaire suspendu italien","isPartOf":{"@id":"http:\/\/www.modelight.eu\/pt\/#website"},"primaryImageOfPage":{"@id":"https:\/\/www.modelight.eu\/product\/poe-plus\/#primaryimage"},"image":{"@id":"https:\/\/www.modelight.eu\/product\/poe-plus\/#primaryimage"},"thumbnailUrl":"https:\/\/www.modelight.eu\/wp-content\/uploads\/2020\/10\/poe-plus-linea-light-italian-pendant-lighting-modelight-designer-lights-1.jpg","datePublished":"2020-10-29T15:17:18+00:00","dateModified":"2024-02-23T12:53:11+00:00","description":"Le meilleur de l'\u00e9clairage suspendu italien - POE PLUS Linea Light. Modelight Le grand \u00e9clairage italien. Livraison GRATUITE sur toutes les commandes - Magasinez maintenant.","breadcrumb":{"@id":"https:\/\/www.modelight.eu\/product\/poe-plus\/#breadcrumb"},"inLanguage":"fr-FR","potentialAction":[{"@type":"ReadAction","target":["https:\/\/www.modelight.eu\/product\/poe-plus\/"]}]},{"@type":"ImageObject","inLanguage":"fr-FR","@id":"https:\/\/www.modelight.eu\/product\/poe-plus\/#primaryimage","url":"https:\/\/www.modelight.eu\/wp-content\/uploads\/2020\/10\/poe-plus-linea-light-italian-pendant-lighting-modelight-designer-lights-1.jpg","contentUrl":"https:\/\/www.modelight.eu\/wp-content\/uploads\/2020\/10\/poe-plus-linea-light-italian-pendant-lighting-modelight-designer-lights-1.jpg","width":800,"height":1200,"caption":"POE PLUS Italian Pendant Lighting Picture 1"},{"@type":"BreadcrumbList","@id":"https:\/\/www.modelight.eu\/product\/poe-plus\/#breadcrumb","itemListElement":[{"@type":"ListItem","position":1,"name":"Home","item":"https:\/\/www.modelight.eu\/"},{"@type":"ListItem","position":2,"name":"Shop","item":"https:\/\/www.modelight.eu\/modelight-decorative-lighting\/"},{"@type":"ListItem","position":3,"name":"POE PLUS"}]},{"@type":"WebSite","@id":"http:\/\/www.modelight.eu\/pt\/#website","url":"http:\/\/www.modelight.eu\/pt\/","name":"Modelight","description":"Luminaires d\u00e9coratifs italiens","publisher":{"@id":"http:\/\/www.modelight.eu\/pt\/#organization"},"potentialAction":[{"@type":"SearchAction","target":{"@type":"EntryPoint","urlTemplate":"http:\/\/www.modelight.eu\/pt\/?s={search_term_string}"},"query-input":{"@type":"PropertyValueSpecification","valueRequired":true,"valueName":"search_term_string"}}],"inLanguage":"fr-FR"},{"@type":"Organization","@id":"http:\/\/www.modelight.eu\/pt\/#organization","name":"modelight.eu","url":"http:\/\/www.modelight.eu\/pt\/","logo":{"@type":"ImageObject","inLanguage":"fr-FR","@id":"http:\/\/www.modelight.eu\/pt\/#\/schema\/logo\/image\/","url":"https:\/\/www.modelight.eu\/wp-content\/uploads\/2020\/08\/modelight-ico-logo.jpg","contentUrl":"https:\/\/www.modelight.eu\/wp-content\/uploads\/2020\/08\/modelight-ico-logo.jpg","width":512,"height":512,"caption":"modelight.eu"},"image":{"@id":"http:\/\/www.modelight.eu\/pt\/#\/schema\/logo\/image\/"},"sameAs":["https:\/\/www.facebook.com\/Modelight.eu","https:\/\/x.com\/modelightqdl","https:\/\/www.instagram.com\/modelight.eu\/"]}]}},"jetpack_sharing_enabled":true,"_links":{"self":[{"href":"https:\/\/www.modelight.eu\/fr\/wp-json\/wp\/v2\/product\/5939","targetHints":{"allow":["GET"]}}],"collection":[{"href":"https:\/\/www.modelight.eu\/fr\/wp-json\/wp\/v2\/product"}],"about":[{"href":"https:\/\/www.modelight.eu\/fr\/wp-json\/wp\/v2\/types\/product"}],"wp:featuredmedia":[{"embeddable":true,"href":"https:\/\/www.modelight.eu\/fr\/wp-json\/wp\/v2\/media\/5940"}],"wp:attachment":[{"href":"https:\/\/www.modelight.eu\/fr\/wp-json\/wp\/v2\/media?parent=5939"}],"wp:term":[{"taxonomy":"product_brand","embeddable":true,"href":"https:\/\/www.modelight.eu\/fr\/wp-json\/wp\/v2\/product_brand?post=5939"},{"taxonomy":"product_cat","embeddable":true,"href":"https:\/\/www.modelight.eu\/fr\/wp-json\/wp\/v2\/product_cat?post=5939"},{"taxonomy":"product_tag","embeddable":true,"href":"https:\/\/www.modelight.eu\/fr\/wp-json\/wp\/v2\/product_tag?post=5939"}],"curies":[{"name":"wp","href":"https:\/\/api.w.org\/{rel}","templated":true}]}}