{"id":5786,"date":"2020-08-31T11:16:51","date_gmt":"2020-08-31T11:16:51","guid":{"rendered":"https:\/\/www.modelight.eu--skip-columns=guid\/?post_type=product&#038;p=5786"},"modified":"2024-07-03T16:03:28","modified_gmt":"2024-07-03T15:03:28","slug":"honey-l27","status":"publish","type":"product","link":"https:\/\/www.modelight.eu\/fr\/produit\/honey-l27\/","title":{"rendered":"MIEL L27"},"content":{"rendered":"<p>L'applique Honey de Stilnovo est un m\u00e9lange captivant de design moderne et d'\u00e9l\u00e9gance intemporelle. Elle est parfaite pour mettre en valeur les int\u00e9rieurs contemporains. Cette applique distinctive incarne l'engagement de Stilnovo en mati\u00e8re d'innovation, de qualit\u00e9 et de raffinement esth\u00e9tique. Ce qui en fait un ajout remarquable \u00e0 n'importe quel espace.<\/p>\n<p>Inspir\u00e9e par la g\u00e9om\u00e9trie naturelle des nids d'abeilles. L'applique Honey pr\u00e9sente un design hexagonal unique qui ajoute une touche de sophistication et d'intrigue visuelle \u00e0 n'importe quelle pi\u00e8ce. La disposition pr\u00e9cise des hexagones cr\u00e9e un jeu dynamique d'ombre et de lumi\u00e8re. L'effet visuel est \u00e9poustouflant et rehausse l'ambiance des espaces r\u00e9sidentiels et commerciaux.<\/p>\n<h4>Conception<\/h4>\n<p>Fabriqu\u00e9e avec une attention m\u00e9ticuleuse aux d\u00e9tails. L'applique Honey est fabriqu\u00e9e \u00e0 partir de mat\u00e9riaux de haute qualit\u00e9 qui garantissent sa durabilit\u00e9 et sa long\u00e9vit\u00e9. Le luminaire est disponible en plusieurs finitions, ce qui permet de l'adapter \u00e0 diff\u00e9rents styles d'int\u00e9rieur et \u00e0 diff\u00e9rentes combinaisons de couleurs. Son profil \u00e9pur\u00e9 et minimaliste en fait une pi\u00e8ce polyvalente qui s'int\u00e8gre parfaitement \u00e0 divers th\u00e8mes de d\u00e9coration, qu'il s'agisse d'environnements modernes et minimalistes ou d'environnements plus \u00e9clectiques et artistiques.<\/p>\n<h4>Technologie<\/h4>\n<p>L'une des principales caract\u00e9ristiques de l'applique Honey est l'utilisation d'une technologie LED avanc\u00e9e. Cette technologie permet d'obtenir un \u00e9clairage lumineux et \u00e9conome en \u00e9nergie. Les lumi\u00e8res LED ne r\u00e9duisent pas seulement la consommation d'\u00e9nergie mais offrent \u00e9galement une dur\u00e9e de vie plus longue que les options d'\u00e9clairage traditionnelles. Cet engagement en faveur de la durabilit\u00e9 et de l'efficacit\u00e9 correspond \u00e0 l'engagement de Stilnovo en faveur d'un design respectueux de l'environnement.<\/p>\n<p>L'applique Honey est plus qu'un simple appareil d'\u00e9clairage, c'est une pi\u00e8ce d'apparat qui transforme n'importe quel mur en \u0153uvre d'art. Son design unique et sa fonctionnalit\u00e9 sup\u00e9rieure en font un choix id\u00e9al pour embellir les couloirs, les salons, les chambres \u00e0 coucher et les espaces commerciaux tels que les bureaux et les lieux d'accueil. La lumi\u00e8re ambiante et les \u00e9l\u00e9ments de design frappants cr\u00e9ent une atmosph\u00e8re chaleureuse et invitante, rendant tout espace plus \u00e9l\u00e9gant et plus accueillant.<\/p>\n<p>Pour plus d'informations sur la lampe Honey Wall, y compris les sp\u00e9cifications d\u00e9taill\u00e9es du produit et des images de haute qualit\u00e9, veuillez consulter le site suivant <a href=\"https:\/\/www.stilnovo.com\/en\/product\/honey-wall\/\" target=\"_new\" rel=\"noreferrer noopener\">stilnovo.com<\/a>. D\u00e9couvrez comment cette pi\u00e8ce exquise peut rehausser votre d\u00e9coration d'int\u00e9rieur gr\u00e2ce \u00e0 son style innovant et \u00e0 son exceptionnelle qualit\u00e9 de fabrication.<\/p>\n<p>En r\u00e9sum\u00e9, l'applique Honey de Stilnovo offre un m\u00e9lange parfait de design contemporain, d'excellence fonctionnelle et de technologie durable. D\u00e9couvrez la gamme compl\u00e8te des produits Stilnovo et trouvez la solution d'\u00e9clairage id\u00e9ale pour votre espace. <a href=\"https:\/\/www.stilnovo.com\/en\/product\/honey-wall\/\" target=\"_new\" rel=\"noreferrer noopener\">stilnovo.com<\/a>.<\/p>","protected":false},"excerpt":{"rendered":"<p>L'\u00e9l\u00e9gante forme hexagonale du nid d'abeilles \u00e0 l'int\u00e9rieur d'une ruche a inspir\u00e9 ces luminaires spectaculaires con\u00e7us par Pio et Tito Toso. Nos magnifiques appliques italiennes Honey L27 de Stilnovo sont fabriqu\u00e9es \u00e0 partir de modules en polycarbonate moul\u00e9s par injection, qui prennent un \u00e9clat cireux attrayant lorsqu'ils sont allum\u00e9s. Cet effet \u00e9tonnant est obtenu gr\u00e2ce \u00e0 l'utilisation de petites lentilles semi-sph\u00e9riques dans le circuit LED qui adoucissent la lumi\u00e8re. Imaginez l'impact de ces luminaires impressionnants dans votre couloir, votre salle \u00e0 manger ou votre chambre \u00e0 coucher. Elles sont \u00e9galement parfaites pour les restaurants et les bureaux.<\/p>\n<p>Source de lumi\u00e8re : LED<br \/>\nPuissance : TopLED 6W, 220-240V<br \/>\nCaract\u00e9ristiques : 2700K, 630lm, CRI 90<br \/>\nMat\u00e9riau : Fer (blanc), PC (blanc)<br \/>\nDimensions : 272 x 163 x 150 mm : 272 x 163 x 150 mm<br \/>\nIndice IP : IP20<br \/>\nDimmable : Non<br \/>\nInstallation : Mur<br \/>\nMarque : Stilnovo<br \/>\nFabriqu\u00e9 en Italie<\/p>","protected":false},"featured_media":8750,"template":"","meta":[],"product_brand":[],"product_cat":[48,81],"product_tag":[105,112,570,667,668],"class_list":{"0":"post-5786","1":"product","2":"type-product","3":"status-publish","4":"has-post-thumbnail","6":"product_cat-wall-lights","7":"product_cat-led-lighting","8":"product_tag-wall","9":"product_tag-white","10":"product_tag-honey","11":"product_tag-italian","12":"product_tag-designer","14":"first","15":"instock","16":"taxable","17":"shipping-taxable","18":"purchasable","19":"product-type-simple"},"yoast_head":"<!-- This site is optimized with the Yoast SEO plugin v27.6 - https:\/\/yoast.com\/product\/yoast-seo-wordpress\/ -->\n<title>HONEY Linea Light Italian Wall Light<\/title>\n<meta name=\"description\" content=\"Discover the Honey Wall light by Stilnovo, inspired by honeycombs, this energy-efficient LED fixture enhances any space with its unique hexagonal pattern.\" \/>\n<meta name=\"robots\" content=\"index, follow, max-snippet:-1, max-image-preview:large, max-video-preview:-1\" \/>\n<link rel=\"canonical\" href=\"https:\/\/www.modelight.eu\/fr\/produit\/honey-l27\/\" \/>\n<meta property=\"og:locale\" content=\"fr_FR\" \/>\n<meta property=\"og:type\" content=\"article\" \/>\n<meta property=\"og:title\" content=\"HONEY Linea Light Italian Wall Light\" \/>\n<meta property=\"og:description\" content=\"Discover the Honey Wall light by Stilnovo, inspired by honeycombs, this energy-efficient LED fixture enhances any space with its unique hexagonal pattern.\" \/>\n<meta property=\"og:url\" content=\"https:\/\/www.modelight.eu\/fr\/produit\/honey-l27\/\" \/>\n<meta property=\"og:site_name\" content=\"Modelight\" \/>\n<meta property=\"article:publisher\" content=\"https:\/\/www.facebook.com\/Modelight.eu\" \/>\n<meta property=\"article:modified_time\" content=\"2024-07-03T15:03:28+00:00\" \/>\n<meta property=\"og:image\" content=\"https:\/\/www.modelight.eu\/wp-content\/uploads\/2020\/08\/stilnovo-honey-l27-italian-wall-lights-modelight-designer-lighting-1.jpg\" \/>\n\t<meta property=\"og:image:width\" content=\"800\" \/>\n\t<meta property=\"og:image:height\" content=\"1200\" \/>\n\t<meta property=\"og:image:type\" content=\"image\/jpeg\" \/>\n<meta name=\"twitter:card\" content=\"summary_large_image\" \/>\n<meta name=\"twitter:site\" content=\"@modelightqdl\" \/>\n<meta name=\"twitter:label1\" content=\"Dur\u00e9e de lecture estim\u00e9e\" \/>\n\t<meta name=\"twitter:data1\" content=\"2 minutes\" \/>\n<script type=\"application\/ld+json\" class=\"yoast-schema-graph\">{\"@context\":\"https:\\\/\\\/schema.org\",\"@graph\":[{\"@type\":\"WebPage\",\"@id\":\"https:\\\/\\\/www.modelight.eu\\\/product\\\/honey-l27\\\/\",\"url\":\"https:\\\/\\\/www.modelight.eu\\\/product\\\/honey-l27\\\/\",\"name\":\"HONEY Linea Light Italian Wall Light\",\"isPartOf\":{\"@id\":\"http:\\\/\\\/www.modelight.eu\\\/pt\\\/#website\"},\"primaryImageOfPage\":{\"@id\":\"https:\\\/\\\/www.modelight.eu\\\/product\\\/honey-l27\\\/#primaryimage\"},\"image\":{\"@id\":\"https:\\\/\\\/www.modelight.eu\\\/product\\\/honey-l27\\\/#primaryimage\"},\"thumbnailUrl\":\"https:\\\/\\\/www.modelight.eu\\\/wp-content\\\/uploads\\\/2020\\\/08\\\/stilnovo-honey-l27-italian-wall-lights-modelight-designer-lighting-1.jpg\",\"datePublished\":\"2020-08-31T11:16:51+00:00\",\"dateModified\":\"2024-07-03T15:03:28+00:00\",\"description\":\"Discover the Honey Wall light by Stilnovo, inspired by honeycombs, this energy-efficient LED fixture enhances any space with its unique hexagonal pattern.\",\"breadcrumb\":{\"@id\":\"https:\\\/\\\/www.modelight.eu\\\/product\\\/honey-l27\\\/#breadcrumb\"},\"inLanguage\":\"fr-FR\",\"potentialAction\":[{\"@type\":\"ReadAction\",\"target\":[\"https:\\\/\\\/www.modelight.eu\\\/product\\\/honey-l27\\\/\"]}]},{\"@type\":\"ImageObject\",\"inLanguage\":\"fr-FR\",\"@id\":\"https:\\\/\\\/www.modelight.eu\\\/product\\\/honey-l27\\\/#primaryimage\",\"url\":\"https:\\\/\\\/www.modelight.eu\\\/wp-content\\\/uploads\\\/2020\\\/08\\\/stilnovo-honey-l27-italian-wall-lights-modelight-designer-lighting-1.jpg\",\"contentUrl\":\"https:\\\/\\\/www.modelight.eu\\\/wp-content\\\/uploads\\\/2020\\\/08\\\/stilnovo-honey-l27-italian-wall-lights-modelight-designer-lighting-1.jpg\",\"width\":800,\"height\":1200,\"caption\":\"Stilnovo HONEY L27 Italian wall lights picture 1\"},{\"@type\":\"BreadcrumbList\",\"@id\":\"https:\\\/\\\/www.modelight.eu\\\/product\\\/honey-l27\\\/#breadcrumb\",\"itemListElement\":[{\"@type\":\"ListItem\",\"position\":1,\"name\":\"Home\",\"item\":\"https:\\\/\\\/www.modelight.eu\\\/\"},{\"@type\":\"ListItem\",\"position\":2,\"name\":\"Shop\",\"item\":\"https:\\\/\\\/www.modelight.eu\\\/modelight-decorative-lighting\\\/\"},{\"@type\":\"ListItem\",\"position\":3,\"name\":\"HONEY L27\"}]},{\"@type\":\"WebSite\",\"@id\":\"http:\\\/\\\/www.modelight.eu\\\/pt\\\/#website\",\"url\":\"http:\\\/\\\/www.modelight.eu\\\/pt\\\/\",\"name\":\"Modelight\",\"description\":\"Italian Decorative Lighting\",\"publisher\":{\"@id\":\"http:\\\/\\\/www.modelight.eu\\\/pt\\\/#organization\"},\"potentialAction\":[{\"@type\":\"SearchAction\",\"target\":{\"@type\":\"EntryPoint\",\"urlTemplate\":\"http:\\\/\\\/www.modelight.eu\\\/pt\\\/?s={search_term_string}\"},\"query-input\":{\"@type\":\"PropertyValueSpecification\",\"valueRequired\":true,\"valueName\":\"search_term_string\"}}],\"inLanguage\":\"fr-FR\"},{\"@type\":\"Organization\",\"@id\":\"http:\\\/\\\/www.modelight.eu\\\/pt\\\/#organization\",\"name\":\"modelight.eu\",\"url\":\"http:\\\/\\\/www.modelight.eu\\\/pt\\\/\",\"logo\":{\"@type\":\"ImageObject\",\"inLanguage\":\"fr-FR\",\"@id\":\"http:\\\/\\\/www.modelight.eu\\\/pt\\\/#\\\/schema\\\/logo\\\/image\\\/\",\"url\":\"https:\\\/\\\/www.modelight.eu\\\/wp-content\\\/uploads\\\/2020\\\/08\\\/modelight-ico-logo.jpg\",\"contentUrl\":\"https:\\\/\\\/www.modelight.eu\\\/wp-content\\\/uploads\\\/2020\\\/08\\\/modelight-ico-logo.jpg\",\"width\":512,\"height\":512,\"caption\":\"modelight.eu\"},\"image\":{\"@id\":\"http:\\\/\\\/www.modelight.eu\\\/pt\\\/#\\\/schema\\\/logo\\\/image\\\/\"},\"sameAs\":[\"https:\\\/\\\/www.facebook.com\\\/Modelight.eu\",\"https:\\\/\\\/x.com\\\/modelightqdl\",\"https:\\\/\\\/www.instagram.com\\\/modelight.eu\\\/\"]}]}<\/script>\n<!-- \/ Yoast SEO plugin. -->","yoast_head_json":{"title":"MIEL Linea Light Applique italienne","description":"D\u00e9couvrez la applique murale Honey de Stilnovo, inspir\u00e9e des rayons de miel, cette luminaire LED \u00e9conome en \u00e9nergie rehausse n'importe quel espace avec son motif hexagonal unique.","robots":{"index":"index","follow":"follow","max-snippet":"max-snippet:-1","max-image-preview":"max-image-preview:large","max-video-preview":"max-video-preview:-1"},"canonical":"https:\/\/www.modelight.eu\/fr\/produit\/honey-l27\/","og_locale":"fr_FR","og_type":"article","og_title":"HONEY Linea Light Italian Wall Light","og_description":"Discover the Honey Wall light by Stilnovo, inspired by honeycombs, this energy-efficient LED fixture enhances any space with its unique hexagonal pattern.","og_url":"https:\/\/www.modelight.eu\/fr\/produit\/honey-l27\/","og_site_name":"Modelight","article_publisher":"https:\/\/www.facebook.com\/Modelight.eu","article_modified_time":"2024-07-03T15:03:28+00:00","og_image":[{"width":800,"height":1200,"url":"https:\/\/www.modelight.eu\/wp-content\/uploads\/2020\/08\/stilnovo-honey-l27-italian-wall-lights-modelight-designer-lighting-1.jpg","type":"image\/jpeg"}],"twitter_card":"summary_large_image","twitter_site":"@modelightqdl","twitter_misc":{"Dur\u00e9e de lecture estim\u00e9e":"2 minutes"},"schema":{"@context":"https:\/\/schema.org","@graph":[{"@type":"WebPage","@id":"https:\/\/www.modelight.eu\/product\/honey-l27\/","url":"https:\/\/www.modelight.eu\/product\/honey-l27\/","name":"MIEL Linea Light Applique italienne","isPartOf":{"@id":"http:\/\/www.modelight.eu\/pt\/#website"},"primaryImageOfPage":{"@id":"https:\/\/www.modelight.eu\/product\/honey-l27\/#primaryimage"},"image":{"@id":"https:\/\/www.modelight.eu\/product\/honey-l27\/#primaryimage"},"thumbnailUrl":"https:\/\/www.modelight.eu\/wp-content\/uploads\/2020\/08\/stilnovo-honey-l27-italian-wall-lights-modelight-designer-lighting-1.jpg","datePublished":"2020-08-31T11:16:51+00:00","dateModified":"2024-07-03T15:03:28+00:00","description":"D\u00e9couvrez la applique murale Honey de Stilnovo, inspir\u00e9e des rayons de miel, cette luminaire LED \u00e9conome en \u00e9nergie rehausse n'importe quel espace avec son motif hexagonal unique.","breadcrumb":{"@id":"https:\/\/www.modelight.eu\/product\/honey-l27\/#breadcrumb"},"inLanguage":"fr-FR","potentialAction":[{"@type":"ReadAction","target":["https:\/\/www.modelight.eu\/product\/honey-l27\/"]}]},{"@type":"ImageObject","inLanguage":"fr-FR","@id":"https:\/\/www.modelight.eu\/product\/honey-l27\/#primaryimage","url":"https:\/\/www.modelight.eu\/wp-content\/uploads\/2020\/08\/stilnovo-honey-l27-italian-wall-lights-modelight-designer-lighting-1.jpg","contentUrl":"https:\/\/www.modelight.eu\/wp-content\/uploads\/2020\/08\/stilnovo-honey-l27-italian-wall-lights-modelight-designer-lighting-1.jpg","width":800,"height":1200,"caption":"Stilnovo HONEY L27 Italian wall lights picture 1"},{"@type":"BreadcrumbList","@id":"https:\/\/www.modelight.eu\/product\/honey-l27\/#breadcrumb","itemListElement":[{"@type":"ListItem","position":1,"name":"Home","item":"https:\/\/www.modelight.eu\/"},{"@type":"ListItem","position":2,"name":"Shop","item":"https:\/\/www.modelight.eu\/modelight-decorative-lighting\/"},{"@type":"ListItem","position":3,"name":"HONEY L27"}]},{"@type":"WebSite","@id":"http:\/\/www.modelight.eu\/pt\/#website","url":"http:\/\/www.modelight.eu\/pt\/","name":"Modelight","description":"Luminaires d\u00e9coratifs italiens","publisher":{"@id":"http:\/\/www.modelight.eu\/pt\/#organization"},"potentialAction":[{"@type":"SearchAction","target":{"@type":"EntryPoint","urlTemplate":"http:\/\/www.modelight.eu\/pt\/?s={search_term_string}"},"query-input":{"@type":"PropertyValueSpecification","valueRequired":true,"valueName":"search_term_string"}}],"inLanguage":"fr-FR"},{"@type":"Organization","@id":"http:\/\/www.modelight.eu\/pt\/#organization","name":"modelight.eu","url":"http:\/\/www.modelight.eu\/pt\/","logo":{"@type":"ImageObject","inLanguage":"fr-FR","@id":"http:\/\/www.modelight.eu\/pt\/#\/schema\/logo\/image\/","url":"https:\/\/www.modelight.eu\/wp-content\/uploads\/2020\/08\/modelight-ico-logo.jpg","contentUrl":"https:\/\/www.modelight.eu\/wp-content\/uploads\/2020\/08\/modelight-ico-logo.jpg","width":512,"height":512,"caption":"modelight.eu"},"image":{"@id":"http:\/\/www.modelight.eu\/pt\/#\/schema\/logo\/image\/"},"sameAs":["https:\/\/www.facebook.com\/Modelight.eu","https:\/\/x.com\/modelightqdl","https:\/\/www.instagram.com\/modelight.eu\/"]}]}},"jetpack_sharing_enabled":true,"_links":{"self":[{"href":"https:\/\/www.modelight.eu\/fr\/wp-json\/wp\/v2\/product\/5786","targetHints":{"allow":["GET"]}}],"collection":[{"href":"https:\/\/www.modelight.eu\/fr\/wp-json\/wp\/v2\/product"}],"about":[{"href":"https:\/\/www.modelight.eu\/fr\/wp-json\/wp\/v2\/types\/product"}],"wp:featuredmedia":[{"embeddable":true,"href":"https:\/\/www.modelight.eu\/fr\/wp-json\/wp\/v2\/media\/8750"}],"wp:attachment":[{"href":"https:\/\/www.modelight.eu\/fr\/wp-json\/wp\/v2\/media?parent=5786"}],"wp:term":[{"taxonomy":"product_brand","embeddable":true,"href":"https:\/\/www.modelight.eu\/fr\/wp-json\/wp\/v2\/product_brand?post=5786"},{"taxonomy":"product_cat","embeddable":true,"href":"https:\/\/www.modelight.eu\/fr\/wp-json\/wp\/v2\/product_cat?post=5786"},{"taxonomy":"product_tag","embeddable":true,"href":"https:\/\/www.modelight.eu\/fr\/wp-json\/wp\/v2\/product_tag?post=5786"}],"curies":[{"name":"wp","href":"https:\/\/api.w.org\/{rel}","templated":true}]}}