{"id":4718,"date":"2020-08-14T13:16:15","date_gmt":"2020-08-14T13:16:15","guid":{"rendered":"https:\/\/www.modelight.eu--skip-columns=guid\/?post_type=product&#038;p=4718"},"modified":"2024-02-23T12:47:26","modified_gmt":"2024-02-23T12:47:26","slug":"la-mariee-p-copper","status":"publish","type":"product","link":"https:\/\/www.modelight.eu\/fr\/produit\/la-mariee-p-copper\/","title":{"rendered":"LA MARIEE P Cuivre"},"content":{"rendered":"","protected":false},"excerpt":{"rendered":"<p>La Mariee P Copper allie illumination subtile et style \u00e9th\u00e9r\u00e9. La sph\u00e8re l\u00e9g\u00e8rement ovale en verre souffl\u00e9 aux tons cuivr\u00e9s cr\u00e9e une lumi\u00e8re douce et ambiante. Ce luminaire italien raffin\u00e9 de Stilnovo, dot\u00e9 d'un anneau int\u00e9rieur \u00e9tonnant et d'un pr\u00e9cieux verre souffl\u00e9 en cuivre, cr\u00e9e des reflets apaisants, qu'il soit utilis\u00e9 seul ou dans une composition.<\/p>\n<p>Source de lumi\u00e8re : LED<br \/>\nPuissance : TopLED 9W, 220-240V<br \/>\nCaract\u00e9ristiques : 3000K, 1008lm, CRI 90<br \/>\nMat\u00e9riau : Verre (cuivre)<br \/>\nDimensions : \u00d8 280 mm, H Max 2500 mm<br \/>\nIndice IP : IP20<br \/>\nDimmable : Coupe de phase (gradateur non inclus)<br \/>\nInstallation : Plafond<br \/>\nMarque : Stilnovo<br \/>\nFabriqu\u00e9 en Italie<\/p>","protected":false},"featured_media":9797,"template":"","meta":[],"product_brand":[],"product_cat":[42,56,81,52,53],"product_tag":[40,85,117,284,476,667,668],"class_list":{"0":"post-4718","1":"product","2":"type-product","3":"status-publish","4":"has-post-thumbnail","6":"product_cat-italian-pendant-lighting","7":"product_cat-designers-picks","8":"product_cat-led-lighting","9":"product_cat-italian-sphere-lighting","10":"product_cat-italian-glass-lighting","11":"product_tag-pendant","12":"product_tag-glass","13":"product_tag-copper","14":"product_tag-sphere","15":"product_tag-la-mariee","16":"product_tag-italian","17":"product_tag-designer","19":"first","20":"instock","21":"taxable","22":"shipping-taxable","23":"purchasable","24":"product-type-simple"},"yoast_head":"<!-- This site is optimized with the Yoast SEO plugin v27.6 - https:\/\/yoast.com\/product\/yoast-seo-wordpress\/ -->\n<title>LA MARIEE P COPPER Linea Light Pendant Lighting<\/title>\n<meta name=\"description\" content=\"The very best in Italian pendant lighting \u2013 LA MARIEE P COPPER Linea Light. Modelight The Great Italian Lighting. FREE delivery on all orders \u2013 Shop now.\" \/>\n<meta name=\"robots\" content=\"index, follow, max-snippet:-1, max-image-preview:large, max-video-preview:-1\" \/>\n<link rel=\"canonical\" href=\"https:\/\/www.modelight.eu\/fr\/produit\/la-mariee-p-copper\/\" \/>\n<meta property=\"og:locale\" content=\"fr_FR\" \/>\n<meta property=\"og:type\" content=\"article\" \/>\n<meta property=\"og:title\" content=\"LA MARIEE P COPPER Linea Light Pendant Lighting\" \/>\n<meta property=\"og:description\" content=\"The very best in Italian pendant lighting \u2013 LA MARIEE P COPPER Linea Light. Modelight The Great Italian Lighting. FREE delivery on all orders \u2013 Shop now.\" \/>\n<meta property=\"og:url\" content=\"https:\/\/www.modelight.eu\/fr\/produit\/la-mariee-p-copper\/\" \/>\n<meta property=\"og:site_name\" content=\"Modelight\" \/>\n<meta property=\"article:publisher\" content=\"https:\/\/www.facebook.com\/Modelight.eu\" \/>\n<meta property=\"article:modified_time\" content=\"2024-02-23T12:47:26+00:00\" \/>\n<meta property=\"og:image\" content=\"https:\/\/www.modelight.eu\/wp-content\/uploads\/2020\/08\/stilnovo-la-mariee-copper-p-linea-light-italian-pendant-lighting-modelight-designer-lighting-1.jpg\" \/>\n\t<meta property=\"og:image:width\" content=\"800\" \/>\n\t<meta property=\"og:image:height\" content=\"1200\" \/>\n\t<meta property=\"og:image:type\" content=\"image\/jpeg\" \/>\n<meta name=\"twitter:card\" content=\"summary_large_image\" \/>\n<meta name=\"twitter:site\" content=\"@modelightqdl\" \/>\n<script type=\"application\/ld+json\" class=\"yoast-schema-graph\">{\"@context\":\"https:\\\/\\\/schema.org\",\"@graph\":[{\"@type\":\"WebPage\",\"@id\":\"https:\\\/\\\/www.modelight.eu\\\/product\\\/la-mariee-p-copper\\\/\",\"url\":\"https:\\\/\\\/www.modelight.eu\\\/product\\\/la-mariee-p-copper\\\/\",\"name\":\"LA MARIEE P COPPER Linea Light Pendant Lighting\",\"isPartOf\":{\"@id\":\"http:\\\/\\\/www.modelight.eu\\\/pt\\\/#website\"},\"primaryImageOfPage\":{\"@id\":\"https:\\\/\\\/www.modelight.eu\\\/product\\\/la-mariee-p-copper\\\/#primaryimage\"},\"image\":{\"@id\":\"https:\\\/\\\/www.modelight.eu\\\/product\\\/la-mariee-p-copper\\\/#primaryimage\"},\"thumbnailUrl\":\"https:\\\/\\\/www.modelight.eu\\\/wp-content\\\/uploads\\\/2020\\\/08\\\/stilnovo-la-mariee-copper-p-linea-light-italian-pendant-lighting-modelight-designer-lighting-1.jpg\",\"datePublished\":\"2020-08-14T13:16:15+00:00\",\"dateModified\":\"2024-02-23T12:47:26+00:00\",\"description\":\"The very best in Italian pendant lighting \u2013 LA MARIEE P COPPER Linea Light. Modelight The Great Italian Lighting. FREE delivery on all orders \u2013 Shop now.\",\"breadcrumb\":{\"@id\":\"https:\\\/\\\/www.modelight.eu\\\/product\\\/la-mariee-p-copper\\\/#breadcrumb\"},\"inLanguage\":\"fr-FR\",\"potentialAction\":[{\"@type\":\"ReadAction\",\"target\":[\"https:\\\/\\\/www.modelight.eu\\\/product\\\/la-mariee-p-copper\\\/\"]}]},{\"@type\":\"ImageObject\",\"inLanguage\":\"fr-FR\",\"@id\":\"https:\\\/\\\/www.modelight.eu\\\/product\\\/la-mariee-p-copper\\\/#primaryimage\",\"url\":\"https:\\\/\\\/www.modelight.eu\\\/wp-content\\\/uploads\\\/2020\\\/08\\\/stilnovo-la-mariee-copper-p-linea-light-italian-pendant-lighting-modelight-designer-lighting-1.jpg\",\"contentUrl\":\"https:\\\/\\\/www.modelight.eu\\\/wp-content\\\/uploads\\\/2020\\\/08\\\/stilnovo-la-mariee-copper-p-linea-light-italian-pendant-lighting-modelight-designer-lighting-1.jpg\",\"width\":800,\"height\":1200,\"caption\":\"Stilnovo La Mariee P Copper Italian LED pendant lighting picture 1\"},{\"@type\":\"BreadcrumbList\",\"@id\":\"https:\\\/\\\/www.modelight.eu\\\/product\\\/la-mariee-p-copper\\\/#breadcrumb\",\"itemListElement\":[{\"@type\":\"ListItem\",\"position\":1,\"name\":\"Home\",\"item\":\"https:\\\/\\\/www.modelight.eu\\\/\"},{\"@type\":\"ListItem\",\"position\":2,\"name\":\"Shop\",\"item\":\"https:\\\/\\\/www.modelight.eu\\\/modelight-decorative-lighting\\\/\"},{\"@type\":\"ListItem\",\"position\":3,\"name\":\"LA MARIEE P Copper\"}]},{\"@type\":\"WebSite\",\"@id\":\"http:\\\/\\\/www.modelight.eu\\\/pt\\\/#website\",\"url\":\"http:\\\/\\\/www.modelight.eu\\\/pt\\\/\",\"name\":\"Modelight\",\"description\":\"Italian Decorative Lighting\",\"publisher\":{\"@id\":\"http:\\\/\\\/www.modelight.eu\\\/pt\\\/#organization\"},\"potentialAction\":[{\"@type\":\"SearchAction\",\"target\":{\"@type\":\"EntryPoint\",\"urlTemplate\":\"http:\\\/\\\/www.modelight.eu\\\/pt\\\/?s={search_term_string}\"},\"query-input\":{\"@type\":\"PropertyValueSpecification\",\"valueRequired\":true,\"valueName\":\"search_term_string\"}}],\"inLanguage\":\"fr-FR\"},{\"@type\":\"Organization\",\"@id\":\"http:\\\/\\\/www.modelight.eu\\\/pt\\\/#organization\",\"name\":\"modelight.eu\",\"url\":\"http:\\\/\\\/www.modelight.eu\\\/pt\\\/\",\"logo\":{\"@type\":\"ImageObject\",\"inLanguage\":\"fr-FR\",\"@id\":\"http:\\\/\\\/www.modelight.eu\\\/pt\\\/#\\\/schema\\\/logo\\\/image\\\/\",\"url\":\"https:\\\/\\\/www.modelight.eu\\\/wp-content\\\/uploads\\\/2020\\\/08\\\/modelight-ico-logo.jpg\",\"contentUrl\":\"https:\\\/\\\/www.modelight.eu\\\/wp-content\\\/uploads\\\/2020\\\/08\\\/modelight-ico-logo.jpg\",\"width\":512,\"height\":512,\"caption\":\"modelight.eu\"},\"image\":{\"@id\":\"http:\\\/\\\/www.modelight.eu\\\/pt\\\/#\\\/schema\\\/logo\\\/image\\\/\"},\"sameAs\":[\"https:\\\/\\\/www.facebook.com\\\/Modelight.eu\",\"https:\\\/\\\/x.com\\\/modelightqdl\",\"https:\\\/\\\/www.instagram.com\\\/modelight.eu\\\/\"]}]}<\/script>\n<!-- \/ Yoast SEO plugin. -->","yoast_head_json":{"title":"LA MARIEE P CUIVRE Linea Luminaire \u00e0 suspension","description":"Le meilleur de l'\u00e9clairage suspendu italien - LA MARIEE P COPPER Linea Light. Modelight Le grand \u00e9clairage italien. Livraison GRATUITE sur toutes les commandes - Magasinez maintenant.","robots":{"index":"index","follow":"follow","max-snippet":"max-snippet:-1","max-image-preview":"max-image-preview:large","max-video-preview":"max-video-preview:-1"},"canonical":"https:\/\/www.modelight.eu\/fr\/produit\/la-mariee-p-copper\/","og_locale":"fr_FR","og_type":"article","og_title":"LA MARIEE P COPPER Linea Light Pendant Lighting","og_description":"The very best in Italian pendant lighting \u2013 LA MARIEE P COPPER Linea Light. Modelight The Great Italian Lighting. FREE delivery on all orders \u2013 Shop now.","og_url":"https:\/\/www.modelight.eu\/fr\/produit\/la-mariee-p-copper\/","og_site_name":"Modelight","article_publisher":"https:\/\/www.facebook.com\/Modelight.eu","article_modified_time":"2024-02-23T12:47:26+00:00","og_image":[{"width":800,"height":1200,"url":"https:\/\/www.modelight.eu\/wp-content\/uploads\/2020\/08\/stilnovo-la-mariee-copper-p-linea-light-italian-pendant-lighting-modelight-designer-lighting-1.jpg","type":"image\/jpeg"}],"twitter_card":"summary_large_image","twitter_site":"@modelightqdl","schema":{"@context":"https:\/\/schema.org","@graph":[{"@type":"WebPage","@id":"https:\/\/www.modelight.eu\/product\/la-mariee-p-copper\/","url":"https:\/\/www.modelight.eu\/product\/la-mariee-p-copper\/","name":"LA MARIEE P CUIVRE Linea Luminaire \u00e0 suspension","isPartOf":{"@id":"http:\/\/www.modelight.eu\/pt\/#website"},"primaryImageOfPage":{"@id":"https:\/\/www.modelight.eu\/product\/la-mariee-p-copper\/#primaryimage"},"image":{"@id":"https:\/\/www.modelight.eu\/product\/la-mariee-p-copper\/#primaryimage"},"thumbnailUrl":"https:\/\/www.modelight.eu\/wp-content\/uploads\/2020\/08\/stilnovo-la-mariee-copper-p-linea-light-italian-pendant-lighting-modelight-designer-lighting-1.jpg","datePublished":"2020-08-14T13:16:15+00:00","dateModified":"2024-02-23T12:47:26+00:00","description":"Le meilleur de l'\u00e9clairage suspendu italien - LA MARIEE P COPPER Linea Light. Modelight Le grand \u00e9clairage italien. Livraison GRATUITE sur toutes les commandes - Magasinez maintenant.","breadcrumb":{"@id":"https:\/\/www.modelight.eu\/product\/la-mariee-p-copper\/#breadcrumb"},"inLanguage":"fr-FR","potentialAction":[{"@type":"ReadAction","target":["https:\/\/www.modelight.eu\/product\/la-mariee-p-copper\/"]}]},{"@type":"ImageObject","inLanguage":"fr-FR","@id":"https:\/\/www.modelight.eu\/product\/la-mariee-p-copper\/#primaryimage","url":"https:\/\/www.modelight.eu\/wp-content\/uploads\/2020\/08\/stilnovo-la-mariee-copper-p-linea-light-italian-pendant-lighting-modelight-designer-lighting-1.jpg","contentUrl":"https:\/\/www.modelight.eu\/wp-content\/uploads\/2020\/08\/stilnovo-la-mariee-copper-p-linea-light-italian-pendant-lighting-modelight-designer-lighting-1.jpg","width":800,"height":1200,"caption":"Stilnovo La Mariee P Copper Italian LED pendant lighting picture 1"},{"@type":"BreadcrumbList","@id":"https:\/\/www.modelight.eu\/product\/la-mariee-p-copper\/#breadcrumb","itemListElement":[{"@type":"ListItem","position":1,"name":"Home","item":"https:\/\/www.modelight.eu\/"},{"@type":"ListItem","position":2,"name":"Shop","item":"https:\/\/www.modelight.eu\/modelight-decorative-lighting\/"},{"@type":"ListItem","position":3,"name":"LA MARIEE P Copper"}]},{"@type":"WebSite","@id":"http:\/\/www.modelight.eu\/pt\/#website","url":"http:\/\/www.modelight.eu\/pt\/","name":"Modelight","description":"Luminaires d\u00e9coratifs italiens","publisher":{"@id":"http:\/\/www.modelight.eu\/pt\/#organization"},"potentialAction":[{"@type":"SearchAction","target":{"@type":"EntryPoint","urlTemplate":"http:\/\/www.modelight.eu\/pt\/?s={search_term_string}"},"query-input":{"@type":"PropertyValueSpecification","valueRequired":true,"valueName":"search_term_string"}}],"inLanguage":"fr-FR"},{"@type":"Organization","@id":"http:\/\/www.modelight.eu\/pt\/#organization","name":"modelight.eu","url":"http:\/\/www.modelight.eu\/pt\/","logo":{"@type":"ImageObject","inLanguage":"fr-FR","@id":"http:\/\/www.modelight.eu\/pt\/#\/schema\/logo\/image\/","url":"https:\/\/www.modelight.eu\/wp-content\/uploads\/2020\/08\/modelight-ico-logo.jpg","contentUrl":"https:\/\/www.modelight.eu\/wp-content\/uploads\/2020\/08\/modelight-ico-logo.jpg","width":512,"height":512,"caption":"modelight.eu"},"image":{"@id":"http:\/\/www.modelight.eu\/pt\/#\/schema\/logo\/image\/"},"sameAs":["https:\/\/www.facebook.com\/Modelight.eu","https:\/\/x.com\/modelightqdl","https:\/\/www.instagram.com\/modelight.eu\/"]}]}},"jetpack_sharing_enabled":true,"_links":{"self":[{"href":"https:\/\/www.modelight.eu\/fr\/wp-json\/wp\/v2\/product\/4718","targetHints":{"allow":["GET"]}}],"collection":[{"href":"https:\/\/www.modelight.eu\/fr\/wp-json\/wp\/v2\/product"}],"about":[{"href":"https:\/\/www.modelight.eu\/fr\/wp-json\/wp\/v2\/types\/product"}],"wp:featuredmedia":[{"embeddable":true,"href":"https:\/\/www.modelight.eu\/fr\/wp-json\/wp\/v2\/media\/9797"}],"wp:attachment":[{"href":"https:\/\/www.modelight.eu\/fr\/wp-json\/wp\/v2\/media?parent=4718"}],"wp:term":[{"taxonomy":"product_brand","embeddable":true,"href":"https:\/\/www.modelight.eu\/fr\/wp-json\/wp\/v2\/product_brand?post=4718"},{"taxonomy":"product_cat","embeddable":true,"href":"https:\/\/www.modelight.eu\/fr\/wp-json\/wp\/v2\/product_cat?post=4718"},{"taxonomy":"product_tag","embeddable":true,"href":"https:\/\/www.modelight.eu\/fr\/wp-json\/wp\/v2\/product_tag?post=4718"}],"curies":[{"name":"wp","href":"https:\/\/api.w.org\/{rel}","templated":true}]}}