{"id":3641,"date":"2020-08-08T11:48:46","date_gmt":"2020-08-08T11:48:46","guid":{"rendered":"https:\/\/www.modelight.eu--skip-columns=guid\/?post_type=product&#038;p=3641"},"modified":"2024-02-23T12:46:41","modified_gmt":"2024-02-23T12:46:41","slug":"straight-w-white-black","status":"publish","type":"product","link":"https:\/\/www.modelight.eu\/fr\/produit\/straight-w-white-black\/","title":{"rendered":"DROIT W"},"content":{"rendered":"","protected":false},"excerpt":{"rendered":"<p>\u00c9l\u00e9gant et minimal, Straight W de Linea Light offre des \u00e9clairages lin\u00e9aires \u00e0 travers de fines tiges lumineuses avec une lueur LED sophistiqu\u00e9e. Ce design adh\u00e8re \u00e0 une esth\u00e9tique authentique et contemporaine. Disponible sous forme d'appliques murales italiennes et de luminaires suspendus, ce design convient parfaitement \u00e0 l'agitation chic des environnements urbains.<\/p>","protected":false},"featured_media":3642,"template":"","meta":[],"product_brand":[],"product_cat":[48,51,81],"product_tag":[37,105,112,153,348,667,668],"class_list":{"0":"post-3641","1":"product","2":"type-product","3":"status-publish","4":"has-post-thumbnail","6":"product_cat-wall-lights","7":"product_cat-italian-linear-lighting","8":"product_cat-led-lighting","9":"product_tag-black","10":"product_tag-wall","11":"product_tag-white","12":"product_tag-linear","13":"product_tag-straight","14":"product_tag-italian","15":"product_tag-designer","17":"first","18":"instock","19":"taxable","20":"shipping-taxable","21":"purchasable","22":"product-type-variable"},"yoast_head":"<!-- This site is optimized with the Yoast SEO plugin v27.6 - https:\/\/yoast.com\/product\/yoast-seo-wordpress\/ -->\n<title>STRAIGHT W WHITE - BLACK Linea Light Italian Wall Light<\/title>\n<meta name=\"description\" content=\"The very best in Italian wall lighting \u2013 STRAIGHT W WHITE - BLACK Linea Light. Modelight The Great Italian Lighting. FREE delivery on all orders \u2013 Shop now.\" \/>\n<meta name=\"robots\" content=\"index, follow, max-snippet:-1, max-image-preview:large, max-video-preview:-1\" \/>\n<link rel=\"canonical\" href=\"https:\/\/www.modelight.eu\/fr\/produit\/straight-w-white-black\/\" \/>\n<meta property=\"og:locale\" content=\"fr_FR\" \/>\n<meta property=\"og:type\" content=\"article\" \/>\n<meta property=\"og:title\" content=\"STRAIGHT W WHITE - BLACK Linea Light Italian Wall Light\" \/>\n<meta property=\"og:description\" content=\"The very best in Italian wall lighting \u2013 STRAIGHT W WHITE - BLACK Linea Light. Modelight The Great Italian Lighting. FREE delivery on all orders \u2013 Shop now.\" \/>\n<meta property=\"og:url\" content=\"https:\/\/www.modelight.eu\/fr\/produit\/straight-w-white-black\/\" \/>\n<meta property=\"og:site_name\" content=\"Modelight\" \/>\n<meta property=\"article:publisher\" content=\"https:\/\/www.facebook.com\/Modelight.eu\" \/>\n<meta property=\"article:modified_time\" content=\"2024-02-23T12:46:41+00:00\" \/>\n<meta property=\"og:image\" content=\"https:\/\/i0.wp.com\/www.modelight.eu\/wp-content\/uploads\/2020\/08\/straight-w-linea-light-white-black-italian-wall-lights-modelight-designer-lighting-1.jpg?fit=800%2C1200&ssl=1\" \/>\n\t<meta property=\"og:image:width\" content=\"800\" \/>\n\t<meta property=\"og:image:height\" content=\"1200\" \/>\n\t<meta property=\"og:image:type\" content=\"image\/jpeg\" \/>\n<meta name=\"twitter:card\" content=\"summary_large_image\" \/>\n<meta name=\"twitter:site\" content=\"@modelightqdl\" \/>\n<script type=\"application\/ld+json\" class=\"yoast-schema-graph\">{\"@context\":\"https:\\\/\\\/schema.org\",\"@graph\":[{\"@type\":\"WebPage\",\"@id\":\"https:\\\/\\\/www.modelight.eu\\\/product\\\/straight-w-white-black\\\/\",\"url\":\"https:\\\/\\\/www.modelight.eu\\\/product\\\/straight-w-white-black\\\/\",\"name\":\"STRAIGHT W WHITE - BLACK Linea Light Italian Wall Light\",\"isPartOf\":{\"@id\":\"http:\\\/\\\/www.modelight.eu\\\/pt\\\/#website\"},\"primaryImageOfPage\":{\"@id\":\"https:\\\/\\\/www.modelight.eu\\\/product\\\/straight-w-white-black\\\/#primaryimage\"},\"image\":{\"@id\":\"https:\\\/\\\/www.modelight.eu\\\/product\\\/straight-w-white-black\\\/#primaryimage\"},\"thumbnailUrl\":\"https:\\\/\\\/www.modelight.eu\\\/wp-content\\\/uploads\\\/2020\\\/08\\\/straight-w-linea-light-white-black-italian-wall-lights-modelight-designer-lighting-1.jpg\",\"datePublished\":\"2020-08-08T11:48:46+00:00\",\"dateModified\":\"2024-02-23T12:46:41+00:00\",\"description\":\"The very best in Italian wall lighting \u2013 STRAIGHT W WHITE - BLACK Linea Light. Modelight The Great Italian Lighting. FREE delivery on all orders \u2013 Shop now.\",\"breadcrumb\":{\"@id\":\"https:\\\/\\\/www.modelight.eu\\\/product\\\/straight-w-white-black\\\/#breadcrumb\"},\"inLanguage\":\"fr-FR\",\"potentialAction\":[{\"@type\":\"ReadAction\",\"target\":[\"https:\\\/\\\/www.modelight.eu\\\/product\\\/straight-w-white-black\\\/\"]}]},{\"@type\":\"ImageObject\",\"inLanguage\":\"fr-FR\",\"@id\":\"https:\\\/\\\/www.modelight.eu\\\/product\\\/straight-w-white-black\\\/#primaryimage\",\"url\":\"https:\\\/\\\/www.modelight.eu\\\/wp-content\\\/uploads\\\/2020\\\/08\\\/straight-w-linea-light-white-black-italian-wall-lights-modelight-designer-lighting-1.jpg\",\"contentUrl\":\"https:\\\/\\\/www.modelight.eu\\\/wp-content\\\/uploads\\\/2020\\\/08\\\/straight-w-linea-light-white-black-italian-wall-lights-modelight-designer-lighting-1.jpg\",\"width\":800,\"height\":1200,\"caption\":\"STRAIGHT W WHITE - BLACK Italian Wall Light Picture 1\"},{\"@type\":\"BreadcrumbList\",\"@id\":\"https:\\\/\\\/www.modelight.eu\\\/product\\\/straight-w-white-black\\\/#breadcrumb\",\"itemListElement\":[{\"@type\":\"ListItem\",\"position\":1,\"name\":\"Home\",\"item\":\"https:\\\/\\\/www.modelight.eu\\\/\"},{\"@type\":\"ListItem\",\"position\":2,\"name\":\"Shop\",\"item\":\"https:\\\/\\\/www.modelight.eu\\\/modelight-decorative-lighting\\\/\"},{\"@type\":\"ListItem\",\"position\":3,\"name\":\"STRAIGHT W\"}]},{\"@type\":\"WebSite\",\"@id\":\"http:\\\/\\\/www.modelight.eu\\\/pt\\\/#website\",\"url\":\"http:\\\/\\\/www.modelight.eu\\\/pt\\\/\",\"name\":\"Modelight\",\"description\":\"Italian Decorative Lighting\",\"publisher\":{\"@id\":\"http:\\\/\\\/www.modelight.eu\\\/pt\\\/#organization\"},\"potentialAction\":[{\"@type\":\"SearchAction\",\"target\":{\"@type\":\"EntryPoint\",\"urlTemplate\":\"http:\\\/\\\/www.modelight.eu\\\/pt\\\/?s={search_term_string}\"},\"query-input\":{\"@type\":\"PropertyValueSpecification\",\"valueRequired\":true,\"valueName\":\"search_term_string\"}}],\"inLanguage\":\"fr-FR\"},{\"@type\":\"Organization\",\"@id\":\"http:\\\/\\\/www.modelight.eu\\\/pt\\\/#organization\",\"name\":\"modelight.eu\",\"url\":\"http:\\\/\\\/www.modelight.eu\\\/pt\\\/\",\"logo\":{\"@type\":\"ImageObject\",\"inLanguage\":\"fr-FR\",\"@id\":\"http:\\\/\\\/www.modelight.eu\\\/pt\\\/#\\\/schema\\\/logo\\\/image\\\/\",\"url\":\"https:\\\/\\\/www.modelight.eu\\\/wp-content\\\/uploads\\\/2020\\\/08\\\/modelight-ico-logo.jpg\",\"contentUrl\":\"https:\\\/\\\/www.modelight.eu\\\/wp-content\\\/uploads\\\/2020\\\/08\\\/modelight-ico-logo.jpg\",\"width\":512,\"height\":512,\"caption\":\"modelight.eu\"},\"image\":{\"@id\":\"http:\\\/\\\/www.modelight.eu\\\/pt\\\/#\\\/schema\\\/logo\\\/image\\\/\"},\"sameAs\":[\"https:\\\/\\\/www.facebook.com\\\/Modelight.eu\",\"https:\\\/\\\/x.com\\\/modelightqdl\",\"https:\\\/\\\/www.instagram.com\\\/modelight.eu\\\/\"]}]}<\/script>\n<!-- \/ Yoast SEO plugin. -->","yoast_head_json":{"title":"Applique murale droite blanche - noire Linea Light style italien","description":"Le nec plus ultra de l'\u00e9clairage mural italien \u2013 STRAIGHT W WHITE - BLACK Linea Light. Modelight Le Grand \u00c9clairage Italien. Livraison GRATUITE sur toutes les commandes \u2013 Achetez maintenant.","robots":{"index":"index","follow":"follow","max-snippet":"max-snippet:-1","max-image-preview":"max-image-preview:large","max-video-preview":"max-video-preview:-1"},"canonical":"https:\/\/www.modelight.eu\/fr\/produit\/straight-w-white-black\/","og_locale":"fr_FR","og_type":"article","og_title":"STRAIGHT W WHITE - BLACK Linea Light Italian Wall Light","og_description":"The very best in Italian wall lighting \u2013 STRAIGHT W WHITE - BLACK Linea Light. Modelight The Great Italian Lighting. FREE delivery on all orders \u2013 Shop now.","og_url":"https:\/\/www.modelight.eu\/fr\/produit\/straight-w-white-black\/","og_site_name":"Modelight","article_publisher":"https:\/\/www.facebook.com\/Modelight.eu","article_modified_time":"2024-02-23T12:46:41+00:00","og_image":[{"width":800,"height":1200,"url":"https:\/\/i0.wp.com\/www.modelight.eu\/wp-content\/uploads\/2020\/08\/straight-w-linea-light-white-black-italian-wall-lights-modelight-designer-lighting-1.jpg?fit=800%2C1200&ssl=1","type":"image\/jpeg"}],"twitter_card":"summary_large_image","twitter_site":"@modelightqdl","schema":{"@context":"https:\/\/schema.org","@graph":[{"@type":"WebPage","@id":"https:\/\/www.modelight.eu\/product\/straight-w-white-black\/","url":"https:\/\/www.modelight.eu\/product\/straight-w-white-black\/","name":"Applique murale droite blanche - noire Linea Light style italien","isPartOf":{"@id":"http:\/\/www.modelight.eu\/pt\/#website"},"primaryImageOfPage":{"@id":"https:\/\/www.modelight.eu\/product\/straight-w-white-black\/#primaryimage"},"image":{"@id":"https:\/\/www.modelight.eu\/product\/straight-w-white-black\/#primaryimage"},"thumbnailUrl":"https:\/\/www.modelight.eu\/wp-content\/uploads\/2020\/08\/straight-w-linea-light-white-black-italian-wall-lights-modelight-designer-lighting-1.jpg","datePublished":"2020-08-08T11:48:46+00:00","dateModified":"2024-02-23T12:46:41+00:00","description":"Le nec plus ultra de l'\u00e9clairage mural italien \u2013 STRAIGHT W WHITE - BLACK Linea Light. Modelight Le Grand \u00c9clairage Italien. Livraison GRATUITE sur toutes les commandes \u2013 Achetez maintenant.","breadcrumb":{"@id":"https:\/\/www.modelight.eu\/product\/straight-w-white-black\/#breadcrumb"},"inLanguage":"fr-FR","potentialAction":[{"@type":"ReadAction","target":["https:\/\/www.modelight.eu\/product\/straight-w-white-black\/"]}]},{"@type":"ImageObject","inLanguage":"fr-FR","@id":"https:\/\/www.modelight.eu\/product\/straight-w-white-black\/#primaryimage","url":"https:\/\/www.modelight.eu\/wp-content\/uploads\/2020\/08\/straight-w-linea-light-white-black-italian-wall-lights-modelight-designer-lighting-1.jpg","contentUrl":"https:\/\/www.modelight.eu\/wp-content\/uploads\/2020\/08\/straight-w-linea-light-white-black-italian-wall-lights-modelight-designer-lighting-1.jpg","width":800,"height":1200,"caption":"STRAIGHT W WHITE - BLACK Italian Wall Light Picture 1"},{"@type":"BreadcrumbList","@id":"https:\/\/www.modelight.eu\/product\/straight-w-white-black\/#breadcrumb","itemListElement":[{"@type":"ListItem","position":1,"name":"Home","item":"https:\/\/www.modelight.eu\/"},{"@type":"ListItem","position":2,"name":"Shop","item":"https:\/\/www.modelight.eu\/modelight-decorative-lighting\/"},{"@type":"ListItem","position":3,"name":"STRAIGHT W"}]},{"@type":"WebSite","@id":"http:\/\/www.modelight.eu\/pt\/#website","url":"http:\/\/www.modelight.eu\/pt\/","name":"Modelight","description":"Luminaires d\u00e9coratifs italiens","publisher":{"@id":"http:\/\/www.modelight.eu\/pt\/#organization"},"potentialAction":[{"@type":"SearchAction","target":{"@type":"EntryPoint","urlTemplate":"http:\/\/www.modelight.eu\/pt\/?s={search_term_string}"},"query-input":{"@type":"PropertyValueSpecification","valueRequired":true,"valueName":"search_term_string"}}],"inLanguage":"fr-FR"},{"@type":"Organization","@id":"http:\/\/www.modelight.eu\/pt\/#organization","name":"modelight.eu","url":"http:\/\/www.modelight.eu\/pt\/","logo":{"@type":"ImageObject","inLanguage":"fr-FR","@id":"http:\/\/www.modelight.eu\/pt\/#\/schema\/logo\/image\/","url":"https:\/\/www.modelight.eu\/wp-content\/uploads\/2020\/08\/modelight-ico-logo.jpg","contentUrl":"https:\/\/www.modelight.eu\/wp-content\/uploads\/2020\/08\/modelight-ico-logo.jpg","width":512,"height":512,"caption":"modelight.eu"},"image":{"@id":"http:\/\/www.modelight.eu\/pt\/#\/schema\/logo\/image\/"},"sameAs":["https:\/\/www.facebook.com\/Modelight.eu","https:\/\/x.com\/modelightqdl","https:\/\/www.instagram.com\/modelight.eu\/"]}]}},"jetpack_sharing_enabled":true,"_links":{"self":[{"href":"https:\/\/www.modelight.eu\/fr\/wp-json\/wp\/v2\/product\/3641","targetHints":{"allow":["GET"]}}],"collection":[{"href":"https:\/\/www.modelight.eu\/fr\/wp-json\/wp\/v2\/product"}],"about":[{"href":"https:\/\/www.modelight.eu\/fr\/wp-json\/wp\/v2\/types\/product"}],"wp:featuredmedia":[{"embeddable":true,"href":"https:\/\/www.modelight.eu\/fr\/wp-json\/wp\/v2\/media\/3642"}],"wp:attachment":[{"href":"https:\/\/www.modelight.eu\/fr\/wp-json\/wp\/v2\/media?parent=3641"}],"wp:term":[{"taxonomy":"product_brand","embeddable":true,"href":"https:\/\/www.modelight.eu\/fr\/wp-json\/wp\/v2\/product_brand?post=3641"},{"taxonomy":"product_cat","embeddable":true,"href":"https:\/\/www.modelight.eu\/fr\/wp-json\/wp\/v2\/product_cat?post=3641"},{"taxonomy":"product_tag","embeddable":true,"href":"https:\/\/www.modelight.eu\/fr\/wp-json\/wp\/v2\/product_tag?post=3641"}],"curies":[{"name":"wp","href":"https:\/\/api.w.org\/{rel}","templated":true}]}}