{"id":3131,"date":"2020-08-06T10:15:14","date_gmt":"2020-08-06T10:15:14","guid":{"rendered":"https:\/\/www.modelight.eu--skip-columns=guid\/?post_type=product&#038;p=3131"},"modified":"2024-02-23T12:45:55","modified_gmt":"2024-02-23T12:45:55","slug":"ohps-fl65","status":"publish","type":"product","link":"https:\/\/www.modelight.eu\/fr\/produit\/ohps-fl65\/","title":{"rendered":"OHPS FL65"},"content":{"rendered":"","protected":false},"excerpt":{"rendered":"<p>Une d\u00e9coration de lumi\u00e8re qui \u00e9met \u00e0 la fois simplicit\u00e9 et spontan\u00e9it\u00e9, le lampadaire d'ext\u00e9rieur italien OHPS FL65 fa\u00e7onne une vigueur contemporaine dans une demi-sph\u00e8re parfaite, apparaissant comme une colline roulante de rayonnement dont la forme inonde de sophistication les grands espaces ouverts et cr\u00e9e un voile d'illumination qui refl\u00e8te la puret\u00e9 de la lumi\u00e8re naturelle.<\/p>","protected":false},"featured_media":3132,"template":"","meta":[],"product_brand":[],"product_cat":[78],"product_tag":[129,294,295,307,667,668],"class_list":{"0":"post-3131","1":"product","2":"type-product","3":"status-publish","4":"has-post-thumbnail","6":"product_cat-outdoor-lighting","7":"product_tag-floor","8":"product_tag-outdoor","9":"product_tag-garden","10":"product_tag-ohps","11":"product_tag-italian","12":"product_tag-designer","14":"first","15":"instock","16":"taxable","17":"shipping-taxable","18":"purchasable","19":"product-type-variable"},"yoast_head":"<!-- This site is optimized with the Yoast SEO plugin v27.6 - https:\/\/yoast.com\/product\/yoast-seo-wordpress\/ -->\n<title>OHPS FL65 Linea Light Italian Floor Lamp<\/title>\n<meta name=\"description\" content=\"The very best in Italian outdoor lighting \u2013 OHPS FL65 Linea Light. Modelight The Great Italian Lighting. FREE delivery on all orders \u2013 Shop now.\" \/>\n<meta name=\"robots\" content=\"index, follow, max-snippet:-1, max-image-preview:large, max-video-preview:-1\" \/>\n<link rel=\"canonical\" href=\"http:\/\/www.modelight.eu\/fr\/produit\/ohps-fl65\/\" \/>\n<meta property=\"og:locale\" content=\"fr_FR\" \/>\n<meta property=\"og:type\" content=\"article\" \/>\n<meta property=\"og:title\" content=\"OHPS FL65 Linea Light Italian Floor Lamp\" \/>\n<meta property=\"og:description\" content=\"The very best in Italian outdoor lighting \u2013 OHPS FL65 Linea Light. Modelight The Great Italian Lighting. FREE delivery on all orders \u2013 Shop now.\" \/>\n<meta property=\"og:url\" content=\"http:\/\/www.modelight.eu\/fr\/produit\/ohps-fl65\/\" \/>\n<meta property=\"og:site_name\" content=\"Modelight\" \/>\n<meta property=\"article:publisher\" content=\"https:\/\/www.facebook.com\/Modelight.eu\" \/>\n<meta property=\"article:modified_time\" content=\"2024-02-23T12:45:55+00:00\" \/>\n<meta property=\"og:image\" content=\"https:\/\/i0.wp.com\/www.modelight.eu\/wp-content\/uploads\/2020\/08\/ohps-fl65-linea-light-italian-outdoor-lights-floor-modelight-1.jpg?fit=800%2C1200&ssl=1\" \/>\n\t<meta property=\"og:image:width\" content=\"800\" \/>\n\t<meta property=\"og:image:height\" content=\"1200\" \/>\n\t<meta property=\"og:image:type\" content=\"image\/jpeg\" \/>\n<meta name=\"twitter:card\" content=\"summary_large_image\" \/>\n<meta name=\"twitter:site\" content=\"@modelightqdl\" \/>\n<script type=\"application\/ld+json\" class=\"yoast-schema-graph\">{\"@context\":\"https:\\\/\\\/schema.org\",\"@graph\":[{\"@type\":\"WebPage\",\"@id\":\"http:\\\/\\\/www.modelight.eu\\\/fr\\\/produit\\\/ohps-fl65\\\/\",\"url\":\"http:\\\/\\\/www.modelight.eu\\\/fr\\\/produit\\\/ohps-fl65\\\/\",\"name\":\"OHPS FL65 Linea Light Italian Floor Lamp\",\"isPartOf\":{\"@id\":\"http:\\\/\\\/www.modelight.eu\\\/pt\\\/#website\"},\"primaryImageOfPage\":{\"@id\":\"http:\\\/\\\/www.modelight.eu\\\/fr\\\/produit\\\/ohps-fl65\\\/#primaryimage\"},\"image\":{\"@id\":\"http:\\\/\\\/www.modelight.eu\\\/fr\\\/produit\\\/ohps-fl65\\\/#primaryimage\"},\"thumbnailUrl\":\"https:\\\/\\\/www.modelight.eu\\\/wp-content\\\/uploads\\\/2020\\\/08\\\/ohps-fl65-linea-light-italian-outdoor-lights-floor-modelight-1.jpg\",\"datePublished\":\"2020-08-06T10:15:14+00:00\",\"dateModified\":\"2024-02-23T12:45:55+00:00\",\"description\":\"The very best in Italian outdoor lighting \u2013 OHPS FL65 Linea Light. Modelight The Great Italian Lighting. FREE delivery on all orders \u2013 Shop now.\",\"breadcrumb\":{\"@id\":\"http:\\\/\\\/www.modelight.eu\\\/fr\\\/produit\\\/ohps-fl65\\\/#breadcrumb\"},\"inLanguage\":\"fr-FR\",\"potentialAction\":[{\"@type\":\"ReadAction\",\"target\":[\"http:\\\/\\\/www.modelight.eu\\\/fr\\\/produit\\\/ohps-fl65\\\/\"]}]},{\"@type\":\"ImageObject\",\"inLanguage\":\"fr-FR\",\"@id\":\"http:\\\/\\\/www.modelight.eu\\\/fr\\\/produit\\\/ohps-fl65\\\/#primaryimage\",\"url\":\"https:\\\/\\\/www.modelight.eu\\\/wp-content\\\/uploads\\\/2020\\\/08\\\/ohps-fl65-linea-light-italian-outdoor-lights-floor-modelight-1.jpg\",\"contentUrl\":\"https:\\\/\\\/www.modelight.eu\\\/wp-content\\\/uploads\\\/2020\\\/08\\\/ohps-fl65-linea-light-italian-outdoor-lights-floor-modelight-1.jpg\",\"width\":800,\"height\":1200,\"caption\":\"OHPS FL65 Italian Floor Lamp Picture 1\"},{\"@type\":\"BreadcrumbList\",\"@id\":\"http:\\\/\\\/www.modelight.eu\\\/fr\\\/produit\\\/ohps-fl65\\\/#breadcrumb\",\"itemListElement\":[{\"@type\":\"ListItem\",\"position\":1,\"name\":\"Home\",\"item\":\"https:\\\/\\\/www.modelight.eu\\\/\"},{\"@type\":\"ListItem\",\"position\":2,\"name\":\"Shop\",\"item\":\"https:\\\/\\\/www.modelight.eu\\\/modelight-decorative-lighting\\\/\"},{\"@type\":\"ListItem\",\"position\":3,\"name\":\"OHPS FL65\"}]},{\"@type\":\"WebSite\",\"@id\":\"http:\\\/\\\/www.modelight.eu\\\/pt\\\/#website\",\"url\":\"http:\\\/\\\/www.modelight.eu\\\/pt\\\/\",\"name\":\"Modelight\",\"description\":\"Italian Decorative Lighting\",\"publisher\":{\"@id\":\"http:\\\/\\\/www.modelight.eu\\\/pt\\\/#organization\"},\"potentialAction\":[{\"@type\":\"SearchAction\",\"target\":{\"@type\":\"EntryPoint\",\"urlTemplate\":\"http:\\\/\\\/www.modelight.eu\\\/pt\\\/?s={search_term_string}\"},\"query-input\":{\"@type\":\"PropertyValueSpecification\",\"valueRequired\":true,\"valueName\":\"search_term_string\"}}],\"inLanguage\":\"fr-FR\"},{\"@type\":\"Organization\",\"@id\":\"http:\\\/\\\/www.modelight.eu\\\/pt\\\/#organization\",\"name\":\"modelight.eu\",\"url\":\"http:\\\/\\\/www.modelight.eu\\\/pt\\\/\",\"logo\":{\"@type\":\"ImageObject\",\"inLanguage\":\"fr-FR\",\"@id\":\"http:\\\/\\\/www.modelight.eu\\\/pt\\\/#\\\/schema\\\/logo\\\/image\\\/\",\"url\":\"https:\\\/\\\/www.modelight.eu\\\/wp-content\\\/uploads\\\/2020\\\/08\\\/modelight-ico-logo.jpg\",\"contentUrl\":\"https:\\\/\\\/www.modelight.eu\\\/wp-content\\\/uploads\\\/2020\\\/08\\\/modelight-ico-logo.jpg\",\"width\":512,\"height\":512,\"caption\":\"modelight.eu\"},\"image\":{\"@id\":\"http:\\\/\\\/www.modelight.eu\\\/pt\\\/#\\\/schema\\\/logo\\\/image\\\/\"},\"sameAs\":[\"https:\\\/\\\/www.facebook.com\\\/Modelight.eu\",\"https:\\\/\\\/x.com\\\/modelightqdl\",\"https:\\\/\\\/www.instagram.com\\\/modelight.eu\\\/\"]}]}<\/script>\n<!-- \/ Yoast SEO plugin. -->","yoast_head_json":{"title":"OHPS FL65 Linea Light Lampadaire Italien","description":"Le meilleur de l'\u00e9clairage ext\u00e9rieur italien - OHPS FL65 Linea Light. Modelight Le grand \u00e9clairage italien. Livraison GRATUITE sur toutes les commandes - Magasinez maintenant.","robots":{"index":"index","follow":"follow","max-snippet":"max-snippet:-1","max-image-preview":"max-image-preview:large","max-video-preview":"max-video-preview:-1"},"canonical":"http:\/\/www.modelight.eu\/fr\/produit\/ohps-fl65\/","og_locale":"fr_FR","og_type":"article","og_title":"OHPS FL65 Linea Light Italian Floor Lamp","og_description":"The very best in Italian outdoor lighting \u2013 OHPS FL65 Linea Light. Modelight The Great Italian Lighting. FREE delivery on all orders \u2013 Shop now.","og_url":"http:\/\/www.modelight.eu\/fr\/produit\/ohps-fl65\/","og_site_name":"Modelight","article_publisher":"https:\/\/www.facebook.com\/Modelight.eu","article_modified_time":"2024-02-23T12:45:55+00:00","og_image":[{"width":800,"height":1200,"url":"https:\/\/i0.wp.com\/www.modelight.eu\/wp-content\/uploads\/2020\/08\/ohps-fl65-linea-light-italian-outdoor-lights-floor-modelight-1.jpg?fit=800%2C1200&ssl=1","type":"image\/jpeg"}],"twitter_card":"summary_large_image","twitter_site":"@modelightqdl","schema":{"@context":"https:\/\/schema.org","@graph":[{"@type":"WebPage","@id":"http:\/\/www.modelight.eu\/fr\/produit\/ohps-fl65\/","url":"http:\/\/www.modelight.eu\/fr\/produit\/ohps-fl65\/","name":"OHPS FL65 Linea Light Lampadaire Italien","isPartOf":{"@id":"http:\/\/www.modelight.eu\/pt\/#website"},"primaryImageOfPage":{"@id":"http:\/\/www.modelight.eu\/fr\/produit\/ohps-fl65\/#primaryimage"},"image":{"@id":"http:\/\/www.modelight.eu\/fr\/produit\/ohps-fl65\/#primaryimage"},"thumbnailUrl":"https:\/\/www.modelight.eu\/wp-content\/uploads\/2020\/08\/ohps-fl65-linea-light-italian-outdoor-lights-floor-modelight-1.jpg","datePublished":"2020-08-06T10:15:14+00:00","dateModified":"2024-02-23T12:45:55+00:00","description":"Le meilleur de l'\u00e9clairage ext\u00e9rieur italien - OHPS FL65 Linea Light. Modelight Le grand \u00e9clairage italien. Livraison GRATUITE sur toutes les commandes - Magasinez maintenant.","breadcrumb":{"@id":"http:\/\/www.modelight.eu\/fr\/produit\/ohps-fl65\/#breadcrumb"},"inLanguage":"fr-FR","potentialAction":[{"@type":"ReadAction","target":["http:\/\/www.modelight.eu\/fr\/produit\/ohps-fl65\/"]}]},{"@type":"ImageObject","inLanguage":"fr-FR","@id":"http:\/\/www.modelight.eu\/fr\/produit\/ohps-fl65\/#primaryimage","url":"https:\/\/www.modelight.eu\/wp-content\/uploads\/2020\/08\/ohps-fl65-linea-light-italian-outdoor-lights-floor-modelight-1.jpg","contentUrl":"https:\/\/www.modelight.eu\/wp-content\/uploads\/2020\/08\/ohps-fl65-linea-light-italian-outdoor-lights-floor-modelight-1.jpg","width":800,"height":1200,"caption":"OHPS FL65 Italian Floor Lamp Picture 1"},{"@type":"BreadcrumbList","@id":"http:\/\/www.modelight.eu\/fr\/produit\/ohps-fl65\/#breadcrumb","itemListElement":[{"@type":"ListItem","position":1,"name":"Home","item":"https:\/\/www.modelight.eu\/"},{"@type":"ListItem","position":2,"name":"Shop","item":"https:\/\/www.modelight.eu\/modelight-decorative-lighting\/"},{"@type":"ListItem","position":3,"name":"OHPS FL65"}]},{"@type":"WebSite","@id":"http:\/\/www.modelight.eu\/pt\/#website","url":"http:\/\/www.modelight.eu\/pt\/","name":"Modelight","description":"Luminaires d\u00e9coratifs italiens","publisher":{"@id":"http:\/\/www.modelight.eu\/pt\/#organization"},"potentialAction":[{"@type":"SearchAction","target":{"@type":"EntryPoint","urlTemplate":"http:\/\/www.modelight.eu\/pt\/?s={search_term_string}"},"query-input":{"@type":"PropertyValueSpecification","valueRequired":true,"valueName":"search_term_string"}}],"inLanguage":"fr-FR"},{"@type":"Organization","@id":"http:\/\/www.modelight.eu\/pt\/#organization","name":"modelight.eu","url":"http:\/\/www.modelight.eu\/pt\/","logo":{"@type":"ImageObject","inLanguage":"fr-FR","@id":"http:\/\/www.modelight.eu\/pt\/#\/schema\/logo\/image\/","url":"https:\/\/www.modelight.eu\/wp-content\/uploads\/2020\/08\/modelight-ico-logo.jpg","contentUrl":"https:\/\/www.modelight.eu\/wp-content\/uploads\/2020\/08\/modelight-ico-logo.jpg","width":512,"height":512,"caption":"modelight.eu"},"image":{"@id":"http:\/\/www.modelight.eu\/pt\/#\/schema\/logo\/image\/"},"sameAs":["https:\/\/www.facebook.com\/Modelight.eu","https:\/\/x.com\/modelightqdl","https:\/\/www.instagram.com\/modelight.eu\/"]}]}},"jetpack_sharing_enabled":true,"_links":{"self":[{"href":"https:\/\/www.modelight.eu\/fr\/wp-json\/wp\/v2\/product\/3131","targetHints":{"allow":["GET"]}}],"collection":[{"href":"https:\/\/www.modelight.eu\/fr\/wp-json\/wp\/v2\/product"}],"about":[{"href":"https:\/\/www.modelight.eu\/fr\/wp-json\/wp\/v2\/types\/product"}],"wp:featuredmedia":[{"embeddable":true,"href":"https:\/\/www.modelight.eu\/fr\/wp-json\/wp\/v2\/media\/3132"}],"wp:attachment":[{"href":"https:\/\/www.modelight.eu\/fr\/wp-json\/wp\/v2\/media?parent=3131"}],"wp:term":[{"taxonomy":"product_brand","embeddable":true,"href":"https:\/\/www.modelight.eu\/fr\/wp-json\/wp\/v2\/product_brand?post=3131"},{"taxonomy":"product_cat","embeddable":true,"href":"https:\/\/www.modelight.eu\/fr\/wp-json\/wp\/v2\/product_cat?post=3131"},{"taxonomy":"product_tag","embeddable":true,"href":"https:\/\/www.modelight.eu\/fr\/wp-json\/wp\/v2\/product_tag?post=3131"}],"curies":[{"name":"wp","href":"https:\/\/api.w.org\/{rel}","templated":true}]}}