{"id":10006,"date":"2021-10-21T10:45:17","date_gmt":"2021-10-21T10:45:17","guid":{"rendered":"https:\/\/www.modelight.eu--skip-columns=guid\/?post_type=product&#038;p=10006"},"modified":"2024-02-23T12:52:36","modified_gmt":"2024-02-23T12:52:36","slug":"galassia","status":"publish","type":"product","link":"https:\/\/www.modelight.eu\/fr\/produit\/galassia\/","title":{"rendered":"GALASSIA"},"content":{"rendered":"","protected":false},"excerpt":{"rendered":"<p>La touche finale parfaite pour une salle \u00e0 manger sophistiqu\u00e9e, un hall d'entr\u00e9e ou un espace de vie ouvert, le style r\u00e9tro de Galassia rappelle l'\u00e9poque des salons de cocktails et du Rat Pack. Cette lampe suspendue est une combinaison de laiton avec une dorure galvanique et des sph\u00e8res en verre souffl\u00e9 brillant qui adoucissent et diffusent la lumi\u00e8re. Cr\u00e9ez un effet dramatique dans une pi\u00e8ce en la pla\u00e7ant contre des murs sombres, ou gardez-la merveilleusement l\u00e9g\u00e8re avec un agencement neutre. Galassia de Stilnovo convient aux deux.<\/p>","protected":false},"featured_media":10007,"template":"","meta":[],"product_brand":[],"product_cat":[42,52,53],"product_tag":[40,41,85,112,118,667,668,895],"class_list":{"0":"post-10006","1":"product","2":"type-product","3":"status-publish","4":"has-post-thumbnail","6":"product_cat-italian-pendant-lighting","7":"product_cat-italian-sphere-lighting","8":"product_cat-italian-glass-lighting","9":"product_tag-pendant","10":"product_tag-lighting","11":"product_tag-glass","12":"product_tag-white","13":"product_tag-gold","14":"product_tag-italian","15":"product_tag-designer","16":"product_tag-galassia","18":"first","19":"instock","20":"taxable","21":"shipping-taxable","22":"purchasable","23":"product-type-variable"},"yoast_head":"<!-- This site is optimized with the Yoast SEO plugin v27.4 - https:\/\/yoast.com\/product\/yoast-seo-wordpress\/ -->\n<title>GALASSIA - Modelight<\/title>\n<meta name=\"robots\" content=\"index, follow, max-snippet:-1, max-image-preview:large, max-video-preview:-1\" \/>\n<link rel=\"canonical\" href=\"https:\/\/www.modelight.eu\/fr\/produit\/galassia\/\" \/>\n<meta property=\"og:locale\" content=\"fr_FR\" \/>\n<meta property=\"og:type\" content=\"article\" \/>\n<meta property=\"og:title\" content=\"GALASSIA - Modelight\" \/>\n<meta property=\"og:description\" content=\"The perfect finishing touch for a sophisticated dining room, hall, or open living space, Galassia\u2019s retro style harks back to the era of cocktail lounges and the Rat Pack. This pendant light is a combination of brass with galvanic gilding and blown glossy glass spheres which soften and diffuse the light. Create drama in a room by placing them against dark walls, or keep it wonderfully light with a neutral scheme. Galassia by Stilnovo suits both.\" \/>\n<meta property=\"og:url\" content=\"https:\/\/www.modelight.eu\/fr\/produit\/galassia\/\" \/>\n<meta property=\"og:site_name\" content=\"Modelight\" \/>\n<meta property=\"article:publisher\" content=\"https:\/\/www.facebook.com\/Modelight.eu\" \/>\n<meta property=\"article:modified_time\" content=\"2024-02-23T12:52:36+00:00\" \/>\n<meta property=\"og:image\" content=\"https:\/\/www.modelight.eu\/wp-content\/uploads\/2021\/10\/stilnovo-galassia-12-italian-pendant-lighting-modelight-designer-lighting-1.jpg\" \/>\n\t<meta property=\"og:image:width\" content=\"800\" \/>\n\t<meta property=\"og:image:height\" content=\"1200\" \/>\n\t<meta property=\"og:image:type\" content=\"image\/jpeg\" \/>\n<meta name=\"twitter:card\" content=\"summary_large_image\" \/>\n<meta name=\"twitter:site\" content=\"@modelightqdl\" \/>\n<script type=\"application\/ld+json\" class=\"yoast-schema-graph\">{\"@context\":\"https:\\\/\\\/schema.org\",\"@graph\":[{\"@type\":\"WebPage\",\"@id\":\"https:\\\/\\\/www.modelight.eu\\\/product\\\/galassia\\\/\",\"url\":\"https:\\\/\\\/www.modelight.eu\\\/product\\\/galassia\\\/\",\"name\":\"GALASSIA - Modelight\",\"isPartOf\":{\"@id\":\"http:\\\/\\\/www.modelight.eu\\\/pt\\\/#website\"},\"primaryImageOfPage\":{\"@id\":\"https:\\\/\\\/www.modelight.eu\\\/product\\\/galassia\\\/#primaryimage\"},\"image\":{\"@id\":\"https:\\\/\\\/www.modelight.eu\\\/product\\\/galassia\\\/#primaryimage\"},\"thumbnailUrl\":\"https:\\\/\\\/www.modelight.eu\\\/wp-content\\\/uploads\\\/2021\\\/10\\\/stilnovo-galassia-12-italian-pendant-lighting-modelight-designer-lighting-1.jpg\",\"datePublished\":\"2021-10-21T10:45:17+00:00\",\"dateModified\":\"2024-02-23T12:52:36+00:00\",\"breadcrumb\":{\"@id\":\"https:\\\/\\\/www.modelight.eu\\\/product\\\/galassia\\\/#breadcrumb\"},\"inLanguage\":\"fr-FR\",\"potentialAction\":[{\"@type\":\"ReadAction\",\"target\":[\"https:\\\/\\\/www.modelight.eu\\\/product\\\/galassia\\\/\"]}]},{\"@type\":\"ImageObject\",\"inLanguage\":\"fr-FR\",\"@id\":\"https:\\\/\\\/www.modelight.eu\\\/product\\\/galassia\\\/#primaryimage\",\"url\":\"https:\\\/\\\/www.modelight.eu\\\/wp-content\\\/uploads\\\/2021\\\/10\\\/stilnovo-galassia-12-italian-pendant-lighting-modelight-designer-lighting-1.jpg\",\"contentUrl\":\"https:\\\/\\\/www.modelight.eu\\\/wp-content\\\/uploads\\\/2021\\\/10\\\/stilnovo-galassia-12-italian-pendant-lighting-modelight-designer-lighting-1.jpg\",\"width\":800,\"height\":1200,\"caption\":\"Stilnovo Galassia Italian pendant lighting picture 1\"},{\"@type\":\"BreadcrumbList\",\"@id\":\"https:\\\/\\\/www.modelight.eu\\\/product\\\/galassia\\\/#breadcrumb\",\"itemListElement\":[{\"@type\":\"ListItem\",\"position\":1,\"name\":\"Home\",\"item\":\"https:\\\/\\\/www.modelight.eu\\\/\"},{\"@type\":\"ListItem\",\"position\":2,\"name\":\"Shop\",\"item\":\"https:\\\/\\\/www.modelight.eu\\\/modelight-decorative-lighting\\\/\"},{\"@type\":\"ListItem\",\"position\":3,\"name\":\"GALASSIA\"}]},{\"@type\":\"WebSite\",\"@id\":\"http:\\\/\\\/www.modelight.eu\\\/pt\\\/#website\",\"url\":\"http:\\\/\\\/www.modelight.eu\\\/pt\\\/\",\"name\":\"Modelight\",\"description\":\"Italian Decorative Lighting\",\"publisher\":{\"@id\":\"http:\\\/\\\/www.modelight.eu\\\/pt\\\/#organization\"},\"potentialAction\":[{\"@type\":\"SearchAction\",\"target\":{\"@type\":\"EntryPoint\",\"urlTemplate\":\"http:\\\/\\\/www.modelight.eu\\\/pt\\\/?s={search_term_string}\"},\"query-input\":{\"@type\":\"PropertyValueSpecification\",\"valueRequired\":true,\"valueName\":\"search_term_string\"}}],\"inLanguage\":\"fr-FR\"},{\"@type\":\"Organization\",\"@id\":\"http:\\\/\\\/www.modelight.eu\\\/pt\\\/#organization\",\"name\":\"modelight.eu\",\"url\":\"http:\\\/\\\/www.modelight.eu\\\/pt\\\/\",\"logo\":{\"@type\":\"ImageObject\",\"inLanguage\":\"fr-FR\",\"@id\":\"http:\\\/\\\/www.modelight.eu\\\/pt\\\/#\\\/schema\\\/logo\\\/image\\\/\",\"url\":\"https:\\\/\\\/www.modelight.eu\\\/wp-content\\\/uploads\\\/2020\\\/08\\\/modelight-ico-logo.jpg\",\"contentUrl\":\"https:\\\/\\\/www.modelight.eu\\\/wp-content\\\/uploads\\\/2020\\\/08\\\/modelight-ico-logo.jpg\",\"width\":512,\"height\":512,\"caption\":\"modelight.eu\"},\"image\":{\"@id\":\"http:\\\/\\\/www.modelight.eu\\\/pt\\\/#\\\/schema\\\/logo\\\/image\\\/\"},\"sameAs\":[\"https:\\\/\\\/www.facebook.com\\\/Modelight.eu\",\"https:\\\/\\\/x.com\\\/modelightqdl\",\"https:\\\/\\\/www.instagram.com\\\/modelight.eu\\\/\"]}]}<\/script>\n<!-- \/ Yoast SEO plugin. -->","yoast_head_json":{"title":"GALASSIA - Modelight","robots":{"index":"index","follow":"follow","max-snippet":"max-snippet:-1","max-image-preview":"max-image-preview:large","max-video-preview":"max-video-preview:-1"},"canonical":"https:\/\/www.modelight.eu\/fr\/produit\/galassia\/","og_locale":"fr_FR","og_type":"article","og_title":"GALASSIA - Modelight","og_description":"The perfect finishing touch for a sophisticated dining room, hall, or open living space, Galassia\u2019s retro style harks back to the era of cocktail lounges and the Rat Pack. This pendant light is a combination of brass with galvanic gilding and blown glossy glass spheres which soften and diffuse the light. Create drama in a room by placing them against dark walls, or keep it wonderfully light with a neutral scheme. Galassia by Stilnovo suits both.","og_url":"https:\/\/www.modelight.eu\/fr\/produit\/galassia\/","og_site_name":"Modelight","article_publisher":"https:\/\/www.facebook.com\/Modelight.eu","article_modified_time":"2024-02-23T12:52:36+00:00","og_image":[{"width":800,"height":1200,"url":"https:\/\/www.modelight.eu\/wp-content\/uploads\/2021\/10\/stilnovo-galassia-12-italian-pendant-lighting-modelight-designer-lighting-1.jpg","type":"image\/jpeg"}],"twitter_card":"summary_large_image","twitter_site":"@modelightqdl","schema":{"@context":"https:\/\/schema.org","@graph":[{"@type":"WebPage","@id":"https:\/\/www.modelight.eu\/product\/galassia\/","url":"https:\/\/www.modelight.eu\/product\/galassia\/","name":"GALASSIA - Modelight","isPartOf":{"@id":"http:\/\/www.modelight.eu\/pt\/#website"},"primaryImageOfPage":{"@id":"https:\/\/www.modelight.eu\/product\/galassia\/#primaryimage"},"image":{"@id":"https:\/\/www.modelight.eu\/product\/galassia\/#primaryimage"},"thumbnailUrl":"https:\/\/www.modelight.eu\/wp-content\/uploads\/2021\/10\/stilnovo-galassia-12-italian-pendant-lighting-modelight-designer-lighting-1.jpg","datePublished":"2021-10-21T10:45:17+00:00","dateModified":"2024-02-23T12:52:36+00:00","breadcrumb":{"@id":"https:\/\/www.modelight.eu\/product\/galassia\/#breadcrumb"},"inLanguage":"fr-FR","potentialAction":[{"@type":"ReadAction","target":["https:\/\/www.modelight.eu\/product\/galassia\/"]}]},{"@type":"ImageObject","inLanguage":"fr-FR","@id":"https:\/\/www.modelight.eu\/product\/galassia\/#primaryimage","url":"https:\/\/www.modelight.eu\/wp-content\/uploads\/2021\/10\/stilnovo-galassia-12-italian-pendant-lighting-modelight-designer-lighting-1.jpg","contentUrl":"https:\/\/www.modelight.eu\/wp-content\/uploads\/2021\/10\/stilnovo-galassia-12-italian-pendant-lighting-modelight-designer-lighting-1.jpg","width":800,"height":1200,"caption":"Stilnovo Galassia Italian pendant lighting picture 1"},{"@type":"BreadcrumbList","@id":"https:\/\/www.modelight.eu\/product\/galassia\/#breadcrumb","itemListElement":[{"@type":"ListItem","position":1,"name":"Home","item":"https:\/\/www.modelight.eu\/"},{"@type":"ListItem","position":2,"name":"Shop","item":"https:\/\/www.modelight.eu\/modelight-decorative-lighting\/"},{"@type":"ListItem","position":3,"name":"GALASSIA"}]},{"@type":"WebSite","@id":"http:\/\/www.modelight.eu\/pt\/#website","url":"http:\/\/www.modelight.eu\/pt\/","name":"Modelight","description":"Luminaires d\u00e9coratifs italiens","publisher":{"@id":"http:\/\/www.modelight.eu\/pt\/#organization"},"potentialAction":[{"@type":"SearchAction","target":{"@type":"EntryPoint","urlTemplate":"http:\/\/www.modelight.eu\/pt\/?s={search_term_string}"},"query-input":{"@type":"PropertyValueSpecification","valueRequired":true,"valueName":"search_term_string"}}],"inLanguage":"fr-FR"},{"@type":"Organization","@id":"http:\/\/www.modelight.eu\/pt\/#organization","name":"modelight.eu","url":"http:\/\/www.modelight.eu\/pt\/","logo":{"@type":"ImageObject","inLanguage":"fr-FR","@id":"http:\/\/www.modelight.eu\/pt\/#\/schema\/logo\/image\/","url":"https:\/\/www.modelight.eu\/wp-content\/uploads\/2020\/08\/modelight-ico-logo.jpg","contentUrl":"https:\/\/www.modelight.eu\/wp-content\/uploads\/2020\/08\/modelight-ico-logo.jpg","width":512,"height":512,"caption":"modelight.eu"},"image":{"@id":"http:\/\/www.modelight.eu\/pt\/#\/schema\/logo\/image\/"},"sameAs":["https:\/\/www.facebook.com\/Modelight.eu","https:\/\/x.com\/modelightqdl","https:\/\/www.instagram.com\/modelight.eu\/"]}]}},"jetpack_sharing_enabled":true,"_links":{"self":[{"href":"https:\/\/www.modelight.eu\/fr\/wp-json\/wp\/v2\/product\/10006","targetHints":{"allow":["GET"]}}],"collection":[{"href":"https:\/\/www.modelight.eu\/fr\/wp-json\/wp\/v2\/product"}],"about":[{"href":"https:\/\/www.modelight.eu\/fr\/wp-json\/wp\/v2\/types\/product"}],"wp:featuredmedia":[{"embeddable":true,"href":"https:\/\/www.modelight.eu\/fr\/wp-json\/wp\/v2\/media\/10007"}],"wp:attachment":[{"href":"https:\/\/www.modelight.eu\/fr\/wp-json\/wp\/v2\/media?parent=10006"}],"wp:term":[{"taxonomy":"product_brand","embeddable":true,"href":"https:\/\/www.modelight.eu\/fr\/wp-json\/wp\/v2\/product_brand?post=10006"},{"taxonomy":"product_cat","embeddable":true,"href":"https:\/\/www.modelight.eu\/fr\/wp-json\/wp\/v2\/product_cat?post=10006"},{"taxonomy":"product_tag","embeddable":true,"href":"https:\/\/www.modelight.eu\/fr\/wp-json\/wp\/v2\/product_tag?post=10006"}],"curies":[{"name":"wp","href":"https:\/\/api.w.org\/{rel}","templated":true}]}}