{"id":8770,"date":"2021-10-07T09:43:23","date_gmt":"2021-10-07T09:43:23","guid":{"rendered":"https:\/\/www.modelight.eu--skip-columns=guid\/?post_type=product&#038;p=8770"},"modified":"2024-07-03T16:15:50","modified_gmt":"2024-07-03T15:15:50","slug":"honey-86","status":"publish","type":"product","link":"https:\/\/www.modelight.eu\/es\/producto\/honey-86\/","title":{"rendered":"MIEL 86"},"content":{"rendered":"<p>La l\u00e1mpara suspendida Honey de Stilnovo es una cautivadora mezcla de dise\u00f1o moderno y elegancia atemporal. Perfecta para realzar interiores contempor\u00e1neos. Esta distintiva l\u00e1mpara colgante encarna el compromiso de Stilnovo con la innovaci\u00f3n, la calidad y el refinamiento est\u00e9tico. Se trata de un complemento que destaca en cualquier espacio.<\/p>\n<p>Inspirada en la geometr\u00eda natural de los panales. La l\u00e1mpara colgante Honey presenta un dise\u00f1o hexagonal \u00fanico que a\u00f1ade un toque de sofisticaci\u00f3n e intriga visual a cualquier habitaci\u00f3n. La disposici\u00f3n precisa de los hex\u00e1gonos crea un juego din\u00e1mico de luces y sombras. Ofrece un efecto visual impresionante que eleva el ambiente tanto de entornos residenciales como comerciales.<\/p>\n<h4>Dise\u00f1o<\/h4>\n<p>Fabricada con meticulosa atenci\u00f3n al detalle. La l\u00e1mpara colgante Honey est\u00e1 fabricada con materiales de alta calidad que garantizan su durabilidad y longevidad. La l\u00e1mpara est\u00e1 disponible en varios acabados, lo que permite personalizarla para adaptarla a diferentes estilos de interior y combinaciones de colores. Su perfil elegante y minimalista la convierte en una pieza vers\u00e1til que se integra a la perfecci\u00f3n en diversos temas de decoraci\u00f3n, desde ambientes modernos y minimalistas a otros m\u00e1s ecl\u00e9cticos y art\u00edsticos.<\/p>\n<h4>Tecnolog\u00eda<\/h4>\n<p>Una de las principales caracter\u00edsticas de la l\u00e1mpara colgante Honey es el uso de la avanzada tecnolog\u00eda LED. Esto proporciona una iluminaci\u00f3n brillante y energ\u00e9ticamente eficiente. Las luces LED no s\u00f3lo reducen el consumo de energ\u00eda, sino que tambi\u00e9n ofrecen una vida \u00fatil m\u00e1s larga en comparaci\u00f3n con las opciones de iluminaci\u00f3n tradicionales. Este compromiso con la sostenibilidad y la eficiencia est\u00e1 en consonancia con la dedicaci\u00f3n de Stilnovo al dise\u00f1o respetuoso con el medio ambiente.<\/p>\n<p>La l\u00e1mpara colgante Honey es m\u00e1s que un simple accesorio de iluminaci\u00f3n; es una pieza que transforma cualquier pared en una obra de arte. Su dise\u00f1o \u00fanico y su funcionalidad superior la convierten en la opci\u00f3n ideal para realzar pasillos, salones, dormitorios y espacios comerciales como oficinas y locales de hosteler\u00eda. El resplandor ambiental de la luz y los llamativos elementos de dise\u00f1o crean una atm\u00f3sfera c\u00e1lida y acogedora, haciendo que cualquier espacio resulte m\u00e1s elegante y acogedor.<\/p>\n<p>Para obtener m\u00e1s informaci\u00f3n sobre la l\u00e1mpara Honey Pendant, incluidas las especificaciones detalladas del producto e im\u00e1genes de alta calidad, visite <a href=\"https:\/\/www.stilnovo.com\/en\/product\/honey-wall\/\" target=\"_new\" rel=\"noreferrer noopener\">stilnovo.com<\/a>. Descubra c\u00f3mo esta exquisita pieza puede elevar su dise\u00f1o interior con su estilo innovador y su excepcional artesan\u00eda.<\/p>\n<p>En resumen, la l\u00e1mpara colgante Honey de Stilnovo ofrece una combinaci\u00f3n perfecta de dise\u00f1o contempor\u00e1neo, excelencia funcional y tecnolog\u00eda sostenible. Explore toda la gama de productos Stilnovo y encuentre la soluci\u00f3n de iluminaci\u00f3n ideal para su espacio en <a href=\"https:\/\/www.stilnovo.com\/en\/product\/honey-wall\/\" target=\"_new\" rel=\"noreferrer noopener\">stilnovo.com<\/a>.<\/p>","protected":false},"excerpt":{"rendered":"<p>La elegante forma hexagonal de un panal de abejas es la inspiraci\u00f3n de estas espectaculares l\u00e1mparas dise\u00f1adas por Pio y Tito Toso. Nuestras preciosas l\u00e1mparas colgantes italianas Honey 86 de Stilnovo est\u00e1n creadas a partir de m\u00f3dulos de policarbonato moldeados por inyecci\u00f3n que adquieren un atractivo brillo ceroso cuando se encienden. Este impresionante efecto se consigue porque la luz se suaviza utilizando peque\u00f1as lentes semiesf\u00e9ricas en el circuito LED. Imagine el impacto de estas impresionantes luces en su vest\u00edbulo, comedor o dormitorio. Perfectas tambi\u00e9n para restaurantes y oficinas.<\/p>\n<p>Fuente de luz: LED<br \/>\nPotencia: TopLED 50W, 220-240V<br \/>\nCaracter\u00edsticas: 2700K, 5379lm, CRI 90<br \/>\nMaterial: Aluminio (blanco), PC (blanco)<br \/>\nDimensiones: 860 x 860 mm, H m\u00e1x. 2450 mm<br \/>\nGrado de protecci\u00f3n IP: IP20<br \/>\nRegulable: Corte de fase (regulador no incluido)<br \/>\nInstalaci\u00f3n: Techo<br \/>\nMarca: Stilnovo<br \/>\nFabricado en Italia<\/p>","protected":false},"featured_media":8771,"template":"","meta":[],"product_brand":[],"product_cat":[42,81],"product_tag":[40,112,570,667,668],"class_list":{"0":"post-8770","1":"product","2":"type-product","3":"status-publish","4":"has-post-thumbnail","6":"product_cat-italian-pendant-lighting","7":"product_cat-led-lighting","8":"product_tag-pendant","9":"product_tag-white","10":"product_tag-honey","11":"product_tag-italian","12":"product_tag-designer","14":"first","15":"instock","16":"taxable","17":"shipping-taxable","18":"purchasable","19":"product-type-simple"},"yoast_head":"<!-- This site is optimized with the Yoast SEO plugin v27.6 - https:\/\/yoast.com\/product\/yoast-seo-wordpress\/ -->\n<title>HONEY P2 Linea Light Italian Pendant Lighting<\/title>\n<meta name=\"description\" content=\"Discover the Honey Pendant Light, inspired by honeycombs, this energy-efficient LED fixture enhances any space with its unique hexagonal pattern.\" \/>\n<meta name=\"robots\" content=\"index, follow, max-snippet:-1, max-image-preview:large, max-video-preview:-1\" \/>\n<link rel=\"canonical\" href=\"https:\/\/www.modelight.eu\/es\/producto\/honey-86\/\" \/>\n<meta property=\"og:locale\" content=\"es_ES\" \/>\n<meta property=\"og:type\" content=\"article\" \/>\n<meta property=\"og:title\" content=\"HONEY P2 Linea Light Italian Pendant Lighting\" \/>\n<meta property=\"og:description\" content=\"Discover the Honey Pendant Light, inspired by honeycombs, this energy-efficient LED fixture enhances any space with its unique hexagonal pattern.\" \/>\n<meta property=\"og:url\" content=\"https:\/\/www.modelight.eu\/es\/producto\/honey-86\/\" \/>\n<meta property=\"og:site_name\" content=\"Modelight\" \/>\n<meta property=\"article:publisher\" content=\"https:\/\/www.facebook.com\/Modelight.eu\" \/>\n<meta property=\"article:modified_time\" content=\"2024-07-03T15:15:50+00:00\" \/>\n<meta property=\"og:image\" content=\"https:\/\/www.modelight.eu\/wp-content\/uploads\/2021\/10\/stilnovo-honey-86-italian-pendant-lighting-modelight-designer-lighting-1.jpg\" \/>\n\t<meta property=\"og:image:width\" content=\"800\" \/>\n\t<meta property=\"og:image:height\" content=\"1200\" \/>\n\t<meta property=\"og:image:type\" content=\"image\/jpeg\" \/>\n<meta name=\"twitter:card\" content=\"summary_large_image\" \/>\n<meta name=\"twitter:site\" content=\"@modelightqdl\" \/>\n<meta name=\"twitter:label1\" content=\"Tiempo de lectura\" \/>\n\t<meta name=\"twitter:data1\" content=\"2 minutos\" \/>\n<script type=\"application\/ld+json\" class=\"yoast-schema-graph\">{\"@context\":\"https:\\\/\\\/schema.org\",\"@graph\":[{\"@type\":\"WebPage\",\"@id\":\"https:\\\/\\\/www.modelight.eu\\\/product\\\/honey-86\\\/\",\"url\":\"https:\\\/\\\/www.modelight.eu\\\/product\\\/honey-86\\\/\",\"name\":\"HONEY P2 Linea Light Italian Pendant Lighting\",\"isPartOf\":{\"@id\":\"http:\\\/\\\/www.modelight.eu\\\/pt\\\/#website\"},\"primaryImageOfPage\":{\"@id\":\"https:\\\/\\\/www.modelight.eu\\\/product\\\/honey-86\\\/#primaryimage\"},\"image\":{\"@id\":\"https:\\\/\\\/www.modelight.eu\\\/product\\\/honey-86\\\/#primaryimage\"},\"thumbnailUrl\":\"https:\\\/\\\/www.modelight.eu\\\/wp-content\\\/uploads\\\/2021\\\/10\\\/stilnovo-honey-86-italian-pendant-lighting-modelight-designer-lighting-1.jpg\",\"datePublished\":\"2021-10-07T09:43:23+00:00\",\"dateModified\":\"2024-07-03T15:15:50+00:00\",\"description\":\"Discover the Honey Pendant Light, inspired by honeycombs, this energy-efficient LED fixture enhances any space with its unique hexagonal pattern.\",\"breadcrumb\":{\"@id\":\"https:\\\/\\\/www.modelight.eu\\\/product\\\/honey-86\\\/#breadcrumb\"},\"inLanguage\":\"es\",\"potentialAction\":[{\"@type\":\"ReadAction\",\"target\":[\"https:\\\/\\\/www.modelight.eu\\\/product\\\/honey-86\\\/\"]}]},{\"@type\":\"ImageObject\",\"inLanguage\":\"es\",\"@id\":\"https:\\\/\\\/www.modelight.eu\\\/product\\\/honey-86\\\/#primaryimage\",\"url\":\"https:\\\/\\\/www.modelight.eu\\\/wp-content\\\/uploads\\\/2021\\\/10\\\/stilnovo-honey-86-italian-pendant-lighting-modelight-designer-lighting-1.jpg\",\"contentUrl\":\"https:\\\/\\\/www.modelight.eu\\\/wp-content\\\/uploads\\\/2021\\\/10\\\/stilnovo-honey-86-italian-pendant-lighting-modelight-designer-lighting-1.jpg\",\"width\":800,\"height\":1200,\"caption\":\"Stilnovo HONEY 86 Italian LED pendant lighting picture 1\"},{\"@type\":\"BreadcrumbList\",\"@id\":\"https:\\\/\\\/www.modelight.eu\\\/product\\\/honey-86\\\/#breadcrumb\",\"itemListElement\":[{\"@type\":\"ListItem\",\"position\":1,\"name\":\"Home\",\"item\":\"https:\\\/\\\/www.modelight.eu\\\/\"},{\"@type\":\"ListItem\",\"position\":2,\"name\":\"Shop\",\"item\":\"https:\\\/\\\/www.modelight.eu\\\/modelight-decorative-lighting\\\/\"},{\"@type\":\"ListItem\",\"position\":3,\"name\":\"HONEY 86\"}]},{\"@type\":\"WebSite\",\"@id\":\"http:\\\/\\\/www.modelight.eu\\\/pt\\\/#website\",\"url\":\"http:\\\/\\\/www.modelight.eu\\\/pt\\\/\",\"name\":\"Modelight\",\"description\":\"Italian Decorative Lighting\",\"publisher\":{\"@id\":\"http:\\\/\\\/www.modelight.eu\\\/pt\\\/#organization\"},\"potentialAction\":[{\"@type\":\"SearchAction\",\"target\":{\"@type\":\"EntryPoint\",\"urlTemplate\":\"http:\\\/\\\/www.modelight.eu\\\/pt\\\/?s={search_term_string}\"},\"query-input\":{\"@type\":\"PropertyValueSpecification\",\"valueRequired\":true,\"valueName\":\"search_term_string\"}}],\"inLanguage\":\"es\"},{\"@type\":\"Organization\",\"@id\":\"http:\\\/\\\/www.modelight.eu\\\/pt\\\/#organization\",\"name\":\"modelight.eu\",\"url\":\"http:\\\/\\\/www.modelight.eu\\\/pt\\\/\",\"logo\":{\"@type\":\"ImageObject\",\"inLanguage\":\"es\",\"@id\":\"http:\\\/\\\/www.modelight.eu\\\/pt\\\/#\\\/schema\\\/logo\\\/image\\\/\",\"url\":\"https:\\\/\\\/www.modelight.eu\\\/wp-content\\\/uploads\\\/2020\\\/08\\\/modelight-ico-logo.jpg\",\"contentUrl\":\"https:\\\/\\\/www.modelight.eu\\\/wp-content\\\/uploads\\\/2020\\\/08\\\/modelight-ico-logo.jpg\",\"width\":512,\"height\":512,\"caption\":\"modelight.eu\"},\"image\":{\"@id\":\"http:\\\/\\\/www.modelight.eu\\\/pt\\\/#\\\/schema\\\/logo\\\/image\\\/\"},\"sameAs\":[\"https:\\\/\\\/www.facebook.com\\\/Modelight.eu\",\"https:\\\/\\\/x.com\\\/modelightqdl\",\"https:\\\/\\\/www.instagram.com\\\/modelight.eu\\\/\"]}]}<\/script>\n<!-- \/ Yoast SEO plugin. -->","yoast_head_json":{"title":"HONEY P2 Linea Light Iluminaci\u00f3n Colgante Italiana","description":"Descubre la L\u00e1mpara Colgante Honey, inspirada en panales de abejas, esta luminaria LED de bajo consumo realza cualquier espacio con su exclusivo patr\u00f3n hexagonal.","robots":{"index":"index","follow":"follow","max-snippet":"max-snippet:-1","max-image-preview":"max-image-preview:large","max-video-preview":"max-video-preview:-1"},"canonical":"https:\/\/www.modelight.eu\/es\/producto\/honey-86\/","og_locale":"es_ES","og_type":"article","og_title":"HONEY P2 Linea Light Italian Pendant Lighting","og_description":"Discover the Honey Pendant Light, inspired by honeycombs, this energy-efficient LED fixture enhances any space with its unique hexagonal pattern.","og_url":"https:\/\/www.modelight.eu\/es\/producto\/honey-86\/","og_site_name":"Modelight","article_publisher":"https:\/\/www.facebook.com\/Modelight.eu","article_modified_time":"2024-07-03T15:15:50+00:00","og_image":[{"width":800,"height":1200,"url":"https:\/\/www.modelight.eu\/wp-content\/uploads\/2021\/10\/stilnovo-honey-86-italian-pendant-lighting-modelight-designer-lighting-1.jpg","type":"image\/jpeg"}],"twitter_card":"summary_large_image","twitter_site":"@modelightqdl","twitter_misc":{"Tiempo de lectura":"2 minutos"},"schema":{"@context":"https:\/\/schema.org","@graph":[{"@type":"WebPage","@id":"https:\/\/www.modelight.eu\/product\/honey-86\/","url":"https:\/\/www.modelight.eu\/product\/honey-86\/","name":"HONEY P2 Linea Light Iluminaci\u00f3n Colgante Italiana","isPartOf":{"@id":"http:\/\/www.modelight.eu\/pt\/#website"},"primaryImageOfPage":{"@id":"https:\/\/www.modelight.eu\/product\/honey-86\/#primaryimage"},"image":{"@id":"https:\/\/www.modelight.eu\/product\/honey-86\/#primaryimage"},"thumbnailUrl":"https:\/\/www.modelight.eu\/wp-content\/uploads\/2021\/10\/stilnovo-honey-86-italian-pendant-lighting-modelight-designer-lighting-1.jpg","datePublished":"2021-10-07T09:43:23+00:00","dateModified":"2024-07-03T15:15:50+00:00","description":"Descubre la L\u00e1mpara Colgante Honey, inspirada en panales de abejas, esta luminaria LED de bajo consumo realza cualquier espacio con su exclusivo patr\u00f3n hexagonal.","breadcrumb":{"@id":"https:\/\/www.modelight.eu\/product\/honey-86\/#breadcrumb"},"inLanguage":"es","potentialAction":[{"@type":"ReadAction","target":["https:\/\/www.modelight.eu\/product\/honey-86\/"]}]},{"@type":"ImageObject","inLanguage":"es","@id":"https:\/\/www.modelight.eu\/product\/honey-86\/#primaryimage","url":"https:\/\/www.modelight.eu\/wp-content\/uploads\/2021\/10\/stilnovo-honey-86-italian-pendant-lighting-modelight-designer-lighting-1.jpg","contentUrl":"https:\/\/www.modelight.eu\/wp-content\/uploads\/2021\/10\/stilnovo-honey-86-italian-pendant-lighting-modelight-designer-lighting-1.jpg","width":800,"height":1200,"caption":"Stilnovo HONEY 86 Italian LED pendant lighting picture 1"},{"@type":"BreadcrumbList","@id":"https:\/\/www.modelight.eu\/product\/honey-86\/#breadcrumb","itemListElement":[{"@type":"ListItem","position":1,"name":"Home","item":"https:\/\/www.modelight.eu\/"},{"@type":"ListItem","position":2,"name":"Shop","item":"https:\/\/www.modelight.eu\/modelight-decorative-lighting\/"},{"@type":"ListItem","position":3,"name":"HONEY 86"}]},{"@type":"WebSite","@id":"http:\/\/www.modelight.eu\/pt\/#website","url":"http:\/\/www.modelight.eu\/pt\/","name":"Modelight","description":"Iluminaci\u00f3n decorativa italiana","publisher":{"@id":"http:\/\/www.modelight.eu\/pt\/#organization"},"potentialAction":[{"@type":"SearchAction","target":{"@type":"EntryPoint","urlTemplate":"http:\/\/www.modelight.eu\/pt\/?s={search_term_string}"},"query-input":{"@type":"PropertyValueSpecification","valueRequired":true,"valueName":"search_term_string"}}],"inLanguage":"es"},{"@type":"Organization","@id":"http:\/\/www.modelight.eu\/pt\/#organization","name":"modelight.eu","url":"http:\/\/www.modelight.eu\/pt\/","logo":{"@type":"ImageObject","inLanguage":"es","@id":"http:\/\/www.modelight.eu\/pt\/#\/schema\/logo\/image\/","url":"https:\/\/www.modelight.eu\/wp-content\/uploads\/2020\/08\/modelight-ico-logo.jpg","contentUrl":"https:\/\/www.modelight.eu\/wp-content\/uploads\/2020\/08\/modelight-ico-logo.jpg","width":512,"height":512,"caption":"modelight.eu"},"image":{"@id":"http:\/\/www.modelight.eu\/pt\/#\/schema\/logo\/image\/"},"sameAs":["https:\/\/www.facebook.com\/Modelight.eu","https:\/\/x.com\/modelightqdl","https:\/\/www.instagram.com\/modelight.eu\/"]}]}},"jetpack_sharing_enabled":true,"_links":{"self":[{"href":"https:\/\/www.modelight.eu\/es\/wp-json\/wp\/v2\/product\/8770","targetHints":{"allow":["GET"]}}],"collection":[{"href":"https:\/\/www.modelight.eu\/es\/wp-json\/wp\/v2\/product"}],"about":[{"href":"https:\/\/www.modelight.eu\/es\/wp-json\/wp\/v2\/types\/product"}],"wp:featuredmedia":[{"embeddable":true,"href":"https:\/\/www.modelight.eu\/es\/wp-json\/wp\/v2\/media\/8771"}],"wp:attachment":[{"href":"https:\/\/www.modelight.eu\/es\/wp-json\/wp\/v2\/media?parent=8770"}],"wp:term":[{"taxonomy":"product_brand","embeddable":true,"href":"https:\/\/www.modelight.eu\/es\/wp-json\/wp\/v2\/product_brand?post=8770"},{"taxonomy":"product_cat","embeddable":true,"href":"https:\/\/www.modelight.eu\/es\/wp-json\/wp\/v2\/product_cat?post=8770"},{"taxonomy":"product_tag","embeddable":true,"href":"https:\/\/www.modelight.eu\/es\/wp-json\/wp\/v2\/product_tag?post=8770"}],"curies":[{"name":"wp","href":"https:\/\/api.w.org\/{rel}","templated":true}]}}