{"id":7975,"date":"2021-07-09T09:46:49","date_gmt":"2021-07-09T09:46:49","guid":{"rendered":"https:\/\/www.modelight.eu--skip-columns=guid\/?post_type=product&#038;p=7975"},"modified":"2024-02-23T12:51:17","modified_gmt":"2024-02-23T12:51:17","slug":"fante-black","status":"publish","type":"product","link":"https:\/\/www.modelight.eu\/es\/producto\/fante-black\/","title":{"rendered":"FANTE NEGRO"},"content":{"rendered":"","protected":false},"excerpt":{"rendered":"<p>A medida que pasa el d\u00eda, la iluminaci\u00f3n de nuestro hogar cambia. Lo que necesitamos son l\u00e1mparas realmente flexibles que nos ofrezcan las mejores opciones de iluminaci\u00f3n para cada habitaci\u00f3n, hora y estaci\u00f3n. La divertida y elegante l\u00e1mpara de sobremesa italiana FANTE BLACK de Stilnovo no le defraudar\u00e1. La geometr\u00eda del cono, la bombilla globo E27 y la pantalla de aluminio pintada de blanco es tan agradable que la l\u00e1mpara a veces parece un modelo de moda con un sombrero elegante en un \u00e1ngulo atrevido. El disco met\u00e1lico se puede mover para dirigir la luz hacia donde se necesite. Los dise\u00f1adores J. De Pas, D. D'Urbino y P. Lomazzi consiguieron todo esto sin utilizar juntas ni mecanismos.<\/p>\n<p>Fuente de luz: 1 x E27 (incluida)<br \/>\nPotencia: Globo 126 Full Light LED 220-240V 11W<br \/>\nCaracter\u00edsticas: 2700K, 1520lm, CRI 80<br \/>\nMaterial: Aluminio (blanco), PU (negro)<br \/>\nDimensiones: \u00d8 301 mm, H 280 mm<br \/>\nPeso: 1,95 kg<br \/>\nGrado de protecci\u00f3n IP: IP20<br \/>\nLongitud del cable: 2000 mm<br \/>\nEnchufe el\u00e9ctrico: Tipo L<br \/>\nBasculante: S\u00ed<br \/>\nInstalaci\u00f3n: Mesa<br \/>\nMarca: Stilnovo<br \/>\nFabricado en Italia<\/p>","protected":false},"featured_media":8717,"template":"","meta":[],"product_brand":[],"product_cat":[50,56],"product_tag":[37,41,112,128,667,668,786],"class_list":{"0":"post-7975","1":"product","2":"type-product","3":"status-publish","4":"has-post-thumbnail","6":"product_cat-table-lights","7":"product_cat-designers-picks","8":"product_tag-black","9":"product_tag-lighting","10":"product_tag-white","11":"product_tag-table","12":"product_tag-italian","13":"product_tag-designer","14":"product_tag-fante","16":"first","17":"instock","18":"taxable","19":"shipping-taxable","20":"purchasable","21":"product-type-simple"},"yoast_head":"<!-- This site is optimized with the Yoast SEO plugin v27.5 - https:\/\/yoast.com\/product\/yoast-seo-wordpress\/ -->\n<title>FANTE BLACK - Modelight<\/title>\n<meta name=\"robots\" content=\"index, follow, max-snippet:-1, max-image-preview:large, max-video-preview:-1\" \/>\n<link rel=\"canonical\" href=\"https:\/\/www.modelight.eu\/es\/producto\/fante-black\/\" \/>\n<meta property=\"og:locale\" content=\"es_ES\" \/>\n<meta property=\"og:type\" content=\"article\" \/>\n<meta property=\"og:title\" content=\"FANTE BLACK - Modelight\" \/>\n<meta property=\"og:description\" content=\"As the day passes, the lighting in our home changes. What we need are truly flexible lights to give us the best lighting options for every room, hour, and season. The playful, stylish FANTE BLACK Italian table lighting by Stilnovo won\u2019t let you down. The geometry of the cone, E27 globe bulb, and white-painted aluminium lampshade is so pleasing, the lamp sometimes resembling a fashion model wearing a stylish hat at a jaunty angle. You can move the metal disc to direct the light where you need it. Designers J. De Pas, D. D\u2019Urbino, and P. Lomazzi achieved all this without the use of joints or mechanisms.  Light source: 1 x E27 (included) Power: Globo 126 Full Light LED 220-240V 11W Characteristics: 2700K, 1520lm, CRI 80 Material: Aluminium (white), PU (black) Dimensions: \u00d8 301 mm, H 280 mm Weight: 1.95 kg IP rating: IP20 Cable length: 2000 mm Electric socket: Type L Tilting: Yes Installation: Table Brand: Stilnovo Made in Italy\" \/>\n<meta property=\"og:url\" content=\"https:\/\/www.modelight.eu\/es\/producto\/fante-black\/\" \/>\n<meta property=\"og:site_name\" content=\"Modelight\" \/>\n<meta property=\"article:publisher\" content=\"https:\/\/www.facebook.com\/Modelight.eu\" \/>\n<meta property=\"article:modified_time\" content=\"2024-02-23T12:51:17+00:00\" \/>\n<meta property=\"og:image\" content=\"https:\/\/i0.wp.com\/www.modelight.eu\/wp-content\/uploads\/2021\/07\/stilnovo-fante-black-italian-table-lamps-modelight-designer-lighting-1.jpg?fit=800%2C1200&ssl=1\" \/>\n\t<meta property=\"og:image:width\" content=\"800\" \/>\n\t<meta property=\"og:image:height\" content=\"1200\" \/>\n\t<meta property=\"og:image:type\" content=\"image\/jpeg\" \/>\n<meta name=\"twitter:card\" content=\"summary_large_image\" \/>\n<meta name=\"twitter:site\" content=\"@modelightqdl\" \/>\n<script type=\"application\/ld+json\" class=\"yoast-schema-graph\">{\"@context\":\"https:\\\/\\\/schema.org\",\"@graph\":[{\"@type\":\"WebPage\",\"@id\":\"https:\\\/\\\/www.modelight.eu\\\/product\\\/fante-black\\\/\",\"url\":\"https:\\\/\\\/www.modelight.eu\\\/product\\\/fante-black\\\/\",\"name\":\"FANTE BLACK - Modelight\",\"isPartOf\":{\"@id\":\"http:\\\/\\\/www.modelight.eu\\\/pt\\\/#website\"},\"primaryImageOfPage\":{\"@id\":\"https:\\\/\\\/www.modelight.eu\\\/product\\\/fante-black\\\/#primaryimage\"},\"image\":{\"@id\":\"https:\\\/\\\/www.modelight.eu\\\/product\\\/fante-black\\\/#primaryimage\"},\"thumbnailUrl\":\"https:\\\/\\\/www.modelight.eu\\\/wp-content\\\/uploads\\\/2021\\\/07\\\/stilnovo-fante-black-italian-table-lamps-modelight-designer-lighting-1.jpg\",\"datePublished\":\"2021-07-09T09:46:49+00:00\",\"dateModified\":\"2024-02-23T12:51:17+00:00\",\"breadcrumb\":{\"@id\":\"https:\\\/\\\/www.modelight.eu\\\/product\\\/fante-black\\\/#breadcrumb\"},\"inLanguage\":\"es\",\"potentialAction\":[{\"@type\":\"ReadAction\",\"target\":[\"https:\\\/\\\/www.modelight.eu\\\/product\\\/fante-black\\\/\"]}]},{\"@type\":\"ImageObject\",\"inLanguage\":\"es\",\"@id\":\"https:\\\/\\\/www.modelight.eu\\\/product\\\/fante-black\\\/#primaryimage\",\"url\":\"https:\\\/\\\/www.modelight.eu\\\/wp-content\\\/uploads\\\/2021\\\/07\\\/stilnovo-fante-black-italian-table-lamps-modelight-designer-lighting-1.jpg\",\"contentUrl\":\"https:\\\/\\\/www.modelight.eu\\\/wp-content\\\/uploads\\\/2021\\\/07\\\/stilnovo-fante-black-italian-table-lamps-modelight-designer-lighting-1.jpg\",\"width\":800,\"height\":1200,\"caption\":\"Stilnovo Fante black Italian table lamps picture 1\"},{\"@type\":\"BreadcrumbList\",\"@id\":\"https:\\\/\\\/www.modelight.eu\\\/product\\\/fante-black\\\/#breadcrumb\",\"itemListElement\":[{\"@type\":\"ListItem\",\"position\":1,\"name\":\"Home\",\"item\":\"https:\\\/\\\/www.modelight.eu\\\/\"},{\"@type\":\"ListItem\",\"position\":2,\"name\":\"Shop\",\"item\":\"https:\\\/\\\/www.modelight.eu\\\/modelight-decorative-lighting\\\/\"},{\"@type\":\"ListItem\",\"position\":3,\"name\":\"FANTE BLACK\"}]},{\"@type\":\"WebSite\",\"@id\":\"http:\\\/\\\/www.modelight.eu\\\/pt\\\/#website\",\"url\":\"http:\\\/\\\/www.modelight.eu\\\/pt\\\/\",\"name\":\"Modelight\",\"description\":\"Italian Decorative Lighting\",\"publisher\":{\"@id\":\"http:\\\/\\\/www.modelight.eu\\\/pt\\\/#organization\"},\"potentialAction\":[{\"@type\":\"SearchAction\",\"target\":{\"@type\":\"EntryPoint\",\"urlTemplate\":\"http:\\\/\\\/www.modelight.eu\\\/pt\\\/?s={search_term_string}\"},\"query-input\":{\"@type\":\"PropertyValueSpecification\",\"valueRequired\":true,\"valueName\":\"search_term_string\"}}],\"inLanguage\":\"es\"},{\"@type\":\"Organization\",\"@id\":\"http:\\\/\\\/www.modelight.eu\\\/pt\\\/#organization\",\"name\":\"modelight.eu\",\"url\":\"http:\\\/\\\/www.modelight.eu\\\/pt\\\/\",\"logo\":{\"@type\":\"ImageObject\",\"inLanguage\":\"es\",\"@id\":\"http:\\\/\\\/www.modelight.eu\\\/pt\\\/#\\\/schema\\\/logo\\\/image\\\/\",\"url\":\"https:\\\/\\\/www.modelight.eu\\\/wp-content\\\/uploads\\\/2020\\\/08\\\/modelight-ico-logo.jpg\",\"contentUrl\":\"https:\\\/\\\/www.modelight.eu\\\/wp-content\\\/uploads\\\/2020\\\/08\\\/modelight-ico-logo.jpg\",\"width\":512,\"height\":512,\"caption\":\"modelight.eu\"},\"image\":{\"@id\":\"http:\\\/\\\/www.modelight.eu\\\/pt\\\/#\\\/schema\\\/logo\\\/image\\\/\"},\"sameAs\":[\"https:\\\/\\\/www.facebook.com\\\/Modelight.eu\",\"https:\\\/\\\/x.com\\\/modelightqdl\",\"https:\\\/\\\/www.instagram.com\\\/modelight.eu\\\/\"]}]}<\/script>\n<!-- \/ Yoast SEO plugin. -->","yoast_head_json":{"title":"FANTE NEGRO - Modelight","robots":{"index":"index","follow":"follow","max-snippet":"max-snippet:-1","max-image-preview":"max-image-preview:large","max-video-preview":"max-video-preview:-1"},"canonical":"https:\/\/www.modelight.eu\/es\/producto\/fante-black\/","og_locale":"es_ES","og_type":"article","og_title":"FANTE BLACK - Modelight","og_description":"As the day passes, the lighting in our home changes. What we need are truly flexible lights to give us the best lighting options for every room, hour, and season. The playful, stylish FANTE BLACK Italian table lighting by Stilnovo won\u2019t let you down. The geometry of the cone, E27 globe bulb, and white-painted aluminium lampshade is so pleasing, the lamp sometimes resembling a fashion model wearing a stylish hat at a jaunty angle. You can move the metal disc to direct the light where you need it. Designers J. De Pas, D. D\u2019Urbino, and P. Lomazzi achieved all this without the use of joints or mechanisms.  Light source: 1 x E27 (included) Power: Globo 126 Full Light LED 220-240V 11W Characteristics: 2700K, 1520lm, CRI 80 Material: Aluminium (white), PU (black) Dimensions: \u00d8 301 mm, H 280 mm Weight: 1.95 kg IP rating: IP20 Cable length: 2000 mm Electric socket: Type L Tilting: Yes Installation: Table Brand: Stilnovo Made in Italy","og_url":"https:\/\/www.modelight.eu\/es\/producto\/fante-black\/","og_site_name":"Modelight","article_publisher":"https:\/\/www.facebook.com\/Modelight.eu","article_modified_time":"2024-02-23T12:51:17+00:00","og_image":[{"width":800,"height":1200,"url":"https:\/\/i0.wp.com\/www.modelight.eu\/wp-content\/uploads\/2021\/07\/stilnovo-fante-black-italian-table-lamps-modelight-designer-lighting-1.jpg?fit=800%2C1200&ssl=1","type":"image\/jpeg"}],"twitter_card":"summary_large_image","twitter_site":"@modelightqdl","schema":{"@context":"https:\/\/schema.org","@graph":[{"@type":"WebPage","@id":"https:\/\/www.modelight.eu\/product\/fante-black\/","url":"https:\/\/www.modelight.eu\/product\/fante-black\/","name":"FANTE NEGRO - Modelight","isPartOf":{"@id":"http:\/\/www.modelight.eu\/pt\/#website"},"primaryImageOfPage":{"@id":"https:\/\/www.modelight.eu\/product\/fante-black\/#primaryimage"},"image":{"@id":"https:\/\/www.modelight.eu\/product\/fante-black\/#primaryimage"},"thumbnailUrl":"https:\/\/www.modelight.eu\/wp-content\/uploads\/2021\/07\/stilnovo-fante-black-italian-table-lamps-modelight-designer-lighting-1.jpg","datePublished":"2021-07-09T09:46:49+00:00","dateModified":"2024-02-23T12:51:17+00:00","breadcrumb":{"@id":"https:\/\/www.modelight.eu\/product\/fante-black\/#breadcrumb"},"inLanguage":"es","potentialAction":[{"@type":"ReadAction","target":["https:\/\/www.modelight.eu\/product\/fante-black\/"]}]},{"@type":"ImageObject","inLanguage":"es","@id":"https:\/\/www.modelight.eu\/product\/fante-black\/#primaryimage","url":"https:\/\/www.modelight.eu\/wp-content\/uploads\/2021\/07\/stilnovo-fante-black-italian-table-lamps-modelight-designer-lighting-1.jpg","contentUrl":"https:\/\/www.modelight.eu\/wp-content\/uploads\/2021\/07\/stilnovo-fante-black-italian-table-lamps-modelight-designer-lighting-1.jpg","width":800,"height":1200,"caption":"Stilnovo Fante black Italian table lamps picture 1"},{"@type":"BreadcrumbList","@id":"https:\/\/www.modelight.eu\/product\/fante-black\/#breadcrumb","itemListElement":[{"@type":"ListItem","position":1,"name":"Home","item":"https:\/\/www.modelight.eu\/"},{"@type":"ListItem","position":2,"name":"Shop","item":"https:\/\/www.modelight.eu\/modelight-decorative-lighting\/"},{"@type":"ListItem","position":3,"name":"FANTE BLACK"}]},{"@type":"WebSite","@id":"http:\/\/www.modelight.eu\/pt\/#website","url":"http:\/\/www.modelight.eu\/pt\/","name":"Modelight","description":"Iluminaci\u00f3n decorativa italiana","publisher":{"@id":"http:\/\/www.modelight.eu\/pt\/#organization"},"potentialAction":[{"@type":"SearchAction","target":{"@type":"EntryPoint","urlTemplate":"http:\/\/www.modelight.eu\/pt\/?s={search_term_string}"},"query-input":{"@type":"PropertyValueSpecification","valueRequired":true,"valueName":"search_term_string"}}],"inLanguage":"es"},{"@type":"Organization","@id":"http:\/\/www.modelight.eu\/pt\/#organization","name":"modelight.eu","url":"http:\/\/www.modelight.eu\/pt\/","logo":{"@type":"ImageObject","inLanguage":"es","@id":"http:\/\/www.modelight.eu\/pt\/#\/schema\/logo\/image\/","url":"https:\/\/www.modelight.eu\/wp-content\/uploads\/2020\/08\/modelight-ico-logo.jpg","contentUrl":"https:\/\/www.modelight.eu\/wp-content\/uploads\/2020\/08\/modelight-ico-logo.jpg","width":512,"height":512,"caption":"modelight.eu"},"image":{"@id":"http:\/\/www.modelight.eu\/pt\/#\/schema\/logo\/image\/"},"sameAs":["https:\/\/www.facebook.com\/Modelight.eu","https:\/\/x.com\/modelightqdl","https:\/\/www.instagram.com\/modelight.eu\/"]}]}},"jetpack_sharing_enabled":true,"_links":{"self":[{"href":"https:\/\/www.modelight.eu\/es\/wp-json\/wp\/v2\/product\/7975","targetHints":{"allow":["GET"]}}],"collection":[{"href":"https:\/\/www.modelight.eu\/es\/wp-json\/wp\/v2\/product"}],"about":[{"href":"https:\/\/www.modelight.eu\/es\/wp-json\/wp\/v2\/types\/product"}],"wp:featuredmedia":[{"embeddable":true,"href":"https:\/\/www.modelight.eu\/es\/wp-json\/wp\/v2\/media\/8717"}],"wp:attachment":[{"href":"https:\/\/www.modelight.eu\/es\/wp-json\/wp\/v2\/media?parent=7975"}],"wp:term":[{"taxonomy":"product_brand","embeddable":true,"href":"https:\/\/www.modelight.eu\/es\/wp-json\/wp\/v2\/product_brand?post=7975"},{"taxonomy":"product_cat","embeddable":true,"href":"https:\/\/www.modelight.eu\/es\/wp-json\/wp\/v2\/product_cat?post=7975"},{"taxonomy":"product_tag","embeddable":true,"href":"https:\/\/www.modelight.eu\/es\/wp-json\/wp\/v2\/product_tag?post=7975"}],"curies":[{"name":"wp","href":"https:\/\/api.w.org\/{rel}","templated":true}]}}