{"id":6444,"date":"2021-02-19T15:36:22","date_gmt":"2021-02-19T15:36:22","guid":{"rendered":"https:\/\/www.modelight.eu--skip-columns=guid\/?post_type=product&#038;p=6444"},"modified":"2024-02-23T12:48:48","modified_gmt":"2024-02-23T12:48:48","slug":"mr-magoo-p-755-dali","status":"publish","type":"product","link":"https:\/\/www.modelight.eu\/es\/producto\/mr-magoo-p-755-dali\/","title":{"rendered":"MR MAGOO P 755 DALI"},"content":{"rendered":"","protected":false},"excerpt":{"rendered":"<p>Mr. Magoo P 755 DALI, una l\u00e1mpara colgante italiana de Stilnovo, es un tipo elegante y vers\u00e1til que ilumina cualquier habitaci\u00f3n con la punta de su sombrero. Adopta varias formas y tama\u00f1os, elevando el car\u00e1cter caracter\u00edstico de cada interior a trav\u00e9s de un brillo iridiscente y un dise\u00f1o sofisticado.<\/p>\n<p>Fuente de luz: LED<br \/>\nPotencia: TopLED 32W, 220-240V<br \/>\nCaracter\u00edsticas: 3000K, 3929lm, CRI 90<br \/>\nMaterial: Aluminio (blanco), PE (neutro)<br \/>\nDimensiones: \u00d8 755 mm, H m\u00e1x 2000 mm<br \/>\nPeso: 3,95 kg<br \/>\nGrado de protecci\u00f3n IP: IP20<br \/>\nRegulable: DALI (dimmer no incluido)<br \/>\nInstalaci\u00f3n: Techo<br \/>\nMarca: Stilnovo<br \/>\nFabricado en Italia<\/p>","protected":false},"featured_media":8657,"template":"","meta":[],"product_brand":[],"product_cat":[42,81],"product_tag":[40,112,377,500,667,668],"class_list":{"0":"post-6444","1":"product","2":"type-product","3":"status-publish","4":"has-post-thumbnail","6":"product_cat-italian-pendant-lighting","7":"product_cat-led-lighting","8":"product_tag-pendant","9":"product_tag-white","10":"product_tag-dali","11":"product_tag-mr-magoo","12":"product_tag-italian","13":"product_tag-designer","15":"first","16":"instock","17":"taxable","18":"shipping-taxable","19":"purchasable","20":"product-type-simple"},"yoast_head":"<!-- This site is optimized with the Yoast SEO plugin v27.6 - https:\/\/yoast.com\/product\/yoast-seo-wordpress\/ -->\n<title>MR MAGOO P 755 DALI - Modelight<\/title>\n<meta name=\"robots\" content=\"index, follow, max-snippet:-1, max-image-preview:large, max-video-preview:-1\" \/>\n<link rel=\"canonical\" href=\"https:\/\/www.modelight.eu\/es\/producto\/mr-magoo-p-755-dali\/\" \/>\n<meta property=\"og:locale\" content=\"es_ES\" \/>\n<meta property=\"og:type\" content=\"article\" \/>\n<meta property=\"og:title\" content=\"MR MAGOO P 755 DALI - Modelight\" \/>\n<meta property=\"og:description\" content=\"An elegant fellow with a versatile nature, Mr. Magoo P 755 DALI Italian pendant lighting by Stilnovo illuminates every room with the tip of his hat. He takes various forms and sizes, elevating the signature character of each interior through iridescent glow and sophisticated design.  Light source: LED Power: TopLED 32W, 220-240V Characteristics: 3000K, 3929lm, CRI 90 Material: Aluminium (white), PE (neutral) Dimensions: \u00d8 755 mm, H Max 2000 mm Weight: 3.95 kg IP rating: IP20 Dimmable: DALI (dimmer not included) Installation: Ceiling Brand: Stilnovo Made in Italy\" \/>\n<meta property=\"og:url\" content=\"https:\/\/www.modelight.eu\/es\/producto\/mr-magoo-p-755-dali\/\" \/>\n<meta property=\"og:site_name\" content=\"Modelight\" \/>\n<meta property=\"article:publisher\" content=\"https:\/\/www.facebook.com\/Modelight.eu\" \/>\n<meta property=\"article:modified_time\" content=\"2024-02-23T12:48:48+00:00\" \/>\n<meta property=\"og:image\" content=\"https:\/\/www.modelight.eu\/wp-content\/uploads\/2021\/02\/stilnovo-mr-magoo-p-755-dali-italian-led-pendant-lighting-modelight-designer-lights-1.jpg\" \/>\n\t<meta property=\"og:image:width\" content=\"800\" \/>\n\t<meta property=\"og:image:height\" content=\"1200\" \/>\n\t<meta property=\"og:image:type\" content=\"image\/jpeg\" \/>\n<meta name=\"twitter:card\" content=\"summary_large_image\" \/>\n<meta name=\"twitter:site\" content=\"@modelightqdl\" \/>\n<script type=\"application\/ld+json\" class=\"yoast-schema-graph\">{\"@context\":\"https:\\\/\\\/schema.org\",\"@graph\":[{\"@type\":\"WebPage\",\"@id\":\"https:\\\/\\\/www.modelight.eu\\\/product\\\/mr-magoo-p-755-dali\\\/\",\"url\":\"https:\\\/\\\/www.modelight.eu\\\/product\\\/mr-magoo-p-755-dali\\\/\",\"name\":\"MR MAGOO P 755 DALI - Modelight\",\"isPartOf\":{\"@id\":\"http:\\\/\\\/www.modelight.eu\\\/pt\\\/#website\"},\"primaryImageOfPage\":{\"@id\":\"https:\\\/\\\/www.modelight.eu\\\/product\\\/mr-magoo-p-755-dali\\\/#primaryimage\"},\"image\":{\"@id\":\"https:\\\/\\\/www.modelight.eu\\\/product\\\/mr-magoo-p-755-dali\\\/#primaryimage\"},\"thumbnailUrl\":\"https:\\\/\\\/www.modelight.eu\\\/wp-content\\\/uploads\\\/2021\\\/02\\\/stilnovo-mr-magoo-p-755-dali-italian-led-pendant-lighting-modelight-designer-lights-1.jpg\",\"datePublished\":\"2021-02-19T15:36:22+00:00\",\"dateModified\":\"2024-02-23T12:48:48+00:00\",\"breadcrumb\":{\"@id\":\"https:\\\/\\\/www.modelight.eu\\\/product\\\/mr-magoo-p-755-dali\\\/#breadcrumb\"},\"inLanguage\":\"es\",\"potentialAction\":[{\"@type\":\"ReadAction\",\"target\":[\"https:\\\/\\\/www.modelight.eu\\\/product\\\/mr-magoo-p-755-dali\\\/\"]}]},{\"@type\":\"ImageObject\",\"inLanguage\":\"es\",\"@id\":\"https:\\\/\\\/www.modelight.eu\\\/product\\\/mr-magoo-p-755-dali\\\/#primaryimage\",\"url\":\"https:\\\/\\\/www.modelight.eu\\\/wp-content\\\/uploads\\\/2021\\\/02\\\/stilnovo-mr-magoo-p-755-dali-italian-led-pendant-lighting-modelight-designer-lights-1.jpg\",\"contentUrl\":\"https:\\\/\\\/www.modelight.eu\\\/wp-content\\\/uploads\\\/2021\\\/02\\\/stilnovo-mr-magoo-p-755-dali-italian-led-pendant-lighting-modelight-designer-lights-1.jpg\",\"width\":800,\"height\":1200,\"caption\":\"Stilnovo Mr Magoo P 755 DALI Italian LED pendant lighting picture 1\"},{\"@type\":\"BreadcrumbList\",\"@id\":\"https:\\\/\\\/www.modelight.eu\\\/product\\\/mr-magoo-p-755-dali\\\/#breadcrumb\",\"itemListElement\":[{\"@type\":\"ListItem\",\"position\":1,\"name\":\"Home\",\"item\":\"https:\\\/\\\/www.modelight.eu\\\/\"},{\"@type\":\"ListItem\",\"position\":2,\"name\":\"Shop\",\"item\":\"https:\\\/\\\/www.modelight.eu\\\/modelight-decorative-lighting\\\/\"},{\"@type\":\"ListItem\",\"position\":3,\"name\":\"MR MAGOO P 755 DALI\"}]},{\"@type\":\"WebSite\",\"@id\":\"http:\\\/\\\/www.modelight.eu\\\/pt\\\/#website\",\"url\":\"http:\\\/\\\/www.modelight.eu\\\/pt\\\/\",\"name\":\"Modelight\",\"description\":\"Italian Decorative Lighting\",\"publisher\":{\"@id\":\"http:\\\/\\\/www.modelight.eu\\\/pt\\\/#organization\"},\"potentialAction\":[{\"@type\":\"SearchAction\",\"target\":{\"@type\":\"EntryPoint\",\"urlTemplate\":\"http:\\\/\\\/www.modelight.eu\\\/pt\\\/?s={search_term_string}\"},\"query-input\":{\"@type\":\"PropertyValueSpecification\",\"valueRequired\":true,\"valueName\":\"search_term_string\"}}],\"inLanguage\":\"es\"},{\"@type\":\"Organization\",\"@id\":\"http:\\\/\\\/www.modelight.eu\\\/pt\\\/#organization\",\"name\":\"modelight.eu\",\"url\":\"http:\\\/\\\/www.modelight.eu\\\/pt\\\/\",\"logo\":{\"@type\":\"ImageObject\",\"inLanguage\":\"es\",\"@id\":\"http:\\\/\\\/www.modelight.eu\\\/pt\\\/#\\\/schema\\\/logo\\\/image\\\/\",\"url\":\"https:\\\/\\\/www.modelight.eu\\\/wp-content\\\/uploads\\\/2020\\\/08\\\/modelight-ico-logo.jpg\",\"contentUrl\":\"https:\\\/\\\/www.modelight.eu\\\/wp-content\\\/uploads\\\/2020\\\/08\\\/modelight-ico-logo.jpg\",\"width\":512,\"height\":512,\"caption\":\"modelight.eu\"},\"image\":{\"@id\":\"http:\\\/\\\/www.modelight.eu\\\/pt\\\/#\\\/schema\\\/logo\\\/image\\\/\"},\"sameAs\":[\"https:\\\/\\\/www.facebook.com\\\/Modelight.eu\",\"https:\\\/\\\/x.com\\\/modelightqdl\",\"https:\\\/\\\/www.instagram.com\\\/modelight.eu\\\/\"]}]}<\/script>\n<!-- \/ Yoast SEO plugin. -->","yoast_head_json":{"title":"MR MAGOO P 755 DALI - Modelight","robots":{"index":"index","follow":"follow","max-snippet":"max-snippet:-1","max-image-preview":"max-image-preview:large","max-video-preview":"max-video-preview:-1"},"canonical":"https:\/\/www.modelight.eu\/es\/producto\/mr-magoo-p-755-dali\/","og_locale":"es_ES","og_type":"article","og_title":"MR MAGOO P 755 DALI - Modelight","og_description":"An elegant fellow with a versatile nature, Mr. Magoo P 755 DALI Italian pendant lighting by Stilnovo illuminates every room with the tip of his hat. He takes various forms and sizes, elevating the signature character of each interior through iridescent glow and sophisticated design.  Light source: LED Power: TopLED 32W, 220-240V Characteristics: 3000K, 3929lm, CRI 90 Material: Aluminium (white), PE (neutral) Dimensions: \u00d8 755 mm, H Max 2000 mm Weight: 3.95 kg IP rating: IP20 Dimmable: DALI (dimmer not included) Installation: Ceiling Brand: Stilnovo Made in Italy","og_url":"https:\/\/www.modelight.eu\/es\/producto\/mr-magoo-p-755-dali\/","og_site_name":"Modelight","article_publisher":"https:\/\/www.facebook.com\/Modelight.eu","article_modified_time":"2024-02-23T12:48:48+00:00","og_image":[{"width":800,"height":1200,"url":"https:\/\/www.modelight.eu\/wp-content\/uploads\/2021\/02\/stilnovo-mr-magoo-p-755-dali-italian-led-pendant-lighting-modelight-designer-lights-1.jpg","type":"image\/jpeg"}],"twitter_card":"summary_large_image","twitter_site":"@modelightqdl","schema":{"@context":"https:\/\/schema.org","@graph":[{"@type":"WebPage","@id":"https:\/\/www.modelight.eu\/product\/mr-magoo-p-755-dali\/","url":"https:\/\/www.modelight.eu\/product\/mr-magoo-p-755-dali\/","name":"MR MAGOO P 755 DALI - Modelight","isPartOf":{"@id":"http:\/\/www.modelight.eu\/pt\/#website"},"primaryImageOfPage":{"@id":"https:\/\/www.modelight.eu\/product\/mr-magoo-p-755-dali\/#primaryimage"},"image":{"@id":"https:\/\/www.modelight.eu\/product\/mr-magoo-p-755-dali\/#primaryimage"},"thumbnailUrl":"https:\/\/www.modelight.eu\/wp-content\/uploads\/2021\/02\/stilnovo-mr-magoo-p-755-dali-italian-led-pendant-lighting-modelight-designer-lights-1.jpg","datePublished":"2021-02-19T15:36:22+00:00","dateModified":"2024-02-23T12:48:48+00:00","breadcrumb":{"@id":"https:\/\/www.modelight.eu\/product\/mr-magoo-p-755-dali\/#breadcrumb"},"inLanguage":"es","potentialAction":[{"@type":"ReadAction","target":["https:\/\/www.modelight.eu\/product\/mr-magoo-p-755-dali\/"]}]},{"@type":"ImageObject","inLanguage":"es","@id":"https:\/\/www.modelight.eu\/product\/mr-magoo-p-755-dali\/#primaryimage","url":"https:\/\/www.modelight.eu\/wp-content\/uploads\/2021\/02\/stilnovo-mr-magoo-p-755-dali-italian-led-pendant-lighting-modelight-designer-lights-1.jpg","contentUrl":"https:\/\/www.modelight.eu\/wp-content\/uploads\/2021\/02\/stilnovo-mr-magoo-p-755-dali-italian-led-pendant-lighting-modelight-designer-lights-1.jpg","width":800,"height":1200,"caption":"Stilnovo Mr Magoo P 755 DALI Italian LED pendant lighting picture 1"},{"@type":"BreadcrumbList","@id":"https:\/\/www.modelight.eu\/product\/mr-magoo-p-755-dali\/#breadcrumb","itemListElement":[{"@type":"ListItem","position":1,"name":"Home","item":"https:\/\/www.modelight.eu\/"},{"@type":"ListItem","position":2,"name":"Shop","item":"https:\/\/www.modelight.eu\/modelight-decorative-lighting\/"},{"@type":"ListItem","position":3,"name":"MR MAGOO P 755 DALI"}]},{"@type":"WebSite","@id":"http:\/\/www.modelight.eu\/pt\/#website","url":"http:\/\/www.modelight.eu\/pt\/","name":"Modelight","description":"Iluminaci\u00f3n decorativa italiana","publisher":{"@id":"http:\/\/www.modelight.eu\/pt\/#organization"},"potentialAction":[{"@type":"SearchAction","target":{"@type":"EntryPoint","urlTemplate":"http:\/\/www.modelight.eu\/pt\/?s={search_term_string}"},"query-input":{"@type":"PropertyValueSpecification","valueRequired":true,"valueName":"search_term_string"}}],"inLanguage":"es"},{"@type":"Organization","@id":"http:\/\/www.modelight.eu\/pt\/#organization","name":"modelight.eu","url":"http:\/\/www.modelight.eu\/pt\/","logo":{"@type":"ImageObject","inLanguage":"es","@id":"http:\/\/www.modelight.eu\/pt\/#\/schema\/logo\/image\/","url":"https:\/\/www.modelight.eu\/wp-content\/uploads\/2020\/08\/modelight-ico-logo.jpg","contentUrl":"https:\/\/www.modelight.eu\/wp-content\/uploads\/2020\/08\/modelight-ico-logo.jpg","width":512,"height":512,"caption":"modelight.eu"},"image":{"@id":"http:\/\/www.modelight.eu\/pt\/#\/schema\/logo\/image\/"},"sameAs":["https:\/\/www.facebook.com\/Modelight.eu","https:\/\/x.com\/modelightqdl","https:\/\/www.instagram.com\/modelight.eu\/"]}]}},"jetpack_sharing_enabled":true,"_links":{"self":[{"href":"https:\/\/www.modelight.eu\/es\/wp-json\/wp\/v2\/product\/6444","targetHints":{"allow":["GET"]}}],"collection":[{"href":"https:\/\/www.modelight.eu\/es\/wp-json\/wp\/v2\/product"}],"about":[{"href":"https:\/\/www.modelight.eu\/es\/wp-json\/wp\/v2\/types\/product"}],"wp:featuredmedia":[{"embeddable":true,"href":"https:\/\/www.modelight.eu\/es\/wp-json\/wp\/v2\/media\/8657"}],"wp:attachment":[{"href":"https:\/\/www.modelight.eu\/es\/wp-json\/wp\/v2\/media?parent=6444"}],"wp:term":[{"taxonomy":"product_brand","embeddable":true,"href":"https:\/\/www.modelight.eu\/es\/wp-json\/wp\/v2\/product_brand?post=6444"},{"taxonomy":"product_cat","embeddable":true,"href":"https:\/\/www.modelight.eu\/es\/wp-json\/wp\/v2\/product_cat?post=6444"},{"taxonomy":"product_tag","embeddable":true,"href":"https:\/\/www.modelight.eu\/es\/wp-json\/wp\/v2\/product_tag?post=6444"}],"curies":[{"name":"wp","href":"https:\/\/api.w.org\/{rel}","templated":true}]}}