{"id":6290,"date":"2021-02-18T14:12:53","date_gmt":"2021-02-18T14:12:53","guid":{"rendered":"https:\/\/www.modelight.eu--skip-columns=guid\/?post_type=product&#038;p=6290"},"modified":"2024-02-23T12:48:27","modified_gmt":"2024-02-23T12:48:27","slug":"antigua-fl-white","status":"publish","type":"product","link":"https:\/\/www.modelight.eu\/es\/producto\/antigua-fl-white\/","title":{"rendered":"ANTIGUA FL Blanco"},"content":{"rendered":"","protected":false},"excerpt":{"rendered":"<p>Hemos visto el futuro de la iluminaci\u00f3n y se parece mucho a la Antigua FL White. Ilumine su hogar u oficina con este precioso difusor de cristal con un borde arenado y un elemento de iluminaci\u00f3n central de metal revestido de blanco. Es todo lo que busca en una l\u00e1mpara LED italiana de pie: sencilla, elegante, llamativa y maravillosamente funcional. La gama Antigua tambi\u00e9n est\u00e1 disponible en l\u00e1mparas colgantes, apliques y plafones.<\/p>\n<p>Fuente de luz: LED<br \/>\nPotencia: TopLED 39W, 220-240V<br \/>\nCaracter\u00edsticas: 3000K, 3882lm, CRI 80<br \/>\nMaterial: Hierro (blanco), Vidrio (transparente\/arenado)<br \/>\nDimensiones: 500 x 1917 x 651 mm<br \/>\nGrado de protecci\u00f3n IP: IP20<br \/>\nLongitud del cable: 3000 mm<br \/>\nRegulable: Pulsar DIM<br \/>\nDoble emisi\u00f3n de luz: 65% arriba, 35% abajo<br \/>\nInstalaci\u00f3n: Suelo<br \/>\nMarca: Linea Light<br \/>\nFabricado en Italia<\/p>","protected":false},"featured_media":6291,"template":"","meta":[],"product_brand":[],"product_cat":[49,81,53],"product_tag":[85,112,119,129,667,668],"class_list":{"0":"post-6290","1":"product","2":"type-product","3":"status-publish","4":"has-post-thumbnail","6":"product_cat-floor-lamps","7":"product_cat-led-lighting","8":"product_cat-italian-glass-lighting","9":"product_tag-glass","10":"product_tag-white","11":"product_tag-antigua","12":"product_tag-floor","13":"product_tag-italian","14":"product_tag-designer","16":"first","17":"instock","18":"taxable","19":"shipping-taxable","20":"purchasable","21":"product-type-simple"},"yoast_head":"<!-- This site is optimized with the Yoast SEO plugin v27.6 - https:\/\/yoast.com\/product\/yoast-seo-wordpress\/ -->\n<title>ANTIGUA FL White - Modelight<\/title>\n<meta name=\"robots\" content=\"index, follow, max-snippet:-1, max-image-preview:large, max-video-preview:-1\" \/>\n<link rel=\"canonical\" href=\"https:\/\/www.modelight.eu\/es\/producto\/antigua-fl-white\/\" \/>\n<meta property=\"og:locale\" content=\"es_ES\" \/>\n<meta property=\"og:type\" content=\"article\" \/>\n<meta property=\"og:title\" content=\"ANTIGUA FL White - Modelight\" \/>\n<meta property=\"og:description\" content=\"We\u2019ve seen the future of lighting and it looks just like the Antigua FL White. Illuminate your home or office with this gorgeous glass diffuser with a sandblasted edge and a central lighting element in white coated metal. It\u2019s everything you want in Italian LED floor lighting, simple, elegant, striking, and wonderfully functional. The Antigua range also comes in pendant, wall and ceiling lights.  Light source: LED Power: TopLED 39W, 220-240V Characteristics: 3000K, 3882lm, CRI 80 Material: Iron (white), Glass (transparent\/sandblasted) Dimensions: 500 x 1917 x 651 mm IP rating: IP20 Cable length: 3000 mm Dimmable: Push DIM Double light emission: 65% up, 35% down Installation: Floor Brand: Linea Light Made in Italy\" \/>\n<meta property=\"og:url\" content=\"https:\/\/www.modelight.eu\/es\/producto\/antigua-fl-white\/\" \/>\n<meta property=\"og:site_name\" content=\"Modelight\" \/>\n<meta property=\"article:publisher\" content=\"https:\/\/www.facebook.com\/Modelight.eu\" \/>\n<meta property=\"article:modified_time\" content=\"2024-02-23T12:48:27+00:00\" \/>\n<meta property=\"og:image\" content=\"https:\/\/www.modelight.eu\/wp-content\/uploads\/2021\/02\/antigua-fl-linea-light-white-led-floor-lamps-modelight-italian-lighting-1.jpg\" \/>\n\t<meta property=\"og:image:width\" content=\"800\" \/>\n\t<meta property=\"og:image:height\" content=\"1200\" \/>\n\t<meta property=\"og:image:type\" content=\"image\/jpeg\" \/>\n<meta name=\"twitter:card\" content=\"summary_large_image\" \/>\n<meta name=\"twitter:site\" content=\"@modelightqdl\" \/>\n<script type=\"application\/ld+json\" class=\"yoast-schema-graph\">{\"@context\":\"https:\\\/\\\/schema.org\",\"@graph\":[{\"@type\":\"WebPage\",\"@id\":\"https:\\\/\\\/www.modelight.eu\\\/product\\\/antigua-fl-white\\\/\",\"url\":\"https:\\\/\\\/www.modelight.eu\\\/product\\\/antigua-fl-white\\\/\",\"name\":\"ANTIGUA FL White - Modelight\",\"isPartOf\":{\"@id\":\"http:\\\/\\\/www.modelight.eu\\\/pt\\\/#website\"},\"primaryImageOfPage\":{\"@id\":\"https:\\\/\\\/www.modelight.eu\\\/product\\\/antigua-fl-white\\\/#primaryimage\"},\"image\":{\"@id\":\"https:\\\/\\\/www.modelight.eu\\\/product\\\/antigua-fl-white\\\/#primaryimage\"},\"thumbnailUrl\":\"https:\\\/\\\/www.modelight.eu\\\/wp-content\\\/uploads\\\/2021\\\/02\\\/antigua-fl-linea-light-white-led-floor-lamps-modelight-italian-lighting-1.jpg\",\"datePublished\":\"2021-02-18T14:12:53+00:00\",\"dateModified\":\"2024-02-23T12:48:27+00:00\",\"breadcrumb\":{\"@id\":\"https:\\\/\\\/www.modelight.eu\\\/product\\\/antigua-fl-white\\\/#breadcrumb\"},\"inLanguage\":\"es\",\"potentialAction\":[{\"@type\":\"ReadAction\",\"target\":[\"https:\\\/\\\/www.modelight.eu\\\/product\\\/antigua-fl-white\\\/\"]}]},{\"@type\":\"ImageObject\",\"inLanguage\":\"es\",\"@id\":\"https:\\\/\\\/www.modelight.eu\\\/product\\\/antigua-fl-white\\\/#primaryimage\",\"url\":\"https:\\\/\\\/www.modelight.eu\\\/wp-content\\\/uploads\\\/2021\\\/02\\\/antigua-fl-linea-light-white-led-floor-lamps-modelight-italian-lighting-1.jpg\",\"contentUrl\":\"https:\\\/\\\/www.modelight.eu\\\/wp-content\\\/uploads\\\/2021\\\/02\\\/antigua-fl-linea-light-white-led-floor-lamps-modelight-italian-lighting-1.jpg\",\"width\":800,\"height\":1200,\"caption\":\"ANTIGUA FL White Italian Floor Lamp Picture 1\"},{\"@type\":\"BreadcrumbList\",\"@id\":\"https:\\\/\\\/www.modelight.eu\\\/product\\\/antigua-fl-white\\\/#breadcrumb\",\"itemListElement\":[{\"@type\":\"ListItem\",\"position\":1,\"name\":\"Home\",\"item\":\"https:\\\/\\\/www.modelight.eu\\\/\"},{\"@type\":\"ListItem\",\"position\":2,\"name\":\"Shop\",\"item\":\"https:\\\/\\\/www.modelight.eu\\\/modelight-decorative-lighting\\\/\"},{\"@type\":\"ListItem\",\"position\":3,\"name\":\"ANTIGUA FL White\"}]},{\"@type\":\"WebSite\",\"@id\":\"http:\\\/\\\/www.modelight.eu\\\/pt\\\/#website\",\"url\":\"http:\\\/\\\/www.modelight.eu\\\/pt\\\/\",\"name\":\"Modelight\",\"description\":\"Italian Decorative Lighting\",\"publisher\":{\"@id\":\"http:\\\/\\\/www.modelight.eu\\\/pt\\\/#organization\"},\"potentialAction\":[{\"@type\":\"SearchAction\",\"target\":{\"@type\":\"EntryPoint\",\"urlTemplate\":\"http:\\\/\\\/www.modelight.eu\\\/pt\\\/?s={search_term_string}\"},\"query-input\":{\"@type\":\"PropertyValueSpecification\",\"valueRequired\":true,\"valueName\":\"search_term_string\"}}],\"inLanguage\":\"es\"},{\"@type\":\"Organization\",\"@id\":\"http:\\\/\\\/www.modelight.eu\\\/pt\\\/#organization\",\"name\":\"modelight.eu\",\"url\":\"http:\\\/\\\/www.modelight.eu\\\/pt\\\/\",\"logo\":{\"@type\":\"ImageObject\",\"inLanguage\":\"es\",\"@id\":\"http:\\\/\\\/www.modelight.eu\\\/pt\\\/#\\\/schema\\\/logo\\\/image\\\/\",\"url\":\"https:\\\/\\\/www.modelight.eu\\\/wp-content\\\/uploads\\\/2020\\\/08\\\/modelight-ico-logo.jpg\",\"contentUrl\":\"https:\\\/\\\/www.modelight.eu\\\/wp-content\\\/uploads\\\/2020\\\/08\\\/modelight-ico-logo.jpg\",\"width\":512,\"height\":512,\"caption\":\"modelight.eu\"},\"image\":{\"@id\":\"http:\\\/\\\/www.modelight.eu\\\/pt\\\/#\\\/schema\\\/logo\\\/image\\\/\"},\"sameAs\":[\"https:\\\/\\\/www.facebook.com\\\/Modelight.eu\",\"https:\\\/\\\/x.com\\\/modelightqdl\",\"https:\\\/\\\/www.instagram.com\\\/modelight.eu\\\/\"]}]}<\/script>\n<!-- \/ Yoast SEO plugin. -->","yoast_head_json":{"title":"ANTIGUA FL Blanco - Modelight","robots":{"index":"index","follow":"follow","max-snippet":"max-snippet:-1","max-image-preview":"max-image-preview:large","max-video-preview":"max-video-preview:-1"},"canonical":"https:\/\/www.modelight.eu\/es\/producto\/antigua-fl-white\/","og_locale":"es_ES","og_type":"article","og_title":"ANTIGUA FL White - Modelight","og_description":"We\u2019ve seen the future of lighting and it looks just like the Antigua FL White. Illuminate your home or office with this gorgeous glass diffuser with a sandblasted edge and a central lighting element in white coated metal. It\u2019s everything you want in Italian LED floor lighting, simple, elegant, striking, and wonderfully functional. The Antigua range also comes in pendant, wall and ceiling lights.  Light source: LED Power: TopLED 39W, 220-240V Characteristics: 3000K, 3882lm, CRI 80 Material: Iron (white), Glass (transparent\/sandblasted) Dimensions: 500 x 1917 x 651 mm IP rating: IP20 Cable length: 3000 mm Dimmable: Push DIM Double light emission: 65% up, 35% down Installation: Floor Brand: Linea Light Made in Italy","og_url":"https:\/\/www.modelight.eu\/es\/producto\/antigua-fl-white\/","og_site_name":"Modelight","article_publisher":"https:\/\/www.facebook.com\/Modelight.eu","article_modified_time":"2024-02-23T12:48:27+00:00","og_image":[{"width":800,"height":1200,"url":"https:\/\/www.modelight.eu\/wp-content\/uploads\/2021\/02\/antigua-fl-linea-light-white-led-floor-lamps-modelight-italian-lighting-1.jpg","type":"image\/jpeg"}],"twitter_card":"summary_large_image","twitter_site":"@modelightqdl","schema":{"@context":"https:\/\/schema.org","@graph":[{"@type":"WebPage","@id":"https:\/\/www.modelight.eu\/product\/antigua-fl-white\/","url":"https:\/\/www.modelight.eu\/product\/antigua-fl-white\/","name":"ANTIGUA FL Blanco - Modelight","isPartOf":{"@id":"http:\/\/www.modelight.eu\/pt\/#website"},"primaryImageOfPage":{"@id":"https:\/\/www.modelight.eu\/product\/antigua-fl-white\/#primaryimage"},"image":{"@id":"https:\/\/www.modelight.eu\/product\/antigua-fl-white\/#primaryimage"},"thumbnailUrl":"https:\/\/www.modelight.eu\/wp-content\/uploads\/2021\/02\/antigua-fl-linea-light-white-led-floor-lamps-modelight-italian-lighting-1.jpg","datePublished":"2021-02-18T14:12:53+00:00","dateModified":"2024-02-23T12:48:27+00:00","breadcrumb":{"@id":"https:\/\/www.modelight.eu\/product\/antigua-fl-white\/#breadcrumb"},"inLanguage":"es","potentialAction":[{"@type":"ReadAction","target":["https:\/\/www.modelight.eu\/product\/antigua-fl-white\/"]}]},{"@type":"ImageObject","inLanguage":"es","@id":"https:\/\/www.modelight.eu\/product\/antigua-fl-white\/#primaryimage","url":"https:\/\/www.modelight.eu\/wp-content\/uploads\/2021\/02\/antigua-fl-linea-light-white-led-floor-lamps-modelight-italian-lighting-1.jpg","contentUrl":"https:\/\/www.modelight.eu\/wp-content\/uploads\/2021\/02\/antigua-fl-linea-light-white-led-floor-lamps-modelight-italian-lighting-1.jpg","width":800,"height":1200,"caption":"ANTIGUA FL White Italian Floor Lamp Picture 1"},{"@type":"BreadcrumbList","@id":"https:\/\/www.modelight.eu\/product\/antigua-fl-white\/#breadcrumb","itemListElement":[{"@type":"ListItem","position":1,"name":"Home","item":"https:\/\/www.modelight.eu\/"},{"@type":"ListItem","position":2,"name":"Shop","item":"https:\/\/www.modelight.eu\/modelight-decorative-lighting\/"},{"@type":"ListItem","position":3,"name":"ANTIGUA FL White"}]},{"@type":"WebSite","@id":"http:\/\/www.modelight.eu\/pt\/#website","url":"http:\/\/www.modelight.eu\/pt\/","name":"Modelight","description":"Iluminaci\u00f3n decorativa italiana","publisher":{"@id":"http:\/\/www.modelight.eu\/pt\/#organization"},"potentialAction":[{"@type":"SearchAction","target":{"@type":"EntryPoint","urlTemplate":"http:\/\/www.modelight.eu\/pt\/?s={search_term_string}"},"query-input":{"@type":"PropertyValueSpecification","valueRequired":true,"valueName":"search_term_string"}}],"inLanguage":"es"},{"@type":"Organization","@id":"http:\/\/www.modelight.eu\/pt\/#organization","name":"modelight.eu","url":"http:\/\/www.modelight.eu\/pt\/","logo":{"@type":"ImageObject","inLanguage":"es","@id":"http:\/\/www.modelight.eu\/pt\/#\/schema\/logo\/image\/","url":"https:\/\/www.modelight.eu\/wp-content\/uploads\/2020\/08\/modelight-ico-logo.jpg","contentUrl":"https:\/\/www.modelight.eu\/wp-content\/uploads\/2020\/08\/modelight-ico-logo.jpg","width":512,"height":512,"caption":"modelight.eu"},"image":{"@id":"http:\/\/www.modelight.eu\/pt\/#\/schema\/logo\/image\/"},"sameAs":["https:\/\/www.facebook.com\/Modelight.eu","https:\/\/x.com\/modelightqdl","https:\/\/www.instagram.com\/modelight.eu\/"]}]}},"jetpack_sharing_enabled":true,"_links":{"self":[{"href":"https:\/\/www.modelight.eu\/es\/wp-json\/wp\/v2\/product\/6290","targetHints":{"allow":["GET"]}}],"collection":[{"href":"https:\/\/www.modelight.eu\/es\/wp-json\/wp\/v2\/product"}],"about":[{"href":"https:\/\/www.modelight.eu\/es\/wp-json\/wp\/v2\/types\/product"}],"wp:featuredmedia":[{"embeddable":true,"href":"https:\/\/www.modelight.eu\/es\/wp-json\/wp\/v2\/media\/6291"}],"wp:attachment":[{"href":"https:\/\/www.modelight.eu\/es\/wp-json\/wp\/v2\/media?parent=6290"}],"wp:term":[{"taxonomy":"product_brand","embeddable":true,"href":"https:\/\/www.modelight.eu\/es\/wp-json\/wp\/v2\/product_brand?post=6290"},{"taxonomy":"product_cat","embeddable":true,"href":"https:\/\/www.modelight.eu\/es\/wp-json\/wp\/v2\/product_cat?post=6290"},{"taxonomy":"product_tag","embeddable":true,"href":"https:\/\/www.modelight.eu\/es\/wp-json\/wp\/v2\/product_tag?post=6290"}],"curies":[{"name":"wp","href":"https:\/\/api.w.org\/{rel}","templated":true}]}}