{"id":5767,"date":"2020-08-30T12:36:24","date_gmt":"2020-08-30T12:36:24","guid":{"rendered":"https:\/\/www.modelight.eu--skip-columns=guid\/?post_type=product&#038;p=5767"},"modified":"2024-02-23T12:48:11","modified_gmt":"2024-02-23T12:48:11","slug":"buonanotte-blue","status":"publish","type":"product","link":"https:\/\/www.modelight.eu\/es\/producto\/buonanotte-blue\/","title":{"rendered":"AZUL BUONANOTTE"},"content":{"rendered":"","protected":false},"excerpt":{"rendered":"<p>Dar las buenas noches nunca ha sido tan elegante gracias a este moderno giro de una l\u00e1mpara de mesa. Nuestra familia de l\u00e1mparas de mesa italianas Buonanotte de Stilnovo es la fuente de luz perfecta en cualquier lugar de la casa, desde los acogedores rincones de lectura o las salas de televisi\u00f3n hasta los dormitorios de los ni\u00f1os o las oficinas en casa. Con un luminoso globo de cristal blanco colocado sobre un cono en una carcasa de metal pintado vers\u00e1til y ajustable, este encantador ejemplo de innovaci\u00f3n inteligente en la iluminaci\u00f3n italiana dise\u00f1ada por Giovanni Luigi Gorgoni est\u00e1 disponible en cuatro colores diferentes.<\/p>\n<p>Fuente de luz: 1 X E14 (bombilla incluida)<br \/>\nPotencia: 1 x 5W LED, 220-240V<br \/>\nCaracter\u00edsticas: 2700K, 470lm, CRI 80<br \/>\nMaterial: Hierro (azul)<br \/>\nDimensiones: 176 x 166 x 193 mm<br \/>\nGrado de protecci\u00f3n IP: IP20<br \/>\nLongitud del cable: 1500 mm<br \/>\nEnchufe el\u00e9ctrico: Tipo L<br \/>\nInstalaci\u00f3n: Mesa<br \/>\nMarca: Stilnovo<br \/>\nFabricado en Italia<\/p>","protected":false},"featured_media":8691,"template":"","meta":[],"product_brand":[],"product_cat":[50,52],"product_tag":[128,244,569,667,668],"class_list":{"0":"post-5767","1":"product","2":"type-product","3":"status-publish","4":"has-post-thumbnail","6":"product_cat-table-lights","7":"product_cat-italian-sphere-lighting","8":"product_tag-table","9":"product_tag-blue","10":"product_tag-buonanotte","11":"product_tag-italian","12":"product_tag-designer","14":"first","15":"instock","16":"featured","17":"taxable","18":"shipping-taxable","19":"purchasable","20":"product-type-simple"},"yoast_head":"<!-- This site is optimized with the Yoast SEO plugin v27.5 - https:\/\/yoast.com\/product\/yoast-seo-wordpress\/ -->\n<title>BUONANOTTE BLUE Linea Light Italian Table Lamp<\/title>\n<meta name=\"description\" content=\"The very best in Italian table lighting \u2013 BUONANOTTE BLUE Linea Light. Modelight The Great Italian Lighting. FREE delivery on all orders \u2013 Shop now.\" \/>\n<meta name=\"robots\" content=\"index, follow, max-snippet:-1, max-image-preview:large, max-video-preview:-1\" \/>\n<link rel=\"canonical\" href=\"https:\/\/www.modelight.eu\/es\/producto\/buonanotte-blue\/\" \/>\n<meta property=\"og:locale\" content=\"es_ES\" \/>\n<meta property=\"og:type\" content=\"article\" \/>\n<meta property=\"og:title\" content=\"BUONANOTTE BLUE Linea Light Italian Table Lamp\" \/>\n<meta property=\"og:description\" content=\"The very best in Italian table lighting \u2013 BUONANOTTE BLUE Linea Light. Modelight The Great Italian Lighting. FREE delivery on all orders \u2013 Shop now.\" \/>\n<meta property=\"og:url\" content=\"https:\/\/www.modelight.eu\/es\/producto\/buonanotte-blue\/\" \/>\n<meta property=\"og:site_name\" content=\"Modelight\" \/>\n<meta property=\"article:publisher\" content=\"https:\/\/www.facebook.com\/Modelight.eu\" \/>\n<meta property=\"article:modified_time\" content=\"2024-02-23T12:48:11+00:00\" \/>\n<meta property=\"og:image\" content=\"https:\/\/www.modelight.eu\/wp-content\/uploads\/2020\/08\/stilnovo-buonanotte-italian-table-lamps-blue-modelight-designer-lighting-1.jpg\" \/>\n\t<meta property=\"og:image:width\" content=\"800\" \/>\n\t<meta property=\"og:image:height\" content=\"1200\" \/>\n\t<meta property=\"og:image:type\" content=\"image\/jpeg\" \/>\n<meta name=\"twitter:card\" content=\"summary_large_image\" \/>\n<meta name=\"twitter:site\" content=\"@modelightqdl\" \/>\n<script type=\"application\/ld+json\" class=\"yoast-schema-graph\">{\"@context\":\"https:\\\/\\\/schema.org\",\"@graph\":[{\"@type\":\"WebPage\",\"@id\":\"https:\\\/\\\/www.modelight.eu\\\/product\\\/buonanotte-blue\\\/\",\"url\":\"https:\\\/\\\/www.modelight.eu\\\/product\\\/buonanotte-blue\\\/\",\"name\":\"BUONANOTTE BLUE Linea Light Italian Table Lamp\",\"isPartOf\":{\"@id\":\"http:\\\/\\\/www.modelight.eu\\\/pt\\\/#website\"},\"primaryImageOfPage\":{\"@id\":\"https:\\\/\\\/www.modelight.eu\\\/product\\\/buonanotte-blue\\\/#primaryimage\"},\"image\":{\"@id\":\"https:\\\/\\\/www.modelight.eu\\\/product\\\/buonanotte-blue\\\/#primaryimage\"},\"thumbnailUrl\":\"https:\\\/\\\/www.modelight.eu\\\/wp-content\\\/uploads\\\/2020\\\/08\\\/stilnovo-buonanotte-italian-table-lamps-blue-modelight-designer-lighting-1.jpg\",\"datePublished\":\"2020-08-30T12:36:24+00:00\",\"dateModified\":\"2024-02-23T12:48:11+00:00\",\"description\":\"The very best in Italian table lighting \u2013 BUONANOTTE BLUE Linea Light. Modelight The Great Italian Lighting. FREE delivery on all orders \u2013 Shop now.\",\"breadcrumb\":{\"@id\":\"https:\\\/\\\/www.modelight.eu\\\/product\\\/buonanotte-blue\\\/#breadcrumb\"},\"inLanguage\":\"es\",\"potentialAction\":[{\"@type\":\"ReadAction\",\"target\":[\"https:\\\/\\\/www.modelight.eu\\\/product\\\/buonanotte-blue\\\/\"]}]},{\"@type\":\"ImageObject\",\"inLanguage\":\"es\",\"@id\":\"https:\\\/\\\/www.modelight.eu\\\/product\\\/buonanotte-blue\\\/#primaryimage\",\"url\":\"https:\\\/\\\/www.modelight.eu\\\/wp-content\\\/uploads\\\/2020\\\/08\\\/stilnovo-buonanotte-italian-table-lamps-blue-modelight-designer-lighting-1.jpg\",\"contentUrl\":\"https:\\\/\\\/www.modelight.eu\\\/wp-content\\\/uploads\\\/2020\\\/08\\\/stilnovo-buonanotte-italian-table-lamps-blue-modelight-designer-lighting-1.jpg\",\"width\":800,\"height\":1200,\"caption\":\"Stilnovo Buonanotte blue Italian table lamps picture 1\"},{\"@type\":\"BreadcrumbList\",\"@id\":\"https:\\\/\\\/www.modelight.eu\\\/product\\\/buonanotte-blue\\\/#breadcrumb\",\"itemListElement\":[{\"@type\":\"ListItem\",\"position\":1,\"name\":\"Home\",\"item\":\"https:\\\/\\\/www.modelight.eu\\\/\"},{\"@type\":\"ListItem\",\"position\":2,\"name\":\"Shop\",\"item\":\"https:\\\/\\\/www.modelight.eu\\\/modelight-decorative-lighting\\\/\"},{\"@type\":\"ListItem\",\"position\":3,\"name\":\"BUONANOTTE BLUE\"}]},{\"@type\":\"WebSite\",\"@id\":\"http:\\\/\\\/www.modelight.eu\\\/pt\\\/#website\",\"url\":\"http:\\\/\\\/www.modelight.eu\\\/pt\\\/\",\"name\":\"Modelight\",\"description\":\"Italian Decorative Lighting\",\"publisher\":{\"@id\":\"http:\\\/\\\/www.modelight.eu\\\/pt\\\/#organization\"},\"potentialAction\":[{\"@type\":\"SearchAction\",\"target\":{\"@type\":\"EntryPoint\",\"urlTemplate\":\"http:\\\/\\\/www.modelight.eu\\\/pt\\\/?s={search_term_string}\"},\"query-input\":{\"@type\":\"PropertyValueSpecification\",\"valueRequired\":true,\"valueName\":\"search_term_string\"}}],\"inLanguage\":\"es\"},{\"@type\":\"Organization\",\"@id\":\"http:\\\/\\\/www.modelight.eu\\\/pt\\\/#organization\",\"name\":\"modelight.eu\",\"url\":\"http:\\\/\\\/www.modelight.eu\\\/pt\\\/\",\"logo\":{\"@type\":\"ImageObject\",\"inLanguage\":\"es\",\"@id\":\"http:\\\/\\\/www.modelight.eu\\\/pt\\\/#\\\/schema\\\/logo\\\/image\\\/\",\"url\":\"https:\\\/\\\/www.modelight.eu\\\/wp-content\\\/uploads\\\/2020\\\/08\\\/modelight-ico-logo.jpg\",\"contentUrl\":\"https:\\\/\\\/www.modelight.eu\\\/wp-content\\\/uploads\\\/2020\\\/08\\\/modelight-ico-logo.jpg\",\"width\":512,\"height\":512,\"caption\":\"modelight.eu\"},\"image\":{\"@id\":\"http:\\\/\\\/www.modelight.eu\\\/pt\\\/#\\\/schema\\\/logo\\\/image\\\/\"},\"sameAs\":[\"https:\\\/\\\/www.facebook.com\\\/Modelight.eu\",\"https:\\\/\\\/x.com\\\/modelightqdl\",\"https:\\\/\\\/www.instagram.com\\\/modelight.eu\\\/\"]}]}<\/script>\n<!-- \/ Yoast SEO plugin. -->","yoast_head_json":{"title":"BUONANOTTE AZUL Linea Light L\u00e1mpara de mesa italiana","description":"Lo mejor en iluminaci\u00f3n de sobremesa italiana - BUONANOTTE BLUE Linea Light. Modelight La Gran Iluminaci\u00f3n Italiana. Entrega GRATIS en todos los pedidos - Compre ahora.","robots":{"index":"index","follow":"follow","max-snippet":"max-snippet:-1","max-image-preview":"max-image-preview:large","max-video-preview":"max-video-preview:-1"},"canonical":"https:\/\/www.modelight.eu\/es\/producto\/buonanotte-blue\/","og_locale":"es_ES","og_type":"article","og_title":"BUONANOTTE BLUE Linea Light Italian Table Lamp","og_description":"The very best in Italian table lighting \u2013 BUONANOTTE BLUE Linea Light. Modelight The Great Italian Lighting. FREE delivery on all orders \u2013 Shop now.","og_url":"https:\/\/www.modelight.eu\/es\/producto\/buonanotte-blue\/","og_site_name":"Modelight","article_publisher":"https:\/\/www.facebook.com\/Modelight.eu","article_modified_time":"2024-02-23T12:48:11+00:00","og_image":[{"width":800,"height":1200,"url":"https:\/\/www.modelight.eu\/wp-content\/uploads\/2020\/08\/stilnovo-buonanotte-italian-table-lamps-blue-modelight-designer-lighting-1.jpg","type":"image\/jpeg"}],"twitter_card":"summary_large_image","twitter_site":"@modelightqdl","schema":{"@context":"https:\/\/schema.org","@graph":[{"@type":"WebPage","@id":"https:\/\/www.modelight.eu\/product\/buonanotte-blue\/","url":"https:\/\/www.modelight.eu\/product\/buonanotte-blue\/","name":"BUONANOTTE AZUL Linea Light L\u00e1mpara de mesa italiana","isPartOf":{"@id":"http:\/\/www.modelight.eu\/pt\/#website"},"primaryImageOfPage":{"@id":"https:\/\/www.modelight.eu\/product\/buonanotte-blue\/#primaryimage"},"image":{"@id":"https:\/\/www.modelight.eu\/product\/buonanotte-blue\/#primaryimage"},"thumbnailUrl":"https:\/\/www.modelight.eu\/wp-content\/uploads\/2020\/08\/stilnovo-buonanotte-italian-table-lamps-blue-modelight-designer-lighting-1.jpg","datePublished":"2020-08-30T12:36:24+00:00","dateModified":"2024-02-23T12:48:11+00:00","description":"Lo mejor en iluminaci\u00f3n de sobremesa italiana - BUONANOTTE BLUE Linea Light. Modelight La Gran Iluminaci\u00f3n Italiana. Entrega GRATIS en todos los pedidos - Compre ahora.","breadcrumb":{"@id":"https:\/\/www.modelight.eu\/product\/buonanotte-blue\/#breadcrumb"},"inLanguage":"es","potentialAction":[{"@type":"ReadAction","target":["https:\/\/www.modelight.eu\/product\/buonanotte-blue\/"]}]},{"@type":"ImageObject","inLanguage":"es","@id":"https:\/\/www.modelight.eu\/product\/buonanotte-blue\/#primaryimage","url":"https:\/\/www.modelight.eu\/wp-content\/uploads\/2020\/08\/stilnovo-buonanotte-italian-table-lamps-blue-modelight-designer-lighting-1.jpg","contentUrl":"https:\/\/www.modelight.eu\/wp-content\/uploads\/2020\/08\/stilnovo-buonanotte-italian-table-lamps-blue-modelight-designer-lighting-1.jpg","width":800,"height":1200,"caption":"Stilnovo Buonanotte blue Italian table lamps picture 1"},{"@type":"BreadcrumbList","@id":"https:\/\/www.modelight.eu\/product\/buonanotte-blue\/#breadcrumb","itemListElement":[{"@type":"ListItem","position":1,"name":"Home","item":"https:\/\/www.modelight.eu\/"},{"@type":"ListItem","position":2,"name":"Shop","item":"https:\/\/www.modelight.eu\/modelight-decorative-lighting\/"},{"@type":"ListItem","position":3,"name":"BUONANOTTE BLUE"}]},{"@type":"WebSite","@id":"http:\/\/www.modelight.eu\/pt\/#website","url":"http:\/\/www.modelight.eu\/pt\/","name":"Modelight","description":"Iluminaci\u00f3n decorativa italiana","publisher":{"@id":"http:\/\/www.modelight.eu\/pt\/#organization"},"potentialAction":[{"@type":"SearchAction","target":{"@type":"EntryPoint","urlTemplate":"http:\/\/www.modelight.eu\/pt\/?s={search_term_string}"},"query-input":{"@type":"PropertyValueSpecification","valueRequired":true,"valueName":"search_term_string"}}],"inLanguage":"es"},{"@type":"Organization","@id":"http:\/\/www.modelight.eu\/pt\/#organization","name":"modelight.eu","url":"http:\/\/www.modelight.eu\/pt\/","logo":{"@type":"ImageObject","inLanguage":"es","@id":"http:\/\/www.modelight.eu\/pt\/#\/schema\/logo\/image\/","url":"https:\/\/www.modelight.eu\/wp-content\/uploads\/2020\/08\/modelight-ico-logo.jpg","contentUrl":"https:\/\/www.modelight.eu\/wp-content\/uploads\/2020\/08\/modelight-ico-logo.jpg","width":512,"height":512,"caption":"modelight.eu"},"image":{"@id":"http:\/\/www.modelight.eu\/pt\/#\/schema\/logo\/image\/"},"sameAs":["https:\/\/www.facebook.com\/Modelight.eu","https:\/\/x.com\/modelightqdl","https:\/\/www.instagram.com\/modelight.eu\/"]}]}},"jetpack_sharing_enabled":true,"_links":{"self":[{"href":"https:\/\/www.modelight.eu\/es\/wp-json\/wp\/v2\/product\/5767","targetHints":{"allow":["GET"]}}],"collection":[{"href":"https:\/\/www.modelight.eu\/es\/wp-json\/wp\/v2\/product"}],"about":[{"href":"https:\/\/www.modelight.eu\/es\/wp-json\/wp\/v2\/types\/product"}],"wp:featuredmedia":[{"embeddable":true,"href":"https:\/\/www.modelight.eu\/es\/wp-json\/wp\/v2\/media\/8691"}],"wp:attachment":[{"href":"https:\/\/www.modelight.eu\/es\/wp-json\/wp\/v2\/media?parent=5767"}],"wp:term":[{"taxonomy":"product_brand","embeddable":true,"href":"https:\/\/www.modelight.eu\/es\/wp-json\/wp\/v2\/product_brand?post=5767"},{"taxonomy":"product_cat","embeddable":true,"href":"https:\/\/www.modelight.eu\/es\/wp-json\/wp\/v2\/product_cat?post=5767"},{"taxonomy":"product_tag","embeddable":true,"href":"https:\/\/www.modelight.eu\/es\/wp-json\/wp\/v2\/product_tag?post=5767"}],"curies":[{"name":"wp","href":"https:\/\/api.w.org\/{rel}","templated":true}]}}