{"id":2426,"date":"2020-08-01T15:23:52","date_gmt":"2020-08-01T15:23:52","guid":{"rendered":"https:\/\/www.modelight.eu--skip-columns=guid\/?post_type=product&#038;p=2426"},"modified":"2024-02-23T12:44:55","modified_gmt":"2024-02-23T12:44:55","slug":"curve-led-concrete","status":"publish","type":"product","link":"https:\/\/www.modelight.eu\/es\/producto\/curve-led-concrete\/","title":{"rendered":"CURVA LED HORMIG\u00d3N"},"content":{"rendered":"","protected":false},"excerpt":{"rendered":"<p>Al igual que los arcos naturales de las colinas ondulantes y las formas femeninas, Curve LED Concrete disfruta de la belleza de combinar formas org\u00e1nicas con interiores contempor\u00e1neos de lujo. Proyectando su resplandor como aplique de pared sobre obras de arte, estanter\u00edas y adornos, este producto es dise\u00f1o italiano en estado puro, un componente suntuoso de cualquier hogar de ensue\u00f1o.<\/p>","protected":false},"featured_media":2427,"template":"","meta":[],"product_brand":[],"product_cat":[48,51,56,81],"product_tag":[105,153,154,177,667,668],"class_list":{"0":"post-2426","1":"product","2":"type-product","3":"status-publish","4":"has-post-thumbnail","6":"product_cat-wall-lights","7":"product_cat-italian-linear-lighting","8":"product_cat-designers-picks","9":"product_cat-led-lighting","10":"product_tag-wall","11":"product_tag-linear","12":"product_tag-concrete","13":"product_tag-curve","14":"product_tag-italian","15":"product_tag-designer","17":"first","18":"instock","19":"taxable","20":"shipping-taxable","21":"purchasable","22":"product-type-variable"},"yoast_head":"<!-- This site is optimized with the Yoast SEO plugin v27.6 - https:\/\/yoast.com\/product\/yoast-seo-wordpress\/ -->\n<title>CURVE LED CONCRETE Linea Light Italian Wall Light<\/title>\n<meta name=\"description\" content=\"The very best in Italian wall lighting \u2013 CURVE LED CONCRETE Linea Light. Modelight The Great Italian Lighting. FREE delivery on all orders \u2013 Shop now.\" \/>\n<meta name=\"robots\" content=\"index, follow, max-snippet:-1, max-image-preview:large, max-video-preview:-1\" \/>\n<link rel=\"canonical\" href=\"https:\/\/www.modelight.eu\/es\/producto\/curve-led-concrete\/\" \/>\n<meta property=\"og:locale\" content=\"es_ES\" \/>\n<meta property=\"og:type\" content=\"article\" \/>\n<meta property=\"og:title\" content=\"CURVE LED CONCRETE Linea Light Italian Wall Light\" \/>\n<meta property=\"og:description\" content=\"The very best in Italian wall lighting \u2013 CURVE LED CONCRETE Linea Light. Modelight The Great Italian Lighting. FREE delivery on all orders \u2013 Shop now.\" \/>\n<meta property=\"og:url\" content=\"https:\/\/www.modelight.eu\/es\/producto\/curve-led-concrete\/\" \/>\n<meta property=\"og:site_name\" content=\"Modelight\" \/>\n<meta property=\"article:publisher\" content=\"https:\/\/www.facebook.com\/Modelight.eu\" \/>\n<meta property=\"article:modified_time\" content=\"2024-02-23T12:44:55+00:00\" \/>\n<meta property=\"og:image\" content=\"https:\/\/www.modelight.eu\/wp-content\/uploads\/2020\/08\/curve-led-linea-light-concrete-italian-wall-lights-modelight-designer-lights-1.jpg\" \/>\n\t<meta property=\"og:image:width\" content=\"800\" \/>\n\t<meta property=\"og:image:height\" content=\"1200\" \/>\n\t<meta property=\"og:image:type\" content=\"image\/jpeg\" \/>\n<meta name=\"twitter:card\" content=\"summary_large_image\" \/>\n<meta name=\"twitter:site\" content=\"@modelightqdl\" \/>\n<script type=\"application\/ld+json\" class=\"yoast-schema-graph\">{\"@context\":\"https:\\\/\\\/schema.org\",\"@graph\":[{\"@type\":\"WebPage\",\"@id\":\"https:\\\/\\\/www.modelight.eu\\\/product\\\/curve-led-concrete\\\/\",\"url\":\"https:\\\/\\\/www.modelight.eu\\\/product\\\/curve-led-concrete\\\/\",\"name\":\"CURVE LED CONCRETE Linea Light Italian Wall Light\",\"isPartOf\":{\"@id\":\"http:\\\/\\\/www.modelight.eu\\\/pt\\\/#website\"},\"primaryImageOfPage\":{\"@id\":\"https:\\\/\\\/www.modelight.eu\\\/product\\\/curve-led-concrete\\\/#primaryimage\"},\"image\":{\"@id\":\"https:\\\/\\\/www.modelight.eu\\\/product\\\/curve-led-concrete\\\/#primaryimage\"},\"thumbnailUrl\":\"https:\\\/\\\/www.modelight.eu\\\/wp-content\\\/uploads\\\/2020\\\/08\\\/curve-led-linea-light-concrete-italian-wall-lights-modelight-designer-lights-1.jpg\",\"datePublished\":\"2020-08-01T15:23:52+00:00\",\"dateModified\":\"2024-02-23T12:44:55+00:00\",\"description\":\"The very best in Italian wall lighting \u2013 CURVE LED CONCRETE Linea Light. Modelight The Great Italian Lighting. FREE delivery on all orders \u2013 Shop now.\",\"breadcrumb\":{\"@id\":\"https:\\\/\\\/www.modelight.eu\\\/product\\\/curve-led-concrete\\\/#breadcrumb\"},\"inLanguage\":\"es\",\"potentialAction\":[{\"@type\":\"ReadAction\",\"target\":[\"https:\\\/\\\/www.modelight.eu\\\/product\\\/curve-led-concrete\\\/\"]}]},{\"@type\":\"ImageObject\",\"inLanguage\":\"es\",\"@id\":\"https:\\\/\\\/www.modelight.eu\\\/product\\\/curve-led-concrete\\\/#primaryimage\",\"url\":\"https:\\\/\\\/www.modelight.eu\\\/wp-content\\\/uploads\\\/2020\\\/08\\\/curve-led-linea-light-concrete-italian-wall-lights-modelight-designer-lights-1.jpg\",\"contentUrl\":\"https:\\\/\\\/www.modelight.eu\\\/wp-content\\\/uploads\\\/2020\\\/08\\\/curve-led-linea-light-concrete-italian-wall-lights-modelight-designer-lights-1.jpg\",\"width\":800,\"height\":1200,\"caption\":\"CURVE LED CONCRETE Italian Wall Light Picture 1\"},{\"@type\":\"BreadcrumbList\",\"@id\":\"https:\\\/\\\/www.modelight.eu\\\/product\\\/curve-led-concrete\\\/#breadcrumb\",\"itemListElement\":[{\"@type\":\"ListItem\",\"position\":1,\"name\":\"Home\",\"item\":\"https:\\\/\\\/www.modelight.eu\\\/\"},{\"@type\":\"ListItem\",\"position\":2,\"name\":\"Shop\",\"item\":\"https:\\\/\\\/www.modelight.eu\\\/modelight-decorative-lighting\\\/\"},{\"@type\":\"ListItem\",\"position\":3,\"name\":\"CURVE LED CONCRETE\"}]},{\"@type\":\"WebSite\",\"@id\":\"http:\\\/\\\/www.modelight.eu\\\/pt\\\/#website\",\"url\":\"http:\\\/\\\/www.modelight.eu\\\/pt\\\/\",\"name\":\"Modelight\",\"description\":\"Italian Decorative Lighting\",\"publisher\":{\"@id\":\"http:\\\/\\\/www.modelight.eu\\\/pt\\\/#organization\"},\"potentialAction\":[{\"@type\":\"SearchAction\",\"target\":{\"@type\":\"EntryPoint\",\"urlTemplate\":\"http:\\\/\\\/www.modelight.eu\\\/pt\\\/?s={search_term_string}\"},\"query-input\":{\"@type\":\"PropertyValueSpecification\",\"valueRequired\":true,\"valueName\":\"search_term_string\"}}],\"inLanguage\":\"es\"},{\"@type\":\"Organization\",\"@id\":\"http:\\\/\\\/www.modelight.eu\\\/pt\\\/#organization\",\"name\":\"modelight.eu\",\"url\":\"http:\\\/\\\/www.modelight.eu\\\/pt\\\/\",\"logo\":{\"@type\":\"ImageObject\",\"inLanguage\":\"es\",\"@id\":\"http:\\\/\\\/www.modelight.eu\\\/pt\\\/#\\\/schema\\\/logo\\\/image\\\/\",\"url\":\"https:\\\/\\\/www.modelight.eu\\\/wp-content\\\/uploads\\\/2020\\\/08\\\/modelight-ico-logo.jpg\",\"contentUrl\":\"https:\\\/\\\/www.modelight.eu\\\/wp-content\\\/uploads\\\/2020\\\/08\\\/modelight-ico-logo.jpg\",\"width\":512,\"height\":512,\"caption\":\"modelight.eu\"},\"image\":{\"@id\":\"http:\\\/\\\/www.modelight.eu\\\/pt\\\/#\\\/schema\\\/logo\\\/image\\\/\"},\"sameAs\":[\"https:\\\/\\\/www.facebook.com\\\/Modelight.eu\",\"https:\\\/\\\/x.com\\\/modelightqdl\",\"https:\\\/\\\/www.instagram.com\\\/modelight.eu\\\/\"]}]}<\/script>\n<!-- \/ Yoast SEO plugin. -->","yoast_head_json":{"title":"Luz de pared italiana CURVE LED CONCRETE Linea Light","description":"Lo mejor en iluminaci\u00f3n de pared italiana \u2013 CURVE LED CONCRETE Linea Light. Modelight La Gran Iluminaci\u00f3n Italiana. Env\u00edo GRATIS en todos los pedidos \u2013 Compra ahora.","robots":{"index":"index","follow":"follow","max-snippet":"max-snippet:-1","max-image-preview":"max-image-preview:large","max-video-preview":"max-video-preview:-1"},"canonical":"https:\/\/www.modelight.eu\/es\/producto\/curve-led-concrete\/","og_locale":"es_ES","og_type":"article","og_title":"CURVE LED CONCRETE Linea Light Italian Wall Light","og_description":"The very best in Italian wall lighting \u2013 CURVE LED CONCRETE Linea Light. Modelight The Great Italian Lighting. FREE delivery on all orders \u2013 Shop now.","og_url":"https:\/\/www.modelight.eu\/es\/producto\/curve-led-concrete\/","og_site_name":"Modelight","article_publisher":"https:\/\/www.facebook.com\/Modelight.eu","article_modified_time":"2024-02-23T12:44:55+00:00","og_image":[{"width":800,"height":1200,"url":"https:\/\/www.modelight.eu\/wp-content\/uploads\/2020\/08\/curve-led-linea-light-concrete-italian-wall-lights-modelight-designer-lights-1.jpg","type":"image\/jpeg"}],"twitter_card":"summary_large_image","twitter_site":"@modelightqdl","schema":{"@context":"https:\/\/schema.org","@graph":[{"@type":"WebPage","@id":"https:\/\/www.modelight.eu\/product\/curve-led-concrete\/","url":"https:\/\/www.modelight.eu\/product\/curve-led-concrete\/","name":"Luz de pared italiana CURVE LED CONCRETE Linea Light","isPartOf":{"@id":"http:\/\/www.modelight.eu\/pt\/#website"},"primaryImageOfPage":{"@id":"https:\/\/www.modelight.eu\/product\/curve-led-concrete\/#primaryimage"},"image":{"@id":"https:\/\/www.modelight.eu\/product\/curve-led-concrete\/#primaryimage"},"thumbnailUrl":"https:\/\/www.modelight.eu\/wp-content\/uploads\/2020\/08\/curve-led-linea-light-concrete-italian-wall-lights-modelight-designer-lights-1.jpg","datePublished":"2020-08-01T15:23:52+00:00","dateModified":"2024-02-23T12:44:55+00:00","description":"Lo mejor en iluminaci\u00f3n de pared italiana \u2013 CURVE LED CONCRETE Linea Light. Modelight La Gran Iluminaci\u00f3n Italiana. Env\u00edo GRATIS en todos los pedidos \u2013 Compra ahora.","breadcrumb":{"@id":"https:\/\/www.modelight.eu\/product\/curve-led-concrete\/#breadcrumb"},"inLanguage":"es","potentialAction":[{"@type":"ReadAction","target":["https:\/\/www.modelight.eu\/product\/curve-led-concrete\/"]}]},{"@type":"ImageObject","inLanguage":"es","@id":"https:\/\/www.modelight.eu\/product\/curve-led-concrete\/#primaryimage","url":"https:\/\/www.modelight.eu\/wp-content\/uploads\/2020\/08\/curve-led-linea-light-concrete-italian-wall-lights-modelight-designer-lights-1.jpg","contentUrl":"https:\/\/www.modelight.eu\/wp-content\/uploads\/2020\/08\/curve-led-linea-light-concrete-italian-wall-lights-modelight-designer-lights-1.jpg","width":800,"height":1200,"caption":"CURVE LED CONCRETE Italian Wall Light Picture 1"},{"@type":"BreadcrumbList","@id":"https:\/\/www.modelight.eu\/product\/curve-led-concrete\/#breadcrumb","itemListElement":[{"@type":"ListItem","position":1,"name":"Home","item":"https:\/\/www.modelight.eu\/"},{"@type":"ListItem","position":2,"name":"Shop","item":"https:\/\/www.modelight.eu\/modelight-decorative-lighting\/"},{"@type":"ListItem","position":3,"name":"CURVE LED CONCRETE"}]},{"@type":"WebSite","@id":"http:\/\/www.modelight.eu\/pt\/#website","url":"http:\/\/www.modelight.eu\/pt\/","name":"Modelight","description":"Iluminaci\u00f3n decorativa italiana","publisher":{"@id":"http:\/\/www.modelight.eu\/pt\/#organization"},"potentialAction":[{"@type":"SearchAction","target":{"@type":"EntryPoint","urlTemplate":"http:\/\/www.modelight.eu\/pt\/?s={search_term_string}"},"query-input":{"@type":"PropertyValueSpecification","valueRequired":true,"valueName":"search_term_string"}}],"inLanguage":"es"},{"@type":"Organization","@id":"http:\/\/www.modelight.eu\/pt\/#organization","name":"modelight.eu","url":"http:\/\/www.modelight.eu\/pt\/","logo":{"@type":"ImageObject","inLanguage":"es","@id":"http:\/\/www.modelight.eu\/pt\/#\/schema\/logo\/image\/","url":"https:\/\/www.modelight.eu\/wp-content\/uploads\/2020\/08\/modelight-ico-logo.jpg","contentUrl":"https:\/\/www.modelight.eu\/wp-content\/uploads\/2020\/08\/modelight-ico-logo.jpg","width":512,"height":512,"caption":"modelight.eu"},"image":{"@id":"http:\/\/www.modelight.eu\/pt\/#\/schema\/logo\/image\/"},"sameAs":["https:\/\/www.facebook.com\/Modelight.eu","https:\/\/x.com\/modelightqdl","https:\/\/www.instagram.com\/modelight.eu\/"]}]}},"jetpack_sharing_enabled":true,"_links":{"self":[{"href":"https:\/\/www.modelight.eu\/es\/wp-json\/wp\/v2\/product\/2426","targetHints":{"allow":["GET"]}}],"collection":[{"href":"https:\/\/www.modelight.eu\/es\/wp-json\/wp\/v2\/product"}],"about":[{"href":"https:\/\/www.modelight.eu\/es\/wp-json\/wp\/v2\/types\/product"}],"wp:featuredmedia":[{"embeddable":true,"href":"https:\/\/www.modelight.eu\/es\/wp-json\/wp\/v2\/media\/2427"}],"wp:attachment":[{"href":"https:\/\/www.modelight.eu\/es\/wp-json\/wp\/v2\/media?parent=2426"}],"wp:term":[{"taxonomy":"product_brand","embeddable":true,"href":"https:\/\/www.modelight.eu\/es\/wp-json\/wp\/v2\/product_brand?post=2426"},{"taxonomy":"product_cat","embeddable":true,"href":"https:\/\/www.modelight.eu\/es\/wp-json\/wp\/v2\/product_cat?post=2426"},{"taxonomy":"product_tag","embeddable":true,"href":"https:\/\/www.modelight.eu\/es\/wp-json\/wp\/v2\/product_tag?post=2426"}],"curies":[{"name":"wp","href":"https:\/\/api.w.org\/{rel}","templated":true}]}}