{"id":1769,"date":"2020-07-19T11:57:25","date_gmt":"2020-07-19T11:57:25","guid":{"rendered":"https:\/\/www.modelight.eu--skip-columns=guid\/?page_id=1769"},"modified":"2022-02-10T10:13:57","modified_gmt":"2022-02-10T10:13:57","slug":"about-modelight","status":"publish","type":"page","link":"https:\/\/www.modelight.eu\/es\/about-modelight\/","title":{"rendered":"Acerca de Modelight"},"content":{"rendered":"<p>Como cabr\u00eda esperar de una empresa especializada en iluminaci\u00f3n italiana de calidad, nos apasiona lo que hacemos. Estamos enamorados de la iluminaci\u00f3n italiana de calidad. Para nosotros, levanta el \u00e1nimo y transforma incluso los espacios m\u00e1s insulsos en algo realmente impresionante.<\/p>\n\n\n\n<p>Fundada en 2013, detectamos un hueco en el mercado para ofrecer una iluminaci\u00f3n italiana excepcional de alta calidad. En los oscuros meses de invierno en nuestra base en Irlanda, comprendimos lo importante que puede ser una gran iluminaci\u00f3n. Aprovechando nuestra experiencia en empresas de iluminaci\u00f3n, nos propusimos llevar la luz del estilo y el glamour continental a los hogares, jardines y locales comerciales de la UE. As\u00ed naci\u00f3 Modelight.<\/p>\n\n\n\n<h2 class=\"wp-block-heading\" id=\"an-authentic-range-of-quality-italian-lighting-products\">Una aut\u00e9ntica gama de productos de iluminaci\u00f3n italianos de calidad<\/h2>\n\n\n\n<p>Hemos creado una gama de productos realmente excepcional para que pueda elegir. Deje volar su imaginaci\u00f3n. Desde modernos y contempor\u00e1neos hasta extravagantes y de ensue\u00f1o, tenemos algo que se adapta a cualquier persona con un ojo para el detalle y un amor por el gran dise\u00f1o. Nuestra gama de productos incluye:<\/p>\n\n\n\n<ul class=\"wp-block-list\"><li>Iluminaci\u00f3n LED y est\u00e1ndar<\/li><li>llamativas luces de suelo y de mesa<\/li><li>l\u00e1mparas colgantes y de techo<\/li><li>iluminaci\u00f3n por cable vers\u00e1til y adaptable<\/li><li>iluminaci\u00f3n de dise\u00f1o para ba\u00f1os atrevidos<\/li><li>iluminaci\u00f3n atmosf\u00e9rica de jardines y exteriores<\/li><li>glamurosas luces LED flotantes para piscinas<\/li><\/ul>\n\n\n\n<h3 class=\"wp-block-heading\" id=\"quality-italian-lighting-products-with-unrivalled-service\">Productos de iluminaci\u00f3n italianos de calidad con un servicio inigualable<\/h3>\n\n\n\n<p>En Modelight no escatimamos en calidad. Por eso sabe que los productos que nos compra le proporcionar\u00e1n el aspecto que desea durante todo el tiempo que quiera. Adem\u00e1s, gracias a nuestra tienda online, podr\u00e1 disfrutar de la comodidad de explorar nuestra amplia gama de productos en cualquier momento del d\u00eda o de la noche. Nuestra estrecha relaci\u00f3n con nuestros proveedores de iluminaci\u00f3n de dise\u00f1o italiano nos permite introducir nuevos productos r\u00e1pidamente y ofrecer un servicio de entrega nacional e internacional puntual y fiable.<\/p>\n\n\n\n<h4 class=\"wp-block-heading\" id=\"for-your-home-your-business-your-life\">Para su casa, su negocio, su vida<\/h4>\n\n\n\n<p>Nuestros productos han aparecido en algunos de los programas de televisi\u00f3n m\u00e1s conocidos. Pero tambi\u00e9n aparecen en hermosos hogares y locales comerciales a lo largo y ancho de los pa\u00edses.<\/p>\n\n\n\n<p>As\u00ed que insp\u00edrese, enam\u00f3rese, d\u00e9 envidia a sus vecinos y disfrute del poder y la pasi\u00f3n de la hermosa iluminaci\u00f3n de dise\u00f1o italiano.<\/p>","protected":false},"excerpt":{"rendered":"<p>Como era de esperar de una empresa especializada en iluminaci\u00f3n italiana de calidad, nos apasiona lo que hacemos. Estamos enamorados<\/p>","protected":false},"author":1,"featured_media":0,"parent":0,"menu_order":0,"comment_status":"closed","ping_status":"closed","template":"","meta":{"footnotes":""},"class_list":["post-1769","page","type-page","status-publish","hentry"],"yoast_head":"<!-- This site is optimized with the Yoast SEO plugin v27.4 - https:\/\/yoast.com\/product\/yoast-seo-wordpress\/ -->\n<title>About Modelight The Great Italian Lighting<\/title>\n<meta name=\"description\" content=\"Founded in 2013, we spotted a gap in the market to provide exceptional Italian lighting. And so, Modelight was born. Modelight The Great Italian Lighting\" \/>\n<meta name=\"robots\" content=\"index, follow, max-snippet:-1, max-image-preview:large, max-video-preview:-1\" \/>\n<link rel=\"canonical\" href=\"https:\/\/www.modelight.eu\/es\/about-modelight\/\" \/>\n<meta property=\"og:locale\" content=\"es_ES\" \/>\n<meta property=\"og:type\" content=\"article\" \/>\n<meta property=\"og:title\" content=\"About Modelight The Great Italian Lighting\" \/>\n<meta property=\"og:description\" content=\"Founded in 2013, we spotted a gap in the market to provide exceptional Italian lighting. And so, Modelight was born. Modelight The Great Italian Lighting\" \/>\n<meta property=\"og:url\" content=\"https:\/\/www.modelight.eu\/es\/about-modelight\/\" \/>\n<meta property=\"og:site_name\" content=\"Modelight\" \/>\n<meta property=\"article:publisher\" content=\"https:\/\/www.facebook.com\/Modelight.eu\" \/>\n<meta property=\"article:modified_time\" content=\"2022-02-10T10:13:57+00:00\" \/>\n<meta property=\"og:image\" content=\"https:\/\/www.modelight.eu\/wp-content\/uploads\/2023\/03\/8168_Diphy_P_gallery_4.jpeg\" \/>\n\t<meta property=\"og:image:width\" content=\"1500\" \/>\n\t<meta property=\"og:image:height\" content=\"1125\" \/>\n\t<meta property=\"og:image:type\" content=\"image\/jpeg\" \/>\n<meta name=\"twitter:card\" content=\"summary_large_image\" \/>\n<meta name=\"twitter:site\" content=\"@modelightqdl\" \/>\n<meta name=\"twitter:label1\" content=\"Tiempo de lectura\" \/>\n\t<meta name=\"twitter:data1\" content=\"2 minutos\" \/>\n<script type=\"application\/ld+json\" class=\"yoast-schema-graph\">{\"@context\":\"https:\\\/\\\/schema.org\",\"@graph\":[{\"@type\":\"WebPage\",\"@id\":\"https:\\\/\\\/www.modelight.eu\\\/about-modelight\\\/\",\"url\":\"https:\\\/\\\/www.modelight.eu\\\/about-modelight\\\/\",\"name\":\"About Modelight The Great Italian Lighting\",\"isPartOf\":{\"@id\":\"http:\\\/\\\/www.modelight.eu\\\/pt\\\/#website\"},\"datePublished\":\"2020-07-19T11:57:25+00:00\",\"dateModified\":\"2022-02-10T10:13:57+00:00\",\"description\":\"Founded in 2013, we spotted a gap in the market to provide exceptional Italian lighting. And so, Modelight was born. Modelight The Great Italian Lighting\",\"breadcrumb\":{\"@id\":\"https:\\\/\\\/www.modelight.eu\\\/about-modelight\\\/#breadcrumb\"},\"inLanguage\":\"es\",\"potentialAction\":[{\"@type\":\"ReadAction\",\"target\":[\"https:\\\/\\\/www.modelight.eu\\\/about-modelight\\\/\"]}]},{\"@type\":\"BreadcrumbList\",\"@id\":\"https:\\\/\\\/www.modelight.eu\\\/about-modelight\\\/#breadcrumb\",\"itemListElement\":[{\"@type\":\"ListItem\",\"position\":1,\"name\":\"Home\",\"item\":\"https:\\\/\\\/www.modelight.eu\\\/\"},{\"@type\":\"ListItem\",\"position\":2,\"name\":\"About Modelight\"}]},{\"@type\":\"WebSite\",\"@id\":\"http:\\\/\\\/www.modelight.eu\\\/pt\\\/#website\",\"url\":\"http:\\\/\\\/www.modelight.eu\\\/pt\\\/\",\"name\":\"Modelight\",\"description\":\"Italian Decorative Lighting\",\"publisher\":{\"@id\":\"http:\\\/\\\/www.modelight.eu\\\/pt\\\/#organization\"},\"potentialAction\":[{\"@type\":\"SearchAction\",\"target\":{\"@type\":\"EntryPoint\",\"urlTemplate\":\"http:\\\/\\\/www.modelight.eu\\\/pt\\\/?s={search_term_string}\"},\"query-input\":{\"@type\":\"PropertyValueSpecification\",\"valueRequired\":true,\"valueName\":\"search_term_string\"}}],\"inLanguage\":\"es\"},{\"@type\":\"Organization\",\"@id\":\"http:\\\/\\\/www.modelight.eu\\\/pt\\\/#organization\",\"name\":\"modelight.eu\",\"url\":\"http:\\\/\\\/www.modelight.eu\\\/pt\\\/\",\"logo\":{\"@type\":\"ImageObject\",\"inLanguage\":\"es\",\"@id\":\"http:\\\/\\\/www.modelight.eu\\\/pt\\\/#\\\/schema\\\/logo\\\/image\\\/\",\"url\":\"https:\\\/\\\/www.modelight.eu\\\/wp-content\\\/uploads\\\/2020\\\/08\\\/modelight-ico-logo.jpg\",\"contentUrl\":\"https:\\\/\\\/www.modelight.eu\\\/wp-content\\\/uploads\\\/2020\\\/08\\\/modelight-ico-logo.jpg\",\"width\":512,\"height\":512,\"caption\":\"modelight.eu\"},\"image\":{\"@id\":\"http:\\\/\\\/www.modelight.eu\\\/pt\\\/#\\\/schema\\\/logo\\\/image\\\/\"},\"sameAs\":[\"https:\\\/\\\/www.facebook.com\\\/Modelight.eu\",\"https:\\\/\\\/x.com\\\/modelightqdl\",\"https:\\\/\\\/www.instagram.com\\\/modelight.eu\\\/\"]}]}<\/script>\n<!-- \/ Yoast SEO plugin. -->","yoast_head_json":{"title":"Acerca de Modelight La gran iluminaci\u00f3n italiana","description":"Fundada en 2013, detectamos un hueco en el mercado para ofrecer una iluminaci\u00f3n italiana excepcional. Y as\u00ed naci\u00f3 Modelight. Modelight La Gran Iluminaci\u00f3n Italiana","robots":{"index":"index","follow":"follow","max-snippet":"max-snippet:-1","max-image-preview":"max-image-preview:large","max-video-preview":"max-video-preview:-1"},"canonical":"https:\/\/www.modelight.eu\/es\/about-modelight\/","og_locale":"es_ES","og_type":"article","og_title":"About Modelight The Great Italian Lighting","og_description":"Founded in 2013, we spotted a gap in the market to provide exceptional Italian lighting. And so, Modelight was born. Modelight The Great Italian Lighting","og_url":"https:\/\/www.modelight.eu\/es\/about-modelight\/","og_site_name":"Modelight","article_publisher":"https:\/\/www.facebook.com\/Modelight.eu","article_modified_time":"2022-02-10T10:13:57+00:00","og_image":[{"width":1500,"height":1125,"url":"https:\/\/www.modelight.eu\/wp-content\/uploads\/2023\/03\/8168_Diphy_P_gallery_4.jpeg","type":"image\/jpeg"}],"twitter_card":"summary_large_image","twitter_site":"@modelightqdl","twitter_misc":{"Tiempo de lectura":"2 minutos"},"schema":{"@context":"https:\/\/schema.org","@graph":[{"@type":"WebPage","@id":"https:\/\/www.modelight.eu\/about-modelight\/","url":"https:\/\/www.modelight.eu\/about-modelight\/","name":"Acerca de Modelight La gran iluminaci\u00f3n italiana","isPartOf":{"@id":"http:\/\/www.modelight.eu\/pt\/#website"},"datePublished":"2020-07-19T11:57:25+00:00","dateModified":"2022-02-10T10:13:57+00:00","description":"Fundada en 2013, detectamos un hueco en el mercado para ofrecer una iluminaci\u00f3n italiana excepcional. Y as\u00ed naci\u00f3 Modelight. Modelight La Gran Iluminaci\u00f3n Italiana","breadcrumb":{"@id":"https:\/\/www.modelight.eu\/about-modelight\/#breadcrumb"},"inLanguage":"es","potentialAction":[{"@type":"ReadAction","target":["https:\/\/www.modelight.eu\/about-modelight\/"]}]},{"@type":"BreadcrumbList","@id":"https:\/\/www.modelight.eu\/about-modelight\/#breadcrumb","itemListElement":[{"@type":"ListItem","position":1,"name":"Home","item":"https:\/\/www.modelight.eu\/"},{"@type":"ListItem","position":2,"name":"About Modelight"}]},{"@type":"WebSite","@id":"http:\/\/www.modelight.eu\/pt\/#website","url":"http:\/\/www.modelight.eu\/pt\/","name":"Modelight","description":"Iluminaci\u00f3n decorativa italiana","publisher":{"@id":"http:\/\/www.modelight.eu\/pt\/#organization"},"potentialAction":[{"@type":"SearchAction","target":{"@type":"EntryPoint","urlTemplate":"http:\/\/www.modelight.eu\/pt\/?s={search_term_string}"},"query-input":{"@type":"PropertyValueSpecification","valueRequired":true,"valueName":"search_term_string"}}],"inLanguage":"es"},{"@type":"Organization","@id":"http:\/\/www.modelight.eu\/pt\/#organization","name":"modelight.eu","url":"http:\/\/www.modelight.eu\/pt\/","logo":{"@type":"ImageObject","inLanguage":"es","@id":"http:\/\/www.modelight.eu\/pt\/#\/schema\/logo\/image\/","url":"https:\/\/www.modelight.eu\/wp-content\/uploads\/2020\/08\/modelight-ico-logo.jpg","contentUrl":"https:\/\/www.modelight.eu\/wp-content\/uploads\/2020\/08\/modelight-ico-logo.jpg","width":512,"height":512,"caption":"modelight.eu"},"image":{"@id":"http:\/\/www.modelight.eu\/pt\/#\/schema\/logo\/image\/"},"sameAs":["https:\/\/www.facebook.com\/Modelight.eu","https:\/\/x.com\/modelightqdl","https:\/\/www.instagram.com\/modelight.eu\/"]}]}},"jetpack_sharing_enabled":true,"_links":{"self":[{"href":"https:\/\/www.modelight.eu\/es\/wp-json\/wp\/v2\/pages\/1769","targetHints":{"allow":["GET"]}}],"collection":[{"href":"https:\/\/www.modelight.eu\/es\/wp-json\/wp\/v2\/pages"}],"about":[{"href":"https:\/\/www.modelight.eu\/es\/wp-json\/wp\/v2\/types\/page"}],"author":[{"embeddable":true,"href":"https:\/\/www.modelight.eu\/es\/wp-json\/wp\/v2\/users\/1"}],"replies":[{"embeddable":true,"href":"https:\/\/www.modelight.eu\/es\/wp-json\/wp\/v2\/comments?post=1769"}],"version-history":[{"count":0,"href":"https:\/\/www.modelight.eu\/es\/wp-json\/wp\/v2\/pages\/1769\/revisions"}],"wp:attachment":[{"href":"https:\/\/www.modelight.eu\/es\/wp-json\/wp\/v2\/media?parent=1769"}],"curies":[{"name":"wp","href":"https:\/\/api.w.org\/{rel}","templated":true}]}}