{"id":8319,"date":"2021-07-19T10:23:28","date_gmt":"2021-07-19T10:23:28","guid":{"rendered":"https:\/\/www.modelight.eu--skip-columns=guid\/?post_type=product&#038;p=8319"},"modified":"2024-02-23T12:51:31","modified_gmt":"2024-02-23T12:51:31","slug":"triedro-p","status":"publish","type":"product","link":"https:\/\/www.modelight.eu\/de\/produkt\/triedro-p\/","title":{"rendered":"TRIEDRO P"},"content":{"rendered":"","protected":false},"excerpt":{"rendered":"<p>Inspiriert von den vielseitigen Lampen in Fotostudios, kombiniert unsere Triedro-Leuchtenfamilie von Stilnovo schlanke, moderne Linien mit dem Besten des Industriedesigns. Die intelligente Geometrie dieser italienischen Pendelleuchte, die von dem Mail\u00e4nder Architekten, Designer und K\u00fcnstler Joe Colombo entworfen wurde, erm\u00f6glicht es Ihnen, Ihre Beleuchtung wirklich zu kontrollieren. Das Licht wird von dem in drei Teile gefalteten und geformten Metallblech reflektiert, so dass es nie blendet. Perfekt, um Kunstwerke hervorzuheben, einen sozialen Raum zu beleuchten oder eine Leseecke zu schaffen.<\/p>\n<p>Lichtquelle: 1 x E27 (inklusive Gl\u00fchbirne)<br \/>\nEmpfohlene Gl\u00fchbirne: Classic A Mirror<br \/>\nLeistung: LED 7W, 220-240V<br \/>\nEigenschaften: 650lm, 2700K, CRI80<br \/>\nMaterial: Eisen (schwarz, wei\u00df)<br \/>\nAbmessungen: 288 x 255 mm, H Max 2600 mm<br \/>\nGewicht: 1,57 kg<br \/>\nSchutzart: IP20<br \/>\nEinbau: Decke<br \/>\nMarke: Stilnovo<br \/>\nHergestellt in Italien<\/p>","protected":false},"featured_media":9393,"template":"","meta":[],"product_brand":[],"product_cat":[42],"product_tag":[40,112,608,667,668],"class_list":{"0":"post-8319","1":"product","2":"type-product","3":"status-publish","4":"has-post-thumbnail","6":"product_cat-italian-pendant-lighting","7":"product_tag-pendant","8":"product_tag-white","9":"product_tag-triedro","10":"product_tag-italian","11":"product_tag-designer","13":"first","14":"instock","15":"taxable","16":"shipping-taxable","17":"purchasable","18":"product-type-simple"},"yoast_head":"<!-- This site is optimized with the Yoast SEO plugin v27.6 - https:\/\/yoast.com\/product\/yoast-seo-wordpress\/ -->\n<title>TRIEDRO P - Modelight<\/title>\n<meta name=\"robots\" content=\"index, follow, max-snippet:-1, max-image-preview:large, max-video-preview:-1\" \/>\n<link rel=\"canonical\" href=\"http:\/\/www.modelight.eu\/de\/produkt\/triedro-p\/\" \/>\n<meta property=\"og:locale\" content=\"de_DE\" \/>\n<meta property=\"og:type\" content=\"article\" \/>\n<meta property=\"og:title\" content=\"TRIEDRO P - Modelight\" \/>\n<meta property=\"og:description\" content=\"Inspired by the versatile lamps in photographic studios, our Triedro family of lights by Stilnovo combines sleek, modern lines with the best of industrial design. The intelligent geometry of this Italian pendant lighting fixture designed by Milanese architect, designer, and artist Joe Colombo allows you to truly control your lighting. Light is reflected by the metal sheet folded and shaped into three parts, so it never dazzles. Perfect for highlighting works of art, lighting a social space, or creating a reading area.  Light source: 1 x E27 (bulb included) Recommended bulb: Classic A Mirror Power: LED 7W, 220-240V Characteristics: 650lm, 2700K, CRI80 Material: Iron (black, white) Dimensions: 288 x 255 mm, H Max 2600 mm Weight:\u00a0 1.57 kg IP rating: IP20 Installation: Ceiling Brand: Stilnovo Made in Italy\" \/>\n<meta property=\"og:url\" content=\"http:\/\/www.modelight.eu\/de\/produkt\/triedro-p\/\" \/>\n<meta property=\"og:site_name\" content=\"Modelight\" \/>\n<meta property=\"article:publisher\" content=\"https:\/\/www.facebook.com\/Modelight.eu\" \/>\n<meta property=\"article:modified_time\" content=\"2024-02-23T12:51:31+00:00\" \/>\n<meta property=\"og:image\" content=\"https:\/\/i0.wp.com\/www.modelight.eu\/wp-content\/uploads\/2021\/07\/stilnovo-triedro-p-italian-pendant-lighting-modelight-designer-lighting-1.jpg?fit=800%2C1200&ssl=1\" \/>\n\t<meta property=\"og:image:width\" content=\"800\" \/>\n\t<meta property=\"og:image:height\" content=\"1200\" \/>\n\t<meta property=\"og:image:type\" content=\"image\/jpeg\" \/>\n<meta name=\"twitter:card\" content=\"summary_large_image\" \/>\n<meta name=\"twitter:site\" content=\"@modelightqdl\" \/>\n<script type=\"application\/ld+json\" class=\"yoast-schema-graph\">{\"@context\":\"https:\\\/\\\/schema.org\",\"@graph\":[{\"@type\":\"WebPage\",\"@id\":\"http:\\\/\\\/www.modelight.eu\\\/de\\\/produkt\\\/triedro-p\\\/\",\"url\":\"http:\\\/\\\/www.modelight.eu\\\/de\\\/produkt\\\/triedro-p\\\/\",\"name\":\"TRIEDRO P - Modelight\",\"isPartOf\":{\"@id\":\"http:\\\/\\\/www.modelight.eu\\\/pt\\\/#website\"},\"primaryImageOfPage\":{\"@id\":\"http:\\\/\\\/www.modelight.eu\\\/de\\\/produkt\\\/triedro-p\\\/#primaryimage\"},\"image\":{\"@id\":\"http:\\\/\\\/www.modelight.eu\\\/de\\\/produkt\\\/triedro-p\\\/#primaryimage\"},\"thumbnailUrl\":\"https:\\\/\\\/www.modelight.eu\\\/wp-content\\\/uploads\\\/2021\\\/07\\\/stilnovo-triedro-p-italian-pendant-lighting-modelight-designer-lighting-1.jpg\",\"datePublished\":\"2021-07-19T10:23:28+00:00\",\"dateModified\":\"2024-02-23T12:51:31+00:00\",\"breadcrumb\":{\"@id\":\"http:\\\/\\\/www.modelight.eu\\\/de\\\/produkt\\\/triedro-p\\\/#breadcrumb\"},\"inLanguage\":\"de\",\"potentialAction\":[{\"@type\":\"ReadAction\",\"target\":[\"http:\\\/\\\/www.modelight.eu\\\/de\\\/produkt\\\/triedro-p\\\/\"]}]},{\"@type\":\"ImageObject\",\"inLanguage\":\"de\",\"@id\":\"http:\\\/\\\/www.modelight.eu\\\/de\\\/produkt\\\/triedro-p\\\/#primaryimage\",\"url\":\"https:\\\/\\\/www.modelight.eu\\\/wp-content\\\/uploads\\\/2021\\\/07\\\/stilnovo-triedro-p-italian-pendant-lighting-modelight-designer-lighting-1.jpg\",\"contentUrl\":\"https:\\\/\\\/www.modelight.eu\\\/wp-content\\\/uploads\\\/2021\\\/07\\\/stilnovo-triedro-p-italian-pendant-lighting-modelight-designer-lighting-1.jpg\",\"width\":800,\"height\":1200},{\"@type\":\"BreadcrumbList\",\"@id\":\"http:\\\/\\\/www.modelight.eu\\\/de\\\/produkt\\\/triedro-p\\\/#breadcrumb\",\"itemListElement\":[{\"@type\":\"ListItem\",\"position\":1,\"name\":\"Home\",\"item\":\"https:\\\/\\\/www.modelight.eu\\\/\"},{\"@type\":\"ListItem\",\"position\":2,\"name\":\"Shop\",\"item\":\"https:\\\/\\\/www.modelight.eu\\\/modelight-decorative-lighting\\\/\"},{\"@type\":\"ListItem\",\"position\":3,\"name\":\"TRIEDRO P\"}]},{\"@type\":\"WebSite\",\"@id\":\"http:\\\/\\\/www.modelight.eu\\\/pt\\\/#website\",\"url\":\"http:\\\/\\\/www.modelight.eu\\\/pt\\\/\",\"name\":\"Modelight\",\"description\":\"Italian Decorative Lighting\",\"publisher\":{\"@id\":\"http:\\\/\\\/www.modelight.eu\\\/pt\\\/#organization\"},\"potentialAction\":[{\"@type\":\"SearchAction\",\"target\":{\"@type\":\"EntryPoint\",\"urlTemplate\":\"http:\\\/\\\/www.modelight.eu\\\/pt\\\/?s={search_term_string}\"},\"query-input\":{\"@type\":\"PropertyValueSpecification\",\"valueRequired\":true,\"valueName\":\"search_term_string\"}}],\"inLanguage\":\"de\"},{\"@type\":\"Organization\",\"@id\":\"http:\\\/\\\/www.modelight.eu\\\/pt\\\/#organization\",\"name\":\"modelight.eu\",\"url\":\"http:\\\/\\\/www.modelight.eu\\\/pt\\\/\",\"logo\":{\"@type\":\"ImageObject\",\"inLanguage\":\"de\",\"@id\":\"http:\\\/\\\/www.modelight.eu\\\/pt\\\/#\\\/schema\\\/logo\\\/image\\\/\",\"url\":\"https:\\\/\\\/www.modelight.eu\\\/wp-content\\\/uploads\\\/2020\\\/08\\\/modelight-ico-logo.jpg\",\"contentUrl\":\"https:\\\/\\\/www.modelight.eu\\\/wp-content\\\/uploads\\\/2020\\\/08\\\/modelight-ico-logo.jpg\",\"width\":512,\"height\":512,\"caption\":\"modelight.eu\"},\"image\":{\"@id\":\"http:\\\/\\\/www.modelight.eu\\\/pt\\\/#\\\/schema\\\/logo\\\/image\\\/\"},\"sameAs\":[\"https:\\\/\\\/www.facebook.com\\\/Modelight.eu\",\"https:\\\/\\\/x.com\\\/modelightqdl\",\"https:\\\/\\\/www.instagram.com\\\/modelight.eu\\\/\"]}]}<\/script>\n<!-- \/ Yoast SEO plugin. -->","yoast_head_json":{"title":"TRIEDRO P - Modelight","robots":{"index":"index","follow":"follow","max-snippet":"max-snippet:-1","max-image-preview":"max-image-preview:large","max-video-preview":"max-video-preview:-1"},"canonical":"http:\/\/www.modelight.eu\/de\/produkt\/triedro-p\/","og_locale":"de_DE","og_type":"article","og_title":"TRIEDRO P - Modelight","og_description":"Inspired by the versatile lamps in photographic studios, our Triedro family of lights by Stilnovo combines sleek, modern lines with the best of industrial design. The intelligent geometry of this Italian pendant lighting fixture designed by Milanese architect, designer, and artist Joe Colombo allows you to truly control your lighting. Light is reflected by the metal sheet folded and shaped into three parts, so it never dazzles. Perfect for highlighting works of art, lighting a social space, or creating a reading area.  Light source: 1 x E27 (bulb included) Recommended bulb: Classic A Mirror Power: LED 7W, 220-240V Characteristics: 650lm, 2700K, CRI80 Material: Iron (black, white) Dimensions: 288 x 255 mm, H Max 2600 mm Weight:\u00a0 1.57 kg IP rating: IP20 Installation: Ceiling Brand: Stilnovo Made in Italy","og_url":"http:\/\/www.modelight.eu\/de\/produkt\/triedro-p\/","og_site_name":"Modelight","article_publisher":"https:\/\/www.facebook.com\/Modelight.eu","article_modified_time":"2024-02-23T12:51:31+00:00","og_image":[{"width":800,"height":1200,"url":"https:\/\/i0.wp.com\/www.modelight.eu\/wp-content\/uploads\/2021\/07\/stilnovo-triedro-p-italian-pendant-lighting-modelight-designer-lighting-1.jpg?fit=800%2C1200&ssl=1","type":"image\/jpeg"}],"twitter_card":"summary_large_image","twitter_site":"@modelightqdl","schema":{"@context":"https:\/\/schema.org","@graph":[{"@type":"WebPage","@id":"http:\/\/www.modelight.eu\/de\/produkt\/triedro-p\/","url":"http:\/\/www.modelight.eu\/de\/produkt\/triedro-p\/","name":"TRIEDRO P - Modelight","isPartOf":{"@id":"http:\/\/www.modelight.eu\/pt\/#website"},"primaryImageOfPage":{"@id":"http:\/\/www.modelight.eu\/de\/produkt\/triedro-p\/#primaryimage"},"image":{"@id":"http:\/\/www.modelight.eu\/de\/produkt\/triedro-p\/#primaryimage"},"thumbnailUrl":"https:\/\/www.modelight.eu\/wp-content\/uploads\/2021\/07\/stilnovo-triedro-p-italian-pendant-lighting-modelight-designer-lighting-1.jpg","datePublished":"2021-07-19T10:23:28+00:00","dateModified":"2024-02-23T12:51:31+00:00","breadcrumb":{"@id":"http:\/\/www.modelight.eu\/de\/produkt\/triedro-p\/#breadcrumb"},"inLanguage":"de","potentialAction":[{"@type":"ReadAction","target":["http:\/\/www.modelight.eu\/de\/produkt\/triedro-p\/"]}]},{"@type":"ImageObject","inLanguage":"de","@id":"http:\/\/www.modelight.eu\/de\/produkt\/triedro-p\/#primaryimage","url":"https:\/\/www.modelight.eu\/wp-content\/uploads\/2021\/07\/stilnovo-triedro-p-italian-pendant-lighting-modelight-designer-lighting-1.jpg","contentUrl":"https:\/\/www.modelight.eu\/wp-content\/uploads\/2021\/07\/stilnovo-triedro-p-italian-pendant-lighting-modelight-designer-lighting-1.jpg","width":800,"height":1200},{"@type":"BreadcrumbList","@id":"http:\/\/www.modelight.eu\/de\/produkt\/triedro-p\/#breadcrumb","itemListElement":[{"@type":"ListItem","position":1,"name":"Home","item":"https:\/\/www.modelight.eu\/"},{"@type":"ListItem","position":2,"name":"Shop","item":"https:\/\/www.modelight.eu\/modelight-decorative-lighting\/"},{"@type":"ListItem","position":3,"name":"TRIEDRO P"}]},{"@type":"WebSite","@id":"http:\/\/www.modelight.eu\/pt\/#website","url":"http:\/\/www.modelight.eu\/pt\/","name":"Modelight","description":"Italienische dekorative Beleuchtung","publisher":{"@id":"http:\/\/www.modelight.eu\/pt\/#organization"},"potentialAction":[{"@type":"SearchAction","target":{"@type":"EntryPoint","urlTemplate":"http:\/\/www.modelight.eu\/pt\/?s={search_term_string}"},"query-input":{"@type":"PropertyValueSpecification","valueRequired":true,"valueName":"search_term_string"}}],"inLanguage":"de"},{"@type":"Organization","@id":"http:\/\/www.modelight.eu\/pt\/#organization","name":"modelight.eu","url":"http:\/\/www.modelight.eu\/pt\/","logo":{"@type":"ImageObject","inLanguage":"de","@id":"http:\/\/www.modelight.eu\/pt\/#\/schema\/logo\/image\/","url":"https:\/\/www.modelight.eu\/wp-content\/uploads\/2020\/08\/modelight-ico-logo.jpg","contentUrl":"https:\/\/www.modelight.eu\/wp-content\/uploads\/2020\/08\/modelight-ico-logo.jpg","width":512,"height":512,"caption":"modelight.eu"},"image":{"@id":"http:\/\/www.modelight.eu\/pt\/#\/schema\/logo\/image\/"},"sameAs":["https:\/\/www.facebook.com\/Modelight.eu","https:\/\/x.com\/modelightqdl","https:\/\/www.instagram.com\/modelight.eu\/"]}]}},"jetpack_sharing_enabled":true,"_links":{"self":[{"href":"https:\/\/www.modelight.eu\/de\/wp-json\/wp\/v2\/product\/8319","targetHints":{"allow":["GET"]}}],"collection":[{"href":"https:\/\/www.modelight.eu\/de\/wp-json\/wp\/v2\/product"}],"about":[{"href":"https:\/\/www.modelight.eu\/de\/wp-json\/wp\/v2\/types\/product"}],"wp:featuredmedia":[{"embeddable":true,"href":"https:\/\/www.modelight.eu\/de\/wp-json\/wp\/v2\/media\/9393"}],"wp:attachment":[{"href":"https:\/\/www.modelight.eu\/de\/wp-json\/wp\/v2\/media?parent=8319"}],"wp:term":[{"taxonomy":"product_brand","embeddable":true,"href":"https:\/\/www.modelight.eu\/de\/wp-json\/wp\/v2\/product_brand?post=8319"},{"taxonomy":"product_cat","embeddable":true,"href":"https:\/\/www.modelight.eu\/de\/wp-json\/wp\/v2\/product_cat?post=8319"},{"taxonomy":"product_tag","embeddable":true,"href":"https:\/\/www.modelight.eu\/de\/wp-json\/wp\/v2\/product_tag?post=8319"}],"curies":[{"name":"wp","href":"https:\/\/api.w.org\/{rel}","templated":true}]}}