{"id":7985,"date":"2021-07-09T10:06:38","date_gmt":"2021-07-09T10:06:38","guid":{"rendered":"https:\/\/www.modelight.eu--skip-columns=guid\/?post_type=product&#038;p=7985"},"modified":"2024-02-23T12:51:18","modified_gmt":"2024-02-23T12:51:18","slug":"fante-red","status":"publish","type":"product","link":"https:\/\/www.modelight.eu\/de\/produkt\/fante-red\/","title":{"rendered":"FANTE ROT"},"content":{"rendered":"","protected":false},"excerpt":{"rendered":"<p>Im Laufe des Tages \u00e4ndert sich die Beleuchtung in unserer Wohnung. Was wir brauchen, sind wirklich flexible Leuchten, die uns die besten Beleuchtungsoptionen f\u00fcr jeden Raum, jede Stunde und jede Jahreszeit bieten. Die verspielte, stilvolle italienische Tischleuchte FANTE RED von Stilnovo wird Sie nicht entt\u00e4uschen. Die Geometrie des Kegels, der E27-Gl\u00fchbirne und des wei\u00df lackierten Aluminiumschirms ist so ansprechend, dass die Leuchte manchmal an ein Modemodell erinnert, das in einem flotten Winkel einen schicken Hut tr\u00e4gt. Sie k\u00f6nnen die Metallscheibe bewegen, um das Licht dorthin zu lenken, wo Sie es brauchen. Die Designer J. De Pas, D. D'Urbino und P. Lomazzi haben dies alles ohne Gelenke oder Mechanismen erreicht.<\/p>\n<p>Leuchtmittel: 1 x E27 (mitgeliefert)<br \/>\nLeistung: Globo 126 Voll-LED 220-240V 11W<br \/>\nEigenschaften: 2700K, 1520lm, CRI 80<br \/>\nMaterial: Aluminium (wei\u00df), PU (rot)<br \/>\nAbmessungen: \u00d8 301 mm, H 280 mm<br \/>\nGewicht: 1,95 kg<br \/>\nSchutzart: IP20<br \/>\nKabell\u00e4nge: 2000 mm<br \/>\nSteckdose: Typ L<br \/>\nKippbar: Ja<br \/>\nEinbau: Tabelle<br \/>\nMarke: Stilnovo<br \/>\nHergestellt in Italien<\/p>","protected":false},"featured_media":8722,"template":"","meta":[],"product_brand":[],"product_cat":[50,56],"product_tag":[41,112,128,246,667,668,786],"class_list":{"0":"post-7985","1":"product","2":"type-product","3":"status-publish","4":"has-post-thumbnail","6":"product_cat-table-lights","7":"product_cat-designers-picks","8":"product_tag-lighting","9":"product_tag-white","10":"product_tag-table","11":"product_tag-red","12":"product_tag-italian","13":"product_tag-designer","14":"product_tag-fante","16":"first","17":"instock","18":"featured","19":"taxable","20":"shipping-taxable","21":"purchasable","22":"product-type-simple"},"yoast_head":"<!-- This site is optimized with the Yoast SEO plugin v27.6 - https:\/\/yoast.com\/product\/yoast-seo-wordpress\/ -->\n<title>FANTE RED - Modelight<\/title>\n<meta name=\"robots\" content=\"index, follow, max-snippet:-1, max-image-preview:large, max-video-preview:-1\" \/>\n<link rel=\"canonical\" href=\"https:\/\/www.modelight.eu\/de\/produkt\/fante-red\/\" \/>\n<meta property=\"og:locale\" content=\"de_DE\" \/>\n<meta property=\"og:type\" content=\"article\" \/>\n<meta property=\"og:title\" content=\"FANTE RED - Modelight\" \/>\n<meta property=\"og:description\" content=\"As the day passes, the lighting in our home changes. What we need are truly flexible lights to give us the best lighting options for every room, hour, and season. The playful, stylish FANTE RED Italian table lighting by Stilnovo won\u2019t let you down. The geometry of the cone, E27 globe bulb, and white-painted aluminium lampshade is so pleasing, the lamp sometimes resembling a fashion model wearing a stylish hat at a jaunty angle. You can move the metal disc to direct the light where you need it. Designers J. De Pas, D. D\u2019Urbino, and P. Lomazzi achieved all this without the use of joints or mechanisms.  Light source: 1 x E27 (included) Power: Globo 126 Full Light LED 220-240V 11W Characteristics: 2700K, 1520lm, CRI 80 Material: Aluminium (white), PU (red) Dimensions: \u00d8 301 mm, H 280 mm Weight: 1.95 kg IP rating: IP20 Cable length: 2000 mm Electric socket: Type L Tilting: Yes Installation: Table Brand: Stilnovo Made in Italy\" \/>\n<meta property=\"og:url\" content=\"https:\/\/www.modelight.eu\/de\/produkt\/fante-red\/\" \/>\n<meta property=\"og:site_name\" content=\"Modelight\" \/>\n<meta property=\"article:publisher\" content=\"https:\/\/www.facebook.com\/Modelight.eu\" \/>\n<meta property=\"article:modified_time\" content=\"2024-02-23T12:51:18+00:00\" \/>\n<meta property=\"og:image\" content=\"https:\/\/www.modelight.eu\/wp-content\/uploads\/2021\/07\/stilnovo-fante-red-italian-table-lamps-modelight-designer-lighting-1.jpg\" \/>\n\t<meta property=\"og:image:width\" content=\"800\" \/>\n\t<meta property=\"og:image:height\" content=\"1200\" \/>\n\t<meta property=\"og:image:type\" content=\"image\/jpeg\" \/>\n<meta name=\"twitter:card\" content=\"summary_large_image\" \/>\n<meta name=\"twitter:site\" content=\"@modelightqdl\" \/>\n<meta name=\"twitter:label1\" content=\"Gesch\u00e4tzte Lesezeit\" \/>\n\t<meta name=\"twitter:data1\" content=\"1\u00a0Minute\" \/>\n<script type=\"application\/ld+json\" class=\"yoast-schema-graph\">{\"@context\":\"https:\\\/\\\/schema.org\",\"@graph\":[{\"@type\":\"WebPage\",\"@id\":\"https:\\\/\\\/www.modelight.eu\\\/product\\\/fante-red\\\/\",\"url\":\"https:\\\/\\\/www.modelight.eu\\\/product\\\/fante-red\\\/\",\"name\":\"FANTE RED - Modelight\",\"isPartOf\":{\"@id\":\"http:\\\/\\\/www.modelight.eu\\\/pt\\\/#website\"},\"primaryImageOfPage\":{\"@id\":\"https:\\\/\\\/www.modelight.eu\\\/product\\\/fante-red\\\/#primaryimage\"},\"image\":{\"@id\":\"https:\\\/\\\/www.modelight.eu\\\/product\\\/fante-red\\\/#primaryimage\"},\"thumbnailUrl\":\"https:\\\/\\\/www.modelight.eu\\\/wp-content\\\/uploads\\\/2021\\\/07\\\/stilnovo-fante-red-italian-table-lamps-modelight-designer-lighting-1.jpg\",\"datePublished\":\"2021-07-09T10:06:38+00:00\",\"dateModified\":\"2024-02-23T12:51:18+00:00\",\"breadcrumb\":{\"@id\":\"https:\\\/\\\/www.modelight.eu\\\/product\\\/fante-red\\\/#breadcrumb\"},\"inLanguage\":\"de\",\"potentialAction\":[{\"@type\":\"ReadAction\",\"target\":[\"https:\\\/\\\/www.modelight.eu\\\/product\\\/fante-red\\\/\"]}]},{\"@type\":\"ImageObject\",\"inLanguage\":\"de\",\"@id\":\"https:\\\/\\\/www.modelight.eu\\\/product\\\/fante-red\\\/#primaryimage\",\"url\":\"https:\\\/\\\/www.modelight.eu\\\/wp-content\\\/uploads\\\/2021\\\/07\\\/stilnovo-fante-red-italian-table-lamps-modelight-designer-lighting-1.jpg\",\"contentUrl\":\"https:\\\/\\\/www.modelight.eu\\\/wp-content\\\/uploads\\\/2021\\\/07\\\/stilnovo-fante-red-italian-table-lamps-modelight-designer-lighting-1.jpg\",\"width\":800,\"height\":1200,\"caption\":\"Stilnovo Fante red Italian table lamps picture 1\"},{\"@type\":\"BreadcrumbList\",\"@id\":\"https:\\\/\\\/www.modelight.eu\\\/product\\\/fante-red\\\/#breadcrumb\",\"itemListElement\":[{\"@type\":\"ListItem\",\"position\":1,\"name\":\"Home\",\"item\":\"https:\\\/\\\/www.modelight.eu\\\/\"},{\"@type\":\"ListItem\",\"position\":2,\"name\":\"Shop\",\"item\":\"https:\\\/\\\/www.modelight.eu\\\/modelight-decorative-lighting\\\/\"},{\"@type\":\"ListItem\",\"position\":3,\"name\":\"FANTE RED\"}]},{\"@type\":\"WebSite\",\"@id\":\"http:\\\/\\\/www.modelight.eu\\\/pt\\\/#website\",\"url\":\"http:\\\/\\\/www.modelight.eu\\\/pt\\\/\",\"name\":\"Modelight\",\"description\":\"Italian Decorative Lighting\",\"publisher\":{\"@id\":\"http:\\\/\\\/www.modelight.eu\\\/pt\\\/#organization\"},\"potentialAction\":[{\"@type\":\"SearchAction\",\"target\":{\"@type\":\"EntryPoint\",\"urlTemplate\":\"http:\\\/\\\/www.modelight.eu\\\/pt\\\/?s={search_term_string}\"},\"query-input\":{\"@type\":\"PropertyValueSpecification\",\"valueRequired\":true,\"valueName\":\"search_term_string\"}}],\"inLanguage\":\"de\"},{\"@type\":\"Organization\",\"@id\":\"http:\\\/\\\/www.modelight.eu\\\/pt\\\/#organization\",\"name\":\"modelight.eu\",\"url\":\"http:\\\/\\\/www.modelight.eu\\\/pt\\\/\",\"logo\":{\"@type\":\"ImageObject\",\"inLanguage\":\"de\",\"@id\":\"http:\\\/\\\/www.modelight.eu\\\/pt\\\/#\\\/schema\\\/logo\\\/image\\\/\",\"url\":\"https:\\\/\\\/www.modelight.eu\\\/wp-content\\\/uploads\\\/2020\\\/08\\\/modelight-ico-logo.jpg\",\"contentUrl\":\"https:\\\/\\\/www.modelight.eu\\\/wp-content\\\/uploads\\\/2020\\\/08\\\/modelight-ico-logo.jpg\",\"width\":512,\"height\":512,\"caption\":\"modelight.eu\"},\"image\":{\"@id\":\"http:\\\/\\\/www.modelight.eu\\\/pt\\\/#\\\/schema\\\/logo\\\/image\\\/\"},\"sameAs\":[\"https:\\\/\\\/www.facebook.com\\\/Modelight.eu\",\"https:\\\/\\\/x.com\\\/modelightqdl\",\"https:\\\/\\\/www.instagram.com\\\/modelight.eu\\\/\"]}]}<\/script>\n<!-- \/ Yoast SEO plugin. -->","yoast_head_json":{"title":"FANTE RED - Modelight","robots":{"index":"index","follow":"follow","max-snippet":"max-snippet:-1","max-image-preview":"max-image-preview:large","max-video-preview":"max-video-preview:-1"},"canonical":"https:\/\/www.modelight.eu\/de\/produkt\/fante-red\/","og_locale":"de_DE","og_type":"article","og_title":"FANTE RED - Modelight","og_description":"As the day passes, the lighting in our home changes. What we need are truly flexible lights to give us the best lighting options for every room, hour, and season. The playful, stylish FANTE RED Italian table lighting by Stilnovo won\u2019t let you down. The geometry of the cone, E27 globe bulb, and white-painted aluminium lampshade is so pleasing, the lamp sometimes resembling a fashion model wearing a stylish hat at a jaunty angle. You can move the metal disc to direct the light where you need it. Designers J. De Pas, D. D\u2019Urbino, and P. Lomazzi achieved all this without the use of joints or mechanisms.  Light source: 1 x E27 (included) Power: Globo 126 Full Light LED 220-240V 11W Characteristics: 2700K, 1520lm, CRI 80 Material: Aluminium (white), PU (red) Dimensions: \u00d8 301 mm, H 280 mm Weight: 1.95 kg IP rating: IP20 Cable length: 2000 mm Electric socket: Type L Tilting: Yes Installation: Table Brand: Stilnovo Made in Italy","og_url":"https:\/\/www.modelight.eu\/de\/produkt\/fante-red\/","og_site_name":"Modelight","article_publisher":"https:\/\/www.facebook.com\/Modelight.eu","article_modified_time":"2024-02-23T12:51:18+00:00","og_image":[{"width":800,"height":1200,"url":"https:\/\/www.modelight.eu\/wp-content\/uploads\/2021\/07\/stilnovo-fante-red-italian-table-lamps-modelight-designer-lighting-1.jpg","type":"image\/jpeg"}],"twitter_card":"summary_large_image","twitter_site":"@modelightqdl","twitter_misc":{"Gesch\u00e4tzte Lesezeit":"1\u00a0Minute"},"schema":{"@context":"https:\/\/schema.org","@graph":[{"@type":"WebPage","@id":"https:\/\/www.modelight.eu\/product\/fante-red\/","url":"https:\/\/www.modelight.eu\/product\/fante-red\/","name":"FANTE RED - Modelight","isPartOf":{"@id":"http:\/\/www.modelight.eu\/pt\/#website"},"primaryImageOfPage":{"@id":"https:\/\/www.modelight.eu\/product\/fante-red\/#primaryimage"},"image":{"@id":"https:\/\/www.modelight.eu\/product\/fante-red\/#primaryimage"},"thumbnailUrl":"https:\/\/www.modelight.eu\/wp-content\/uploads\/2021\/07\/stilnovo-fante-red-italian-table-lamps-modelight-designer-lighting-1.jpg","datePublished":"2021-07-09T10:06:38+00:00","dateModified":"2024-02-23T12:51:18+00:00","breadcrumb":{"@id":"https:\/\/www.modelight.eu\/product\/fante-red\/#breadcrumb"},"inLanguage":"de","potentialAction":[{"@type":"ReadAction","target":["https:\/\/www.modelight.eu\/product\/fante-red\/"]}]},{"@type":"ImageObject","inLanguage":"de","@id":"https:\/\/www.modelight.eu\/product\/fante-red\/#primaryimage","url":"https:\/\/www.modelight.eu\/wp-content\/uploads\/2021\/07\/stilnovo-fante-red-italian-table-lamps-modelight-designer-lighting-1.jpg","contentUrl":"https:\/\/www.modelight.eu\/wp-content\/uploads\/2021\/07\/stilnovo-fante-red-italian-table-lamps-modelight-designer-lighting-1.jpg","width":800,"height":1200,"caption":"Stilnovo Fante red Italian table lamps picture 1"},{"@type":"BreadcrumbList","@id":"https:\/\/www.modelight.eu\/product\/fante-red\/#breadcrumb","itemListElement":[{"@type":"ListItem","position":1,"name":"Home","item":"https:\/\/www.modelight.eu\/"},{"@type":"ListItem","position":2,"name":"Shop","item":"https:\/\/www.modelight.eu\/modelight-decorative-lighting\/"},{"@type":"ListItem","position":3,"name":"FANTE RED"}]},{"@type":"WebSite","@id":"http:\/\/www.modelight.eu\/pt\/#website","url":"http:\/\/www.modelight.eu\/pt\/","name":"Modelight","description":"Italienische dekorative Beleuchtung","publisher":{"@id":"http:\/\/www.modelight.eu\/pt\/#organization"},"potentialAction":[{"@type":"SearchAction","target":{"@type":"EntryPoint","urlTemplate":"http:\/\/www.modelight.eu\/pt\/?s={search_term_string}"},"query-input":{"@type":"PropertyValueSpecification","valueRequired":true,"valueName":"search_term_string"}}],"inLanguage":"de"},{"@type":"Organization","@id":"http:\/\/www.modelight.eu\/pt\/#organization","name":"modelight.eu","url":"http:\/\/www.modelight.eu\/pt\/","logo":{"@type":"ImageObject","inLanguage":"de","@id":"http:\/\/www.modelight.eu\/pt\/#\/schema\/logo\/image\/","url":"https:\/\/www.modelight.eu\/wp-content\/uploads\/2020\/08\/modelight-ico-logo.jpg","contentUrl":"https:\/\/www.modelight.eu\/wp-content\/uploads\/2020\/08\/modelight-ico-logo.jpg","width":512,"height":512,"caption":"modelight.eu"},"image":{"@id":"http:\/\/www.modelight.eu\/pt\/#\/schema\/logo\/image\/"},"sameAs":["https:\/\/www.facebook.com\/Modelight.eu","https:\/\/x.com\/modelightqdl","https:\/\/www.instagram.com\/modelight.eu\/"]}]}},"jetpack_sharing_enabled":true,"_links":{"self":[{"href":"https:\/\/www.modelight.eu\/de\/wp-json\/wp\/v2\/product\/7985","targetHints":{"allow":["GET"]}}],"collection":[{"href":"https:\/\/www.modelight.eu\/de\/wp-json\/wp\/v2\/product"}],"about":[{"href":"https:\/\/www.modelight.eu\/de\/wp-json\/wp\/v2\/types\/product"}],"wp:featuredmedia":[{"embeddable":true,"href":"https:\/\/www.modelight.eu\/de\/wp-json\/wp\/v2\/media\/8722"}],"wp:attachment":[{"href":"https:\/\/www.modelight.eu\/de\/wp-json\/wp\/v2\/media?parent=7985"}],"wp:term":[{"taxonomy":"product_brand","embeddable":true,"href":"https:\/\/www.modelight.eu\/de\/wp-json\/wp\/v2\/product_brand?post=7985"},{"taxonomy":"product_cat","embeddable":true,"href":"https:\/\/www.modelight.eu\/de\/wp-json\/wp\/v2\/product_cat?post=7985"},{"taxonomy":"product_tag","embeddable":true,"href":"https:\/\/www.modelight.eu\/de\/wp-json\/wp\/v2\/product_tag?post=7985"}],"curies":[{"name":"wp","href":"https:\/\/api.w.org\/{rel}","templated":true}]}}