{"id":7492,"date":"2021-03-10T10:46:47","date_gmt":"2021-03-10T10:46:47","guid":{"rendered":"https:\/\/www.modelight.eu--skip-columns=guid\/?post_type=product&#038;p=7492"},"modified":"2024-02-23T12:50:55","modified_gmt":"2024-02-23T12:50:55","slug":"rossini-tab-gold","status":"publish","type":"product","link":"https:\/\/www.modelight.eu\/de\/produkt\/rossini-tab-gold\/","title":{"rendered":"ROSSINI TAB GOLD"},"content":{"rendered":"","protected":false},"excerpt":{"rendered":"<p>Eine liebenswerte Art, Ihre Wohnung in sch\u00f6nen T\u00f6nen zu beleuchten. Diese stilvolle und elegante italienische LED-Tischleuchte mit Aluminiumgeh\u00e4use in erstaunlichem Goldfinish ist perfekt f\u00fcr kleine R\u00e4ume, aber auch f\u00fcr mehrere Formate geeignet. Ob zu Hause oder im Gesch\u00e4ft, Rossini Tab Gold kann die erstaunlichsten Design-Arrangements schaffen, ein wahrhaft magisches, fast alchemistisches Ambiente. Rossini Tab Gold ist ein stolzes Mitglied der Sinfonia Familie.<\/p>\n<p>Lichtquelle: LED<br \/>\nLeistung: TopLED 6W, 220-240V<br \/>\nEigenschaften: 3000K, 600lm, CRI 80<br \/>\nMaterial: Aluminium (Gold), PMMA<br \/>\nAbmessungen: 147 x 139 x 141 mm<br \/>\nSchutzart: IP40<br \/>\nDimmbar: Push DIM (reaktiver Schalter nicht enthalten)<br \/>\nKabell\u00e4nge: 2000 mm<br \/>\nSteckdose: Typ C<br \/>\nEinbau: Tabelle<br \/>\nMarke: Linea Light<br \/>\nHergestellt in Italien<\/p>","protected":false},"featured_media":7493,"template":"","meta":[],"product_brand":[],"product_cat":[50,81],"product_tag":[118,128,667,668,705],"class_list":{"0":"post-7492","1":"product","2":"type-product","3":"status-publish","4":"has-post-thumbnail","6":"product_cat-table-lights","7":"product_cat-led-lighting","8":"product_tag-gold","9":"product_tag-table","10":"product_tag-italian","11":"product_tag-designer","12":"product_tag-rossini","14":"first","15":"instock","16":"taxable","17":"shipping-taxable","18":"purchasable","19":"product-type-simple"},"yoast_head":"<!-- This site is optimized with the Yoast SEO plugin v27.6 - https:\/\/yoast.com\/product\/yoast-seo-wordpress\/ -->\n<title>ROSSINI TAB GOLD - Modelight<\/title>\n<meta name=\"robots\" content=\"index, follow, max-snippet:-1, max-image-preview:large, max-video-preview:-1\" \/>\n<link rel=\"canonical\" href=\"https:\/\/www.modelight.eu\/de\/produkt\/rossini-tab-gold\/\" \/>\n<meta property=\"og:locale\" content=\"de_DE\" \/>\n<meta property=\"og:type\" content=\"article\" \/>\n<meta property=\"og:title\" content=\"ROSSINI TAB GOLD - Modelight\" \/>\n<meta property=\"og:description\" content=\"An endearing way to light up your place in beautiful tones. This stylish and elegant Italian LED table lamp, with aluminium casing in amazing gold finish, is perfect for small rooms, yet equally in multiple formats. At home or business Rossini Tab Gold can create the most amazing range of design arrangements, a truly magical, almost alchemical ambience. Rossini Tab Gold is a proud member of the Sinfonia family.  Light source: LED Power: TopLED 6W, 220-240V Characteristics: 3000K, 600lm, CRI 80 Material: Aluminium (gold), PMMA Dimensions: 147 x 139 x 141 mm IP rating: IP40 Dimmable: Push DIM (reactive switch not included) Cable length: 2000 mm Electric socket: Type C Installation: Table Brand: Linea Light Made in Italy\" \/>\n<meta property=\"og:url\" content=\"https:\/\/www.modelight.eu\/de\/produkt\/rossini-tab-gold\/\" \/>\n<meta property=\"og:site_name\" content=\"Modelight\" \/>\n<meta property=\"article:publisher\" content=\"https:\/\/www.facebook.com\/Modelight.eu\" \/>\n<meta property=\"article:modified_time\" content=\"2024-02-23T12:50:55+00:00\" \/>\n<meta property=\"og:image\" content=\"https:\/\/i0.wp.com\/www.modelight.eu\/wp-content\/uploads\/2021\/03\/rossini-tab-linea-light-gold-dimmable-led-table-lamps-modelight-italian-lighting-1.jpg?fit=800%2C1200&ssl=1\" \/>\n\t<meta property=\"og:image:width\" content=\"800\" \/>\n\t<meta property=\"og:image:height\" content=\"1200\" \/>\n\t<meta property=\"og:image:type\" content=\"image\/jpeg\" \/>\n<meta name=\"twitter:card\" content=\"summary_large_image\" \/>\n<meta name=\"twitter:site\" content=\"@modelightqdl\" \/>\n<script type=\"application\/ld+json\" class=\"yoast-schema-graph\">{\"@context\":\"https:\\\/\\\/schema.org\",\"@graph\":[{\"@type\":\"WebPage\",\"@id\":\"https:\\\/\\\/www.modelight.eu\\\/product\\\/rossini-tab-gold\\\/\",\"url\":\"https:\\\/\\\/www.modelight.eu\\\/product\\\/rossini-tab-gold\\\/\",\"name\":\"ROSSINI TAB GOLD - Modelight\",\"isPartOf\":{\"@id\":\"http:\\\/\\\/www.modelight.eu\\\/pt\\\/#website\"},\"primaryImageOfPage\":{\"@id\":\"https:\\\/\\\/www.modelight.eu\\\/product\\\/rossini-tab-gold\\\/#primaryimage\"},\"image\":{\"@id\":\"https:\\\/\\\/www.modelight.eu\\\/product\\\/rossini-tab-gold\\\/#primaryimage\"},\"thumbnailUrl\":\"https:\\\/\\\/www.modelight.eu\\\/wp-content\\\/uploads\\\/2021\\\/03\\\/rossini-tab-linea-light-gold-dimmable-led-table-lamps-modelight-italian-lighting-1.jpg\",\"datePublished\":\"2021-03-10T10:46:47+00:00\",\"dateModified\":\"2024-02-23T12:50:55+00:00\",\"breadcrumb\":{\"@id\":\"https:\\\/\\\/www.modelight.eu\\\/product\\\/rossini-tab-gold\\\/#breadcrumb\"},\"inLanguage\":\"de\",\"potentialAction\":[{\"@type\":\"ReadAction\",\"target\":[\"https:\\\/\\\/www.modelight.eu\\\/product\\\/rossini-tab-gold\\\/\"]}]},{\"@type\":\"ImageObject\",\"inLanguage\":\"de\",\"@id\":\"https:\\\/\\\/www.modelight.eu\\\/product\\\/rossini-tab-gold\\\/#primaryimage\",\"url\":\"https:\\\/\\\/www.modelight.eu\\\/wp-content\\\/uploads\\\/2021\\\/03\\\/rossini-tab-linea-light-gold-dimmable-led-table-lamps-modelight-italian-lighting-1.jpg\",\"contentUrl\":\"https:\\\/\\\/www.modelight.eu\\\/wp-content\\\/uploads\\\/2021\\\/03\\\/rossini-tab-linea-light-gold-dimmable-led-table-lamps-modelight-italian-lighting-1.jpg\",\"width\":800,\"height\":1200,\"caption\":\"ROSSINI TAB GOLD Italian Table Lamp Picture 1\"},{\"@type\":\"BreadcrumbList\",\"@id\":\"https:\\\/\\\/www.modelight.eu\\\/product\\\/rossini-tab-gold\\\/#breadcrumb\",\"itemListElement\":[{\"@type\":\"ListItem\",\"position\":1,\"name\":\"Home\",\"item\":\"https:\\\/\\\/www.modelight.eu\\\/\"},{\"@type\":\"ListItem\",\"position\":2,\"name\":\"Shop\",\"item\":\"https:\\\/\\\/www.modelight.eu\\\/modelight-decorative-lighting\\\/\"},{\"@type\":\"ListItem\",\"position\":3,\"name\":\"ROSSINI TAB GOLD\"}]},{\"@type\":\"WebSite\",\"@id\":\"http:\\\/\\\/www.modelight.eu\\\/pt\\\/#website\",\"url\":\"http:\\\/\\\/www.modelight.eu\\\/pt\\\/\",\"name\":\"Modelight\",\"description\":\"Italian Decorative Lighting\",\"publisher\":{\"@id\":\"http:\\\/\\\/www.modelight.eu\\\/pt\\\/#organization\"},\"potentialAction\":[{\"@type\":\"SearchAction\",\"target\":{\"@type\":\"EntryPoint\",\"urlTemplate\":\"http:\\\/\\\/www.modelight.eu\\\/pt\\\/?s={search_term_string}\"},\"query-input\":{\"@type\":\"PropertyValueSpecification\",\"valueRequired\":true,\"valueName\":\"search_term_string\"}}],\"inLanguage\":\"de\"},{\"@type\":\"Organization\",\"@id\":\"http:\\\/\\\/www.modelight.eu\\\/pt\\\/#organization\",\"name\":\"modelight.eu\",\"url\":\"http:\\\/\\\/www.modelight.eu\\\/pt\\\/\",\"logo\":{\"@type\":\"ImageObject\",\"inLanguage\":\"de\",\"@id\":\"http:\\\/\\\/www.modelight.eu\\\/pt\\\/#\\\/schema\\\/logo\\\/image\\\/\",\"url\":\"https:\\\/\\\/www.modelight.eu\\\/wp-content\\\/uploads\\\/2020\\\/08\\\/modelight-ico-logo.jpg\",\"contentUrl\":\"https:\\\/\\\/www.modelight.eu\\\/wp-content\\\/uploads\\\/2020\\\/08\\\/modelight-ico-logo.jpg\",\"width\":512,\"height\":512,\"caption\":\"modelight.eu\"},\"image\":{\"@id\":\"http:\\\/\\\/www.modelight.eu\\\/pt\\\/#\\\/schema\\\/logo\\\/image\\\/\"},\"sameAs\":[\"https:\\\/\\\/www.facebook.com\\\/Modelight.eu\",\"https:\\\/\\\/x.com\\\/modelightqdl\",\"https:\\\/\\\/www.instagram.com\\\/modelight.eu\\\/\"]}]}<\/script>\n<!-- \/ Yoast SEO plugin. -->","yoast_head_json":{"title":"ROSSINI TAB GOLD - Modelight","robots":{"index":"index","follow":"follow","max-snippet":"max-snippet:-1","max-image-preview":"max-image-preview:large","max-video-preview":"max-video-preview:-1"},"canonical":"https:\/\/www.modelight.eu\/de\/produkt\/rossini-tab-gold\/","og_locale":"de_DE","og_type":"article","og_title":"ROSSINI TAB GOLD - Modelight","og_description":"An endearing way to light up your place in beautiful tones. This stylish and elegant Italian LED table lamp, with aluminium casing in amazing gold finish, is perfect for small rooms, yet equally in multiple formats. At home or business Rossini Tab Gold can create the most amazing range of design arrangements, a truly magical, almost alchemical ambience. Rossini Tab Gold is a proud member of the Sinfonia family.  Light source: LED Power: TopLED 6W, 220-240V Characteristics: 3000K, 600lm, CRI 80 Material: Aluminium (gold), PMMA Dimensions: 147 x 139 x 141 mm IP rating: IP40 Dimmable: Push DIM (reactive switch not included) Cable length: 2000 mm Electric socket: Type C Installation: Table Brand: Linea Light Made in Italy","og_url":"https:\/\/www.modelight.eu\/de\/produkt\/rossini-tab-gold\/","og_site_name":"Modelight","article_publisher":"https:\/\/www.facebook.com\/Modelight.eu","article_modified_time":"2024-02-23T12:50:55+00:00","og_image":[{"width":800,"height":1200,"url":"https:\/\/i0.wp.com\/www.modelight.eu\/wp-content\/uploads\/2021\/03\/rossini-tab-linea-light-gold-dimmable-led-table-lamps-modelight-italian-lighting-1.jpg?fit=800%2C1200&ssl=1","type":"image\/jpeg"}],"twitter_card":"summary_large_image","twitter_site":"@modelightqdl","schema":{"@context":"https:\/\/schema.org","@graph":[{"@type":"WebPage","@id":"https:\/\/www.modelight.eu\/product\/rossini-tab-gold\/","url":"https:\/\/www.modelight.eu\/product\/rossini-tab-gold\/","name":"ROSSINI TAB GOLD - Modelight","isPartOf":{"@id":"http:\/\/www.modelight.eu\/pt\/#website"},"primaryImageOfPage":{"@id":"https:\/\/www.modelight.eu\/product\/rossini-tab-gold\/#primaryimage"},"image":{"@id":"https:\/\/www.modelight.eu\/product\/rossini-tab-gold\/#primaryimage"},"thumbnailUrl":"https:\/\/www.modelight.eu\/wp-content\/uploads\/2021\/03\/rossini-tab-linea-light-gold-dimmable-led-table-lamps-modelight-italian-lighting-1.jpg","datePublished":"2021-03-10T10:46:47+00:00","dateModified":"2024-02-23T12:50:55+00:00","breadcrumb":{"@id":"https:\/\/www.modelight.eu\/product\/rossini-tab-gold\/#breadcrumb"},"inLanguage":"de","potentialAction":[{"@type":"ReadAction","target":["https:\/\/www.modelight.eu\/product\/rossini-tab-gold\/"]}]},{"@type":"ImageObject","inLanguage":"de","@id":"https:\/\/www.modelight.eu\/product\/rossini-tab-gold\/#primaryimage","url":"https:\/\/www.modelight.eu\/wp-content\/uploads\/2021\/03\/rossini-tab-linea-light-gold-dimmable-led-table-lamps-modelight-italian-lighting-1.jpg","contentUrl":"https:\/\/www.modelight.eu\/wp-content\/uploads\/2021\/03\/rossini-tab-linea-light-gold-dimmable-led-table-lamps-modelight-italian-lighting-1.jpg","width":800,"height":1200,"caption":"ROSSINI TAB GOLD Italian Table Lamp Picture 1"},{"@type":"BreadcrumbList","@id":"https:\/\/www.modelight.eu\/product\/rossini-tab-gold\/#breadcrumb","itemListElement":[{"@type":"ListItem","position":1,"name":"Home","item":"https:\/\/www.modelight.eu\/"},{"@type":"ListItem","position":2,"name":"Shop","item":"https:\/\/www.modelight.eu\/modelight-decorative-lighting\/"},{"@type":"ListItem","position":3,"name":"ROSSINI TAB GOLD"}]},{"@type":"WebSite","@id":"http:\/\/www.modelight.eu\/pt\/#website","url":"http:\/\/www.modelight.eu\/pt\/","name":"Modelight","description":"Italienische dekorative Beleuchtung","publisher":{"@id":"http:\/\/www.modelight.eu\/pt\/#organization"},"potentialAction":[{"@type":"SearchAction","target":{"@type":"EntryPoint","urlTemplate":"http:\/\/www.modelight.eu\/pt\/?s={search_term_string}"},"query-input":{"@type":"PropertyValueSpecification","valueRequired":true,"valueName":"search_term_string"}}],"inLanguage":"de"},{"@type":"Organization","@id":"http:\/\/www.modelight.eu\/pt\/#organization","name":"modelight.eu","url":"http:\/\/www.modelight.eu\/pt\/","logo":{"@type":"ImageObject","inLanguage":"de","@id":"http:\/\/www.modelight.eu\/pt\/#\/schema\/logo\/image\/","url":"https:\/\/www.modelight.eu\/wp-content\/uploads\/2020\/08\/modelight-ico-logo.jpg","contentUrl":"https:\/\/www.modelight.eu\/wp-content\/uploads\/2020\/08\/modelight-ico-logo.jpg","width":512,"height":512,"caption":"modelight.eu"},"image":{"@id":"http:\/\/www.modelight.eu\/pt\/#\/schema\/logo\/image\/"},"sameAs":["https:\/\/www.facebook.com\/Modelight.eu","https:\/\/x.com\/modelightqdl","https:\/\/www.instagram.com\/modelight.eu\/"]}]}},"jetpack_sharing_enabled":true,"_links":{"self":[{"href":"https:\/\/www.modelight.eu\/de\/wp-json\/wp\/v2\/product\/7492","targetHints":{"allow":["GET"]}}],"collection":[{"href":"https:\/\/www.modelight.eu\/de\/wp-json\/wp\/v2\/product"}],"about":[{"href":"https:\/\/www.modelight.eu\/de\/wp-json\/wp\/v2\/types\/product"}],"wp:featuredmedia":[{"embeddable":true,"href":"https:\/\/www.modelight.eu\/de\/wp-json\/wp\/v2\/media\/7493"}],"wp:attachment":[{"href":"https:\/\/www.modelight.eu\/de\/wp-json\/wp\/v2\/media?parent=7492"}],"wp:term":[{"taxonomy":"product_brand","embeddable":true,"href":"https:\/\/www.modelight.eu\/de\/wp-json\/wp\/v2\/product_brand?post=7492"},{"taxonomy":"product_cat","embeddable":true,"href":"https:\/\/www.modelight.eu\/de\/wp-json\/wp\/v2\/product_cat?post=7492"},{"taxonomy":"product_tag","embeddable":true,"href":"https:\/\/www.modelight.eu\/de\/wp-json\/wp\/v2\/product_tag?post=7492"}],"curies":[{"name":"wp","href":"https:\/\/api.w.org\/{rel}","templated":true}]}}