{"id":7156,"date":"2021-03-03T12:07:41","date_gmt":"2021-03-03T12:07:41","guid":{"rendered":"https:\/\/www.modelight.eu--skip-columns=guid\/?post_type=product&#038;p=7156"},"modified":"2024-02-23T12:50:14","modified_gmt":"2024-02-23T12:50:14","slug":"sinfonia-system-modules","status":"publish","type":"product","link":"https:\/\/www.modelight.eu\/de\/produkt\/sinfonia-system-modules\/","title":{"rendered":"SINFONIA SYSTEMBAUSTEINE"},"content":{"rendered":"","protected":false},"excerpt":{"rendered":"<p>Mit dem Sinfonia System von Linea Light k\u00f6nnen Sie Ihre eigene Einrichtungssymphonie kreieren, indem Sie die Leuchten, die an Ihrem Baldachin h\u00e4ngen, miteinander kombinieren. Die runden Rossini-Lampen, die dreieckigen Verdi-Lampen, die r\u00f6hrenf\u00f6rmigen Puccini-Lampen und die scheibenf\u00f6rmigen Vivaldi-Lampen sind die Noten auf dem Notenschl\u00fcssel, lassen Sie sie Ihre eigene Melodie singen. Kombinieren Sie sie nach Ihrem Geschmack und ordnen Sie sie in einer Spinne\" oder einer Schlange\" an, je nachdem, wie es zu Ihrem Raum passt. Sie sind in wei\u00df oder schwarz lackiertem Aluminium, poliertem Chrom und geb\u00fcrstetem Gold mit satinierten oder extra klaren Acryldiffusoren erh\u00e4ltlich. Dieses reizvolle italienische Beleuchtungssystem ist die perfekte Erg\u00e4nzung f\u00fcr moderne und Mid-Century-Raumkonzepte.<\/p>\n<p>Sinfonia System Lampen sind separat erh\u00e4ltlich<\/p>","protected":false},"featured_media":7157,"template":"","meta":[],"product_brand":[],"product_cat":[42,56,81,704],"product_tag":[37,696,668,667,118,112,86,40],"class_list":{"0":"post-7156","1":"product","2":"type-product","3":"status-publish","4":"has-post-thumbnail","6":"product_cat-italian-pendant-lighting","7":"product_cat-designers-picks","8":"product_cat-led-lighting","9":"product_cat-sinfonia-system","10":"product_tag-black","11":"product_tag-sinfonia","12":"product_tag-designer","13":"product_tag-italian","14":"product_tag-gold","15":"product_tag-white","16":"product_tag-chrome","17":"product_tag-pendant","19":"first","20":"instock","21":"taxable","22":"shipping-taxable","23":"purchasable","24":"product-type-variable"},"yoast_head":"<!-- This site is optimized with the Yoast SEO plugin v27.4 - https:\/\/yoast.com\/product\/yoast-seo-wordpress\/ -->\n<title>SINFONIA SYSTEM MODULES - Modelight<\/title>\n<meta name=\"robots\" content=\"index, follow, max-snippet:-1, max-image-preview:large, max-video-preview:-1\" \/>\n<link rel=\"canonical\" href=\"https:\/\/www.modelight.eu\/de\/produkt\/sinfonia-system-modules\/\" \/>\n<meta property=\"og:locale\" content=\"de_DE\" \/>\n<meta property=\"og:type\" content=\"article\" \/>\n<meta property=\"og:title\" content=\"SINFONIA SYSTEM MODULES - Modelight\" \/>\n<meta property=\"og:description\" content=\"Create your own interior design symphony with the Sinfonia System by Linea Light, mixing and matching light fittings to hang from your master canopy. The round Rossini, triangular Verdi, tubed Puccini, and disced Vivaldi lamps are the notes on the musical clef, make them sing your own tune. Mix and match them to your taste and arrange them in a \u2018spider\u2019 or a liner \u2018snake\u2019 to suit your room. They are available in white or black painted aluminium, polished chromium, and brushed gold with satin finished or extra clear acrylic diffusers. This delightful Italian lighting system is the perfect addition to modern and mid-century room schemes.  Sinfonia System lamps are sold separately\" \/>\n<meta property=\"og:url\" content=\"https:\/\/www.modelight.eu\/de\/produkt\/sinfonia-system-modules\/\" \/>\n<meta property=\"og:site_name\" content=\"Modelight\" \/>\n<meta property=\"article:publisher\" content=\"https:\/\/www.facebook.com\/Modelight.eu\" \/>\n<meta property=\"article:modified_time\" content=\"2024-02-23T12:50:14+00:00\" \/>\n<meta property=\"og:image\" content=\"https:\/\/www.modelight.eu\/wp-content\/uploads\/2021\/03\/sinfonia-system-linea-light-components-designer-lighting-modelight-italian-lights-1.jpg\" \/>\n\t<meta property=\"og:image:width\" content=\"800\" \/>\n\t<meta property=\"og:image:height\" content=\"1200\" \/>\n\t<meta property=\"og:image:type\" content=\"image\/jpeg\" \/>\n<meta name=\"twitter:card\" content=\"summary_large_image\" \/>\n<meta name=\"twitter:site\" content=\"@modelightqdl\" \/>\n<script type=\"application\/ld+json\" class=\"yoast-schema-graph\">{\"@context\":\"https:\\\/\\\/schema.org\",\"@graph\":[{\"@type\":\"WebPage\",\"@id\":\"https:\\\/\\\/www.modelight.eu\\\/product\\\/sinfonia-system-modules\\\/\",\"url\":\"https:\\\/\\\/www.modelight.eu\\\/product\\\/sinfonia-system-modules\\\/\",\"name\":\"SINFONIA SYSTEM MODULES - Modelight\",\"isPartOf\":{\"@id\":\"http:\\\/\\\/www.modelight.eu\\\/pt\\\/#website\"},\"primaryImageOfPage\":{\"@id\":\"https:\\\/\\\/www.modelight.eu\\\/product\\\/sinfonia-system-modules\\\/#primaryimage\"},\"image\":{\"@id\":\"https:\\\/\\\/www.modelight.eu\\\/product\\\/sinfonia-system-modules\\\/#primaryimage\"},\"thumbnailUrl\":\"https:\\\/\\\/www.modelight.eu\\\/wp-content\\\/uploads\\\/2021\\\/03\\\/sinfonia-system-linea-light-components-designer-lighting-modelight-italian-lights-1.jpg\",\"datePublished\":\"2021-03-03T12:07:41+00:00\",\"dateModified\":\"2024-02-23T12:50:14+00:00\",\"breadcrumb\":{\"@id\":\"https:\\\/\\\/www.modelight.eu\\\/product\\\/sinfonia-system-modules\\\/#breadcrumb\"},\"inLanguage\":\"de\",\"potentialAction\":[{\"@type\":\"ReadAction\",\"target\":[\"https:\\\/\\\/www.modelight.eu\\\/product\\\/sinfonia-system-modules\\\/\"]}]},{\"@type\":\"ImageObject\",\"inLanguage\":\"de\",\"@id\":\"https:\\\/\\\/www.modelight.eu\\\/product\\\/sinfonia-system-modules\\\/#primaryimage\",\"url\":\"https:\\\/\\\/www.modelight.eu\\\/wp-content\\\/uploads\\\/2021\\\/03\\\/sinfonia-system-linea-light-components-designer-lighting-modelight-italian-lights-1.jpg\",\"contentUrl\":\"https:\\\/\\\/www.modelight.eu\\\/wp-content\\\/uploads\\\/2021\\\/03\\\/sinfonia-system-linea-light-components-designer-lighting-modelight-italian-lights-1.jpg\",\"width\":800,\"height\":1200,\"caption\":\"SINFONIA SYSTEM Modules Italian Lighting Picture 1\"},{\"@type\":\"BreadcrumbList\",\"@id\":\"https:\\\/\\\/www.modelight.eu\\\/product\\\/sinfonia-system-modules\\\/#breadcrumb\",\"itemListElement\":[{\"@type\":\"ListItem\",\"position\":1,\"name\":\"Home\",\"item\":\"https:\\\/\\\/www.modelight.eu\\\/\"},{\"@type\":\"ListItem\",\"position\":2,\"name\":\"Shop\",\"item\":\"https:\\\/\\\/www.modelight.eu\\\/modelight-decorative-lighting\\\/\"},{\"@type\":\"ListItem\",\"position\":3,\"name\":\"SINFONIA SYSTEM MODULES\"}]},{\"@type\":\"WebSite\",\"@id\":\"http:\\\/\\\/www.modelight.eu\\\/pt\\\/#website\",\"url\":\"http:\\\/\\\/www.modelight.eu\\\/pt\\\/\",\"name\":\"Modelight\",\"description\":\"Italian Decorative Lighting\",\"publisher\":{\"@id\":\"http:\\\/\\\/www.modelight.eu\\\/pt\\\/#organization\"},\"potentialAction\":[{\"@type\":\"SearchAction\",\"target\":{\"@type\":\"EntryPoint\",\"urlTemplate\":\"http:\\\/\\\/www.modelight.eu\\\/pt\\\/?s={search_term_string}\"},\"query-input\":{\"@type\":\"PropertyValueSpecification\",\"valueRequired\":true,\"valueName\":\"search_term_string\"}}],\"inLanguage\":\"de\"},{\"@type\":\"Organization\",\"@id\":\"http:\\\/\\\/www.modelight.eu\\\/pt\\\/#organization\",\"name\":\"modelight.eu\",\"url\":\"http:\\\/\\\/www.modelight.eu\\\/pt\\\/\",\"logo\":{\"@type\":\"ImageObject\",\"inLanguage\":\"de\",\"@id\":\"http:\\\/\\\/www.modelight.eu\\\/pt\\\/#\\\/schema\\\/logo\\\/image\\\/\",\"url\":\"https:\\\/\\\/www.modelight.eu\\\/wp-content\\\/uploads\\\/2020\\\/08\\\/modelight-ico-logo.jpg\",\"contentUrl\":\"https:\\\/\\\/www.modelight.eu\\\/wp-content\\\/uploads\\\/2020\\\/08\\\/modelight-ico-logo.jpg\",\"width\":512,\"height\":512,\"caption\":\"modelight.eu\"},\"image\":{\"@id\":\"http:\\\/\\\/www.modelight.eu\\\/pt\\\/#\\\/schema\\\/logo\\\/image\\\/\"},\"sameAs\":[\"https:\\\/\\\/www.facebook.com\\\/Modelight.eu\",\"https:\\\/\\\/x.com\\\/modelightqdl\",\"https:\\\/\\\/www.instagram.com\\\/modelight.eu\\\/\"]}]}<\/script>\n<!-- \/ Yoast SEO plugin. -->","yoast_head_json":{"title":"SINFONIA SYSTEM-MODULE - Modelight","robots":{"index":"index","follow":"follow","max-snippet":"max-snippet:-1","max-image-preview":"max-image-preview:large","max-video-preview":"max-video-preview:-1"},"canonical":"https:\/\/www.modelight.eu\/de\/produkt\/sinfonia-system-modules\/","og_locale":"de_DE","og_type":"article","og_title":"SINFONIA SYSTEM MODULES - Modelight","og_description":"Create your own interior design symphony with the Sinfonia System by Linea Light, mixing and matching light fittings to hang from your master canopy. The round Rossini, triangular Verdi, tubed Puccini, and disced Vivaldi lamps are the notes on the musical clef, make them sing your own tune. Mix and match them to your taste and arrange them in a \u2018spider\u2019 or a liner \u2018snake\u2019 to suit your room. They are available in white or black painted aluminium, polished chromium, and brushed gold with satin finished or extra clear acrylic diffusers. This delightful Italian lighting system is the perfect addition to modern and mid-century room schemes.  Sinfonia System lamps are sold separately","og_url":"https:\/\/www.modelight.eu\/de\/produkt\/sinfonia-system-modules\/","og_site_name":"Modelight","article_publisher":"https:\/\/www.facebook.com\/Modelight.eu","article_modified_time":"2024-02-23T12:50:14+00:00","og_image":[{"width":800,"height":1200,"url":"https:\/\/www.modelight.eu\/wp-content\/uploads\/2021\/03\/sinfonia-system-linea-light-components-designer-lighting-modelight-italian-lights-1.jpg","type":"image\/jpeg"}],"twitter_card":"summary_large_image","twitter_site":"@modelightqdl","schema":{"@context":"https:\/\/schema.org","@graph":[{"@type":"WebPage","@id":"https:\/\/www.modelight.eu\/product\/sinfonia-system-modules\/","url":"https:\/\/www.modelight.eu\/product\/sinfonia-system-modules\/","name":"SINFONIA SYSTEM-MODULE - Modelight","isPartOf":{"@id":"http:\/\/www.modelight.eu\/pt\/#website"},"primaryImageOfPage":{"@id":"https:\/\/www.modelight.eu\/product\/sinfonia-system-modules\/#primaryimage"},"image":{"@id":"https:\/\/www.modelight.eu\/product\/sinfonia-system-modules\/#primaryimage"},"thumbnailUrl":"https:\/\/www.modelight.eu\/wp-content\/uploads\/2021\/03\/sinfonia-system-linea-light-components-designer-lighting-modelight-italian-lights-1.jpg","datePublished":"2021-03-03T12:07:41+00:00","dateModified":"2024-02-23T12:50:14+00:00","breadcrumb":{"@id":"https:\/\/www.modelight.eu\/product\/sinfonia-system-modules\/#breadcrumb"},"inLanguage":"de","potentialAction":[{"@type":"ReadAction","target":["https:\/\/www.modelight.eu\/product\/sinfonia-system-modules\/"]}]},{"@type":"ImageObject","inLanguage":"de","@id":"https:\/\/www.modelight.eu\/product\/sinfonia-system-modules\/#primaryimage","url":"https:\/\/www.modelight.eu\/wp-content\/uploads\/2021\/03\/sinfonia-system-linea-light-components-designer-lighting-modelight-italian-lights-1.jpg","contentUrl":"https:\/\/www.modelight.eu\/wp-content\/uploads\/2021\/03\/sinfonia-system-linea-light-components-designer-lighting-modelight-italian-lights-1.jpg","width":800,"height":1200,"caption":"SINFONIA SYSTEM Modules Italian Lighting Picture 1"},{"@type":"BreadcrumbList","@id":"https:\/\/www.modelight.eu\/product\/sinfonia-system-modules\/#breadcrumb","itemListElement":[{"@type":"ListItem","position":1,"name":"Home","item":"https:\/\/www.modelight.eu\/"},{"@type":"ListItem","position":2,"name":"Shop","item":"https:\/\/www.modelight.eu\/modelight-decorative-lighting\/"},{"@type":"ListItem","position":3,"name":"SINFONIA SYSTEM MODULES"}]},{"@type":"WebSite","@id":"http:\/\/www.modelight.eu\/pt\/#website","url":"http:\/\/www.modelight.eu\/pt\/","name":"Modelight","description":"Italienische dekorative Beleuchtung","publisher":{"@id":"http:\/\/www.modelight.eu\/pt\/#organization"},"potentialAction":[{"@type":"SearchAction","target":{"@type":"EntryPoint","urlTemplate":"http:\/\/www.modelight.eu\/pt\/?s={search_term_string}"},"query-input":{"@type":"PropertyValueSpecification","valueRequired":true,"valueName":"search_term_string"}}],"inLanguage":"de"},{"@type":"Organization","@id":"http:\/\/www.modelight.eu\/pt\/#organization","name":"modelight.eu","url":"http:\/\/www.modelight.eu\/pt\/","logo":{"@type":"ImageObject","inLanguage":"de","@id":"http:\/\/www.modelight.eu\/pt\/#\/schema\/logo\/image\/","url":"https:\/\/www.modelight.eu\/wp-content\/uploads\/2020\/08\/modelight-ico-logo.jpg","contentUrl":"https:\/\/www.modelight.eu\/wp-content\/uploads\/2020\/08\/modelight-ico-logo.jpg","width":512,"height":512,"caption":"modelight.eu"},"image":{"@id":"http:\/\/www.modelight.eu\/pt\/#\/schema\/logo\/image\/"},"sameAs":["https:\/\/www.facebook.com\/Modelight.eu","https:\/\/x.com\/modelightqdl","https:\/\/www.instagram.com\/modelight.eu\/"]}]}},"jetpack_sharing_enabled":true,"_links":{"self":[{"href":"https:\/\/www.modelight.eu\/de\/wp-json\/wp\/v2\/product\/7156","targetHints":{"allow":["GET"]}}],"collection":[{"href":"https:\/\/www.modelight.eu\/de\/wp-json\/wp\/v2\/product"}],"about":[{"href":"https:\/\/www.modelight.eu\/de\/wp-json\/wp\/v2\/types\/product"}],"wp:featuredmedia":[{"embeddable":true,"href":"https:\/\/www.modelight.eu\/de\/wp-json\/wp\/v2\/media\/7157"}],"wp:attachment":[{"href":"https:\/\/www.modelight.eu\/de\/wp-json\/wp\/v2\/media?parent=7156"}],"wp:term":[{"taxonomy":"product_brand","embeddable":true,"href":"https:\/\/www.modelight.eu\/de\/wp-json\/wp\/v2\/product_brand?post=7156"},{"taxonomy":"product_cat","embeddable":true,"href":"https:\/\/www.modelight.eu\/de\/wp-json\/wp\/v2\/product_cat?post=7156"},{"taxonomy":"product_tag","embeddable":true,"href":"https:\/\/www.modelight.eu\/de\/wp-json\/wp\/v2\/product_tag?post=7156"}],"curies":[{"name":"wp","href":"https:\/\/api.w.org\/{rel}","templated":true}]}}