{"id":6294,"date":"2021-02-18T14:39:29","date_gmt":"2021-02-18T14:39:29","guid":{"rendered":"https:\/\/www.modelight.eu--skip-columns=guid\/?post_type=product&#038;p=6294"},"modified":"2024-02-23T12:48:27","modified_gmt":"2024-02-23T12:48:27","slug":"antigua-fl-black","status":"publish","type":"product","link":"https:\/\/www.modelight.eu\/de\/produkt\/antigua-fl-black\/","title":{"rendered":"ANTIGUA FL Schwarz"},"content":{"rendered":"","protected":false},"excerpt":{"rendered":"<p>Wir haben die Zukunft der Beleuchtung gesehen und sie sieht genauso aus wie die Antigua FL Black. Beleuchten Sie Ihr Zuhause oder B\u00fcro mit diesem wundersch\u00f6nen Glasdiffusor mit sandgestrahltem Rand und einem zentralen Leuchtelement aus schwarz beschichtetem Metall. Sie hat alles, was man sich von einer italienischen LED-Bodenbeleuchtung w\u00fcnscht: schlicht, elegant, auff\u00e4llig und wunderbar funktional. Die Antigua-Serie ist auch als Pendel-, Wand- und Deckenleuchte erh\u00e4ltlich.<\/p>\n<p>Lichtquelle: LED<br \/>\nLeistung: topLED 39W, 220-240V<br \/>\nEigenschaften: 3000K, 3882lm, CRI 80<br \/>\nMaterial: Eisen (schwarz), Glas (transparent\/sandgestrahlt)<br \/>\nAbmessungen: 500 x 1917 x 651 mm<br \/>\nSchutzart: IP20<br \/>\nKabell\u00e4nge: 3000 mm<br \/>\nDimmbar: DIM dr\u00fccken<br \/>\nDoppelter Lichtaustritt: 65% oben, 35% unten<br \/>\nEinbau: Boden<br \/>\nMarke: Linea Light<br \/>\nHergestellt in Italien<\/p>","protected":false},"featured_media":6296,"template":"","meta":[],"product_brand":[],"product_cat":[49,81,53],"product_tag":[37,85,119,129,667,668],"class_list":{"0":"post-6294","1":"product","2":"type-product","3":"status-publish","4":"has-post-thumbnail","6":"product_cat-floor-lamps","7":"product_cat-led-lighting","8":"product_cat-italian-glass-lighting","9":"product_tag-black","10":"product_tag-glass","11":"product_tag-antigua","12":"product_tag-floor","13":"product_tag-italian","14":"product_tag-designer","16":"first","17":"instock","18":"taxable","19":"shipping-taxable","20":"purchasable","21":"product-type-simple"},"yoast_head":"<!-- This site is optimized with the Yoast SEO plugin v27.6 - https:\/\/yoast.com\/product\/yoast-seo-wordpress\/ -->\n<title>ANTIGUA FL Black - Modelight<\/title>\n<meta name=\"robots\" content=\"index, follow, max-snippet:-1, max-image-preview:large, max-video-preview:-1\" \/>\n<link rel=\"canonical\" href=\"https:\/\/www.modelight.eu\/de\/produkt\/antigua-fl-black\/\" \/>\n<meta property=\"og:locale\" content=\"de_DE\" \/>\n<meta property=\"og:type\" content=\"article\" \/>\n<meta property=\"og:title\" content=\"ANTIGUA FL Black - Modelight\" \/>\n<meta property=\"og:description\" content=\"We\u2019ve seen the future of lighting and it looks just like the Antigua FL Black. Illuminate your home or office with this gorgeous glass diffuser with a sandblasted edge and a central lighting element in black coated metal. It\u2019s everything you want in Italian LED floor lighting, simple, elegant, striking, and wonderfully functional. The Antigua range also comes in pendant, wall and ceiling lights.  Light source: LED Power: topLED 39W, 220-240V Characteristics: 3000K, 3882lm, CRI 80 Material: Iron (black), Glass (transparent\/sandblasted) Dimensions: 500 x 1917 x 651 mm IP rating: IP20 Cable length: 3000 mm Dimmable: Push DIM Double light emission: 65% up, 35% down Installation: Floor Brand: Linea Light Made in Italy\" \/>\n<meta property=\"og:url\" content=\"https:\/\/www.modelight.eu\/de\/produkt\/antigua-fl-black\/\" \/>\n<meta property=\"og:site_name\" content=\"Modelight\" \/>\n<meta property=\"article:publisher\" content=\"https:\/\/www.facebook.com\/Modelight.eu\" \/>\n<meta property=\"article:modified_time\" content=\"2024-02-23T12:48:27+00:00\" \/>\n<meta property=\"og:image\" content=\"https:\/\/www.modelight.eu\/wp-content\/uploads\/2021\/02\/antigua-fl-linea-light-black-led-floor-lamps-modelight-italian-lighting-1.jpg\" \/>\n\t<meta property=\"og:image:width\" content=\"800\" \/>\n\t<meta property=\"og:image:height\" content=\"1200\" \/>\n\t<meta property=\"og:image:type\" content=\"image\/jpeg\" \/>\n<meta name=\"twitter:card\" content=\"summary_large_image\" \/>\n<meta name=\"twitter:site\" content=\"@modelightqdl\" \/>\n<script type=\"application\/ld+json\" class=\"yoast-schema-graph\">{\"@context\":\"https:\\\/\\\/schema.org\",\"@graph\":[{\"@type\":\"WebPage\",\"@id\":\"https:\\\/\\\/www.modelight.eu\\\/product\\\/antigua-fl-black\\\/\",\"url\":\"https:\\\/\\\/www.modelight.eu\\\/product\\\/antigua-fl-black\\\/\",\"name\":\"ANTIGUA FL Black - Modelight\",\"isPartOf\":{\"@id\":\"http:\\\/\\\/www.modelight.eu\\\/pt\\\/#website\"},\"primaryImageOfPage\":{\"@id\":\"https:\\\/\\\/www.modelight.eu\\\/product\\\/antigua-fl-black\\\/#primaryimage\"},\"image\":{\"@id\":\"https:\\\/\\\/www.modelight.eu\\\/product\\\/antigua-fl-black\\\/#primaryimage\"},\"thumbnailUrl\":\"https:\\\/\\\/www.modelight.eu\\\/wp-content\\\/uploads\\\/2021\\\/02\\\/antigua-fl-linea-light-black-led-floor-lamps-modelight-italian-lighting-1.jpg\",\"datePublished\":\"2021-02-18T14:39:29+00:00\",\"dateModified\":\"2024-02-23T12:48:27+00:00\",\"breadcrumb\":{\"@id\":\"https:\\\/\\\/www.modelight.eu\\\/product\\\/antigua-fl-black\\\/#breadcrumb\"},\"inLanguage\":\"de\",\"potentialAction\":[{\"@type\":\"ReadAction\",\"target\":[\"https:\\\/\\\/www.modelight.eu\\\/product\\\/antigua-fl-black\\\/\"]}]},{\"@type\":\"ImageObject\",\"inLanguage\":\"de\",\"@id\":\"https:\\\/\\\/www.modelight.eu\\\/product\\\/antigua-fl-black\\\/#primaryimage\",\"url\":\"https:\\\/\\\/www.modelight.eu\\\/wp-content\\\/uploads\\\/2021\\\/02\\\/antigua-fl-linea-light-black-led-floor-lamps-modelight-italian-lighting-1.jpg\",\"contentUrl\":\"https:\\\/\\\/www.modelight.eu\\\/wp-content\\\/uploads\\\/2021\\\/02\\\/antigua-fl-linea-light-black-led-floor-lamps-modelight-italian-lighting-1.jpg\",\"width\":800,\"height\":1200,\"caption\":\"ANTIGUA FL Black Italian Floor Lamp Picture 1\"},{\"@type\":\"BreadcrumbList\",\"@id\":\"https:\\\/\\\/www.modelight.eu\\\/product\\\/antigua-fl-black\\\/#breadcrumb\",\"itemListElement\":[{\"@type\":\"ListItem\",\"position\":1,\"name\":\"Home\",\"item\":\"https:\\\/\\\/www.modelight.eu\\\/\"},{\"@type\":\"ListItem\",\"position\":2,\"name\":\"Shop\",\"item\":\"https:\\\/\\\/www.modelight.eu\\\/modelight-decorative-lighting\\\/\"},{\"@type\":\"ListItem\",\"position\":3,\"name\":\"ANTIGUA FL Black\"}]},{\"@type\":\"WebSite\",\"@id\":\"http:\\\/\\\/www.modelight.eu\\\/pt\\\/#website\",\"url\":\"http:\\\/\\\/www.modelight.eu\\\/pt\\\/\",\"name\":\"Modelight\",\"description\":\"Italian Decorative Lighting\",\"publisher\":{\"@id\":\"http:\\\/\\\/www.modelight.eu\\\/pt\\\/#organization\"},\"potentialAction\":[{\"@type\":\"SearchAction\",\"target\":{\"@type\":\"EntryPoint\",\"urlTemplate\":\"http:\\\/\\\/www.modelight.eu\\\/pt\\\/?s={search_term_string}\"},\"query-input\":{\"@type\":\"PropertyValueSpecification\",\"valueRequired\":true,\"valueName\":\"search_term_string\"}}],\"inLanguage\":\"de\"},{\"@type\":\"Organization\",\"@id\":\"http:\\\/\\\/www.modelight.eu\\\/pt\\\/#organization\",\"name\":\"modelight.eu\",\"url\":\"http:\\\/\\\/www.modelight.eu\\\/pt\\\/\",\"logo\":{\"@type\":\"ImageObject\",\"inLanguage\":\"de\",\"@id\":\"http:\\\/\\\/www.modelight.eu\\\/pt\\\/#\\\/schema\\\/logo\\\/image\\\/\",\"url\":\"https:\\\/\\\/www.modelight.eu\\\/wp-content\\\/uploads\\\/2020\\\/08\\\/modelight-ico-logo.jpg\",\"contentUrl\":\"https:\\\/\\\/www.modelight.eu\\\/wp-content\\\/uploads\\\/2020\\\/08\\\/modelight-ico-logo.jpg\",\"width\":512,\"height\":512,\"caption\":\"modelight.eu\"},\"image\":{\"@id\":\"http:\\\/\\\/www.modelight.eu\\\/pt\\\/#\\\/schema\\\/logo\\\/image\\\/\"},\"sameAs\":[\"https:\\\/\\\/www.facebook.com\\\/Modelight.eu\",\"https:\\\/\\\/x.com\\\/modelightqdl\",\"https:\\\/\\\/www.instagram.com\\\/modelight.eu\\\/\"]}]}<\/script>\n<!-- \/ Yoast SEO plugin. -->","yoast_head_json":{"title":"ANTIGUA FL Schwarz - Modelight","robots":{"index":"index","follow":"follow","max-snippet":"max-snippet:-1","max-image-preview":"max-image-preview:large","max-video-preview":"max-video-preview:-1"},"canonical":"https:\/\/www.modelight.eu\/de\/produkt\/antigua-fl-black\/","og_locale":"de_DE","og_type":"article","og_title":"ANTIGUA FL Black - Modelight","og_description":"We\u2019ve seen the future of lighting and it looks just like the Antigua FL Black. Illuminate your home or office with this gorgeous glass diffuser with a sandblasted edge and a central lighting element in black coated metal. It\u2019s everything you want in Italian LED floor lighting, simple, elegant, striking, and wonderfully functional. The Antigua range also comes in pendant, wall and ceiling lights.  Light source: LED Power: topLED 39W, 220-240V Characteristics: 3000K, 3882lm, CRI 80 Material: Iron (black), Glass (transparent\/sandblasted) Dimensions: 500 x 1917 x 651 mm IP rating: IP20 Cable length: 3000 mm Dimmable: Push DIM Double light emission: 65% up, 35% down Installation: Floor Brand: Linea Light Made in Italy","og_url":"https:\/\/www.modelight.eu\/de\/produkt\/antigua-fl-black\/","og_site_name":"Modelight","article_publisher":"https:\/\/www.facebook.com\/Modelight.eu","article_modified_time":"2024-02-23T12:48:27+00:00","og_image":[{"width":800,"height":1200,"url":"https:\/\/www.modelight.eu\/wp-content\/uploads\/2021\/02\/antigua-fl-linea-light-black-led-floor-lamps-modelight-italian-lighting-1.jpg","type":"image\/jpeg"}],"twitter_card":"summary_large_image","twitter_site":"@modelightqdl","schema":{"@context":"https:\/\/schema.org","@graph":[{"@type":"WebPage","@id":"https:\/\/www.modelight.eu\/product\/antigua-fl-black\/","url":"https:\/\/www.modelight.eu\/product\/antigua-fl-black\/","name":"ANTIGUA FL Schwarz - Modelight","isPartOf":{"@id":"http:\/\/www.modelight.eu\/pt\/#website"},"primaryImageOfPage":{"@id":"https:\/\/www.modelight.eu\/product\/antigua-fl-black\/#primaryimage"},"image":{"@id":"https:\/\/www.modelight.eu\/product\/antigua-fl-black\/#primaryimage"},"thumbnailUrl":"https:\/\/www.modelight.eu\/wp-content\/uploads\/2021\/02\/antigua-fl-linea-light-black-led-floor-lamps-modelight-italian-lighting-1.jpg","datePublished":"2021-02-18T14:39:29+00:00","dateModified":"2024-02-23T12:48:27+00:00","breadcrumb":{"@id":"https:\/\/www.modelight.eu\/product\/antigua-fl-black\/#breadcrumb"},"inLanguage":"de","potentialAction":[{"@type":"ReadAction","target":["https:\/\/www.modelight.eu\/product\/antigua-fl-black\/"]}]},{"@type":"ImageObject","inLanguage":"de","@id":"https:\/\/www.modelight.eu\/product\/antigua-fl-black\/#primaryimage","url":"https:\/\/www.modelight.eu\/wp-content\/uploads\/2021\/02\/antigua-fl-linea-light-black-led-floor-lamps-modelight-italian-lighting-1.jpg","contentUrl":"https:\/\/www.modelight.eu\/wp-content\/uploads\/2021\/02\/antigua-fl-linea-light-black-led-floor-lamps-modelight-italian-lighting-1.jpg","width":800,"height":1200,"caption":"ANTIGUA FL Black Italian Floor Lamp Picture 1"},{"@type":"BreadcrumbList","@id":"https:\/\/www.modelight.eu\/product\/antigua-fl-black\/#breadcrumb","itemListElement":[{"@type":"ListItem","position":1,"name":"Home","item":"https:\/\/www.modelight.eu\/"},{"@type":"ListItem","position":2,"name":"Shop","item":"https:\/\/www.modelight.eu\/modelight-decorative-lighting\/"},{"@type":"ListItem","position":3,"name":"ANTIGUA FL Black"}]},{"@type":"WebSite","@id":"http:\/\/www.modelight.eu\/pt\/#website","url":"http:\/\/www.modelight.eu\/pt\/","name":"Modelight","description":"Italienische dekorative Beleuchtung","publisher":{"@id":"http:\/\/www.modelight.eu\/pt\/#organization"},"potentialAction":[{"@type":"SearchAction","target":{"@type":"EntryPoint","urlTemplate":"http:\/\/www.modelight.eu\/pt\/?s={search_term_string}"},"query-input":{"@type":"PropertyValueSpecification","valueRequired":true,"valueName":"search_term_string"}}],"inLanguage":"de"},{"@type":"Organization","@id":"http:\/\/www.modelight.eu\/pt\/#organization","name":"modelight.eu","url":"http:\/\/www.modelight.eu\/pt\/","logo":{"@type":"ImageObject","inLanguage":"de","@id":"http:\/\/www.modelight.eu\/pt\/#\/schema\/logo\/image\/","url":"https:\/\/www.modelight.eu\/wp-content\/uploads\/2020\/08\/modelight-ico-logo.jpg","contentUrl":"https:\/\/www.modelight.eu\/wp-content\/uploads\/2020\/08\/modelight-ico-logo.jpg","width":512,"height":512,"caption":"modelight.eu"},"image":{"@id":"http:\/\/www.modelight.eu\/pt\/#\/schema\/logo\/image\/"},"sameAs":["https:\/\/www.facebook.com\/Modelight.eu","https:\/\/x.com\/modelightqdl","https:\/\/www.instagram.com\/modelight.eu\/"]}]}},"jetpack_sharing_enabled":true,"_links":{"self":[{"href":"https:\/\/www.modelight.eu\/de\/wp-json\/wp\/v2\/product\/6294","targetHints":{"allow":["GET"]}}],"collection":[{"href":"https:\/\/www.modelight.eu\/de\/wp-json\/wp\/v2\/product"}],"about":[{"href":"https:\/\/www.modelight.eu\/de\/wp-json\/wp\/v2\/types\/product"}],"wp:featuredmedia":[{"embeddable":true,"href":"https:\/\/www.modelight.eu\/de\/wp-json\/wp\/v2\/media\/6296"}],"wp:attachment":[{"href":"https:\/\/www.modelight.eu\/de\/wp-json\/wp\/v2\/media?parent=6294"}],"wp:term":[{"taxonomy":"product_brand","embeddable":true,"href":"https:\/\/www.modelight.eu\/de\/wp-json\/wp\/v2\/product_brand?post=6294"},{"taxonomy":"product_cat","embeddable":true,"href":"https:\/\/www.modelight.eu\/de\/wp-json\/wp\/v2\/product_cat?post=6294"},{"taxonomy":"product_tag","embeddable":true,"href":"https:\/\/www.modelight.eu\/de\/wp-json\/wp\/v2\/product_tag?post=6294"}],"curies":[{"name":"wp","href":"https:\/\/api.w.org\/{rel}","templated":true}]}}