{"id":3037,"date":"2020-08-05T13:45:34","date_gmt":"2020-08-05T13:45:34","guid":{"rendered":"https:\/\/www.modelight.eu--skip-columns=guid\/?post_type=product&#038;p=3037"},"modified":"2024-02-23T12:45:54","modified_gmt":"2024-02-23T12:45:54","slug":"oh-fl65","status":"publish","type":"product","link":"https:\/\/www.modelight.eu\/de\/produkt\/oh-fl65\/","title":{"rendered":"OH! FL65"},"content":{"rendered":"","protected":false},"excerpt":{"rendered":"<p>OH! die Sch\u00f6nheit einer einzelnen Kugel, wie z. B. ein heller Erntemond, oder eine Ansammlung von Kugeln, die auf Fotos auf geheimnisvolle Weise auftauchen, die Anziehungskraft der schwebenden, untergehenden Sonne, oder die Pracht von Mutter Natur in ihrer ganzen Sch\u00f6nheit.<\/p>\n<p>OH! FL65 Italienische Bodenbeleuchtung von Linea Light ist unser vielf\u00e4ltiges Angebot an Au\u00dfenleuchten hier auf dem Planeten Erde; hochwertige Kugeln zur Beleuchtung aller Au\u00dfenbereiche. Als eine oder bis zu vier Gr\u00f6\u00dfen von Kugeln kann diese herrliche Au\u00dfenbeleuchtung in ihrer Perfektion tiefgreifende Effekte erzeugen. Ob einzeln, in Reihen oder Clustern oder in zuf\u00e4lliger Anordnung - arrangieren Sie unsere sch\u00f6nen Kugeln, wie Sie m\u00f6chten.<\/p>","protected":false},"featured_media":3038,"template":"","meta":[],"product_brand":[],"product_cat":[78,52],"product_tag":[129,283,284,294,295,667,668],"class_list":{"0":"post-3037","1":"product","2":"type-product","3":"status-publish","4":"has-post-thumbnail","6":"product_cat-outdoor-lighting","7":"product_cat-italian-sphere-lighting","8":"product_tag-floor","9":"product_tag-oh","10":"product_tag-sphere","11":"product_tag-outdoor","12":"product_tag-garden","13":"product_tag-italian","14":"product_tag-designer","16":"first","17":"instock","18":"taxable","19":"shipping-taxable","20":"purchasable","21":"product-type-variable"},"yoast_head":"<!-- This site is optimized with the Yoast SEO plugin v27.6 - https:\/\/yoast.com\/product\/yoast-seo-wordpress\/ -->\n<title>OH! FL65 Linea Light Italian Floor Lamp<\/title>\n<meta name=\"description\" content=\"The very best in Italian outdoor lighting \u2013 OH! FL65 Linea Light. Modelight The Great Italian Lighting. FREE delivery on all orders \u2013 Shop now.\" \/>\n<meta name=\"robots\" content=\"index, follow, max-snippet:-1, max-image-preview:large, max-video-preview:-1\" \/>\n<link rel=\"canonical\" href=\"http:\/\/www.modelight.eu\/de\/produit\/oh-fl65\/\" \/>\n<meta property=\"og:locale\" content=\"de_DE\" \/>\n<meta property=\"og:type\" content=\"article\" \/>\n<meta property=\"og:title\" content=\"OH! FL65 Linea Light Italian Floor Lamp\" \/>\n<meta property=\"og:description\" content=\"The very best in Italian outdoor lighting \u2013 OH! FL65 Linea Light. Modelight The Great Italian Lighting. FREE delivery on all orders \u2013 Shop now.\" \/>\n<meta property=\"og:url\" content=\"http:\/\/www.modelight.eu\/de\/produit\/oh-fl65\/\" \/>\n<meta property=\"og:site_name\" content=\"Modelight\" \/>\n<meta property=\"article:publisher\" content=\"https:\/\/www.facebook.com\/Modelight.eu\" \/>\n<meta property=\"article:modified_time\" content=\"2024-02-23T12:45:54+00:00\" \/>\n<meta property=\"og:image\" content=\"https:\/\/i0.wp.com\/www.modelight.eu\/wp-content\/uploads\/2020\/08\/oh-fl65-linea-light-italian-outdoor-lights-floor-modelight-1.jpg?fit=800%2C1200&ssl=1\" \/>\n\t<meta property=\"og:image:width\" content=\"800\" \/>\n\t<meta property=\"og:image:height\" content=\"1200\" \/>\n\t<meta property=\"og:image:type\" content=\"image\/jpeg\" \/>\n<meta name=\"twitter:card\" content=\"summary_large_image\" \/>\n<meta name=\"twitter:site\" content=\"@modelightqdl\" \/>\n<script type=\"application\/ld+json\" class=\"yoast-schema-graph\">{\"@context\":\"https:\\\/\\\/schema.org\",\"@graph\":[{\"@type\":\"WebPage\",\"@id\":\"http:\\\/\\\/www.modelight.eu\\\/fr\\\/produit\\\/oh-fl65\\\/\",\"url\":\"http:\\\/\\\/www.modelight.eu\\\/fr\\\/produit\\\/oh-fl65\\\/\",\"name\":\"OH! FL65 Linea Light Italian Floor Lamp\",\"isPartOf\":{\"@id\":\"http:\\\/\\\/www.modelight.eu\\\/pt\\\/#website\"},\"primaryImageOfPage\":{\"@id\":\"http:\\\/\\\/www.modelight.eu\\\/fr\\\/produit\\\/oh-fl65\\\/#primaryimage\"},\"image\":{\"@id\":\"http:\\\/\\\/www.modelight.eu\\\/fr\\\/produit\\\/oh-fl65\\\/#primaryimage\"},\"thumbnailUrl\":\"https:\\\/\\\/www.modelight.eu\\\/wp-content\\\/uploads\\\/2020\\\/08\\\/oh-fl65-linea-light-italian-outdoor-lights-floor-modelight-1.jpg\",\"datePublished\":\"2020-08-05T13:45:34+00:00\",\"dateModified\":\"2024-02-23T12:45:54+00:00\",\"description\":\"The very best in Italian outdoor lighting \u2013 OH! FL65 Linea Light. Modelight The Great Italian Lighting. FREE delivery on all orders \u2013 Shop now.\",\"breadcrumb\":{\"@id\":\"http:\\\/\\\/www.modelight.eu\\\/fr\\\/produit\\\/oh-fl65\\\/#breadcrumb\"},\"inLanguage\":\"de\",\"potentialAction\":[{\"@type\":\"ReadAction\",\"target\":[\"http:\\\/\\\/www.modelight.eu\\\/fr\\\/produit\\\/oh-fl65\\\/\"]}]},{\"@type\":\"ImageObject\",\"inLanguage\":\"de\",\"@id\":\"http:\\\/\\\/www.modelight.eu\\\/fr\\\/produit\\\/oh-fl65\\\/#primaryimage\",\"url\":\"https:\\\/\\\/www.modelight.eu\\\/wp-content\\\/uploads\\\/2020\\\/08\\\/oh-fl65-linea-light-italian-outdoor-lights-floor-modelight-1.jpg\",\"contentUrl\":\"https:\\\/\\\/www.modelight.eu\\\/wp-content\\\/uploads\\\/2020\\\/08\\\/oh-fl65-linea-light-italian-outdoor-lights-floor-modelight-1.jpg\",\"width\":800,\"height\":1200,\"caption\":\"OH! FL65 Italian Floor Lamp Picture 1\"},{\"@type\":\"BreadcrumbList\",\"@id\":\"http:\\\/\\\/www.modelight.eu\\\/fr\\\/produit\\\/oh-fl65\\\/#breadcrumb\",\"itemListElement\":[{\"@type\":\"ListItem\",\"position\":1,\"name\":\"Home\",\"item\":\"https:\\\/\\\/www.modelight.eu\\\/\"},{\"@type\":\"ListItem\",\"position\":2,\"name\":\"Shop\",\"item\":\"https:\\\/\\\/www.modelight.eu\\\/modelight-decorative-lighting\\\/\"},{\"@type\":\"ListItem\",\"position\":3,\"name\":\"OH! FL65\"}]},{\"@type\":\"WebSite\",\"@id\":\"http:\\\/\\\/www.modelight.eu\\\/pt\\\/#website\",\"url\":\"http:\\\/\\\/www.modelight.eu\\\/pt\\\/\",\"name\":\"Modelight\",\"description\":\"Italian Decorative Lighting\",\"publisher\":{\"@id\":\"http:\\\/\\\/www.modelight.eu\\\/pt\\\/#organization\"},\"potentialAction\":[{\"@type\":\"SearchAction\",\"target\":{\"@type\":\"EntryPoint\",\"urlTemplate\":\"http:\\\/\\\/www.modelight.eu\\\/pt\\\/?s={search_term_string}\"},\"query-input\":{\"@type\":\"PropertyValueSpecification\",\"valueRequired\":true,\"valueName\":\"search_term_string\"}}],\"inLanguage\":\"de\"},{\"@type\":\"Organization\",\"@id\":\"http:\\\/\\\/www.modelight.eu\\\/pt\\\/#organization\",\"name\":\"modelight.eu\",\"url\":\"http:\\\/\\\/www.modelight.eu\\\/pt\\\/\",\"logo\":{\"@type\":\"ImageObject\",\"inLanguage\":\"de\",\"@id\":\"http:\\\/\\\/www.modelight.eu\\\/pt\\\/#\\\/schema\\\/logo\\\/image\\\/\",\"url\":\"https:\\\/\\\/www.modelight.eu\\\/wp-content\\\/uploads\\\/2020\\\/08\\\/modelight-ico-logo.jpg\",\"contentUrl\":\"https:\\\/\\\/www.modelight.eu\\\/wp-content\\\/uploads\\\/2020\\\/08\\\/modelight-ico-logo.jpg\",\"width\":512,\"height\":512,\"caption\":\"modelight.eu\"},\"image\":{\"@id\":\"http:\\\/\\\/www.modelight.eu\\\/pt\\\/#\\\/schema\\\/logo\\\/image\\\/\"},\"sameAs\":[\"https:\\\/\\\/www.facebook.com\\\/Modelight.eu\",\"https:\\\/\\\/x.com\\\/modelightqdl\",\"https:\\\/\\\/www.instagram.com\\\/modelight.eu\\\/\"]}]}<\/script>\n<!-- \/ Yoast SEO plugin. -->","yoast_head_json":{"title":"OH! FL65 Linea Light Italienische Stehleuchte","description":"Das Beste in italienischer Au\u00dfenbeleuchtung \u2013 OH! FL65 Linea Light. Modelight Die gro\u00dfartige italienische Beleuchtung. KOSTENLOSE Lieferung auf alle Bestellungen \u2013 Jetzt einkaufen.","robots":{"index":"index","follow":"follow","max-snippet":"max-snippet:-1","max-image-preview":"max-image-preview:large","max-video-preview":"max-video-preview:-1"},"canonical":"http:\/\/www.modelight.eu\/de\/produit\/oh-fl65\/","og_locale":"de_DE","og_type":"article","og_title":"OH! FL65 Linea Light Italian Floor Lamp","og_description":"The very best in Italian outdoor lighting \u2013 OH! FL65 Linea Light. Modelight The Great Italian Lighting. FREE delivery on all orders \u2013 Shop now.","og_url":"http:\/\/www.modelight.eu\/de\/produit\/oh-fl65\/","og_site_name":"Modelight","article_publisher":"https:\/\/www.facebook.com\/Modelight.eu","article_modified_time":"2024-02-23T12:45:54+00:00","og_image":[{"width":800,"height":1200,"url":"https:\/\/i0.wp.com\/www.modelight.eu\/wp-content\/uploads\/2020\/08\/oh-fl65-linea-light-italian-outdoor-lights-floor-modelight-1.jpg?fit=800%2C1200&ssl=1","type":"image\/jpeg"}],"twitter_card":"summary_large_image","twitter_site":"@modelightqdl","schema":{"@context":"https:\/\/schema.org","@graph":[{"@type":"WebPage","@id":"http:\/\/www.modelight.eu\/fr\/produit\/oh-fl65\/","url":"http:\/\/www.modelight.eu\/fr\/produit\/oh-fl65\/","name":"OH! FL65 Linea Light Italienische Stehleuchte","isPartOf":{"@id":"http:\/\/www.modelight.eu\/pt\/#website"},"primaryImageOfPage":{"@id":"http:\/\/www.modelight.eu\/fr\/produit\/oh-fl65\/#primaryimage"},"image":{"@id":"http:\/\/www.modelight.eu\/fr\/produit\/oh-fl65\/#primaryimage"},"thumbnailUrl":"https:\/\/www.modelight.eu\/wp-content\/uploads\/2020\/08\/oh-fl65-linea-light-italian-outdoor-lights-floor-modelight-1.jpg","datePublished":"2020-08-05T13:45:34+00:00","dateModified":"2024-02-23T12:45:54+00:00","description":"Das Beste in italienischer Au\u00dfenbeleuchtung \u2013 OH! FL65 Linea Light. Modelight Die gro\u00dfartige italienische Beleuchtung. KOSTENLOSE Lieferung auf alle Bestellungen \u2013 Jetzt einkaufen.","breadcrumb":{"@id":"http:\/\/www.modelight.eu\/fr\/produit\/oh-fl65\/#breadcrumb"},"inLanguage":"de","potentialAction":[{"@type":"ReadAction","target":["http:\/\/www.modelight.eu\/fr\/produit\/oh-fl65\/"]}]},{"@type":"ImageObject","inLanguage":"de","@id":"http:\/\/www.modelight.eu\/fr\/produit\/oh-fl65\/#primaryimage","url":"https:\/\/www.modelight.eu\/wp-content\/uploads\/2020\/08\/oh-fl65-linea-light-italian-outdoor-lights-floor-modelight-1.jpg","contentUrl":"https:\/\/www.modelight.eu\/wp-content\/uploads\/2020\/08\/oh-fl65-linea-light-italian-outdoor-lights-floor-modelight-1.jpg","width":800,"height":1200,"caption":"OH! FL65 Italian Floor Lamp Picture 1"},{"@type":"BreadcrumbList","@id":"http:\/\/www.modelight.eu\/fr\/produit\/oh-fl65\/#breadcrumb","itemListElement":[{"@type":"ListItem","position":1,"name":"Home","item":"https:\/\/www.modelight.eu\/"},{"@type":"ListItem","position":2,"name":"Shop","item":"https:\/\/www.modelight.eu\/modelight-decorative-lighting\/"},{"@type":"ListItem","position":3,"name":"OH! FL65"}]},{"@type":"WebSite","@id":"http:\/\/www.modelight.eu\/pt\/#website","url":"http:\/\/www.modelight.eu\/pt\/","name":"Modelight","description":"Italienische dekorative Beleuchtung","publisher":{"@id":"http:\/\/www.modelight.eu\/pt\/#organization"},"potentialAction":[{"@type":"SearchAction","target":{"@type":"EntryPoint","urlTemplate":"http:\/\/www.modelight.eu\/pt\/?s={search_term_string}"},"query-input":{"@type":"PropertyValueSpecification","valueRequired":true,"valueName":"search_term_string"}}],"inLanguage":"de"},{"@type":"Organization","@id":"http:\/\/www.modelight.eu\/pt\/#organization","name":"modelight.eu","url":"http:\/\/www.modelight.eu\/pt\/","logo":{"@type":"ImageObject","inLanguage":"de","@id":"http:\/\/www.modelight.eu\/pt\/#\/schema\/logo\/image\/","url":"https:\/\/www.modelight.eu\/wp-content\/uploads\/2020\/08\/modelight-ico-logo.jpg","contentUrl":"https:\/\/www.modelight.eu\/wp-content\/uploads\/2020\/08\/modelight-ico-logo.jpg","width":512,"height":512,"caption":"modelight.eu"},"image":{"@id":"http:\/\/www.modelight.eu\/pt\/#\/schema\/logo\/image\/"},"sameAs":["https:\/\/www.facebook.com\/Modelight.eu","https:\/\/x.com\/modelightqdl","https:\/\/www.instagram.com\/modelight.eu\/"]}]}},"jetpack_sharing_enabled":true,"_links":{"self":[{"href":"https:\/\/www.modelight.eu\/de\/wp-json\/wp\/v2\/product\/3037","targetHints":{"allow":["GET"]}}],"collection":[{"href":"https:\/\/www.modelight.eu\/de\/wp-json\/wp\/v2\/product"}],"about":[{"href":"https:\/\/www.modelight.eu\/de\/wp-json\/wp\/v2\/types\/product"}],"wp:featuredmedia":[{"embeddable":true,"href":"https:\/\/www.modelight.eu\/de\/wp-json\/wp\/v2\/media\/3038"}],"wp:attachment":[{"href":"https:\/\/www.modelight.eu\/de\/wp-json\/wp\/v2\/media?parent=3037"}],"wp:term":[{"taxonomy":"product_brand","embeddable":true,"href":"https:\/\/www.modelight.eu\/de\/wp-json\/wp\/v2\/product_brand?post=3037"},{"taxonomy":"product_cat","embeddable":true,"href":"https:\/\/www.modelight.eu\/de\/wp-json\/wp\/v2\/product_cat?post=3037"},{"taxonomy":"product_tag","embeddable":true,"href":"https:\/\/www.modelight.eu\/de\/wp-json\/wp\/v2\/product_tag?post=3037"}],"curies":[{"name":"wp","href":"https:\/\/api.w.org\/{rel}","templated":true}]}}