{"id":2971,"date":"2020-08-05T09:54:34","date_gmt":"2020-08-05T09:54:34","guid":{"rendered":"https:\/\/www.modelight.eu--skip-columns=guid\/?post_type=product&#038;p=2971"},"modified":"2024-02-23T12:45:41","modified_gmt":"2024-02-23T12:45:41","slug":"oh-pm7","status":"publish","type":"product","link":"https:\/\/www.modelight.eu\/de\/produkt\/oh-pm7\/","title":{"rendered":"OH! PM7"},"content":{"rendered":"","protected":false},"excerpt":{"rendered":"<p>OH! die Sch\u00f6nheit einer einzelnen Kugel, wie z. B. ein heller Erntemond, oder eine Ansammlung von Kugeln, die auf Fotos auf geheimnisvolle Weise auftauchen, die Anziehungskraft der schwebenden, untergehenden Sonne, oder die Pracht von Mutter Natur in ihrer ganzen Sch\u00f6nheit.<\/p>\n<p>OH! PM7 italienische Pendelleuchten, ob in Gruppen von sieben oder drei, als gr\u00f6\u00dfere oder kleinere Kugelgr\u00f6\u00dfen, diese Serie kann in ihrer Einfachheit tiefgreifende Effekte erzeugen. In der Gruppe haben die OH! PM7-Kugeln die Kraft, zu verbl\u00fcffen und in Erstaunen zu versetzen. Kreieren Sie unterschiedliche Designs f\u00fcr Wohnungen, B\u00fcros, Gesch\u00e4fte, Gehwege, Einkaufszentren und Galerien.<\/p>","protected":false},"featured_media":2972,"template":"","meta":[],"product_brand":[],"product_cat":[42,52],"product_tag":[40,112,283,284,667,668],"class_list":{"0":"post-2971","1":"product","2":"type-product","3":"status-publish","4":"has-post-thumbnail","6":"product_cat-italian-pendant-lighting","7":"product_cat-italian-sphere-lighting","8":"product_tag-pendant","9":"product_tag-white","10":"product_tag-oh","11":"product_tag-sphere","12":"product_tag-italian","13":"product_tag-designer","15":"first","16":"instock","17":"taxable","18":"shipping-taxable","19":"purchasable","20":"product-type-variable"},"yoast_head":"<!-- This site is optimized with the Yoast SEO plugin v27.6 - https:\/\/yoast.com\/product\/yoast-seo-wordpress\/ -->\n<title>OH! PM7 Linea Light Italian Pendant Lighting<\/title>\n<meta name=\"description\" content=\"The very best in Italian pendant lighting \u2013 OH! PM7 Linea Light. Modelight The Great Italian Lighting. FREE delivery on all orders \u2013 Shop now.\" \/>\n<meta name=\"robots\" content=\"index, follow, max-snippet:-1, max-image-preview:large, max-video-preview:-1\" \/>\n<link rel=\"canonical\" href=\"https:\/\/www.modelight.eu\/de\/produkt\/oh-pm7\/\" \/>\n<meta property=\"og:locale\" content=\"de_DE\" \/>\n<meta property=\"og:type\" content=\"article\" \/>\n<meta property=\"og:title\" content=\"OH! PM7 Linea Light Italian Pendant Lighting\" \/>\n<meta property=\"og:description\" content=\"The very best in Italian pendant lighting \u2013 OH! PM7 Linea Light. Modelight The Great Italian Lighting. FREE delivery on all orders \u2013 Shop now.\" \/>\n<meta property=\"og:url\" content=\"https:\/\/www.modelight.eu\/de\/produkt\/oh-pm7\/\" \/>\n<meta property=\"og:site_name\" content=\"Modelight\" \/>\n<meta property=\"article:publisher\" content=\"https:\/\/www.facebook.com\/Modelight.eu\" \/>\n<meta property=\"article:modified_time\" content=\"2024-02-23T12:45:41+00:00\" \/>\n<meta property=\"og:image\" content=\"https:\/\/i0.wp.com\/www.modelight.eu\/wp-content\/uploads\/2020\/08\/oh-pm-linea-light-7-italian-pendant-lighting-modelight-designer-lights-1.jpg?fit=800%2C1200&ssl=1\" \/>\n\t<meta property=\"og:image:width\" content=\"800\" \/>\n\t<meta property=\"og:image:height\" content=\"1200\" \/>\n\t<meta property=\"og:image:type\" content=\"image\/jpeg\" \/>\n<meta name=\"twitter:card\" content=\"summary_large_image\" \/>\n<meta name=\"twitter:site\" content=\"@modelightqdl\" \/>\n<script type=\"application\/ld+json\" class=\"yoast-schema-graph\">{\"@context\":\"https:\\\/\\\/schema.org\",\"@graph\":[{\"@type\":\"WebPage\",\"@id\":\"https:\\\/\\\/www.modelight.eu\\\/product\\\/oh-pm7\\\/\",\"url\":\"https:\\\/\\\/www.modelight.eu\\\/product\\\/oh-pm7\\\/\",\"name\":\"OH! PM7 Linea Light Italian Pendant Lighting\",\"isPartOf\":{\"@id\":\"http:\\\/\\\/www.modelight.eu\\\/pt\\\/#website\"},\"primaryImageOfPage\":{\"@id\":\"https:\\\/\\\/www.modelight.eu\\\/product\\\/oh-pm7\\\/#primaryimage\"},\"image\":{\"@id\":\"https:\\\/\\\/www.modelight.eu\\\/product\\\/oh-pm7\\\/#primaryimage\"},\"thumbnailUrl\":\"https:\\\/\\\/www.modelight.eu\\\/wp-content\\\/uploads\\\/2020\\\/08\\\/oh-pm-linea-light-7-italian-pendant-lighting-modelight-designer-lights-1.jpg\",\"datePublished\":\"2020-08-05T09:54:34+00:00\",\"dateModified\":\"2024-02-23T12:45:41+00:00\",\"description\":\"The very best in Italian pendant lighting \u2013 OH! PM7 Linea Light. Modelight The Great Italian Lighting. FREE delivery on all orders \u2013 Shop now.\",\"breadcrumb\":{\"@id\":\"https:\\\/\\\/www.modelight.eu\\\/product\\\/oh-pm7\\\/#breadcrumb\"},\"inLanguage\":\"de\",\"potentialAction\":[{\"@type\":\"ReadAction\",\"target\":[\"https:\\\/\\\/www.modelight.eu\\\/product\\\/oh-pm7\\\/\"]}]},{\"@type\":\"ImageObject\",\"inLanguage\":\"de\",\"@id\":\"https:\\\/\\\/www.modelight.eu\\\/product\\\/oh-pm7\\\/#primaryimage\",\"url\":\"https:\\\/\\\/www.modelight.eu\\\/wp-content\\\/uploads\\\/2020\\\/08\\\/oh-pm-linea-light-7-italian-pendant-lighting-modelight-designer-lights-1.jpg\",\"contentUrl\":\"https:\\\/\\\/www.modelight.eu\\\/wp-content\\\/uploads\\\/2020\\\/08\\\/oh-pm-linea-light-7-italian-pendant-lighting-modelight-designer-lights-1.jpg\",\"width\":800,\"height\":1200,\"caption\":\"OH! PM7 Italian Pendant Lighting Picture 1\"},{\"@type\":\"BreadcrumbList\",\"@id\":\"https:\\\/\\\/www.modelight.eu\\\/product\\\/oh-pm7\\\/#breadcrumb\",\"itemListElement\":[{\"@type\":\"ListItem\",\"position\":1,\"name\":\"Home\",\"item\":\"https:\\\/\\\/www.modelight.eu\\\/\"},{\"@type\":\"ListItem\",\"position\":2,\"name\":\"Shop\",\"item\":\"https:\\\/\\\/www.modelight.eu\\\/modelight-decorative-lighting\\\/\"},{\"@type\":\"ListItem\",\"position\":3,\"name\":\"OH! PM7\"}]},{\"@type\":\"WebSite\",\"@id\":\"http:\\\/\\\/www.modelight.eu\\\/pt\\\/#website\",\"url\":\"http:\\\/\\\/www.modelight.eu\\\/pt\\\/\",\"name\":\"Modelight\",\"description\":\"Italian Decorative Lighting\",\"publisher\":{\"@id\":\"http:\\\/\\\/www.modelight.eu\\\/pt\\\/#organization\"},\"potentialAction\":[{\"@type\":\"SearchAction\",\"target\":{\"@type\":\"EntryPoint\",\"urlTemplate\":\"http:\\\/\\\/www.modelight.eu\\\/pt\\\/?s={search_term_string}\"},\"query-input\":{\"@type\":\"PropertyValueSpecification\",\"valueRequired\":true,\"valueName\":\"search_term_string\"}}],\"inLanguage\":\"de\"},{\"@type\":\"Organization\",\"@id\":\"http:\\\/\\\/www.modelight.eu\\\/pt\\\/#organization\",\"name\":\"modelight.eu\",\"url\":\"http:\\\/\\\/www.modelight.eu\\\/pt\\\/\",\"logo\":{\"@type\":\"ImageObject\",\"inLanguage\":\"de\",\"@id\":\"http:\\\/\\\/www.modelight.eu\\\/pt\\\/#\\\/schema\\\/logo\\\/image\\\/\",\"url\":\"https:\\\/\\\/www.modelight.eu\\\/wp-content\\\/uploads\\\/2020\\\/08\\\/modelight-ico-logo.jpg\",\"contentUrl\":\"https:\\\/\\\/www.modelight.eu\\\/wp-content\\\/uploads\\\/2020\\\/08\\\/modelight-ico-logo.jpg\",\"width\":512,\"height\":512,\"caption\":\"modelight.eu\"},\"image\":{\"@id\":\"http:\\\/\\\/www.modelight.eu\\\/pt\\\/#\\\/schema\\\/logo\\\/image\\\/\"},\"sameAs\":[\"https:\\\/\\\/www.facebook.com\\\/Modelight.eu\",\"https:\\\/\\\/x.com\\\/modelightqdl\",\"https:\\\/\\\/www.instagram.com\\\/modelight.eu\\\/\"]}]}<\/script>\n<!-- \/ Yoast SEO plugin. -->","yoast_head_json":{"title":"OH! PM7 Linea Light Italienische Pendelleuchte","description":"Das Allerbeste in italienischer Pendelleuchte \u2013 OH! PM7 Linea Light. Modelight Die gro\u00dfartige italienische Beleuchtung. Kostenlose Lieferung auf alle Bestellungen \u2013 Jetzt einkaufen.","robots":{"index":"index","follow":"follow","max-snippet":"max-snippet:-1","max-image-preview":"max-image-preview:large","max-video-preview":"max-video-preview:-1"},"canonical":"https:\/\/www.modelight.eu\/de\/produkt\/oh-pm7\/","og_locale":"de_DE","og_type":"article","og_title":"OH! PM7 Linea Light Italian Pendant Lighting","og_description":"The very best in Italian pendant lighting \u2013 OH! PM7 Linea Light. Modelight The Great Italian Lighting. FREE delivery on all orders \u2013 Shop now.","og_url":"https:\/\/www.modelight.eu\/de\/produkt\/oh-pm7\/","og_site_name":"Modelight","article_publisher":"https:\/\/www.facebook.com\/Modelight.eu","article_modified_time":"2024-02-23T12:45:41+00:00","og_image":[{"width":800,"height":1200,"url":"https:\/\/i0.wp.com\/www.modelight.eu\/wp-content\/uploads\/2020\/08\/oh-pm-linea-light-7-italian-pendant-lighting-modelight-designer-lights-1.jpg?fit=800%2C1200&ssl=1","type":"image\/jpeg"}],"twitter_card":"summary_large_image","twitter_site":"@modelightqdl","schema":{"@context":"https:\/\/schema.org","@graph":[{"@type":"WebPage","@id":"https:\/\/www.modelight.eu\/product\/oh-pm7\/","url":"https:\/\/www.modelight.eu\/product\/oh-pm7\/","name":"OH! PM7 Linea Light Italienische Pendelleuchte","isPartOf":{"@id":"http:\/\/www.modelight.eu\/pt\/#website"},"primaryImageOfPage":{"@id":"https:\/\/www.modelight.eu\/product\/oh-pm7\/#primaryimage"},"image":{"@id":"https:\/\/www.modelight.eu\/product\/oh-pm7\/#primaryimage"},"thumbnailUrl":"https:\/\/www.modelight.eu\/wp-content\/uploads\/2020\/08\/oh-pm-linea-light-7-italian-pendant-lighting-modelight-designer-lights-1.jpg","datePublished":"2020-08-05T09:54:34+00:00","dateModified":"2024-02-23T12:45:41+00:00","description":"Das Allerbeste in italienischer Pendelleuchte \u2013 OH! PM7 Linea Light. Modelight Die gro\u00dfartige italienische Beleuchtung. Kostenlose Lieferung auf alle Bestellungen \u2013 Jetzt einkaufen.","breadcrumb":{"@id":"https:\/\/www.modelight.eu\/product\/oh-pm7\/#breadcrumb"},"inLanguage":"de","potentialAction":[{"@type":"ReadAction","target":["https:\/\/www.modelight.eu\/product\/oh-pm7\/"]}]},{"@type":"ImageObject","inLanguage":"de","@id":"https:\/\/www.modelight.eu\/product\/oh-pm7\/#primaryimage","url":"https:\/\/www.modelight.eu\/wp-content\/uploads\/2020\/08\/oh-pm-linea-light-7-italian-pendant-lighting-modelight-designer-lights-1.jpg","contentUrl":"https:\/\/www.modelight.eu\/wp-content\/uploads\/2020\/08\/oh-pm-linea-light-7-italian-pendant-lighting-modelight-designer-lights-1.jpg","width":800,"height":1200,"caption":"OH! PM7 Italian Pendant Lighting Picture 1"},{"@type":"BreadcrumbList","@id":"https:\/\/www.modelight.eu\/product\/oh-pm7\/#breadcrumb","itemListElement":[{"@type":"ListItem","position":1,"name":"Home","item":"https:\/\/www.modelight.eu\/"},{"@type":"ListItem","position":2,"name":"Shop","item":"https:\/\/www.modelight.eu\/modelight-decorative-lighting\/"},{"@type":"ListItem","position":3,"name":"OH! PM7"}]},{"@type":"WebSite","@id":"http:\/\/www.modelight.eu\/pt\/#website","url":"http:\/\/www.modelight.eu\/pt\/","name":"Modelight","description":"Italienische dekorative Beleuchtung","publisher":{"@id":"http:\/\/www.modelight.eu\/pt\/#organization"},"potentialAction":[{"@type":"SearchAction","target":{"@type":"EntryPoint","urlTemplate":"http:\/\/www.modelight.eu\/pt\/?s={search_term_string}"},"query-input":{"@type":"PropertyValueSpecification","valueRequired":true,"valueName":"search_term_string"}}],"inLanguage":"de"},{"@type":"Organization","@id":"http:\/\/www.modelight.eu\/pt\/#organization","name":"modelight.eu","url":"http:\/\/www.modelight.eu\/pt\/","logo":{"@type":"ImageObject","inLanguage":"de","@id":"http:\/\/www.modelight.eu\/pt\/#\/schema\/logo\/image\/","url":"https:\/\/www.modelight.eu\/wp-content\/uploads\/2020\/08\/modelight-ico-logo.jpg","contentUrl":"https:\/\/www.modelight.eu\/wp-content\/uploads\/2020\/08\/modelight-ico-logo.jpg","width":512,"height":512,"caption":"modelight.eu"},"image":{"@id":"http:\/\/www.modelight.eu\/pt\/#\/schema\/logo\/image\/"},"sameAs":["https:\/\/www.facebook.com\/Modelight.eu","https:\/\/x.com\/modelightqdl","https:\/\/www.instagram.com\/modelight.eu\/"]}]}},"jetpack_sharing_enabled":true,"_links":{"self":[{"href":"https:\/\/www.modelight.eu\/de\/wp-json\/wp\/v2\/product\/2971","targetHints":{"allow":["GET"]}}],"collection":[{"href":"https:\/\/www.modelight.eu\/de\/wp-json\/wp\/v2\/product"}],"about":[{"href":"https:\/\/www.modelight.eu\/de\/wp-json\/wp\/v2\/types\/product"}],"wp:featuredmedia":[{"embeddable":true,"href":"https:\/\/www.modelight.eu\/de\/wp-json\/wp\/v2\/media\/2972"}],"wp:attachment":[{"href":"https:\/\/www.modelight.eu\/de\/wp-json\/wp\/v2\/media?parent=2971"}],"wp:term":[{"taxonomy":"product_brand","embeddable":true,"href":"https:\/\/www.modelight.eu\/de\/wp-json\/wp\/v2\/product_brand?post=2971"},{"taxonomy":"product_cat","embeddable":true,"href":"https:\/\/www.modelight.eu\/de\/wp-json\/wp\/v2\/product_cat?post=2971"},{"taxonomy":"product_tag","embeddable":true,"href":"https:\/\/www.modelight.eu\/de\/wp-json\/wp\/v2\/product_tag?post=2971"}],"curies":[{"name":"wp","href":"https:\/\/api.w.org\/{rel}","templated":true}]}}