{"id":12274,"date":"2023-05-29T16:04:58","date_gmt":"2023-05-29T15:04:58","guid":{"rendered":"https:\/\/www.modelight.eu\/?post_type=product&#038;p=12274"},"modified":"2024-03-12T16:38:24","modified_gmt":"2024-03-12T16:38:24","slug":"meta-stilnovo","status":"publish","type":"product","link":"https:\/\/www.modelight.eu\/de\/produkt\/meta-stilnovo\/","title":{"rendered":"META"},"content":{"rendered":"<div class=\"page\" title=\"Seite 2\">\n<div class=\"layoutArea\">\n<div class=\"column\">\n<p>Meta von Stilnovo, eine Ikone des italienischen Designs, wurde in den siebziger Jahren geboren und ist heute ein konkretes Zeugnis f\u00fcr die Eleganz der reinen Form. Mit seinen einfachen und essentiellen Linien erwacht er dank einiger Bleistiftstriche zum Leben, die ausreichen, um ein Meisterwerk zu schaffen.<\/p>\n<div class=\"page\" title=\"Seite 2\">\n<div class=\"layoutArea\">\n<div class=\"column\">\n<p>Metallstruktur und zylindrischer Sockel mit Triplex-Glasdiffusor. Ausf\u00fchrungen: Struktur in Rot, Schwarz oder geb\u00fcrstetem Gold mit schwarzem Sockel, oder Struktur in Wei\u00df mit wei\u00dfem Sockel. Gl\u00e4nzendes wei\u00dfes Glas. Inklusive LED-Gl\u00fchbirne.<\/p>\n<\/div>\n<\/div>\n<\/div>\n<\/div>\n<\/div>\n<\/div>","protected":false},"excerpt":{"rendered":"<p>Meta by Stilnovo wurde in den siebziger Jahren geboren und ist heute ein konkretes Zeugnis der Eleganz in reiner Form.<\/p>\n<p>Metallstruktur und zylindrischer Sockel mit Triplex-Glasdiffusor. Ausf\u00fchrungen: Struktur in Rot, Schwarz oder geb\u00fcrstetem Gold mit schwarzem Sockel, oder Struktur in Wei\u00df mit wei\u00dfem Sockel. Gl\u00e4nzendes wei\u00dfes Glas. Inklusive LED-Gl\u00fchbirne.<\/p>","protected":false},"featured_media":12516,"template":"","meta":[],"product_brand":[],"product_cat":[50],"product_tag":[39,128,947,948],"class_list":{"0":"post-12274","1":"product","2":"type-product","3":"status-publish","4":"has-post-thumbnail","6":"product_cat-table-lights","7":"product_tag-led","8":"product_tag-table","9":"product_tag-meta","10":"product_tag-stilnovo","12":"first","13":"instock","14":"taxable","15":"shipping-taxable","16":"purchasable","17":"product-type-variable"},"yoast_head":"<!-- This site is optimized with the Yoast SEO plugin v27.6 - https:\/\/yoast.com\/product\/yoast-seo-wordpress\/ -->\n<title>META - Modelight<\/title>\n<meta name=\"description\" content=\"An icon of Italian design, Meta by Stilnovo was born in the Seventies and today returns as a concrete testimony of elegance by way of pure form.\" \/>\n<meta name=\"robots\" content=\"index, follow, max-snippet:-1, max-image-preview:large, max-video-preview:-1\" \/>\n<link rel=\"canonical\" href=\"https:\/\/www.modelight.eu\/de\/produkt\/meta-stilnovo\/\" \/>\n<meta property=\"og:locale\" content=\"de_DE\" \/>\n<meta property=\"og:type\" content=\"article\" \/>\n<meta property=\"og:title\" content=\"META - Modelight\" \/>\n<meta property=\"og:description\" content=\"An icon of Italian design, Meta by Stilnovo was born in the Seventies and today returns as a concrete testimony of elegance by way of pure form.\" \/>\n<meta property=\"og:url\" content=\"https:\/\/www.modelight.eu\/de\/produkt\/meta-stilnovo\/\" \/>\n<meta property=\"og:site_name\" content=\"Modelight\" \/>\n<meta property=\"article:publisher\" content=\"https:\/\/www.facebook.com\/Modelight.eu\" \/>\n<meta property=\"article:modified_time\" content=\"2024-03-12T16:38:24+00:00\" \/>\n<meta property=\"og:image\" content=\"https:\/\/www.modelight.eu\/wp-content\/uploads\/2021\/10\/9700-Meta-gallery-copy.jpg\" \/>\n\t<meta property=\"og:image:width\" content=\"842\" \/>\n\t<meta property=\"og:image:height\" content=\"1200\" \/>\n\t<meta property=\"og:image:type\" content=\"image\/jpeg\" \/>\n<meta name=\"twitter:card\" content=\"summary_large_image\" \/>\n<meta name=\"twitter:site\" content=\"@modelightqdl\" \/>\n<meta name=\"twitter:label1\" content=\"Gesch\u00e4tzte Lesezeit\" \/>\n\t<meta name=\"twitter:data1\" content=\"1\u00a0Minute\" \/>\n<script type=\"application\/ld+json\" class=\"yoast-schema-graph\">{\"@context\":\"https:\\\/\\\/schema.org\",\"@graph\":[{\"@type\":\"WebPage\",\"@id\":\"https:\\\/\\\/www.modelight.eu\\\/product\\\/meta-stilnovo\\\/\",\"url\":\"https:\\\/\\\/www.modelight.eu\\\/product\\\/meta-stilnovo\\\/\",\"name\":\"META - Modelight\",\"isPartOf\":{\"@id\":\"http:\\\/\\\/www.modelight.eu\\\/pt\\\/#website\"},\"primaryImageOfPage\":{\"@id\":\"https:\\\/\\\/www.modelight.eu\\\/product\\\/meta-stilnovo\\\/#primaryimage\"},\"image\":{\"@id\":\"https:\\\/\\\/www.modelight.eu\\\/product\\\/meta-stilnovo\\\/#primaryimage\"},\"thumbnailUrl\":\"https:\\\/\\\/www.modelight.eu\\\/wp-content\\\/uploads\\\/2021\\\/10\\\/9700-Meta-gallery-copy.jpg\",\"datePublished\":\"2023-05-29T15:04:58+00:00\",\"dateModified\":\"2024-03-12T16:38:24+00:00\",\"description\":\"An icon of Italian design, Meta by Stilnovo was born in the Seventies and today returns as a concrete testimony of elegance by way of pure form.\",\"breadcrumb\":{\"@id\":\"https:\\\/\\\/www.modelight.eu\\\/product\\\/meta-stilnovo\\\/#breadcrumb\"},\"inLanguage\":\"de\",\"potentialAction\":[{\"@type\":\"ReadAction\",\"target\":[\"https:\\\/\\\/www.modelight.eu\\\/product\\\/meta-stilnovo\\\/\"]}]},{\"@type\":\"ImageObject\",\"inLanguage\":\"de\",\"@id\":\"https:\\\/\\\/www.modelight.eu\\\/product\\\/meta-stilnovo\\\/#primaryimage\",\"url\":\"https:\\\/\\\/www.modelight.eu\\\/wp-content\\\/uploads\\\/2021\\\/10\\\/9700-Meta-gallery-copy.jpg\",\"contentUrl\":\"https:\\\/\\\/www.modelight.eu\\\/wp-content\\\/uploads\\\/2021\\\/10\\\/9700-Meta-gallery-copy.jpg\",\"width\":842,\"height\":1200},{\"@type\":\"BreadcrumbList\",\"@id\":\"https:\\\/\\\/www.modelight.eu\\\/product\\\/meta-stilnovo\\\/#breadcrumb\",\"itemListElement\":[{\"@type\":\"ListItem\",\"position\":1,\"name\":\"Home\",\"item\":\"https:\\\/\\\/www.modelight.eu\\\/\"},{\"@type\":\"ListItem\",\"position\":2,\"name\":\"Shop\",\"item\":\"https:\\\/\\\/www.modelight.eu\\\/modelight-decorative-lighting\\\/\"},{\"@type\":\"ListItem\",\"position\":3,\"name\":\"META\"}]},{\"@type\":\"WebSite\",\"@id\":\"http:\\\/\\\/www.modelight.eu\\\/pt\\\/#website\",\"url\":\"http:\\\/\\\/www.modelight.eu\\\/pt\\\/\",\"name\":\"Modelight\",\"description\":\"Italian Decorative Lighting\",\"publisher\":{\"@id\":\"http:\\\/\\\/www.modelight.eu\\\/pt\\\/#organization\"},\"potentialAction\":[{\"@type\":\"SearchAction\",\"target\":{\"@type\":\"EntryPoint\",\"urlTemplate\":\"http:\\\/\\\/www.modelight.eu\\\/pt\\\/?s={search_term_string}\"},\"query-input\":{\"@type\":\"PropertyValueSpecification\",\"valueRequired\":true,\"valueName\":\"search_term_string\"}}],\"inLanguage\":\"de\"},{\"@type\":\"Organization\",\"@id\":\"http:\\\/\\\/www.modelight.eu\\\/pt\\\/#organization\",\"name\":\"modelight.eu\",\"url\":\"http:\\\/\\\/www.modelight.eu\\\/pt\\\/\",\"logo\":{\"@type\":\"ImageObject\",\"inLanguage\":\"de\",\"@id\":\"http:\\\/\\\/www.modelight.eu\\\/pt\\\/#\\\/schema\\\/logo\\\/image\\\/\",\"url\":\"https:\\\/\\\/www.modelight.eu\\\/wp-content\\\/uploads\\\/2020\\\/08\\\/modelight-ico-logo.jpg\",\"contentUrl\":\"https:\\\/\\\/www.modelight.eu\\\/wp-content\\\/uploads\\\/2020\\\/08\\\/modelight-ico-logo.jpg\",\"width\":512,\"height\":512,\"caption\":\"modelight.eu\"},\"image\":{\"@id\":\"http:\\\/\\\/www.modelight.eu\\\/pt\\\/#\\\/schema\\\/logo\\\/image\\\/\"},\"sameAs\":[\"https:\\\/\\\/www.facebook.com\\\/Modelight.eu\",\"https:\\\/\\\/x.com\\\/modelightqdl\",\"https:\\\/\\\/www.instagram.com\\\/modelight.eu\\\/\"]}]}<\/script>\n<!-- \/ Yoast SEO plugin. -->","yoast_head_json":{"title":"META - Modelight","description":"Meta by Stilnovo, eine Ikone des italienischen Designs, wurde in den siebziger Jahren geboren und ist heute ein konkretes Zeugnis der Eleganz durch die reine Form.","robots":{"index":"index","follow":"follow","max-snippet":"max-snippet:-1","max-image-preview":"max-image-preview:large","max-video-preview":"max-video-preview:-1"},"canonical":"https:\/\/www.modelight.eu\/de\/produkt\/meta-stilnovo\/","og_locale":"de_DE","og_type":"article","og_title":"META - Modelight","og_description":"An icon of Italian design, Meta by Stilnovo was born in the Seventies and today returns as a concrete testimony of elegance by way of pure form.","og_url":"https:\/\/www.modelight.eu\/de\/produkt\/meta-stilnovo\/","og_site_name":"Modelight","article_publisher":"https:\/\/www.facebook.com\/Modelight.eu","article_modified_time":"2024-03-12T16:38:24+00:00","og_image":[{"width":842,"height":1200,"url":"https:\/\/www.modelight.eu\/wp-content\/uploads\/2021\/10\/9700-Meta-gallery-copy.jpg","type":"image\/jpeg"}],"twitter_card":"summary_large_image","twitter_site":"@modelightqdl","twitter_misc":{"Gesch\u00e4tzte Lesezeit":"1\u00a0Minute"},"schema":{"@context":"https:\/\/schema.org","@graph":[{"@type":"WebPage","@id":"https:\/\/www.modelight.eu\/product\/meta-stilnovo\/","url":"https:\/\/www.modelight.eu\/product\/meta-stilnovo\/","name":"META - Modelight","isPartOf":{"@id":"http:\/\/www.modelight.eu\/pt\/#website"},"primaryImageOfPage":{"@id":"https:\/\/www.modelight.eu\/product\/meta-stilnovo\/#primaryimage"},"image":{"@id":"https:\/\/www.modelight.eu\/product\/meta-stilnovo\/#primaryimage"},"thumbnailUrl":"https:\/\/www.modelight.eu\/wp-content\/uploads\/2021\/10\/9700-Meta-gallery-copy.jpg","datePublished":"2023-05-29T15:04:58+00:00","dateModified":"2024-03-12T16:38:24+00:00","description":"Meta by Stilnovo, eine Ikone des italienischen Designs, wurde in den siebziger Jahren geboren und ist heute ein konkretes Zeugnis der Eleganz durch die reine Form.","breadcrumb":{"@id":"https:\/\/www.modelight.eu\/product\/meta-stilnovo\/#breadcrumb"},"inLanguage":"de","potentialAction":[{"@type":"ReadAction","target":["https:\/\/www.modelight.eu\/product\/meta-stilnovo\/"]}]},{"@type":"ImageObject","inLanguage":"de","@id":"https:\/\/www.modelight.eu\/product\/meta-stilnovo\/#primaryimage","url":"https:\/\/www.modelight.eu\/wp-content\/uploads\/2021\/10\/9700-Meta-gallery-copy.jpg","contentUrl":"https:\/\/www.modelight.eu\/wp-content\/uploads\/2021\/10\/9700-Meta-gallery-copy.jpg","width":842,"height":1200},{"@type":"BreadcrumbList","@id":"https:\/\/www.modelight.eu\/product\/meta-stilnovo\/#breadcrumb","itemListElement":[{"@type":"ListItem","position":1,"name":"Home","item":"https:\/\/www.modelight.eu\/"},{"@type":"ListItem","position":2,"name":"Shop","item":"https:\/\/www.modelight.eu\/modelight-decorative-lighting\/"},{"@type":"ListItem","position":3,"name":"META"}]},{"@type":"WebSite","@id":"http:\/\/www.modelight.eu\/pt\/#website","url":"http:\/\/www.modelight.eu\/pt\/","name":"Modelight","description":"Italienische dekorative Beleuchtung","publisher":{"@id":"http:\/\/www.modelight.eu\/pt\/#organization"},"potentialAction":[{"@type":"SearchAction","target":{"@type":"EntryPoint","urlTemplate":"http:\/\/www.modelight.eu\/pt\/?s={search_term_string}"},"query-input":{"@type":"PropertyValueSpecification","valueRequired":true,"valueName":"search_term_string"}}],"inLanguage":"de"},{"@type":"Organization","@id":"http:\/\/www.modelight.eu\/pt\/#organization","name":"modelight.eu","url":"http:\/\/www.modelight.eu\/pt\/","logo":{"@type":"ImageObject","inLanguage":"de","@id":"http:\/\/www.modelight.eu\/pt\/#\/schema\/logo\/image\/","url":"https:\/\/www.modelight.eu\/wp-content\/uploads\/2020\/08\/modelight-ico-logo.jpg","contentUrl":"https:\/\/www.modelight.eu\/wp-content\/uploads\/2020\/08\/modelight-ico-logo.jpg","width":512,"height":512,"caption":"modelight.eu"},"image":{"@id":"http:\/\/www.modelight.eu\/pt\/#\/schema\/logo\/image\/"},"sameAs":["https:\/\/www.facebook.com\/Modelight.eu","https:\/\/x.com\/modelightqdl","https:\/\/www.instagram.com\/modelight.eu\/"]}]}},"jetpack_sharing_enabled":true,"_links":{"self":[{"href":"https:\/\/www.modelight.eu\/de\/wp-json\/wp\/v2\/product\/12274","targetHints":{"allow":["GET"]}}],"collection":[{"href":"https:\/\/www.modelight.eu\/de\/wp-json\/wp\/v2\/product"}],"about":[{"href":"https:\/\/www.modelight.eu\/de\/wp-json\/wp\/v2\/types\/product"}],"wp:featuredmedia":[{"embeddable":true,"href":"https:\/\/www.modelight.eu\/de\/wp-json\/wp\/v2\/media\/12516"}],"wp:attachment":[{"href":"https:\/\/www.modelight.eu\/de\/wp-json\/wp\/v2\/media?parent=12274"}],"wp:term":[{"taxonomy":"product_brand","embeddable":true,"href":"https:\/\/www.modelight.eu\/de\/wp-json\/wp\/v2\/product_brand?post=12274"},{"taxonomy":"product_cat","embeddable":true,"href":"https:\/\/www.modelight.eu\/de\/wp-json\/wp\/v2\/product_cat?post=12274"},{"taxonomy":"product_tag","embeddable":true,"href":"https:\/\/www.modelight.eu\/de\/wp-json\/wp\/v2\/product_tag?post=12274"}],"curies":[{"name":"wp","href":"https:\/\/api.w.org\/{rel}","templated":true}]}}