{"id":10391,"date":"2021-10-29T10:06:28","date_gmt":"2021-10-29T10:06:28","guid":{"rendered":"https:\/\/www.modelight.eu--skip-columns=guid\/?post_type=product&#038;p=10391"},"modified":"2024-02-23T12:53:01","modified_gmt":"2024-02-23T12:53:01","slug":"megafono-pendant-light-black","status":"publish","type":"product","link":"https:\/\/www.modelight.eu\/de\/produkt\/megafono-pendant-light-black\/","title":{"rendered":"MEGAFONO SCHWARZ"},"content":{"rendered":"<p>Die Megafono Pendelleuchte ist eine ikonische Leuchte von Stilnovo aus den 1950er Jahren mit direktem und indirektem Licht. In der H\u00e4ngeversion mit drei, sechs oder acht Armen verbindet sich eine wertvolle Messingstruktur mit galvanischer Vergoldung mit den lenkbaren Doppelkonus-Lampenschirmen in Elfenbein oder gl\u00e4nzendem Schwarz und beleuchtet die Umgebung mit Eleganz.<\/p>","protected":false},"excerpt":{"rendered":"<p>Eine atemberaubende Pendelleuchte f\u00fcr Ihr Wohn-, Schlaf- oder Esszimmer. Die lenkbaren doppelten Lichtkegel von Megafono, eine Ikone der italienischen Beleuchtung der 1950er Jahre, bieten Ihnen sowohl direkte als auch indirekte Beleuchtung. Dieses raffinierte Design passt sehr gut zur Raumgestaltung der Jahrhundertmitte und zu modernistischen Raumkonzepten. Die galvanische Vergoldung des Messingk\u00f6rpers ist auch die ideale Folie f\u00fcr die Schirme. Megafono von Stilnovo ist als Pendelleuchte, Tischleuchte oder Wandleuchte erh\u00e4ltlich und besteht aus Messing mit galvanischer Vergoldung und schwarzen oder elfenbeinfarbenen Lampenschirmen.<\/p>","protected":false},"featured_media":10395,"template":"","meta":[],"product_brand":[],"product_cat":[42],"product_tag":[37,40,41,118,667,868],"class_list":{"0":"post-10391","1":"product","2":"type-product","3":"status-publish","4":"has-post-thumbnail","6":"product_cat-italian-pendant-lighting","7":"product_tag-black","8":"product_tag-pendant","9":"product_tag-lighting","10":"product_tag-gold","11":"product_tag-italian","12":"product_tag-megafono","14":"first","15":"instock","16":"featured","17":"taxable","18":"shipping-taxable","19":"purchasable","20":"product-type-variable"},"yoast_head":"<!-- This site is optimized with the Yoast SEO plugin v27.6 - https:\/\/yoast.com\/product\/yoast-seo-wordpress\/ -->\n<title>Megafono Pendant Light MEGAFONO BLACK - Modelight<\/title>\n<meta name=\"description\" content=\"Megafono, pendant light from Stilnovo, an iconic staple of 1950s Italian lighting, giving you both direct and indirect illumination.\" \/>\n<meta name=\"robots\" content=\"index, follow, max-snippet:-1, max-image-preview:large, max-video-preview:-1\" \/>\n<link rel=\"canonical\" href=\"https:\/\/www.modelight.eu\/de\/produkt\/megafono-pendant-light-black\/\" \/>\n<meta property=\"og:locale\" content=\"de_DE\" \/>\n<meta property=\"og:type\" content=\"article\" \/>\n<meta property=\"og:title\" content=\"Megafono Pendant Light MEGAFONO BLACK - Modelight\" \/>\n<meta property=\"og:description\" content=\"Megafono, pendant light from Stilnovo, an iconic staple of 1950s Italian lighting, giving you both direct and indirect illumination.\" \/>\n<meta property=\"og:url\" content=\"https:\/\/www.modelight.eu\/de\/produkt\/megafono-pendant-light-black\/\" \/>\n<meta property=\"og:site_name\" content=\"Modelight\" \/>\n<meta property=\"article:publisher\" content=\"https:\/\/www.facebook.com\/Modelight.eu\" \/>\n<meta property=\"article:modified_time\" content=\"2024-02-23T12:53:01+00:00\" \/>\n<meta property=\"og:image\" content=\"https:\/\/www.modelight.eu\/wp-content\/uploads\/2021\/10\/stilnovo-megafono-8x2-black-italian-pendant-lighting-modelight-designer-lighting-1.jpg\" \/>\n\t<meta property=\"og:image:width\" content=\"800\" \/>\n\t<meta property=\"og:image:height\" content=\"1200\" \/>\n\t<meta property=\"og:image:type\" content=\"image\/jpeg\" \/>\n<meta name=\"twitter:card\" content=\"summary_large_image\" \/>\n<meta name=\"twitter:site\" content=\"@modelightqdl\" \/>\n<script type=\"application\/ld+json\" class=\"yoast-schema-graph\">{\"@context\":\"https:\\\/\\\/schema.org\",\"@graph\":[{\"@type\":\"WebPage\",\"@id\":\"https:\\\/\\\/www.modelight.eu\\\/product\\\/megafono-pendant-light-black\\\/\",\"url\":\"https:\\\/\\\/www.modelight.eu\\\/product\\\/megafono-pendant-light-black\\\/\",\"name\":\"Megafono Pendant Light MEGAFONO BLACK - Modelight\",\"isPartOf\":{\"@id\":\"http:\\\/\\\/www.modelight.eu\\\/pt\\\/#website\"},\"primaryImageOfPage\":{\"@id\":\"https:\\\/\\\/www.modelight.eu\\\/product\\\/megafono-pendant-light-black\\\/#primaryimage\"},\"image\":{\"@id\":\"https:\\\/\\\/www.modelight.eu\\\/product\\\/megafono-pendant-light-black\\\/#primaryimage\"},\"thumbnailUrl\":\"https:\\\/\\\/www.modelight.eu\\\/wp-content\\\/uploads\\\/2021\\\/10\\\/stilnovo-megafono-8x2-black-italian-pendant-lighting-modelight-designer-lighting-1.jpg\",\"datePublished\":\"2021-10-29T10:06:28+00:00\",\"dateModified\":\"2024-02-23T12:53:01+00:00\",\"description\":\"Megafono, pendant light from Stilnovo, an iconic staple of 1950s Italian lighting, giving you both direct and indirect illumination.\",\"breadcrumb\":{\"@id\":\"https:\\\/\\\/www.modelight.eu\\\/product\\\/megafono-pendant-light-black\\\/#breadcrumb\"},\"inLanguage\":\"de\",\"potentialAction\":[{\"@type\":\"ReadAction\",\"target\":[\"https:\\\/\\\/www.modelight.eu\\\/product\\\/megafono-pendant-light-black\\\/\"]}]},{\"@type\":\"ImageObject\",\"inLanguage\":\"de\",\"@id\":\"https:\\\/\\\/www.modelight.eu\\\/product\\\/megafono-pendant-light-black\\\/#primaryimage\",\"url\":\"https:\\\/\\\/www.modelight.eu\\\/wp-content\\\/uploads\\\/2021\\\/10\\\/stilnovo-megafono-8x2-black-italian-pendant-lighting-modelight-designer-lighting-1.jpg\",\"contentUrl\":\"https:\\\/\\\/www.modelight.eu\\\/wp-content\\\/uploads\\\/2021\\\/10\\\/stilnovo-megafono-8x2-black-italian-pendant-lighting-modelight-designer-lighting-1.jpg\",\"width\":800,\"height\":1200,\"caption\":\"Stilnovo Megafono black Italian pendant lighting picture 1\"},{\"@type\":\"BreadcrumbList\",\"@id\":\"https:\\\/\\\/www.modelight.eu\\\/product\\\/megafono-pendant-light-black\\\/#breadcrumb\",\"itemListElement\":[{\"@type\":\"ListItem\",\"position\":1,\"name\":\"Home\",\"item\":\"https:\\\/\\\/www.modelight.eu\\\/\"},{\"@type\":\"ListItem\",\"position\":2,\"name\":\"Shop\",\"item\":\"https:\\\/\\\/www.modelight.eu\\\/modelight-decorative-lighting\\\/\"},{\"@type\":\"ListItem\",\"position\":3,\"name\":\"MEGAFONO BLACK\"}]},{\"@type\":\"WebSite\",\"@id\":\"http:\\\/\\\/www.modelight.eu\\\/pt\\\/#website\",\"url\":\"http:\\\/\\\/www.modelight.eu\\\/pt\\\/\",\"name\":\"Modelight\",\"description\":\"Italian Decorative Lighting\",\"publisher\":{\"@id\":\"http:\\\/\\\/www.modelight.eu\\\/pt\\\/#organization\"},\"potentialAction\":[{\"@type\":\"SearchAction\",\"target\":{\"@type\":\"EntryPoint\",\"urlTemplate\":\"http:\\\/\\\/www.modelight.eu\\\/pt\\\/?s={search_term_string}\"},\"query-input\":{\"@type\":\"PropertyValueSpecification\",\"valueRequired\":true,\"valueName\":\"search_term_string\"}}],\"inLanguage\":\"de\"},{\"@type\":\"Organization\",\"@id\":\"http:\\\/\\\/www.modelight.eu\\\/pt\\\/#organization\",\"name\":\"modelight.eu\",\"url\":\"http:\\\/\\\/www.modelight.eu\\\/pt\\\/\",\"logo\":{\"@type\":\"ImageObject\",\"inLanguage\":\"de\",\"@id\":\"http:\\\/\\\/www.modelight.eu\\\/pt\\\/#\\\/schema\\\/logo\\\/image\\\/\",\"url\":\"https:\\\/\\\/www.modelight.eu\\\/wp-content\\\/uploads\\\/2020\\\/08\\\/modelight-ico-logo.jpg\",\"contentUrl\":\"https:\\\/\\\/www.modelight.eu\\\/wp-content\\\/uploads\\\/2020\\\/08\\\/modelight-ico-logo.jpg\",\"width\":512,\"height\":512,\"caption\":\"modelight.eu\"},\"image\":{\"@id\":\"http:\\\/\\\/www.modelight.eu\\\/pt\\\/#\\\/schema\\\/logo\\\/image\\\/\"},\"sameAs\":[\"https:\\\/\\\/www.facebook.com\\\/Modelight.eu\",\"https:\\\/\\\/x.com\\\/modelightqdl\",\"https:\\\/\\\/www.instagram.com\\\/modelight.eu\\\/\"]}]}<\/script>\n<!-- \/ Yoast SEO plugin. -->","yoast_head_json":{"title":"Megafono Pendelleuchte MEGAFONO BLACK - Modelight","description":"Megafono, die Pendelleuchte von Stilnovo, eine Ikone der italienischen Beleuchtung der 1950er Jahre, bietet sowohl direkte als auch indirekte Beleuchtung.","robots":{"index":"index","follow":"follow","max-snippet":"max-snippet:-1","max-image-preview":"max-image-preview:large","max-video-preview":"max-video-preview:-1"},"canonical":"https:\/\/www.modelight.eu\/de\/produkt\/megafono-pendant-light-black\/","og_locale":"de_DE","og_type":"article","og_title":"Megafono Pendant Light MEGAFONO BLACK - Modelight","og_description":"Megafono, pendant light from Stilnovo, an iconic staple of 1950s Italian lighting, giving you both direct and indirect illumination.","og_url":"https:\/\/www.modelight.eu\/de\/produkt\/megafono-pendant-light-black\/","og_site_name":"Modelight","article_publisher":"https:\/\/www.facebook.com\/Modelight.eu","article_modified_time":"2024-02-23T12:53:01+00:00","og_image":[{"width":800,"height":1200,"url":"https:\/\/www.modelight.eu\/wp-content\/uploads\/2021\/10\/stilnovo-megafono-8x2-black-italian-pendant-lighting-modelight-designer-lighting-1.jpg","type":"image\/jpeg"}],"twitter_card":"summary_large_image","twitter_site":"@modelightqdl","schema":{"@context":"https:\/\/schema.org","@graph":[{"@type":"WebPage","@id":"https:\/\/www.modelight.eu\/product\/megafono-pendant-light-black\/","url":"https:\/\/www.modelight.eu\/product\/megafono-pendant-light-black\/","name":"Megafono Pendelleuchte MEGAFONO BLACK - Modelight","isPartOf":{"@id":"http:\/\/www.modelight.eu\/pt\/#website"},"primaryImageOfPage":{"@id":"https:\/\/www.modelight.eu\/product\/megafono-pendant-light-black\/#primaryimage"},"image":{"@id":"https:\/\/www.modelight.eu\/product\/megafono-pendant-light-black\/#primaryimage"},"thumbnailUrl":"https:\/\/www.modelight.eu\/wp-content\/uploads\/2021\/10\/stilnovo-megafono-8x2-black-italian-pendant-lighting-modelight-designer-lighting-1.jpg","datePublished":"2021-10-29T10:06:28+00:00","dateModified":"2024-02-23T12:53:01+00:00","description":"Megafono, die Pendelleuchte von Stilnovo, eine Ikone der italienischen Beleuchtung der 1950er Jahre, bietet sowohl direkte als auch indirekte Beleuchtung.","breadcrumb":{"@id":"https:\/\/www.modelight.eu\/product\/megafono-pendant-light-black\/#breadcrumb"},"inLanguage":"de","potentialAction":[{"@type":"ReadAction","target":["https:\/\/www.modelight.eu\/product\/megafono-pendant-light-black\/"]}]},{"@type":"ImageObject","inLanguage":"de","@id":"https:\/\/www.modelight.eu\/product\/megafono-pendant-light-black\/#primaryimage","url":"https:\/\/www.modelight.eu\/wp-content\/uploads\/2021\/10\/stilnovo-megafono-8x2-black-italian-pendant-lighting-modelight-designer-lighting-1.jpg","contentUrl":"https:\/\/www.modelight.eu\/wp-content\/uploads\/2021\/10\/stilnovo-megafono-8x2-black-italian-pendant-lighting-modelight-designer-lighting-1.jpg","width":800,"height":1200,"caption":"Stilnovo Megafono black Italian pendant lighting picture 1"},{"@type":"BreadcrumbList","@id":"https:\/\/www.modelight.eu\/product\/megafono-pendant-light-black\/#breadcrumb","itemListElement":[{"@type":"ListItem","position":1,"name":"Home","item":"https:\/\/www.modelight.eu\/"},{"@type":"ListItem","position":2,"name":"Shop","item":"https:\/\/www.modelight.eu\/modelight-decorative-lighting\/"},{"@type":"ListItem","position":3,"name":"MEGAFONO BLACK"}]},{"@type":"WebSite","@id":"http:\/\/www.modelight.eu\/pt\/#website","url":"http:\/\/www.modelight.eu\/pt\/","name":"Modelight","description":"Italienische dekorative Beleuchtung","publisher":{"@id":"http:\/\/www.modelight.eu\/pt\/#organization"},"potentialAction":[{"@type":"SearchAction","target":{"@type":"EntryPoint","urlTemplate":"http:\/\/www.modelight.eu\/pt\/?s={search_term_string}"},"query-input":{"@type":"PropertyValueSpecification","valueRequired":true,"valueName":"search_term_string"}}],"inLanguage":"de"},{"@type":"Organization","@id":"http:\/\/www.modelight.eu\/pt\/#organization","name":"modelight.eu","url":"http:\/\/www.modelight.eu\/pt\/","logo":{"@type":"ImageObject","inLanguage":"de","@id":"http:\/\/www.modelight.eu\/pt\/#\/schema\/logo\/image\/","url":"https:\/\/www.modelight.eu\/wp-content\/uploads\/2020\/08\/modelight-ico-logo.jpg","contentUrl":"https:\/\/www.modelight.eu\/wp-content\/uploads\/2020\/08\/modelight-ico-logo.jpg","width":512,"height":512,"caption":"modelight.eu"},"image":{"@id":"http:\/\/www.modelight.eu\/pt\/#\/schema\/logo\/image\/"},"sameAs":["https:\/\/www.facebook.com\/Modelight.eu","https:\/\/x.com\/modelightqdl","https:\/\/www.instagram.com\/modelight.eu\/"]}]}},"jetpack_sharing_enabled":true,"_links":{"self":[{"href":"https:\/\/www.modelight.eu\/de\/wp-json\/wp\/v2\/product\/10391","targetHints":{"allow":["GET"]}}],"collection":[{"href":"https:\/\/www.modelight.eu\/de\/wp-json\/wp\/v2\/product"}],"about":[{"href":"https:\/\/www.modelight.eu\/de\/wp-json\/wp\/v2\/types\/product"}],"wp:featuredmedia":[{"embeddable":true,"href":"https:\/\/www.modelight.eu\/de\/wp-json\/wp\/v2\/media\/10395"}],"wp:attachment":[{"href":"https:\/\/www.modelight.eu\/de\/wp-json\/wp\/v2\/media?parent=10391"}],"wp:term":[{"taxonomy":"product_brand","embeddable":true,"href":"https:\/\/www.modelight.eu\/de\/wp-json\/wp\/v2\/product_brand?post=10391"},{"taxonomy":"product_cat","embeddable":true,"href":"https:\/\/www.modelight.eu\/de\/wp-json\/wp\/v2\/product_cat?post=10391"},{"taxonomy":"product_tag","embeddable":true,"href":"https:\/\/www.modelight.eu\/de\/wp-json\/wp\/v2\/product_tag?post=10391"}],"curies":[{"name":"wp","href":"https:\/\/api.w.org\/{rel}","templated":true}]}}