{"id":10363,"date":"2022-05-10T09:38:59","date_gmt":"2022-05-10T09:38:59","guid":{"rendered":"https:\/\/www.modelight.eu--skip-columns=guid\/?post_type=product&#038;p=10363"},"modified":"2024-04-26T14:56:59","modified_gmt":"2024-04-26T13:56:59","slug":"megafono-1x2-black","status":"publish","type":"product","link":"https:\/\/www.modelight.eu\/de\/produkt\/megafono-1x2-black\/","title":{"rendered":"MEGAFONO 1\u00d72 SCHWARZ"},"content":{"rendered":"<div class=\"wpb-content-wrapper\"><div class=\"vc_row wpb_row vc_row-fluid\"><div class=\"wpb_column vc_column_container vc_col-sm-12\"><div class=\"vc_column-inner\"><div class=\"wpb_wrapper\">\n\t<div class=\"wpb_text_column wpb_content_element\" >\n\t\t<div class=\"wpb_wrapper\">\n\t\t\t<div class=\"page\" title=\"Seite 290\">\n<div class=\"section\">\n<div class=\"layoutArea\">\n<div class=\"column\">\n<p>Die Stilnovo Wandleuchte Megafono ist eine ikonische Leuchte aus den 1950er Jahren mit direktem und indirektem Licht. Erh\u00e4ltlich als ein- oder zweiarmige Wandleuchte, kombiniert eine wertvolle Messingstruktur mit galvanischer Vergoldung mit konischen Lampenschirmen in elfenbeinfarbenem oder gl\u00e4nzend schwarzem Finish, die die Umgebung mit Eleganz beleuchten. - K\u00f6rper aus Messing, Lampenschirme aus Metall. Ausf\u00fchrungen: Messing mit galvanischer Vergoldung, schwarze oder elfenbeinfarbene Schirme.<\/p>\n<\/div>\n<div class=\"page\" title=\"Seite 290\">\n<div class=\"section\">\n<div class=\"layoutArea\">\n<div class=\"column\">\n<p>&nbsp;<\/p>\n<\/div>\n<\/div>\n<\/div>\n<\/div>\n<\/div>\n<\/div>\n<\/div>\n\n\t\t<\/div>\n\t<\/div>\n<\/div><\/div><\/div><\/div>\n<\/div>","protected":false},"excerpt":{"rendered":"<p>Eine atemberaubende Wandleuchte f\u00fcr Ihr Wohn-, Schlaf- oder Esszimmer. Die lenkbaren doppelten Lichtkegel von Megafono, eine Ikone der italienischen Beleuchtung der 1950er Jahre, bieten Ihnen sowohl direkte als auch indirekte Beleuchtung. Dieses raffinierte Design passt sehr gut zur Raumgestaltung der Jahrhundertmitte und zu modernistischen Raumkonzepten. Die galvanische Vergoldung des Messingk\u00f6rpers ist auch die ideale Folie f\u00fcr die Schirme. Megafono von Stilnovo ist als Wand-, Tisch- oder Pendelleuchte erh\u00e4ltlich und besteht aus Messing mit galvanischer Vergoldung und schwarzen oder elfenbeinfarbenen Lampenschirmen.<\/p>\n<p>Leuchtmittel: 2 x E14 (inklusive Gl\u00fchbirnen)<br \/>\nLeistung: 2 x LED 6W Miniglobo P45, 220-240V<br \/>\nEigenschaften: 2700K, 1612lm, CRI 80<br \/>\nMaterial: Messing (gold), Eisen (schwarz)<br \/>\nAbmessungen: 136 x 310 x 199 mm<br \/>\nSchutzart: IP20<br \/>\nAbw\u00e4rts und aufw\u00e4rts gerichtete Lichtemission<br \/>\nSchwenkbar: vertikal 360\u00b0, horizontal 60\u00b0<br \/>\nEinbau: Wand<br \/>\nMarke: Stilnovo<br \/>\nHergestellt in Italien<\/p>","protected":false},"featured_media":10365,"template":"","meta":[],"product_brand":[],"product_cat":[48],"product_tag":[37,41,105,118,667,868],"class_list":{"0":"post-10363","1":"product","2":"type-product","3":"status-publish","4":"has-post-thumbnail","6":"product_cat-wall-lights","7":"product_tag-black","8":"product_tag-lighting","9":"product_tag-wall","10":"product_tag-gold","11":"product_tag-italian","12":"product_tag-megafono","14":"first","15":"instock","16":"taxable","17":"shipping-taxable","18":"purchasable","19":"product-type-simple"},"yoast_head":"<!-- This site is optimized with the Yoast SEO plugin v27.6 - https:\/\/yoast.com\/product\/yoast-seo-wordpress\/ -->\n<title>Stilnovo Wall Light MEGAFONO 1x2 BLACK - Modelight<\/title>\n<meta name=\"description\" content=\"The Stilnovo wall light, Megafono, iconic 1950s lamp with direct and indirect light, brass structure, in an black colour finish.\" \/>\n<meta name=\"robots\" content=\"index, follow, max-snippet:-1, max-image-preview:large, max-video-preview:-1\" \/>\n<link rel=\"canonical\" href=\"https:\/\/www.modelight.eu\/de\/produkt\/megafono-1x2-black\/\" \/>\n<meta property=\"og:locale\" content=\"de_DE\" \/>\n<meta property=\"og:type\" content=\"article\" \/>\n<meta property=\"og:title\" content=\"Stilnovo Wall Light MEGAFONO 1x2 BLACK - Modelight\" \/>\n<meta property=\"og:description\" content=\"The Stilnovo wall light, Megafono, iconic 1950s lamp with direct and indirect light, brass structure, in an black colour finish.\" \/>\n<meta property=\"og:url\" content=\"https:\/\/www.modelight.eu\/de\/produkt\/megafono-1x2-black\/\" \/>\n<meta property=\"og:site_name\" content=\"Modelight\" \/>\n<meta property=\"article:publisher\" content=\"https:\/\/www.facebook.com\/Modelight.eu\" \/>\n<meta property=\"article:modified_time\" content=\"2024-04-26T13:56:59+00:00\" \/>\n<meta property=\"og:image\" content=\"https:\/\/www.modelight.eu\/wp-content\/uploads\/2021\/10\/stilnovo-megafono-1x2-black-italian-wall-lights-modelight-designer-lighting-1.jpg\" \/>\n\t<meta property=\"og:image:width\" content=\"800\" \/>\n\t<meta property=\"og:image:height\" content=\"1200\" \/>\n\t<meta property=\"og:image:type\" content=\"image\/jpeg\" \/>\n<meta name=\"twitter:card\" content=\"summary_large_image\" \/>\n<meta name=\"twitter:site\" content=\"@modelightqdl\" \/>\n<meta name=\"twitter:label1\" content=\"Gesch\u00e4tzte Lesezeit\" \/>\n\t<meta name=\"twitter:data1\" content=\"1\u00a0Minute\" \/>\n<script type=\"application\/ld+json\" class=\"yoast-schema-graph\">{\"@context\":\"https:\\\/\\\/schema.org\",\"@graph\":[{\"@type\":\"WebPage\",\"@id\":\"https:\\\/\\\/www.modelight.eu\\\/product\\\/megafono-1x2-black\\\/\",\"url\":\"https:\\\/\\\/www.modelight.eu\\\/product\\\/megafono-1x2-black\\\/\",\"name\":\"Stilnovo Wall Light MEGAFONO 1x2 BLACK - Modelight\",\"isPartOf\":{\"@id\":\"http:\\\/\\\/www.modelight.eu\\\/pt\\\/#website\"},\"primaryImageOfPage\":{\"@id\":\"https:\\\/\\\/www.modelight.eu\\\/product\\\/megafono-1x2-black\\\/#primaryimage\"},\"image\":{\"@id\":\"https:\\\/\\\/www.modelight.eu\\\/product\\\/megafono-1x2-black\\\/#primaryimage\"},\"thumbnailUrl\":\"https:\\\/\\\/www.modelight.eu\\\/wp-content\\\/uploads\\\/2021\\\/10\\\/stilnovo-megafono-1x2-black-italian-wall-lights-modelight-designer-lighting-1.jpg\",\"datePublished\":\"2022-05-10T09:38:59+00:00\",\"dateModified\":\"2024-04-26T13:56:59+00:00\",\"description\":\"The Stilnovo wall light, Megafono, iconic 1950s lamp with direct and indirect light, brass structure, in an black colour finish.\",\"breadcrumb\":{\"@id\":\"https:\\\/\\\/www.modelight.eu\\\/product\\\/megafono-1x2-black\\\/#breadcrumb\"},\"inLanguage\":\"de\",\"potentialAction\":[{\"@type\":\"ReadAction\",\"target\":[\"https:\\\/\\\/www.modelight.eu\\\/product\\\/megafono-1x2-black\\\/\"]}]},{\"@type\":\"ImageObject\",\"inLanguage\":\"de\",\"@id\":\"https:\\\/\\\/www.modelight.eu\\\/product\\\/megafono-1x2-black\\\/#primaryimage\",\"url\":\"https:\\\/\\\/www.modelight.eu\\\/wp-content\\\/uploads\\\/2021\\\/10\\\/stilnovo-megafono-1x2-black-italian-wall-lights-modelight-designer-lighting-1.jpg\",\"contentUrl\":\"https:\\\/\\\/www.modelight.eu\\\/wp-content\\\/uploads\\\/2021\\\/10\\\/stilnovo-megafono-1x2-black-italian-wall-lights-modelight-designer-lighting-1.jpg\",\"width\":800,\"height\":1200,\"caption\":\"Stilnovo Megafono 1x2 Black Italian wall lights picture 1\"},{\"@type\":\"BreadcrumbList\",\"@id\":\"https:\\\/\\\/www.modelight.eu\\\/product\\\/megafono-1x2-black\\\/#breadcrumb\",\"itemListElement\":[{\"@type\":\"ListItem\",\"position\":1,\"name\":\"Home\",\"item\":\"https:\\\/\\\/www.modelight.eu\\\/\"},{\"@type\":\"ListItem\",\"position\":2,\"name\":\"Shop\",\"item\":\"https:\\\/\\\/www.modelight.eu\\\/modelight-decorative-lighting\\\/\"},{\"@type\":\"ListItem\",\"position\":3,\"name\":\"MEGAFONO 1&#215;2 BLACK\"}]},{\"@type\":\"WebSite\",\"@id\":\"http:\\\/\\\/www.modelight.eu\\\/pt\\\/#website\",\"url\":\"http:\\\/\\\/www.modelight.eu\\\/pt\\\/\",\"name\":\"Modelight\",\"description\":\"Italian Decorative Lighting\",\"publisher\":{\"@id\":\"http:\\\/\\\/www.modelight.eu\\\/pt\\\/#organization\"},\"potentialAction\":[{\"@type\":\"SearchAction\",\"target\":{\"@type\":\"EntryPoint\",\"urlTemplate\":\"http:\\\/\\\/www.modelight.eu\\\/pt\\\/?s={search_term_string}\"},\"query-input\":{\"@type\":\"PropertyValueSpecification\",\"valueRequired\":true,\"valueName\":\"search_term_string\"}}],\"inLanguage\":\"de\"},{\"@type\":\"Organization\",\"@id\":\"http:\\\/\\\/www.modelight.eu\\\/pt\\\/#organization\",\"name\":\"modelight.eu\",\"url\":\"http:\\\/\\\/www.modelight.eu\\\/pt\\\/\",\"logo\":{\"@type\":\"ImageObject\",\"inLanguage\":\"de\",\"@id\":\"http:\\\/\\\/www.modelight.eu\\\/pt\\\/#\\\/schema\\\/logo\\\/image\\\/\",\"url\":\"https:\\\/\\\/www.modelight.eu\\\/wp-content\\\/uploads\\\/2020\\\/08\\\/modelight-ico-logo.jpg\",\"contentUrl\":\"https:\\\/\\\/www.modelight.eu\\\/wp-content\\\/uploads\\\/2020\\\/08\\\/modelight-ico-logo.jpg\",\"width\":512,\"height\":512,\"caption\":\"modelight.eu\"},\"image\":{\"@id\":\"http:\\\/\\\/www.modelight.eu\\\/pt\\\/#\\\/schema\\\/logo\\\/image\\\/\"},\"sameAs\":[\"https:\\\/\\\/www.facebook.com\\\/Modelight.eu\",\"https:\\\/\\\/x.com\\\/modelightqdl\",\"https:\\\/\\\/www.instagram.com\\\/modelight.eu\\\/\"]}]}<\/script>\n<!-- \/ Yoast SEO plugin. -->","yoast_head_json":{"title":"Stilnovo Wandleuchte MEGAFONO 1x2 BLACK - Modelight","description":"Die Stilnovo-Wandleuchte Megafono, eine ikonische Lampe aus den 1950er Jahren mit direktem und indirektem Licht, Struktur aus Messing, schwarz lackiert.","robots":{"index":"index","follow":"follow","max-snippet":"max-snippet:-1","max-image-preview":"max-image-preview:large","max-video-preview":"max-video-preview:-1"},"canonical":"https:\/\/www.modelight.eu\/de\/produkt\/megafono-1x2-black\/","og_locale":"de_DE","og_type":"article","og_title":"Stilnovo Wall Light MEGAFONO 1x2 BLACK - Modelight","og_description":"The Stilnovo wall light, Megafono, iconic 1950s lamp with direct and indirect light, brass structure, in an black colour finish.","og_url":"https:\/\/www.modelight.eu\/de\/produkt\/megafono-1x2-black\/","og_site_name":"Modelight","article_publisher":"https:\/\/www.facebook.com\/Modelight.eu","article_modified_time":"2024-04-26T13:56:59+00:00","og_image":[{"width":800,"height":1200,"url":"https:\/\/www.modelight.eu\/wp-content\/uploads\/2021\/10\/stilnovo-megafono-1x2-black-italian-wall-lights-modelight-designer-lighting-1.jpg","type":"image\/jpeg"}],"twitter_card":"summary_large_image","twitter_site":"@modelightqdl","twitter_misc":{"Gesch\u00e4tzte Lesezeit":"1\u00a0Minute"},"schema":{"@context":"https:\/\/schema.org","@graph":[{"@type":"WebPage","@id":"https:\/\/www.modelight.eu\/product\/megafono-1x2-black\/","url":"https:\/\/www.modelight.eu\/product\/megafono-1x2-black\/","name":"Stilnovo Wandleuchte MEGAFONO 1x2 BLACK - Modelight","isPartOf":{"@id":"http:\/\/www.modelight.eu\/pt\/#website"},"primaryImageOfPage":{"@id":"https:\/\/www.modelight.eu\/product\/megafono-1x2-black\/#primaryimage"},"image":{"@id":"https:\/\/www.modelight.eu\/product\/megafono-1x2-black\/#primaryimage"},"thumbnailUrl":"https:\/\/www.modelight.eu\/wp-content\/uploads\/2021\/10\/stilnovo-megafono-1x2-black-italian-wall-lights-modelight-designer-lighting-1.jpg","datePublished":"2022-05-10T09:38:59+00:00","dateModified":"2024-04-26T13:56:59+00:00","description":"Die Stilnovo-Wandleuchte Megafono, eine ikonische Lampe aus den 1950er Jahren mit direktem und indirektem Licht, Struktur aus Messing, schwarz lackiert.","breadcrumb":{"@id":"https:\/\/www.modelight.eu\/product\/megafono-1x2-black\/#breadcrumb"},"inLanguage":"de","potentialAction":[{"@type":"ReadAction","target":["https:\/\/www.modelight.eu\/product\/megafono-1x2-black\/"]}]},{"@type":"ImageObject","inLanguage":"de","@id":"https:\/\/www.modelight.eu\/product\/megafono-1x2-black\/#primaryimage","url":"https:\/\/www.modelight.eu\/wp-content\/uploads\/2021\/10\/stilnovo-megafono-1x2-black-italian-wall-lights-modelight-designer-lighting-1.jpg","contentUrl":"https:\/\/www.modelight.eu\/wp-content\/uploads\/2021\/10\/stilnovo-megafono-1x2-black-italian-wall-lights-modelight-designer-lighting-1.jpg","width":800,"height":1200,"caption":"Stilnovo Megafono 1x2 Black Italian wall lights picture 1"},{"@type":"BreadcrumbList","@id":"https:\/\/www.modelight.eu\/product\/megafono-1x2-black\/#breadcrumb","itemListElement":[{"@type":"ListItem","position":1,"name":"Home","item":"https:\/\/www.modelight.eu\/"},{"@type":"ListItem","position":2,"name":"Shop","item":"https:\/\/www.modelight.eu\/modelight-decorative-lighting\/"},{"@type":"ListItem","position":3,"name":"MEGAFONO 1&#215;2 BLACK"}]},{"@type":"WebSite","@id":"http:\/\/www.modelight.eu\/pt\/#website","url":"http:\/\/www.modelight.eu\/pt\/","name":"Modelight","description":"Italienische dekorative Beleuchtung","publisher":{"@id":"http:\/\/www.modelight.eu\/pt\/#organization"},"potentialAction":[{"@type":"SearchAction","target":{"@type":"EntryPoint","urlTemplate":"http:\/\/www.modelight.eu\/pt\/?s={search_term_string}"},"query-input":{"@type":"PropertyValueSpecification","valueRequired":true,"valueName":"search_term_string"}}],"inLanguage":"de"},{"@type":"Organization","@id":"http:\/\/www.modelight.eu\/pt\/#organization","name":"modelight.eu","url":"http:\/\/www.modelight.eu\/pt\/","logo":{"@type":"ImageObject","inLanguage":"de","@id":"http:\/\/www.modelight.eu\/pt\/#\/schema\/logo\/image\/","url":"https:\/\/www.modelight.eu\/wp-content\/uploads\/2020\/08\/modelight-ico-logo.jpg","contentUrl":"https:\/\/www.modelight.eu\/wp-content\/uploads\/2020\/08\/modelight-ico-logo.jpg","width":512,"height":512,"caption":"modelight.eu"},"image":{"@id":"http:\/\/www.modelight.eu\/pt\/#\/schema\/logo\/image\/"},"sameAs":["https:\/\/www.facebook.com\/Modelight.eu","https:\/\/x.com\/modelightqdl","https:\/\/www.instagram.com\/modelight.eu\/"]}]}},"jetpack_sharing_enabled":true,"_links":{"self":[{"href":"https:\/\/www.modelight.eu\/de\/wp-json\/wp\/v2\/product\/10363","targetHints":{"allow":["GET"]}}],"collection":[{"href":"https:\/\/www.modelight.eu\/de\/wp-json\/wp\/v2\/product"}],"about":[{"href":"https:\/\/www.modelight.eu\/de\/wp-json\/wp\/v2\/types\/product"}],"wp:featuredmedia":[{"embeddable":true,"href":"https:\/\/www.modelight.eu\/de\/wp-json\/wp\/v2\/media\/10365"}],"wp:attachment":[{"href":"https:\/\/www.modelight.eu\/de\/wp-json\/wp\/v2\/media?parent=10363"}],"wp:term":[{"taxonomy":"product_brand","embeddable":true,"href":"https:\/\/www.modelight.eu\/de\/wp-json\/wp\/v2\/product_brand?post=10363"},{"taxonomy":"product_cat","embeddable":true,"href":"https:\/\/www.modelight.eu\/de\/wp-json\/wp\/v2\/product_cat?post=10363"},{"taxonomy":"product_tag","embeddable":true,"href":"https:\/\/www.modelight.eu\/de\/wp-json\/wp\/v2\/product_tag?post=10363"}],"curies":[{"name":"wp","href":"https:\/\/api.w.org\/{rel}","templated":true}]}}