{"id":10334,"date":"2021-10-28T13:26:13","date_gmt":"2021-10-28T13:26:13","guid":{"rendered":"https:\/\/www.modelight.eu--skip-columns=guid\/?post_type=product&#038;p=10334"},"modified":"2024-02-23T12:52:53","modified_gmt":"2024-02-23T12:52:53","slug":"sputnik-multicolour","status":"publish","type":"product","link":"https:\/\/www.modelight.eu\/de\/produkt\/sputnik-multicolour\/","title":{"rendered":"SPUTNIK MEHRFARBIG"},"content":{"rendered":"","protected":false},"excerpt":{"rendered":"<p>Inspiriert vom modernistischen Design des Sputnik-Satelliten aus den 1950er Jahren, setzt diese italienische Leuchte von Stilnovo ein gewagtes Statement in Ihrem Zuhause oder B\u00fcro. Beleben Sie Ihr Wohn- oder Esszimmer mit dieser beeindruckenden Leuchte! Die 16 Messingarme der Sputnik mit galvanischer Vergoldung explodieren wie ein Feuerwerk aus dem polierten Messingk\u00f6rper und dem Aufh\u00e4ngungsstab. Die dekorativen Stangenenden sind in den Farben Schwarz, Elfenbein und Multicolour erh\u00e4ltlich. Ganz gleich, ob Ihr Zuhause mit modernen St\u00fccken ausgestattet ist oder an das Design der Jahrhundertmitte erinnert - diese Leuchte ist die perfekte Erg\u00e4nzung f\u00fcr jeden Raum.<\/p>\n<p>Leuchtmittel: 16 x E14 (inklusive Gl\u00fchbirnen)<br \/>\nLeistung: 16 x LED 6W Miniglobo P45, 220-240V<br \/>\nEigenschaften: 2700K, 12896lm, CRI 80<br \/>\nMaterial: Messing (gold), Eisen (mehrfarbig)<br \/>\nAbmessungen: 982 x 662 mm<br \/>\n2 Stiele enthalten: 700 mm, 500 mm<br \/>\nSchutzart: IP20<br \/>\nAbw\u00e4rts und aufw\u00e4rts gerichtete Lichtemission<br \/>\nEinbau: Decke<br \/>\nMarke: Stilnovo<br \/>\nHergestellt in Italien<\/p>","protected":false},"featured_media":10456,"template":"","meta":[],"product_brand":[],"product_cat":[42],"product_tag":[40,118,667,668,920,921],"class_list":{"0":"post-10334","1":"product","2":"type-product","3":"status-publish","4":"has-post-thumbnail","6":"product_cat-italian-pendant-lighting","7":"product_tag-pendant","8":"product_tag-gold","9":"product_tag-italian","10":"product_tag-designer","11":"product_tag-sputnik","12":"product_tag-multicolour","14":"first","15":"instock","16":"taxable","17":"shipping-taxable","18":"purchasable","19":"product-type-simple"},"yoast_head":"<!-- This site is optimized with the Yoast SEO plugin v27.6 - https:\/\/yoast.com\/product\/yoast-seo-wordpress\/ -->\n<title>SPUTNIK MULTICOLOUR - Modelight<\/title>\n<meta name=\"robots\" content=\"index, follow, max-snippet:-1, max-image-preview:large, max-video-preview:-1\" \/>\n<link rel=\"canonical\" href=\"https:\/\/www.modelight.eu\/de\/produkt\/sputnik-multicolour\/\" \/>\n<meta property=\"og:locale\" content=\"de_DE\" \/>\n<meta property=\"og:type\" content=\"article\" \/>\n<meta property=\"og:title\" content=\"SPUTNIK MULTICOLOUR - Modelight\" \/>\n<meta property=\"og:description\" content=\"Inspired by the modernist design of the 1950s Sputnik satellite, this Italian lighting by Stilnovo makes a bold statement in your home or office. Liven up your lounge or dining room with this impressive feature light! Sputnik\u2019s 16 brass arms with galvanic gilding explode from the polished brass body and suspension rod like a firework. Its decorative rod ends are available in black, ivory, and multicolour. Whether your home has modern pieces or harks back to mid-century design, this is the perfect way to finish a room.  Light source: 16 x E14 (bulbs included) Power: 16 x LED 6W Miniglobo P45, 220-240V Characteristics: 2700K, 12896lm, CRI 80 Material: Brass (gold), Iron (multicolour) Dimensions: 982 x 662 mm 2 stems included: 700 mm, 500 mm IP rating: IP20 Downward and upward light emission Installation: Ceiling Brand: Stilnovo Made in Italy\" \/>\n<meta property=\"og:url\" content=\"https:\/\/www.modelight.eu\/de\/produkt\/sputnik-multicolour\/\" \/>\n<meta property=\"og:site_name\" content=\"Modelight\" \/>\n<meta property=\"article:publisher\" content=\"https:\/\/www.facebook.com\/Modelight.eu\" \/>\n<meta property=\"article:modified_time\" content=\"2024-02-23T12:52:53+00:00\" \/>\n<meta property=\"og:image\" content=\"https:\/\/www.modelight.eu\/wp-content\/uploads\/2021\/10\/stilnovo-sputnik-italian-led-pendant-lighting-chandelier-multicolour-modelight-1.jpg\" \/>\n\t<meta property=\"og:image:width\" content=\"800\" \/>\n\t<meta property=\"og:image:height\" content=\"1200\" \/>\n\t<meta property=\"og:image:type\" content=\"image\/jpeg\" \/>\n<meta name=\"twitter:card\" content=\"summary_large_image\" \/>\n<meta name=\"twitter:site\" content=\"@modelightqdl\" \/>\n<script type=\"application\/ld+json\" class=\"yoast-schema-graph\">{\"@context\":\"https:\\\/\\\/schema.org\",\"@graph\":[{\"@type\":\"WebPage\",\"@id\":\"https:\\\/\\\/www.modelight.eu\\\/product\\\/sputnik-multicolour\\\/\",\"url\":\"https:\\\/\\\/www.modelight.eu\\\/product\\\/sputnik-multicolour\\\/\",\"name\":\"SPUTNIK MULTICOLOUR - Modelight\",\"isPartOf\":{\"@id\":\"http:\\\/\\\/www.modelight.eu\\\/pt\\\/#website\"},\"primaryImageOfPage\":{\"@id\":\"https:\\\/\\\/www.modelight.eu\\\/product\\\/sputnik-multicolour\\\/#primaryimage\"},\"image\":{\"@id\":\"https:\\\/\\\/www.modelight.eu\\\/product\\\/sputnik-multicolour\\\/#primaryimage\"},\"thumbnailUrl\":\"https:\\\/\\\/www.modelight.eu\\\/wp-content\\\/uploads\\\/2021\\\/10\\\/stilnovo-sputnik-italian-led-pendant-lighting-chandelier-multicolour-modelight-1.jpg\",\"datePublished\":\"2021-10-28T13:26:13+00:00\",\"dateModified\":\"2024-02-23T12:52:53+00:00\",\"breadcrumb\":{\"@id\":\"https:\\\/\\\/www.modelight.eu\\\/product\\\/sputnik-multicolour\\\/#breadcrumb\"},\"inLanguage\":\"de\",\"potentialAction\":[{\"@type\":\"ReadAction\",\"target\":[\"https:\\\/\\\/www.modelight.eu\\\/product\\\/sputnik-multicolour\\\/\"]}]},{\"@type\":\"ImageObject\",\"inLanguage\":\"de\",\"@id\":\"https:\\\/\\\/www.modelight.eu\\\/product\\\/sputnik-multicolour\\\/#primaryimage\",\"url\":\"https:\\\/\\\/www.modelight.eu\\\/wp-content\\\/uploads\\\/2021\\\/10\\\/stilnovo-sputnik-italian-led-pendant-lighting-chandelier-multicolour-modelight-1.jpg\",\"contentUrl\":\"https:\\\/\\\/www.modelight.eu\\\/wp-content\\\/uploads\\\/2021\\\/10\\\/stilnovo-sputnik-italian-led-pendant-lighting-chandelier-multicolour-modelight-1.jpg\",\"width\":800,\"height\":1200},{\"@type\":\"BreadcrumbList\",\"@id\":\"https:\\\/\\\/www.modelight.eu\\\/product\\\/sputnik-multicolour\\\/#breadcrumb\",\"itemListElement\":[{\"@type\":\"ListItem\",\"position\":1,\"name\":\"Home\",\"item\":\"https:\\\/\\\/www.modelight.eu\\\/\"},{\"@type\":\"ListItem\",\"position\":2,\"name\":\"Shop\",\"item\":\"https:\\\/\\\/www.modelight.eu\\\/modelight-decorative-lighting\\\/\"},{\"@type\":\"ListItem\",\"position\":3,\"name\":\"SPUTNIK MULTICOLOUR\"}]},{\"@type\":\"WebSite\",\"@id\":\"http:\\\/\\\/www.modelight.eu\\\/pt\\\/#website\",\"url\":\"http:\\\/\\\/www.modelight.eu\\\/pt\\\/\",\"name\":\"Modelight\",\"description\":\"Italian Decorative Lighting\",\"publisher\":{\"@id\":\"http:\\\/\\\/www.modelight.eu\\\/pt\\\/#organization\"},\"potentialAction\":[{\"@type\":\"SearchAction\",\"target\":{\"@type\":\"EntryPoint\",\"urlTemplate\":\"http:\\\/\\\/www.modelight.eu\\\/pt\\\/?s={search_term_string}\"},\"query-input\":{\"@type\":\"PropertyValueSpecification\",\"valueRequired\":true,\"valueName\":\"search_term_string\"}}],\"inLanguage\":\"de\"},{\"@type\":\"Organization\",\"@id\":\"http:\\\/\\\/www.modelight.eu\\\/pt\\\/#organization\",\"name\":\"modelight.eu\",\"url\":\"http:\\\/\\\/www.modelight.eu\\\/pt\\\/\",\"logo\":{\"@type\":\"ImageObject\",\"inLanguage\":\"de\",\"@id\":\"http:\\\/\\\/www.modelight.eu\\\/pt\\\/#\\\/schema\\\/logo\\\/image\\\/\",\"url\":\"https:\\\/\\\/www.modelight.eu\\\/wp-content\\\/uploads\\\/2020\\\/08\\\/modelight-ico-logo.jpg\",\"contentUrl\":\"https:\\\/\\\/www.modelight.eu\\\/wp-content\\\/uploads\\\/2020\\\/08\\\/modelight-ico-logo.jpg\",\"width\":512,\"height\":512,\"caption\":\"modelight.eu\"},\"image\":{\"@id\":\"http:\\\/\\\/www.modelight.eu\\\/pt\\\/#\\\/schema\\\/logo\\\/image\\\/\"},\"sameAs\":[\"https:\\\/\\\/www.facebook.com\\\/Modelight.eu\",\"https:\\\/\\\/x.com\\\/modelightqdl\",\"https:\\\/\\\/www.instagram.com\\\/modelight.eu\\\/\"]}]}<\/script>\n<!-- \/ Yoast SEO plugin. -->","yoast_head_json":{"title":"SPUTNIK MULTICOLOUR - Modelight","robots":{"index":"index","follow":"follow","max-snippet":"max-snippet:-1","max-image-preview":"max-image-preview:large","max-video-preview":"max-video-preview:-1"},"canonical":"https:\/\/www.modelight.eu\/de\/produkt\/sputnik-multicolour\/","og_locale":"de_DE","og_type":"article","og_title":"SPUTNIK MULTICOLOUR - Modelight","og_description":"Inspired by the modernist design of the 1950s Sputnik satellite, this Italian lighting by Stilnovo makes a bold statement in your home or office. Liven up your lounge or dining room with this impressive feature light! Sputnik\u2019s 16 brass arms with galvanic gilding explode from the polished brass body and suspension rod like a firework. Its decorative rod ends are available in black, ivory, and multicolour. Whether your home has modern pieces or harks back to mid-century design, this is the perfect way to finish a room.  Light source: 16 x E14 (bulbs included) Power: 16 x LED 6W Miniglobo P45, 220-240V Characteristics: 2700K, 12896lm, CRI 80 Material: Brass (gold), Iron (multicolour) Dimensions: 982 x 662 mm 2 stems included: 700 mm, 500 mm IP rating: IP20 Downward and upward light emission Installation: Ceiling Brand: Stilnovo Made in Italy","og_url":"https:\/\/www.modelight.eu\/de\/produkt\/sputnik-multicolour\/","og_site_name":"Modelight","article_publisher":"https:\/\/www.facebook.com\/Modelight.eu","article_modified_time":"2024-02-23T12:52:53+00:00","og_image":[{"width":800,"height":1200,"url":"https:\/\/www.modelight.eu\/wp-content\/uploads\/2021\/10\/stilnovo-sputnik-italian-led-pendant-lighting-chandelier-multicolour-modelight-1.jpg","type":"image\/jpeg"}],"twitter_card":"summary_large_image","twitter_site":"@modelightqdl","schema":{"@context":"https:\/\/schema.org","@graph":[{"@type":"WebPage","@id":"https:\/\/www.modelight.eu\/product\/sputnik-multicolour\/","url":"https:\/\/www.modelight.eu\/product\/sputnik-multicolour\/","name":"SPUTNIK MULTICOLOUR - Modelight","isPartOf":{"@id":"http:\/\/www.modelight.eu\/pt\/#website"},"primaryImageOfPage":{"@id":"https:\/\/www.modelight.eu\/product\/sputnik-multicolour\/#primaryimage"},"image":{"@id":"https:\/\/www.modelight.eu\/product\/sputnik-multicolour\/#primaryimage"},"thumbnailUrl":"https:\/\/www.modelight.eu\/wp-content\/uploads\/2021\/10\/stilnovo-sputnik-italian-led-pendant-lighting-chandelier-multicolour-modelight-1.jpg","datePublished":"2021-10-28T13:26:13+00:00","dateModified":"2024-02-23T12:52:53+00:00","breadcrumb":{"@id":"https:\/\/www.modelight.eu\/product\/sputnik-multicolour\/#breadcrumb"},"inLanguage":"de","potentialAction":[{"@type":"ReadAction","target":["https:\/\/www.modelight.eu\/product\/sputnik-multicolour\/"]}]},{"@type":"ImageObject","inLanguage":"de","@id":"https:\/\/www.modelight.eu\/product\/sputnik-multicolour\/#primaryimage","url":"https:\/\/www.modelight.eu\/wp-content\/uploads\/2021\/10\/stilnovo-sputnik-italian-led-pendant-lighting-chandelier-multicolour-modelight-1.jpg","contentUrl":"https:\/\/www.modelight.eu\/wp-content\/uploads\/2021\/10\/stilnovo-sputnik-italian-led-pendant-lighting-chandelier-multicolour-modelight-1.jpg","width":800,"height":1200},{"@type":"BreadcrumbList","@id":"https:\/\/www.modelight.eu\/product\/sputnik-multicolour\/#breadcrumb","itemListElement":[{"@type":"ListItem","position":1,"name":"Home","item":"https:\/\/www.modelight.eu\/"},{"@type":"ListItem","position":2,"name":"Shop","item":"https:\/\/www.modelight.eu\/modelight-decorative-lighting\/"},{"@type":"ListItem","position":3,"name":"SPUTNIK MULTICOLOUR"}]},{"@type":"WebSite","@id":"http:\/\/www.modelight.eu\/pt\/#website","url":"http:\/\/www.modelight.eu\/pt\/","name":"Modelight","description":"Italienische dekorative Beleuchtung","publisher":{"@id":"http:\/\/www.modelight.eu\/pt\/#organization"},"potentialAction":[{"@type":"SearchAction","target":{"@type":"EntryPoint","urlTemplate":"http:\/\/www.modelight.eu\/pt\/?s={search_term_string}"},"query-input":{"@type":"PropertyValueSpecification","valueRequired":true,"valueName":"search_term_string"}}],"inLanguage":"de"},{"@type":"Organization","@id":"http:\/\/www.modelight.eu\/pt\/#organization","name":"modelight.eu","url":"http:\/\/www.modelight.eu\/pt\/","logo":{"@type":"ImageObject","inLanguage":"de","@id":"http:\/\/www.modelight.eu\/pt\/#\/schema\/logo\/image\/","url":"https:\/\/www.modelight.eu\/wp-content\/uploads\/2020\/08\/modelight-ico-logo.jpg","contentUrl":"https:\/\/www.modelight.eu\/wp-content\/uploads\/2020\/08\/modelight-ico-logo.jpg","width":512,"height":512,"caption":"modelight.eu"},"image":{"@id":"http:\/\/www.modelight.eu\/pt\/#\/schema\/logo\/image\/"},"sameAs":["https:\/\/www.facebook.com\/Modelight.eu","https:\/\/x.com\/modelightqdl","https:\/\/www.instagram.com\/modelight.eu\/"]}]}},"jetpack_sharing_enabled":true,"_links":{"self":[{"href":"https:\/\/www.modelight.eu\/de\/wp-json\/wp\/v2\/product\/10334","targetHints":{"allow":["GET"]}}],"collection":[{"href":"https:\/\/www.modelight.eu\/de\/wp-json\/wp\/v2\/product"}],"about":[{"href":"https:\/\/www.modelight.eu\/de\/wp-json\/wp\/v2\/types\/product"}],"wp:featuredmedia":[{"embeddable":true,"href":"https:\/\/www.modelight.eu\/de\/wp-json\/wp\/v2\/media\/10456"}],"wp:attachment":[{"href":"https:\/\/www.modelight.eu\/de\/wp-json\/wp\/v2\/media?parent=10334"}],"wp:term":[{"taxonomy":"product_brand","embeddable":true,"href":"https:\/\/www.modelight.eu\/de\/wp-json\/wp\/v2\/product_brand?post=10334"},{"taxonomy":"product_cat","embeddable":true,"href":"https:\/\/www.modelight.eu\/de\/wp-json\/wp\/v2\/product_cat?post=10334"},{"taxonomy":"product_tag","embeddable":true,"href":"https:\/\/www.modelight.eu\/de\/wp-json\/wp\/v2\/product_tag?post=10334"}],"curies":[{"name":"wp","href":"https:\/\/api.w.org\/{rel}","templated":true}]}}