{"id":10127,"date":"2021-10-23T10:31:27","date_gmt":"2021-10-23T10:31:27","guid":{"rendered":"https:\/\/www.modelight.eu--skip-columns=guid\/?post_type=product&#038;p=10127"},"modified":"2024-02-23T12:52:42","modified_gmt":"2024-02-23T12:52:42","slug":"gravita","status":"publish","type":"product","link":"https:\/\/www.modelight.eu\/de\/produkt\/gravita\/","title":{"rendered":"GRAVITA"},"content":{"rendered":"","protected":false},"excerpt":{"rendered":"<p><span style=\"color: #212121;\">Genie\u00dfen Sie die Sch\u00f6nheit von mundgeblasenem Glas in Ihrem Zuhause oder B\u00fcro mit dieser futuristischen italienischen Beleuchtung. Kaum zu glauben, dass das Design der Gravita von Stilnovo schon mehr als 50 Jahre alt ist! Es sieht immer noch so m\u00fchelos cool aus. Au\u00dferdem enth\u00e4lt sie eine ausgekl\u00fcgelte Beleuchtungstechnik. Die gro\u00dfe Glaskugel und die kleinere, magnetische Aluminiumkugel, die um die Oberfl\u00e4che kreist, geben Ihnen ein kontrollierbares, dimmbares und weiches Licht f\u00fcr Ihr Wohnzimmer, Esszimmer, B\u00fcro oder Schlafzimmer. Erh\u00e4ltlich in klar, chrom und schwarz eloxiert.<\/p>\n<p><\/span>Lichtquelle: LED<br \/>\nLeistung: TopLED 8W + ArrayLED 16W, 220-240V<br \/>\nEigenschaften: 3000K, 2290lm, CRI 90<br \/>\nMaterial: Aluminium (schwarz eloxiert), Glas, Eisen<br \/>\nAbmessungen: \u00d8400 mm, 631 x 517 mm<br \/>\nSchutzart: IP20<br \/>\nDimmbar: DIM dr\u00fccken<br \/>\nSchwenkbar: Vertikale Ebene 360\u00b0, Horizontale 360\u00b0<br \/>\nKabell\u00e4nge: 2500 mm<br \/>\nSteckdose: Typ F<br \/>\nEinbau: Tabelle<br \/>\nMarke: Stilnovo<br \/>\nHergestellt in Italien<\/p>","protected":false},"featured_media":10128,"template":"","meta":[],"product_brand":[],"product_cat":[50,55,81,52,53],"product_tag":[41,85,128,284,667,668,865],"class_list":{"0":"post-10127","1":"product","2":"type-product","3":"status-publish","4":"has-post-thumbnail","6":"product_cat-table-lights","7":"product_cat-decorative-spotlights","8":"product_cat-led-lighting","9":"product_cat-italian-sphere-lighting","10":"product_cat-italian-glass-lighting","11":"product_tag-lighting","12":"product_tag-glass","13":"product_tag-table","14":"product_tag-sphere","15":"product_tag-italian","16":"product_tag-designer","17":"product_tag-gravita","19":"first","20":"instock","21":"taxable","22":"shipping-taxable","23":"purchasable","24":"product-type-simple"},"yoast_head":"<!-- This site is optimized with the Yoast SEO plugin v27.4 - https:\/\/yoast.com\/product\/yoast-seo-wordpress\/ -->\n<title>GRAVITA - Modelight<\/title>\n<meta name=\"robots\" content=\"index, follow, max-snippet:-1, max-image-preview:large, max-video-preview:-1\" \/>\n<link rel=\"canonical\" href=\"https:\/\/www.modelight.eu\/de\/produkt\/gravita\/\" \/>\n<meta property=\"og:locale\" content=\"de_DE\" \/>\n<meta property=\"og:type\" content=\"article\" \/>\n<meta property=\"og:title\" content=\"GRAVITA - Modelight\" \/>\n<meta property=\"og:description\" content=\"Enjoy the beauty of blown glass in your home or office with this futuristic Italian lighting. You\u2019d never believe Gravita\u2019s design by Stilnovo is now more than 50 years old! It still looks so effortlessly cool. It also contains clever lighting technology. The large glass sphere and smaller, magnetic aluminium sphere orbiting around the surface give you controllable, dimmable, and soft light for your lounge, dining room, office, or bedroom. Available in clear, chrome, and anodised black.  Light source: LED Power: TopLED 8W + ArrayLED 16W, 220-240V Characteristics: 3000K, 2290lm, CRI 90 Material: Aluminium (anodised black), Glass, Iron Dimensions: \u00d8400 mm, 631 x 517 mm IP rating: IP20 Dimmable: Push DIM Swivelling: vertical plane 360\u00b0, horizontal 360\u00b0 Cable length: 2500 mm Electric socket: Type F Installation: Table Brand: Stilnovo Made in Italy\" \/>\n<meta property=\"og:url\" content=\"https:\/\/www.modelight.eu\/de\/produkt\/gravita\/\" \/>\n<meta property=\"og:site_name\" content=\"Modelight\" \/>\n<meta property=\"article:publisher\" content=\"https:\/\/www.facebook.com\/Modelight.eu\" \/>\n<meta property=\"article:modified_time\" content=\"2024-02-23T12:52:42+00:00\" \/>\n<meta property=\"og:image\" content=\"https:\/\/www.modelight.eu\/wp-content\/uploads\/2021\/10\/stilnovo-gravita-italian-led-table-lamps-modelight-designer-lighting-1.jpg\" \/>\n\t<meta property=\"og:image:width\" content=\"800\" \/>\n\t<meta property=\"og:image:height\" content=\"1200\" \/>\n\t<meta property=\"og:image:type\" content=\"image\/jpeg\" \/>\n<meta name=\"twitter:card\" content=\"summary_large_image\" \/>\n<meta name=\"twitter:site\" content=\"@modelightqdl\" \/>\n<script type=\"application\/ld+json\" class=\"yoast-schema-graph\">{\"@context\":\"https:\\\/\\\/schema.org\",\"@graph\":[{\"@type\":\"WebPage\",\"@id\":\"https:\\\/\\\/www.modelight.eu\\\/product\\\/gravita\\\/\",\"url\":\"https:\\\/\\\/www.modelight.eu\\\/product\\\/gravita\\\/\",\"name\":\"GRAVITA - Modelight\",\"isPartOf\":{\"@id\":\"http:\\\/\\\/www.modelight.eu\\\/pt\\\/#website\"},\"primaryImageOfPage\":{\"@id\":\"https:\\\/\\\/www.modelight.eu\\\/product\\\/gravita\\\/#primaryimage\"},\"image\":{\"@id\":\"https:\\\/\\\/www.modelight.eu\\\/product\\\/gravita\\\/#primaryimage\"},\"thumbnailUrl\":\"https:\\\/\\\/www.modelight.eu\\\/wp-content\\\/uploads\\\/2021\\\/10\\\/stilnovo-gravita-italian-led-table-lamps-modelight-designer-lighting-1.jpg\",\"datePublished\":\"2021-10-23T10:31:27+00:00\",\"dateModified\":\"2024-02-23T12:52:42+00:00\",\"breadcrumb\":{\"@id\":\"https:\\\/\\\/www.modelight.eu\\\/product\\\/gravita\\\/#breadcrumb\"},\"inLanguage\":\"de\",\"potentialAction\":[{\"@type\":\"ReadAction\",\"target\":[\"https:\\\/\\\/www.modelight.eu\\\/product\\\/gravita\\\/\"]}]},{\"@type\":\"ImageObject\",\"inLanguage\":\"de\",\"@id\":\"https:\\\/\\\/www.modelight.eu\\\/product\\\/gravita\\\/#primaryimage\",\"url\":\"https:\\\/\\\/www.modelight.eu\\\/wp-content\\\/uploads\\\/2021\\\/10\\\/stilnovo-gravita-italian-led-table-lamps-modelight-designer-lighting-1.jpg\",\"contentUrl\":\"https:\\\/\\\/www.modelight.eu\\\/wp-content\\\/uploads\\\/2021\\\/10\\\/stilnovo-gravita-italian-led-table-lamps-modelight-designer-lighting-1.jpg\",\"width\":800,\"height\":1200,\"caption\":\"Stilnovo Gravita Italian LED table lamps picture 1\"},{\"@type\":\"BreadcrumbList\",\"@id\":\"https:\\\/\\\/www.modelight.eu\\\/product\\\/gravita\\\/#breadcrumb\",\"itemListElement\":[{\"@type\":\"ListItem\",\"position\":1,\"name\":\"Home\",\"item\":\"https:\\\/\\\/www.modelight.eu\\\/\"},{\"@type\":\"ListItem\",\"position\":2,\"name\":\"Shop\",\"item\":\"https:\\\/\\\/www.modelight.eu\\\/modelight-decorative-lighting\\\/\"},{\"@type\":\"ListItem\",\"position\":3,\"name\":\"GRAVITA\"}]},{\"@type\":\"WebSite\",\"@id\":\"http:\\\/\\\/www.modelight.eu\\\/pt\\\/#website\",\"url\":\"http:\\\/\\\/www.modelight.eu\\\/pt\\\/\",\"name\":\"Modelight\",\"description\":\"Italian Decorative Lighting\",\"publisher\":{\"@id\":\"http:\\\/\\\/www.modelight.eu\\\/pt\\\/#organization\"},\"potentialAction\":[{\"@type\":\"SearchAction\",\"target\":{\"@type\":\"EntryPoint\",\"urlTemplate\":\"http:\\\/\\\/www.modelight.eu\\\/pt\\\/?s={search_term_string}\"},\"query-input\":{\"@type\":\"PropertyValueSpecification\",\"valueRequired\":true,\"valueName\":\"search_term_string\"}}],\"inLanguage\":\"de\"},{\"@type\":\"Organization\",\"@id\":\"http:\\\/\\\/www.modelight.eu\\\/pt\\\/#organization\",\"name\":\"modelight.eu\",\"url\":\"http:\\\/\\\/www.modelight.eu\\\/pt\\\/\",\"logo\":{\"@type\":\"ImageObject\",\"inLanguage\":\"de\",\"@id\":\"http:\\\/\\\/www.modelight.eu\\\/pt\\\/#\\\/schema\\\/logo\\\/image\\\/\",\"url\":\"https:\\\/\\\/www.modelight.eu\\\/wp-content\\\/uploads\\\/2020\\\/08\\\/modelight-ico-logo.jpg\",\"contentUrl\":\"https:\\\/\\\/www.modelight.eu\\\/wp-content\\\/uploads\\\/2020\\\/08\\\/modelight-ico-logo.jpg\",\"width\":512,\"height\":512,\"caption\":\"modelight.eu\"},\"image\":{\"@id\":\"http:\\\/\\\/www.modelight.eu\\\/pt\\\/#\\\/schema\\\/logo\\\/image\\\/\"},\"sameAs\":[\"https:\\\/\\\/www.facebook.com\\\/Modelight.eu\",\"https:\\\/\\\/x.com\\\/modelightqdl\",\"https:\\\/\\\/www.instagram.com\\\/modelight.eu\\\/\"]}]}<\/script>\n<!-- \/ Yoast SEO plugin. -->","yoast_head_json":{"title":"GRAVITA - Modelight","robots":{"index":"index","follow":"follow","max-snippet":"max-snippet:-1","max-image-preview":"max-image-preview:large","max-video-preview":"max-video-preview:-1"},"canonical":"https:\/\/www.modelight.eu\/de\/produkt\/gravita\/","og_locale":"de_DE","og_type":"article","og_title":"GRAVITA - Modelight","og_description":"Enjoy the beauty of blown glass in your home or office with this futuristic Italian lighting. You\u2019d never believe Gravita\u2019s design by Stilnovo is now more than 50 years old! It still looks so effortlessly cool. It also contains clever lighting technology. The large glass sphere and smaller, magnetic aluminium sphere orbiting around the surface give you controllable, dimmable, and soft light for your lounge, dining room, office, or bedroom. Available in clear, chrome, and anodised black.  Light source: LED Power: TopLED 8W + ArrayLED 16W, 220-240V Characteristics: 3000K, 2290lm, CRI 90 Material: Aluminium (anodised black), Glass, Iron Dimensions: \u00d8400 mm, 631 x 517 mm IP rating: IP20 Dimmable: Push DIM Swivelling: vertical plane 360\u00b0, horizontal 360\u00b0 Cable length: 2500 mm Electric socket: Type F Installation: Table Brand: Stilnovo Made in Italy","og_url":"https:\/\/www.modelight.eu\/de\/produkt\/gravita\/","og_site_name":"Modelight","article_publisher":"https:\/\/www.facebook.com\/Modelight.eu","article_modified_time":"2024-02-23T12:52:42+00:00","og_image":[{"width":800,"height":1200,"url":"https:\/\/www.modelight.eu\/wp-content\/uploads\/2021\/10\/stilnovo-gravita-italian-led-table-lamps-modelight-designer-lighting-1.jpg","type":"image\/jpeg"}],"twitter_card":"summary_large_image","twitter_site":"@modelightqdl","schema":{"@context":"https:\/\/schema.org","@graph":[{"@type":"WebPage","@id":"https:\/\/www.modelight.eu\/product\/gravita\/","url":"https:\/\/www.modelight.eu\/product\/gravita\/","name":"GRAVITA - Modelight","isPartOf":{"@id":"http:\/\/www.modelight.eu\/pt\/#website"},"primaryImageOfPage":{"@id":"https:\/\/www.modelight.eu\/product\/gravita\/#primaryimage"},"image":{"@id":"https:\/\/www.modelight.eu\/product\/gravita\/#primaryimage"},"thumbnailUrl":"https:\/\/www.modelight.eu\/wp-content\/uploads\/2021\/10\/stilnovo-gravita-italian-led-table-lamps-modelight-designer-lighting-1.jpg","datePublished":"2021-10-23T10:31:27+00:00","dateModified":"2024-02-23T12:52:42+00:00","breadcrumb":{"@id":"https:\/\/www.modelight.eu\/product\/gravita\/#breadcrumb"},"inLanguage":"de","potentialAction":[{"@type":"ReadAction","target":["https:\/\/www.modelight.eu\/product\/gravita\/"]}]},{"@type":"ImageObject","inLanguage":"de","@id":"https:\/\/www.modelight.eu\/product\/gravita\/#primaryimage","url":"https:\/\/www.modelight.eu\/wp-content\/uploads\/2021\/10\/stilnovo-gravita-italian-led-table-lamps-modelight-designer-lighting-1.jpg","contentUrl":"https:\/\/www.modelight.eu\/wp-content\/uploads\/2021\/10\/stilnovo-gravita-italian-led-table-lamps-modelight-designer-lighting-1.jpg","width":800,"height":1200,"caption":"Stilnovo Gravita Italian LED table lamps picture 1"},{"@type":"BreadcrumbList","@id":"https:\/\/www.modelight.eu\/product\/gravita\/#breadcrumb","itemListElement":[{"@type":"ListItem","position":1,"name":"Home","item":"https:\/\/www.modelight.eu\/"},{"@type":"ListItem","position":2,"name":"Shop","item":"https:\/\/www.modelight.eu\/modelight-decorative-lighting\/"},{"@type":"ListItem","position":3,"name":"GRAVITA"}]},{"@type":"WebSite","@id":"http:\/\/www.modelight.eu\/pt\/#website","url":"http:\/\/www.modelight.eu\/pt\/","name":"Modelight","description":"Italienische dekorative Beleuchtung","publisher":{"@id":"http:\/\/www.modelight.eu\/pt\/#organization"},"potentialAction":[{"@type":"SearchAction","target":{"@type":"EntryPoint","urlTemplate":"http:\/\/www.modelight.eu\/pt\/?s={search_term_string}"},"query-input":{"@type":"PropertyValueSpecification","valueRequired":true,"valueName":"search_term_string"}}],"inLanguage":"de"},{"@type":"Organization","@id":"http:\/\/www.modelight.eu\/pt\/#organization","name":"modelight.eu","url":"http:\/\/www.modelight.eu\/pt\/","logo":{"@type":"ImageObject","inLanguage":"de","@id":"http:\/\/www.modelight.eu\/pt\/#\/schema\/logo\/image\/","url":"https:\/\/www.modelight.eu\/wp-content\/uploads\/2020\/08\/modelight-ico-logo.jpg","contentUrl":"https:\/\/www.modelight.eu\/wp-content\/uploads\/2020\/08\/modelight-ico-logo.jpg","width":512,"height":512,"caption":"modelight.eu"},"image":{"@id":"http:\/\/www.modelight.eu\/pt\/#\/schema\/logo\/image\/"},"sameAs":["https:\/\/www.facebook.com\/Modelight.eu","https:\/\/x.com\/modelightqdl","https:\/\/www.instagram.com\/modelight.eu\/"]}]}},"jetpack_sharing_enabled":true,"_links":{"self":[{"href":"https:\/\/www.modelight.eu\/de\/wp-json\/wp\/v2\/product\/10127","targetHints":{"allow":["GET"]}}],"collection":[{"href":"https:\/\/www.modelight.eu\/de\/wp-json\/wp\/v2\/product"}],"about":[{"href":"https:\/\/www.modelight.eu\/de\/wp-json\/wp\/v2\/types\/product"}],"wp:featuredmedia":[{"embeddable":true,"href":"https:\/\/www.modelight.eu\/de\/wp-json\/wp\/v2\/media\/10128"}],"wp:attachment":[{"href":"https:\/\/www.modelight.eu\/de\/wp-json\/wp\/v2\/media?parent=10127"}],"wp:term":[{"taxonomy":"product_brand","embeddable":true,"href":"https:\/\/www.modelight.eu\/de\/wp-json\/wp\/v2\/product_brand?post=10127"},{"taxonomy":"product_cat","embeddable":true,"href":"https:\/\/www.modelight.eu\/de\/wp-json\/wp\/v2\/product_cat?post=10127"},{"taxonomy":"product_tag","embeddable":true,"href":"https:\/\/www.modelight.eu\/de\/wp-json\/wp\/v2\/product_tag?post=10127"}],"curies":[{"name":"wp","href":"https:\/\/api.w.org\/{rel}","templated":true}]}}