{"id":10019,"date":"2021-10-21T11:02:50","date_gmt":"2021-10-21T11:02:50","guid":{"rendered":"https:\/\/www.modelight.eu--skip-columns=guid\/?post_type=product&#038;p=10019"},"modified":"2024-02-23T12:52:32","modified_gmt":"2024-02-23T12:52:32","slug":"galassia-single","status":"publish","type":"product","link":"https:\/\/www.modelight.eu\/de\/produkt\/galassia-single\/","title":{"rendered":"GALASSIA EINZELN"},"content":{"rendered":"","protected":false},"excerpt":{"rendered":"<p>Galassia ist die perfekte Erg\u00e4nzung f\u00fcr ein raffiniertes Esszimmer, einen Flur oder einen offenen Wohnbereich und erinnert mit ihrem Retro-Stil an die \u00c4ra der Cocktail-Lounges und des Rat Packs. Diese Wandleuchte ist eine Kombination aus Messing mit galvanischer Vergoldung und mundgeblasenen, gl\u00e4nzenden Glaskugeln, die das Licht mildern und streuen. Schaffen Sie einen dramatischen Raum, indem Sie sie vor dunklen W\u00e4nden platzieren, oder halten Sie es wunderbar hell mit einem neutralen Schema. Galassia Single von Stilnovo passt zu beidem.<\/p>\n<p>Lichtquelle: 1 x E14 (inklusive Gl\u00fchbirne)<br \/>\nLeistung: 1 x LED 6W Miniglobo P45, 220-240V<br \/>\nEigenschaften: 2700K, 806lm, CRI 80<br \/>\nMaterial: Messing (gold), Glas (wei\u00df)<br \/>\nAbmessungen: 140 x 691 x 195 mm<br \/>\nSchutzart: IP20<br \/>\nEinbau: Wand<br \/>\nMarke: Stilnovo<br \/>\nHergestellt in Italien<\/p>","protected":false},"featured_media":10022,"template":"","meta":[],"product_brand":[],"product_cat":[48,52,53],"product_tag":[41,85,105,112,118,667,668,895],"class_list":{"0":"post-10019","1":"product","2":"type-product","3":"status-publish","4":"has-post-thumbnail","6":"product_cat-wall-lights","7":"product_cat-italian-sphere-lighting","8":"product_cat-italian-glass-lighting","9":"product_tag-lighting","10":"product_tag-glass","11":"product_tag-wall","12":"product_tag-white","13":"product_tag-gold","14":"product_tag-italian","15":"product_tag-designer","16":"product_tag-galassia","18":"first","19":"instock","20":"taxable","21":"shipping-taxable","22":"purchasable","23":"product-type-simple"},"yoast_head":"<!-- This site is optimized with the Yoast SEO plugin v27.6 - https:\/\/yoast.com\/product\/yoast-seo-wordpress\/ -->\n<title>GALASSIA SINGLE - Modelight<\/title>\n<meta name=\"robots\" content=\"index, follow, max-snippet:-1, max-image-preview:large, max-video-preview:-1\" \/>\n<link rel=\"canonical\" href=\"https:\/\/www.modelight.eu\/de\/produkt\/galassia-single\/\" \/>\n<meta property=\"og:locale\" content=\"de_DE\" \/>\n<meta property=\"og:type\" content=\"article\" \/>\n<meta property=\"og:title\" content=\"GALASSIA SINGLE - Modelight\" \/>\n<meta property=\"og:description\" content=\"The perfect finishing touch for a sophisticated dining room, hall, or open living space, Galassia\u2019s retro style harks back to the era of cocktail lounges and the Rat Pack. This wall light is a combination of brass with galvanic gilding and blown glossy glass sphere which soften and diffuse the light. Create drama in a room by placing them against dark walls, or keep it wonderfully light with a neutral scheme. Galassia Single by Stilnovo suits both.  Light source: 1 x E14 (bulb included) Power: 1 x LED 6W Miniglobo P45, 220-240V Characteristics: 2700K, 806lm, CRI 80 Material: Brass (gold), Glass (white) Dimensions: 140 x 691 x 195 mm IP rating: IP20 Installation: Wall Brand: Stilnovo Made in Italy\" \/>\n<meta property=\"og:url\" content=\"https:\/\/www.modelight.eu\/de\/produkt\/galassia-single\/\" \/>\n<meta property=\"og:site_name\" content=\"Modelight\" \/>\n<meta property=\"article:publisher\" content=\"https:\/\/www.facebook.com\/Modelight.eu\" \/>\n<meta property=\"article:modified_time\" content=\"2024-02-23T12:52:32+00:00\" \/>\n<meta property=\"og:image\" content=\"https:\/\/www.modelight.eu\/wp-content\/uploads\/2021\/10\/stilnovo-galassia-single-italian-wall-lights-modelight-designer-lighting-1.jpg\" \/>\n\t<meta property=\"og:image:width\" content=\"800\" \/>\n\t<meta property=\"og:image:height\" content=\"1200\" \/>\n\t<meta property=\"og:image:type\" content=\"image\/jpeg\" \/>\n<meta name=\"twitter:card\" content=\"summary_large_image\" \/>\n<meta name=\"twitter:site\" content=\"@modelightqdl\" \/>\n<script type=\"application\/ld+json\" class=\"yoast-schema-graph\">{\"@context\":\"https:\\\/\\\/schema.org\",\"@graph\":[{\"@type\":\"WebPage\",\"@id\":\"https:\\\/\\\/www.modelight.eu\\\/product\\\/galassia-single\\\/\",\"url\":\"https:\\\/\\\/www.modelight.eu\\\/product\\\/galassia-single\\\/\",\"name\":\"GALASSIA SINGLE - Modelight\",\"isPartOf\":{\"@id\":\"http:\\\/\\\/www.modelight.eu\\\/pt\\\/#website\"},\"primaryImageOfPage\":{\"@id\":\"https:\\\/\\\/www.modelight.eu\\\/product\\\/galassia-single\\\/#primaryimage\"},\"image\":{\"@id\":\"https:\\\/\\\/www.modelight.eu\\\/product\\\/galassia-single\\\/#primaryimage\"},\"thumbnailUrl\":\"https:\\\/\\\/www.modelight.eu\\\/wp-content\\\/uploads\\\/2021\\\/10\\\/stilnovo-galassia-single-italian-wall-lights-modelight-designer-lighting-1.jpg\",\"datePublished\":\"2021-10-21T11:02:50+00:00\",\"dateModified\":\"2024-02-23T12:52:32+00:00\",\"breadcrumb\":{\"@id\":\"https:\\\/\\\/www.modelight.eu\\\/product\\\/galassia-single\\\/#breadcrumb\"},\"inLanguage\":\"de\",\"potentialAction\":[{\"@type\":\"ReadAction\",\"target\":[\"https:\\\/\\\/www.modelight.eu\\\/product\\\/galassia-single\\\/\"]}]},{\"@type\":\"ImageObject\",\"inLanguage\":\"de\",\"@id\":\"https:\\\/\\\/www.modelight.eu\\\/product\\\/galassia-single\\\/#primaryimage\",\"url\":\"https:\\\/\\\/www.modelight.eu\\\/wp-content\\\/uploads\\\/2021\\\/10\\\/stilnovo-galassia-single-italian-wall-lights-modelight-designer-lighting-1.jpg\",\"contentUrl\":\"https:\\\/\\\/www.modelight.eu\\\/wp-content\\\/uploads\\\/2021\\\/10\\\/stilnovo-galassia-single-italian-wall-lights-modelight-designer-lighting-1.jpg\",\"width\":800,\"height\":1200,\"caption\":\"Stilnovo Galassia single Italian wall lights picture 1\"},{\"@type\":\"BreadcrumbList\",\"@id\":\"https:\\\/\\\/www.modelight.eu\\\/product\\\/galassia-single\\\/#breadcrumb\",\"itemListElement\":[{\"@type\":\"ListItem\",\"position\":1,\"name\":\"Home\",\"item\":\"https:\\\/\\\/www.modelight.eu\\\/\"},{\"@type\":\"ListItem\",\"position\":2,\"name\":\"Shop\",\"item\":\"https:\\\/\\\/www.modelight.eu\\\/modelight-decorative-lighting\\\/\"},{\"@type\":\"ListItem\",\"position\":3,\"name\":\"GALASSIA SINGLE\"}]},{\"@type\":\"WebSite\",\"@id\":\"http:\\\/\\\/www.modelight.eu\\\/pt\\\/#website\",\"url\":\"http:\\\/\\\/www.modelight.eu\\\/pt\\\/\",\"name\":\"Modelight\",\"description\":\"Italian Decorative Lighting\",\"publisher\":{\"@id\":\"http:\\\/\\\/www.modelight.eu\\\/pt\\\/#organization\"},\"potentialAction\":[{\"@type\":\"SearchAction\",\"target\":{\"@type\":\"EntryPoint\",\"urlTemplate\":\"http:\\\/\\\/www.modelight.eu\\\/pt\\\/?s={search_term_string}\"},\"query-input\":{\"@type\":\"PropertyValueSpecification\",\"valueRequired\":true,\"valueName\":\"search_term_string\"}}],\"inLanguage\":\"de\"},{\"@type\":\"Organization\",\"@id\":\"http:\\\/\\\/www.modelight.eu\\\/pt\\\/#organization\",\"name\":\"modelight.eu\",\"url\":\"http:\\\/\\\/www.modelight.eu\\\/pt\\\/\",\"logo\":{\"@type\":\"ImageObject\",\"inLanguage\":\"de\",\"@id\":\"http:\\\/\\\/www.modelight.eu\\\/pt\\\/#\\\/schema\\\/logo\\\/image\\\/\",\"url\":\"https:\\\/\\\/www.modelight.eu\\\/wp-content\\\/uploads\\\/2020\\\/08\\\/modelight-ico-logo.jpg\",\"contentUrl\":\"https:\\\/\\\/www.modelight.eu\\\/wp-content\\\/uploads\\\/2020\\\/08\\\/modelight-ico-logo.jpg\",\"width\":512,\"height\":512,\"caption\":\"modelight.eu\"},\"image\":{\"@id\":\"http:\\\/\\\/www.modelight.eu\\\/pt\\\/#\\\/schema\\\/logo\\\/image\\\/\"},\"sameAs\":[\"https:\\\/\\\/www.facebook.com\\\/Modelight.eu\",\"https:\\\/\\\/x.com\\\/modelightqdl\",\"https:\\\/\\\/www.instagram.com\\\/modelight.eu\\\/\"]}]}<\/script>\n<!-- \/ Yoast SEO plugin. -->","yoast_head_json":{"title":"GALASSIA SINGLE - Modelight","robots":{"index":"index","follow":"follow","max-snippet":"max-snippet:-1","max-image-preview":"max-image-preview:large","max-video-preview":"max-video-preview:-1"},"canonical":"https:\/\/www.modelight.eu\/de\/produkt\/galassia-single\/","og_locale":"de_DE","og_type":"article","og_title":"GALASSIA SINGLE - Modelight","og_description":"The perfect finishing touch for a sophisticated dining room, hall, or open living space, Galassia\u2019s retro style harks back to the era of cocktail lounges and the Rat Pack. This wall light is a combination of brass with galvanic gilding and blown glossy glass sphere which soften and diffuse the light. Create drama in a room by placing them against dark walls, or keep it wonderfully light with a neutral scheme. Galassia Single by Stilnovo suits both.  Light source: 1 x E14 (bulb included) Power: 1 x LED 6W Miniglobo P45, 220-240V Characteristics: 2700K, 806lm, CRI 80 Material: Brass (gold), Glass (white) Dimensions: 140 x 691 x 195 mm IP rating: IP20 Installation: Wall Brand: Stilnovo Made in Italy","og_url":"https:\/\/www.modelight.eu\/de\/produkt\/galassia-single\/","og_site_name":"Modelight","article_publisher":"https:\/\/www.facebook.com\/Modelight.eu","article_modified_time":"2024-02-23T12:52:32+00:00","og_image":[{"width":800,"height":1200,"url":"https:\/\/www.modelight.eu\/wp-content\/uploads\/2021\/10\/stilnovo-galassia-single-italian-wall-lights-modelight-designer-lighting-1.jpg","type":"image\/jpeg"}],"twitter_card":"summary_large_image","twitter_site":"@modelightqdl","schema":{"@context":"https:\/\/schema.org","@graph":[{"@type":"WebPage","@id":"https:\/\/www.modelight.eu\/product\/galassia-single\/","url":"https:\/\/www.modelight.eu\/product\/galassia-single\/","name":"GALASSIA SINGLE - Modelight","isPartOf":{"@id":"http:\/\/www.modelight.eu\/pt\/#website"},"primaryImageOfPage":{"@id":"https:\/\/www.modelight.eu\/product\/galassia-single\/#primaryimage"},"image":{"@id":"https:\/\/www.modelight.eu\/product\/galassia-single\/#primaryimage"},"thumbnailUrl":"https:\/\/www.modelight.eu\/wp-content\/uploads\/2021\/10\/stilnovo-galassia-single-italian-wall-lights-modelight-designer-lighting-1.jpg","datePublished":"2021-10-21T11:02:50+00:00","dateModified":"2024-02-23T12:52:32+00:00","breadcrumb":{"@id":"https:\/\/www.modelight.eu\/product\/galassia-single\/#breadcrumb"},"inLanguage":"de","potentialAction":[{"@type":"ReadAction","target":["https:\/\/www.modelight.eu\/product\/galassia-single\/"]}]},{"@type":"ImageObject","inLanguage":"de","@id":"https:\/\/www.modelight.eu\/product\/galassia-single\/#primaryimage","url":"https:\/\/www.modelight.eu\/wp-content\/uploads\/2021\/10\/stilnovo-galassia-single-italian-wall-lights-modelight-designer-lighting-1.jpg","contentUrl":"https:\/\/www.modelight.eu\/wp-content\/uploads\/2021\/10\/stilnovo-galassia-single-italian-wall-lights-modelight-designer-lighting-1.jpg","width":800,"height":1200,"caption":"Stilnovo Galassia single Italian wall lights picture 1"},{"@type":"BreadcrumbList","@id":"https:\/\/www.modelight.eu\/product\/galassia-single\/#breadcrumb","itemListElement":[{"@type":"ListItem","position":1,"name":"Home","item":"https:\/\/www.modelight.eu\/"},{"@type":"ListItem","position":2,"name":"Shop","item":"https:\/\/www.modelight.eu\/modelight-decorative-lighting\/"},{"@type":"ListItem","position":3,"name":"GALASSIA SINGLE"}]},{"@type":"WebSite","@id":"http:\/\/www.modelight.eu\/pt\/#website","url":"http:\/\/www.modelight.eu\/pt\/","name":"Modelight","description":"Italienische dekorative Beleuchtung","publisher":{"@id":"http:\/\/www.modelight.eu\/pt\/#organization"},"potentialAction":[{"@type":"SearchAction","target":{"@type":"EntryPoint","urlTemplate":"http:\/\/www.modelight.eu\/pt\/?s={search_term_string}"},"query-input":{"@type":"PropertyValueSpecification","valueRequired":true,"valueName":"search_term_string"}}],"inLanguage":"de"},{"@type":"Organization","@id":"http:\/\/www.modelight.eu\/pt\/#organization","name":"modelight.eu","url":"http:\/\/www.modelight.eu\/pt\/","logo":{"@type":"ImageObject","inLanguage":"de","@id":"http:\/\/www.modelight.eu\/pt\/#\/schema\/logo\/image\/","url":"https:\/\/www.modelight.eu\/wp-content\/uploads\/2020\/08\/modelight-ico-logo.jpg","contentUrl":"https:\/\/www.modelight.eu\/wp-content\/uploads\/2020\/08\/modelight-ico-logo.jpg","width":512,"height":512,"caption":"modelight.eu"},"image":{"@id":"http:\/\/www.modelight.eu\/pt\/#\/schema\/logo\/image\/"},"sameAs":["https:\/\/www.facebook.com\/Modelight.eu","https:\/\/x.com\/modelightqdl","https:\/\/www.instagram.com\/modelight.eu\/"]}]}},"jetpack_sharing_enabled":true,"_links":{"self":[{"href":"https:\/\/www.modelight.eu\/de\/wp-json\/wp\/v2\/product\/10019","targetHints":{"allow":["GET"]}}],"collection":[{"href":"https:\/\/www.modelight.eu\/de\/wp-json\/wp\/v2\/product"}],"about":[{"href":"https:\/\/www.modelight.eu\/de\/wp-json\/wp\/v2\/types\/product"}],"wp:featuredmedia":[{"embeddable":true,"href":"https:\/\/www.modelight.eu\/de\/wp-json\/wp\/v2\/media\/10022"}],"wp:attachment":[{"href":"https:\/\/www.modelight.eu\/de\/wp-json\/wp\/v2\/media?parent=10019"}],"wp:term":[{"taxonomy":"product_brand","embeddable":true,"href":"https:\/\/www.modelight.eu\/de\/wp-json\/wp\/v2\/product_brand?post=10019"},{"taxonomy":"product_cat","embeddable":true,"href":"https:\/\/www.modelight.eu\/de\/wp-json\/wp\/v2\/product_cat?post=10019"},{"taxonomy":"product_tag","embeddable":true,"href":"https:\/\/www.modelight.eu\/de\/wp-json\/wp\/v2\/product_tag?post=10019"}],"curies":[{"name":"wp","href":"https:\/\/api.w.org\/{rel}","templated":true}]}}