{"id":8199,"date":"2021-07-15T08:43:34","date_gmt":"2021-07-15T08:43:34","guid":{"rendered":"https:\/\/www.modelight.eu--skip-columns=guid\/?post_type=product&#038;p=8199"},"modified":"2024-02-23T12:51:20","modified_gmt":"2024-02-23T12:51:20","slug":"butler","status":"publish","type":"product","link":"http:\/\/www.modelight.eu\/pt\/produto\/butler\/","title":{"rendered":"BUTLER"},"content":{"rendered":"","protected":false},"excerpt":{"rendered":"<p>Transforme o seu jardim na sala exterior e no espa\u00e7o de refei\u00e7\u00f5es dos seus sonhos com a nossa ilumina\u00e7\u00e3o exterior italiana BUTLER. Esta incr\u00edvel ilumina\u00e7\u00e3o italiana com um difusor esf\u00e9rico que emite uma luz suave e quente \u00e9 a companhia perfeita para as suas cadeiras e mesas de jardim. Veja o p\u00f4r do sol, beba um copo de vinho e converse at\u00e9 altas horas da noite \u00e0 luz desta gama simplesmente curvil\u00ednea de candeeiros de jardim em metal pintado de preto.<\/p>\n<p>Fonte de luz: LED<br \/>\nPot\u00eancia: TopLED 8W, 220-240V<br \/>\nCarater\u00edsticas: 3000K, 994lm, CRI 80<br \/>\nMaterial: Ferro (preto), PE (neutro)<br \/>\nDimens\u00f5es: \u00d8 350 mm, H 1918 mm<br \/>\nPeso: 8,6 kg<br \/>\nClassifica\u00e7\u00e3o IP: IP65<br \/>\nComprimento do cabo: 2300 mm<br \/>\nTomada el\u00e9ctrica: Tipo F<br \/>\nMesa e gancho para mala de m\u00e3o n\u00e3o inclu\u00eddos<br \/>\nInstala\u00e7\u00e3o: Pavimento<br \/>\nMarca: Linea Light<br \/>\nFeito em It\u00e1lia<\/p>","protected":false},"featured_media":8200,"template":"","meta":[],"product_brand":[],"product_cat":[78,81],"product_tag":[41,129,294,295,667,668,798],"class_list":{"0":"post-8199","1":"product","2":"type-product","3":"status-publish","4":"has-post-thumbnail","6":"product_cat-outdoor-lighting","7":"product_cat-led-lighting","8":"product_tag-lighting","9":"product_tag-floor","10":"product_tag-outdoor","11":"product_tag-garden","12":"product_tag-italian","13":"product_tag-designer","14":"product_tag-butler","16":"first","17":"instock","18":"taxable","19":"shipping-taxable","20":"purchasable","21":"product-type-simple"},"yoast_head":"<!-- This site is optimized with the Yoast SEO plugin v27.6 - https:\/\/yoast.com\/product\/yoast-seo-wordpress\/ -->\n<title>BUTLER - Modelight<\/title>\n<meta name=\"robots\" content=\"index, follow, max-snippet:-1, max-image-preview:large, max-video-preview:-1\" \/>\n<link rel=\"canonical\" href=\"https:\/\/www.modelight.eu\/pt\/produto\/butler\/\" \/>\n<meta property=\"og:locale\" content=\"pt_PT\" \/>\n<meta property=\"og:type\" content=\"article\" \/>\n<meta property=\"og:title\" content=\"BUTLER - Modelight\" \/>\n<meta property=\"og:description\" content=\"Transform your garden into the outside room and dining space of your dreams with our Italian outdoor lighting BUTLER. This incredible Italian lighting with a spherical diffuser giving off soft, warm light is the perfect companion to your garden chairs and tables. Watch the sun go down, drink a glass of wine, and chat long into the night by the light of this simply curvaceous range of black painted metal garden lamps.  Light source: LED Power: TopLED 8W, 220-240V Characteristics: 3000K, 994lm, CRI 80 Material: Iron (black), PE (neutral) Dimensions: \u00d8 350 mm, H 1918 mm Weight: 8.6 kg IP rating: IP65 Cable length: 2300 mm Electric socket: Type F Table and handbag hook not included Installation: Floor Brand: Linea Light Made in Italy\" \/>\n<meta property=\"og:url\" content=\"https:\/\/www.modelight.eu\/pt\/produto\/butler\/\" \/>\n<meta property=\"og:site_name\" content=\"Modelight\" \/>\n<meta property=\"article:publisher\" content=\"https:\/\/www.facebook.com\/Modelight.eu\" \/>\n<meta property=\"article:modified_time\" content=\"2024-02-23T12:51:20+00:00\" \/>\n<meta property=\"og:image\" content=\"https:\/\/i0.wp.com\/www.modelight.eu\/wp-content\/uploads\/2021\/07\/butler-linea-light-outdoor-floor-lamps-for-garden-modelight-italian-lighting-1.jpg?fit=800%2C1200&ssl=1\" \/>\n\t<meta property=\"og:image:width\" content=\"800\" \/>\n\t<meta property=\"og:image:height\" content=\"1200\" \/>\n\t<meta property=\"og:image:type\" content=\"image\/jpeg\" \/>\n<meta name=\"twitter:card\" content=\"summary_large_image\" \/>\n<meta name=\"twitter:site\" content=\"@modelightqdl\" \/>\n<script type=\"application\/ld+json\" class=\"yoast-schema-graph\">{\"@context\":\"https:\\\/\\\/schema.org\",\"@graph\":[{\"@type\":\"WebPage\",\"@id\":\"https:\\\/\\\/www.modelight.eu\\\/product\\\/butler\\\/\",\"url\":\"https:\\\/\\\/www.modelight.eu\\\/product\\\/butler\\\/\",\"name\":\"BUTLER - Modelight\",\"isPartOf\":{\"@id\":\"http:\\\/\\\/www.modelight.eu\\\/pt\\\/#website\"},\"primaryImageOfPage\":{\"@id\":\"https:\\\/\\\/www.modelight.eu\\\/product\\\/butler\\\/#primaryimage\"},\"image\":{\"@id\":\"https:\\\/\\\/www.modelight.eu\\\/product\\\/butler\\\/#primaryimage\"},\"thumbnailUrl\":\"https:\\\/\\\/www.modelight.eu\\\/wp-content\\\/uploads\\\/2021\\\/07\\\/butler-linea-light-outdoor-floor-lamps-for-garden-modelight-italian-lighting-1.jpg\",\"datePublished\":\"2021-07-15T08:43:34+00:00\",\"dateModified\":\"2024-02-23T12:51:20+00:00\",\"breadcrumb\":{\"@id\":\"https:\\\/\\\/www.modelight.eu\\\/product\\\/butler\\\/#breadcrumb\"},\"inLanguage\":\"pt-PT\",\"potentialAction\":[{\"@type\":\"ReadAction\",\"target\":[\"https:\\\/\\\/www.modelight.eu\\\/product\\\/butler\\\/\"]}]},{\"@type\":\"ImageObject\",\"inLanguage\":\"pt-PT\",\"@id\":\"https:\\\/\\\/www.modelight.eu\\\/product\\\/butler\\\/#primaryimage\",\"url\":\"https:\\\/\\\/www.modelight.eu\\\/wp-content\\\/uploads\\\/2021\\\/07\\\/butler-linea-light-outdoor-floor-lamps-for-garden-modelight-italian-lighting-1.jpg\",\"contentUrl\":\"https:\\\/\\\/www.modelight.eu\\\/wp-content\\\/uploads\\\/2021\\\/07\\\/butler-linea-light-outdoor-floor-lamps-for-garden-modelight-italian-lighting-1.jpg\",\"width\":800,\"height\":1200,\"caption\":\"BUTLER Italian Outdoor Lighting Picture 1\"},{\"@type\":\"BreadcrumbList\",\"@id\":\"https:\\\/\\\/www.modelight.eu\\\/product\\\/butler\\\/#breadcrumb\",\"itemListElement\":[{\"@type\":\"ListItem\",\"position\":1,\"name\":\"Home\",\"item\":\"https:\\\/\\\/www.modelight.eu\\\/\"},{\"@type\":\"ListItem\",\"position\":2,\"name\":\"Shop\",\"item\":\"https:\\\/\\\/www.modelight.eu\\\/modelight-decorative-lighting\\\/\"},{\"@type\":\"ListItem\",\"position\":3,\"name\":\"BUTLER\"}]},{\"@type\":\"WebSite\",\"@id\":\"http:\\\/\\\/www.modelight.eu\\\/pt\\\/#website\",\"url\":\"http:\\\/\\\/www.modelight.eu\\\/pt\\\/\",\"name\":\"Modelight\",\"description\":\"Italian Decorative Lighting\",\"publisher\":{\"@id\":\"http:\\\/\\\/www.modelight.eu\\\/pt\\\/#organization\"},\"potentialAction\":[{\"@type\":\"SearchAction\",\"target\":{\"@type\":\"EntryPoint\",\"urlTemplate\":\"http:\\\/\\\/www.modelight.eu\\\/pt\\\/?s={search_term_string}\"},\"query-input\":{\"@type\":\"PropertyValueSpecification\",\"valueRequired\":true,\"valueName\":\"search_term_string\"}}],\"inLanguage\":\"pt-PT\"},{\"@type\":\"Organization\",\"@id\":\"http:\\\/\\\/www.modelight.eu\\\/pt\\\/#organization\",\"name\":\"modelight.eu\",\"url\":\"http:\\\/\\\/www.modelight.eu\\\/pt\\\/\",\"logo\":{\"@type\":\"ImageObject\",\"inLanguage\":\"pt-PT\",\"@id\":\"http:\\\/\\\/www.modelight.eu\\\/pt\\\/#\\\/schema\\\/logo\\\/image\\\/\",\"url\":\"https:\\\/\\\/www.modelight.eu\\\/wp-content\\\/uploads\\\/2020\\\/08\\\/modelight-ico-logo.jpg\",\"contentUrl\":\"https:\\\/\\\/www.modelight.eu\\\/wp-content\\\/uploads\\\/2020\\\/08\\\/modelight-ico-logo.jpg\",\"width\":512,\"height\":512,\"caption\":\"modelight.eu\"},\"image\":{\"@id\":\"http:\\\/\\\/www.modelight.eu\\\/pt\\\/#\\\/schema\\\/logo\\\/image\\\/\"},\"sameAs\":[\"https:\\\/\\\/www.facebook.com\\\/Modelight.eu\",\"https:\\\/\\\/x.com\\\/modelightqdl\",\"https:\\\/\\\/www.instagram.com\\\/modelight.eu\\\/\"]}]}<\/script>\n<!-- \/ Yoast SEO plugin. -->","yoast_head_json":{"title":"BUTLER - Modelight","robots":{"index":"index","follow":"follow","max-snippet":"max-snippet:-1","max-image-preview":"max-image-preview:large","max-video-preview":"max-video-preview:-1"},"canonical":"https:\/\/www.modelight.eu\/pt\/produto\/butler\/","og_locale":"pt_PT","og_type":"article","og_title":"BUTLER - Modelight","og_description":"Transform your garden into the outside room and dining space of your dreams with our Italian outdoor lighting BUTLER. This incredible Italian lighting with a spherical diffuser giving off soft, warm light is the perfect companion to your garden chairs and tables. Watch the sun go down, drink a glass of wine, and chat long into the night by the light of this simply curvaceous range of black painted metal garden lamps.  Light source: LED Power: TopLED 8W, 220-240V Characteristics: 3000K, 994lm, CRI 80 Material: Iron (black), PE (neutral) Dimensions: \u00d8 350 mm, H 1918 mm Weight: 8.6 kg IP rating: IP65 Cable length: 2300 mm Electric socket: Type F Table and handbag hook not included Installation: Floor Brand: Linea Light Made in Italy","og_url":"https:\/\/www.modelight.eu\/pt\/produto\/butler\/","og_site_name":"Modelight","article_publisher":"https:\/\/www.facebook.com\/Modelight.eu","article_modified_time":"2024-02-23T12:51:20+00:00","og_image":[{"width":800,"height":1200,"url":"https:\/\/i0.wp.com\/www.modelight.eu\/wp-content\/uploads\/2021\/07\/butler-linea-light-outdoor-floor-lamps-for-garden-modelight-italian-lighting-1.jpg?fit=800%2C1200&ssl=1","type":"image\/jpeg"}],"twitter_card":"summary_large_image","twitter_site":"@modelightqdl","schema":{"@context":"https:\/\/schema.org","@graph":[{"@type":"WebPage","@id":"https:\/\/www.modelight.eu\/product\/butler\/","url":"https:\/\/www.modelight.eu\/product\/butler\/","name":"BUTLER - Modelight","isPartOf":{"@id":"http:\/\/www.modelight.eu\/pt\/#website"},"primaryImageOfPage":{"@id":"https:\/\/www.modelight.eu\/product\/butler\/#primaryimage"},"image":{"@id":"https:\/\/www.modelight.eu\/product\/butler\/#primaryimage"},"thumbnailUrl":"https:\/\/www.modelight.eu\/wp-content\/uploads\/2021\/07\/butler-linea-light-outdoor-floor-lamps-for-garden-modelight-italian-lighting-1.jpg","datePublished":"2021-07-15T08:43:34+00:00","dateModified":"2024-02-23T12:51:20+00:00","breadcrumb":{"@id":"https:\/\/www.modelight.eu\/product\/butler\/#breadcrumb"},"inLanguage":"pt-PT","potentialAction":[{"@type":"ReadAction","target":["https:\/\/www.modelight.eu\/product\/butler\/"]}]},{"@type":"ImageObject","inLanguage":"pt-PT","@id":"https:\/\/www.modelight.eu\/product\/butler\/#primaryimage","url":"https:\/\/www.modelight.eu\/wp-content\/uploads\/2021\/07\/butler-linea-light-outdoor-floor-lamps-for-garden-modelight-italian-lighting-1.jpg","contentUrl":"https:\/\/www.modelight.eu\/wp-content\/uploads\/2021\/07\/butler-linea-light-outdoor-floor-lamps-for-garden-modelight-italian-lighting-1.jpg","width":800,"height":1200,"caption":"BUTLER Italian Outdoor Lighting Picture 1"},{"@type":"BreadcrumbList","@id":"https:\/\/www.modelight.eu\/product\/butler\/#breadcrumb","itemListElement":[{"@type":"ListItem","position":1,"name":"Home","item":"https:\/\/www.modelight.eu\/"},{"@type":"ListItem","position":2,"name":"Shop","item":"https:\/\/www.modelight.eu\/modelight-decorative-lighting\/"},{"@type":"ListItem","position":3,"name":"BUTLER"}]},{"@type":"WebSite","@id":"http:\/\/www.modelight.eu\/pt\/#website","url":"http:\/\/www.modelight.eu\/pt\/","name":"Modelight","description":"Ilumina\u00e7\u00e3o Decorativa Italiana","publisher":{"@id":"http:\/\/www.modelight.eu\/pt\/#organization"},"potentialAction":[{"@type":"SearchAction","target":{"@type":"EntryPoint","urlTemplate":"http:\/\/www.modelight.eu\/pt\/?s={search_term_string}"},"query-input":{"@type":"PropertyValueSpecification","valueRequired":true,"valueName":"search_term_string"}}],"inLanguage":"pt-PT"},{"@type":"Organization","@id":"http:\/\/www.modelight.eu\/pt\/#organization","name":"modelight.eu","url":"http:\/\/www.modelight.eu\/pt\/","logo":{"@type":"ImageObject","inLanguage":"pt-PT","@id":"http:\/\/www.modelight.eu\/pt\/#\/schema\/logo\/image\/","url":"https:\/\/www.modelight.eu\/wp-content\/uploads\/2020\/08\/modelight-ico-logo.jpg","contentUrl":"https:\/\/www.modelight.eu\/wp-content\/uploads\/2020\/08\/modelight-ico-logo.jpg","width":512,"height":512,"caption":"modelight.eu"},"image":{"@id":"http:\/\/www.modelight.eu\/pt\/#\/schema\/logo\/image\/"},"sameAs":["https:\/\/www.facebook.com\/Modelight.eu","https:\/\/x.com\/modelightqdl","https:\/\/www.instagram.com\/modelight.eu\/"]}]}},"jetpack_sharing_enabled":true,"_links":{"self":[{"href":"http:\/\/www.modelight.eu\/pt\/wp-json\/wp\/v2\/product\/8199","targetHints":{"allow":["GET"]}}],"collection":[{"href":"http:\/\/www.modelight.eu\/pt\/wp-json\/wp\/v2\/product"}],"about":[{"href":"http:\/\/www.modelight.eu\/pt\/wp-json\/wp\/v2\/types\/product"}],"wp:featuredmedia":[{"embeddable":true,"href":"http:\/\/www.modelight.eu\/pt\/wp-json\/wp\/v2\/media\/8200"}],"wp:attachment":[{"href":"http:\/\/www.modelight.eu\/pt\/wp-json\/wp\/v2\/media?parent=8199"}],"wp:term":[{"taxonomy":"product_brand","embeddable":true,"href":"http:\/\/www.modelight.eu\/pt\/wp-json\/wp\/v2\/product_brand?post=8199"},{"taxonomy":"product_cat","embeddable":true,"href":"http:\/\/www.modelight.eu\/pt\/wp-json\/wp\/v2\/product_cat?post=8199"},{"taxonomy":"product_tag","embeddable":true,"href":"http:\/\/www.modelight.eu\/pt\/wp-json\/wp\/v2\/product_tag?post=8199"}],"curies":[{"name":"wp","href":"https:\/\/api.w.org\/{rel}","templated":true}]}}