{"id":2775,"date":"2020-08-04T05:31:10","date_gmt":"2020-08-04T05:31:10","guid":{"rendered":"https:\/\/www.modelight.eu--skip-columns=guid\/?post_type=product&#038;p=2775"},"modified":"2024-02-23T12:45:05","modified_gmt":"2024-02-23T12:45:05","slug":"joshua-black","status":"publish","type":"product","link":"http:\/\/www.modelight.eu\/pt\/produto\/joshua-black\/","title":{"rendered":"JOSHUA BLACK"},"content":{"rendered":"","protected":false},"excerpt":{"rendered":"<p>Equipado com um difusor redondo que oferece efeitos de ilumina\u00e7\u00e3o din\u00e2micos, o candeeiro de p\u00e9 italiano Joshua Black \u00e9 um g\u00e9nio luminoso e vers\u00e1til que pode focar a luz em qualquer dire\u00e7\u00e3o. Como candeeiro de p\u00e9 longo e elegante, compreende a necessidade de raios fortes e claros e de uma ilumina\u00e7\u00e3o ambiente suave em todos os espa\u00e7os habitacionais.<\/p>\n<p>Fonte de luz: LED<br \/>\nPot\u00eancia: TopLED 25W, 220-240V<br \/>\nCaracter\u00edsticas: 3000K, 2500lm, CRI 80<br \/>\nMaterial: Ferro (preto), PC (opalino)<br \/>\nDimens\u00f5es: \u00d8 300 mm, H 1887 mm<br \/>\nPeso: 3,8 kg<br \/>\nClassifica\u00e7\u00e3o IP: IP20<br \/>\nTomada el\u00e9ctrica: Tipo E F<br \/>\nInclina\u00e7\u00e3o: 50\u00b0 (horizontal), 50\u00b0 (vertical)<br \/>\nInstala\u00e7\u00e3o: Pavimento<br \/>\nMarca: Linea Light<br \/>\nFeito em It\u00e1lia<\/p>","protected":false},"featured_media":2776,"template":"","meta":[],"product_brand":[],"product_cat":[49,81],"product_tag":[37,129,248,667,668],"class_list":{"0":"post-2775","1":"product","2":"type-product","3":"status-publish","4":"has-post-thumbnail","6":"product_cat-floor-lamps","7":"product_cat-led-lighting","8":"product_tag-black","9":"product_tag-floor","10":"product_tag-joshua","11":"product_tag-italian","12":"product_tag-designer","14":"first","15":"instock","16":"taxable","17":"shipping-taxable","18":"purchasable","19":"product-type-simple"},"yoast_head":"<!-- This site is optimized with the Yoast SEO plugin v27.4 - https:\/\/yoast.com\/product\/yoast-seo-wordpress\/ -->\n<title>JOSHUA BLACK Linea Light Italian Floor Lamp<\/title>\n<meta name=\"description\" content=\"The very best in Italian floor lighting \u2013 JOSHUA BLACK Linea Light. Modelight The Great Italian Lighting. FREE delivery on all orders \u2013 Shop now.\" \/>\n<meta name=\"robots\" content=\"index, follow, max-snippet:-1, max-image-preview:large, max-video-preview:-1\" \/>\n<link rel=\"canonical\" href=\"https:\/\/www.modelight.eu\/pt\/produto\/joshua-black\/\" \/>\n<meta property=\"og:locale\" content=\"pt_PT\" \/>\n<meta property=\"og:type\" content=\"article\" \/>\n<meta property=\"og:title\" content=\"JOSHUA BLACK Linea Light Italian Floor Lamp\" \/>\n<meta property=\"og:description\" content=\"The very best in Italian floor lighting \u2013 JOSHUA BLACK Linea Light. Modelight The Great Italian Lighting. FREE delivery on all orders \u2013 Shop now.\" \/>\n<meta property=\"og:url\" content=\"https:\/\/www.modelight.eu\/pt\/produto\/joshua-black\/\" \/>\n<meta property=\"og:site_name\" content=\"Modelight\" \/>\n<meta property=\"article:publisher\" content=\"https:\/\/www.facebook.com\/Modelight.eu\" \/>\n<meta property=\"article:modified_time\" content=\"2024-02-23T12:45:05+00:00\" \/>\n<meta property=\"og:image\" content=\"https:\/\/i0.wp.com\/www.modelight.eu\/wp-content\/uploads\/2020\/08\/joshua-linea-light-black-italian-floor-lamps-modelight-designer-lighting-1.jpg?fit=800%2C1200&ssl=1\" \/>\n\t<meta property=\"og:image:width\" content=\"800\" \/>\n\t<meta property=\"og:image:height\" content=\"1200\" \/>\n\t<meta property=\"og:image:type\" content=\"image\/jpeg\" \/>\n<meta name=\"twitter:card\" content=\"summary_large_image\" \/>\n<meta name=\"twitter:site\" content=\"@modelightqdl\" \/>\n<script type=\"application\/ld+json\" class=\"yoast-schema-graph\">{\"@context\":\"https:\\\/\\\/schema.org\",\"@graph\":[{\"@type\":\"WebPage\",\"@id\":\"https:\\\/\\\/www.modelight.eu\\\/product\\\/joshua-black\\\/\",\"url\":\"https:\\\/\\\/www.modelight.eu\\\/product\\\/joshua-black\\\/\",\"name\":\"JOSHUA BLACK Linea Light Italian Floor Lamp\",\"isPartOf\":{\"@id\":\"http:\\\/\\\/www.modelight.eu\\\/pt\\\/#website\"},\"primaryImageOfPage\":{\"@id\":\"https:\\\/\\\/www.modelight.eu\\\/product\\\/joshua-black\\\/#primaryimage\"},\"image\":{\"@id\":\"https:\\\/\\\/www.modelight.eu\\\/product\\\/joshua-black\\\/#primaryimage\"},\"thumbnailUrl\":\"https:\\\/\\\/www.modelight.eu\\\/wp-content\\\/uploads\\\/2020\\\/08\\\/joshua-linea-light-black-italian-floor-lamps-modelight-designer-lighting-1.jpg\",\"datePublished\":\"2020-08-04T05:31:10+00:00\",\"dateModified\":\"2024-02-23T12:45:05+00:00\",\"description\":\"The very best in Italian floor lighting \u2013 JOSHUA BLACK Linea Light. Modelight The Great Italian Lighting. FREE delivery on all orders \u2013 Shop now.\",\"breadcrumb\":{\"@id\":\"https:\\\/\\\/www.modelight.eu\\\/product\\\/joshua-black\\\/#breadcrumb\"},\"inLanguage\":\"pt-PT\",\"potentialAction\":[{\"@type\":\"ReadAction\",\"target\":[\"https:\\\/\\\/www.modelight.eu\\\/product\\\/joshua-black\\\/\"]}]},{\"@type\":\"ImageObject\",\"inLanguage\":\"pt-PT\",\"@id\":\"https:\\\/\\\/www.modelight.eu\\\/product\\\/joshua-black\\\/#primaryimage\",\"url\":\"https:\\\/\\\/www.modelight.eu\\\/wp-content\\\/uploads\\\/2020\\\/08\\\/joshua-linea-light-black-italian-floor-lamps-modelight-designer-lighting-1.jpg\",\"contentUrl\":\"https:\\\/\\\/www.modelight.eu\\\/wp-content\\\/uploads\\\/2020\\\/08\\\/joshua-linea-light-black-italian-floor-lamps-modelight-designer-lighting-1.jpg\",\"width\":800,\"height\":1200,\"caption\":\"JOSHUA BLACK Italian Floor Lamp Picture 1\"},{\"@type\":\"BreadcrumbList\",\"@id\":\"https:\\\/\\\/www.modelight.eu\\\/product\\\/joshua-black\\\/#breadcrumb\",\"itemListElement\":[{\"@type\":\"ListItem\",\"position\":1,\"name\":\"Home\",\"item\":\"https:\\\/\\\/www.modelight.eu\\\/\"},{\"@type\":\"ListItem\",\"position\":2,\"name\":\"Shop\",\"item\":\"https:\\\/\\\/www.modelight.eu\\\/modelight-decorative-lighting\\\/\"},{\"@type\":\"ListItem\",\"position\":3,\"name\":\"JOSHUA BLACK\"}]},{\"@type\":\"WebSite\",\"@id\":\"http:\\\/\\\/www.modelight.eu\\\/pt\\\/#website\",\"url\":\"http:\\\/\\\/www.modelight.eu\\\/pt\\\/\",\"name\":\"Modelight\",\"description\":\"Italian Decorative Lighting\",\"publisher\":{\"@id\":\"http:\\\/\\\/www.modelight.eu\\\/pt\\\/#organization\"},\"potentialAction\":[{\"@type\":\"SearchAction\",\"target\":{\"@type\":\"EntryPoint\",\"urlTemplate\":\"http:\\\/\\\/www.modelight.eu\\\/pt\\\/?s={search_term_string}\"},\"query-input\":{\"@type\":\"PropertyValueSpecification\",\"valueRequired\":true,\"valueName\":\"search_term_string\"}}],\"inLanguage\":\"pt-PT\"},{\"@type\":\"Organization\",\"@id\":\"http:\\\/\\\/www.modelight.eu\\\/pt\\\/#organization\",\"name\":\"modelight.eu\",\"url\":\"http:\\\/\\\/www.modelight.eu\\\/pt\\\/\",\"logo\":{\"@type\":\"ImageObject\",\"inLanguage\":\"pt-PT\",\"@id\":\"http:\\\/\\\/www.modelight.eu\\\/pt\\\/#\\\/schema\\\/logo\\\/image\\\/\",\"url\":\"https:\\\/\\\/www.modelight.eu\\\/wp-content\\\/uploads\\\/2020\\\/08\\\/modelight-ico-logo.jpg\",\"contentUrl\":\"https:\\\/\\\/www.modelight.eu\\\/wp-content\\\/uploads\\\/2020\\\/08\\\/modelight-ico-logo.jpg\",\"width\":512,\"height\":512,\"caption\":\"modelight.eu\"},\"image\":{\"@id\":\"http:\\\/\\\/www.modelight.eu\\\/pt\\\/#\\\/schema\\\/logo\\\/image\\\/\"},\"sameAs\":[\"https:\\\/\\\/www.facebook.com\\\/Modelight.eu\",\"https:\\\/\\\/x.com\\\/modelightqdl\",\"https:\\\/\\\/www.instagram.com\\\/modelight.eu\\\/\"]}]}<\/script>\n<!-- \/ Yoast SEO plugin. -->","yoast_head_json":{"title":"Candeeiro de p\u00e9 italiano JOSHUA BLACK Linea Light","description":"O melhor em ilumina\u00e7\u00e3o de ch\u00e3o italiana - JOSHUA BLACK Linea Light. Modelight A grande ilumina\u00e7\u00e3o italiana. Entrega gratuita em todas as encomendas - Compre agora.","robots":{"index":"index","follow":"follow","max-snippet":"max-snippet:-1","max-image-preview":"max-image-preview:large","max-video-preview":"max-video-preview:-1"},"canonical":"https:\/\/www.modelight.eu\/pt\/produto\/joshua-black\/","og_locale":"pt_PT","og_type":"article","og_title":"JOSHUA BLACK Linea Light Italian Floor Lamp","og_description":"The very best in Italian floor lighting \u2013 JOSHUA BLACK Linea Light. Modelight The Great Italian Lighting. FREE delivery on all orders \u2013 Shop now.","og_url":"https:\/\/www.modelight.eu\/pt\/produto\/joshua-black\/","og_site_name":"Modelight","article_publisher":"https:\/\/www.facebook.com\/Modelight.eu","article_modified_time":"2024-02-23T12:45:05+00:00","og_image":[{"width":800,"height":1200,"url":"https:\/\/i0.wp.com\/www.modelight.eu\/wp-content\/uploads\/2020\/08\/joshua-linea-light-black-italian-floor-lamps-modelight-designer-lighting-1.jpg?fit=800%2C1200&ssl=1","type":"image\/jpeg"}],"twitter_card":"summary_large_image","twitter_site":"@modelightqdl","schema":{"@context":"https:\/\/schema.org","@graph":[{"@type":"WebPage","@id":"https:\/\/www.modelight.eu\/product\/joshua-black\/","url":"https:\/\/www.modelight.eu\/product\/joshua-black\/","name":"Candeeiro de p\u00e9 italiano JOSHUA BLACK Linea Light","isPartOf":{"@id":"http:\/\/www.modelight.eu\/pt\/#website"},"primaryImageOfPage":{"@id":"https:\/\/www.modelight.eu\/product\/joshua-black\/#primaryimage"},"image":{"@id":"https:\/\/www.modelight.eu\/product\/joshua-black\/#primaryimage"},"thumbnailUrl":"https:\/\/www.modelight.eu\/wp-content\/uploads\/2020\/08\/joshua-linea-light-black-italian-floor-lamps-modelight-designer-lighting-1.jpg","datePublished":"2020-08-04T05:31:10+00:00","dateModified":"2024-02-23T12:45:05+00:00","description":"O melhor em ilumina\u00e7\u00e3o de ch\u00e3o italiana - JOSHUA BLACK Linea Light. Modelight A grande ilumina\u00e7\u00e3o italiana. Entrega gratuita em todas as encomendas - Compre agora.","breadcrumb":{"@id":"https:\/\/www.modelight.eu\/product\/joshua-black\/#breadcrumb"},"inLanguage":"pt-PT","potentialAction":[{"@type":"ReadAction","target":["https:\/\/www.modelight.eu\/product\/joshua-black\/"]}]},{"@type":"ImageObject","inLanguage":"pt-PT","@id":"https:\/\/www.modelight.eu\/product\/joshua-black\/#primaryimage","url":"https:\/\/www.modelight.eu\/wp-content\/uploads\/2020\/08\/joshua-linea-light-black-italian-floor-lamps-modelight-designer-lighting-1.jpg","contentUrl":"https:\/\/www.modelight.eu\/wp-content\/uploads\/2020\/08\/joshua-linea-light-black-italian-floor-lamps-modelight-designer-lighting-1.jpg","width":800,"height":1200,"caption":"JOSHUA BLACK Italian Floor Lamp Picture 1"},{"@type":"BreadcrumbList","@id":"https:\/\/www.modelight.eu\/product\/joshua-black\/#breadcrumb","itemListElement":[{"@type":"ListItem","position":1,"name":"Home","item":"https:\/\/www.modelight.eu\/"},{"@type":"ListItem","position":2,"name":"Shop","item":"https:\/\/www.modelight.eu\/modelight-decorative-lighting\/"},{"@type":"ListItem","position":3,"name":"JOSHUA BLACK"}]},{"@type":"WebSite","@id":"http:\/\/www.modelight.eu\/pt\/#website","url":"http:\/\/www.modelight.eu\/pt\/","name":"Modelight","description":"Ilumina\u00e7\u00e3o Decorativa Italiana","publisher":{"@id":"http:\/\/www.modelight.eu\/pt\/#organization"},"potentialAction":[{"@type":"SearchAction","target":{"@type":"EntryPoint","urlTemplate":"http:\/\/www.modelight.eu\/pt\/?s={search_term_string}"},"query-input":{"@type":"PropertyValueSpecification","valueRequired":true,"valueName":"search_term_string"}}],"inLanguage":"pt-PT"},{"@type":"Organization","@id":"http:\/\/www.modelight.eu\/pt\/#organization","name":"modelight.eu","url":"http:\/\/www.modelight.eu\/pt\/","logo":{"@type":"ImageObject","inLanguage":"pt-PT","@id":"http:\/\/www.modelight.eu\/pt\/#\/schema\/logo\/image\/","url":"https:\/\/www.modelight.eu\/wp-content\/uploads\/2020\/08\/modelight-ico-logo.jpg","contentUrl":"https:\/\/www.modelight.eu\/wp-content\/uploads\/2020\/08\/modelight-ico-logo.jpg","width":512,"height":512,"caption":"modelight.eu"},"image":{"@id":"http:\/\/www.modelight.eu\/pt\/#\/schema\/logo\/image\/"},"sameAs":["https:\/\/www.facebook.com\/Modelight.eu","https:\/\/x.com\/modelightqdl","https:\/\/www.instagram.com\/modelight.eu\/"]}]}},"jetpack_sharing_enabled":true,"_links":{"self":[{"href":"http:\/\/www.modelight.eu\/pt\/wp-json\/wp\/v2\/product\/2775","targetHints":{"allow":["GET"]}}],"collection":[{"href":"http:\/\/www.modelight.eu\/pt\/wp-json\/wp\/v2\/product"}],"about":[{"href":"http:\/\/www.modelight.eu\/pt\/wp-json\/wp\/v2\/types\/product"}],"wp:featuredmedia":[{"embeddable":true,"href":"http:\/\/www.modelight.eu\/pt\/wp-json\/wp\/v2\/media\/2776"}],"wp:attachment":[{"href":"http:\/\/www.modelight.eu\/pt\/wp-json\/wp\/v2\/media?parent=2775"}],"wp:term":[{"taxonomy":"product_brand","embeddable":true,"href":"http:\/\/www.modelight.eu\/pt\/wp-json\/wp\/v2\/product_brand?post=2775"},{"taxonomy":"product_cat","embeddable":true,"href":"http:\/\/www.modelight.eu\/pt\/wp-json\/wp\/v2\/product_cat?post=2775"},{"taxonomy":"product_tag","embeddable":true,"href":"http:\/\/www.modelight.eu\/pt\/wp-json\/wp\/v2\/product_tag?post=2775"}],"curies":[{"name":"wp","href":"https:\/\/api.w.org\/{rel}","templated":true}]}}