{"id":6824,"date":"2021-02-24T12:08:10","date_gmt":"2021-02-24T12:08:10","guid":{"rendered":"https:\/\/www.modelight.eu--skip-columns=guid\/?post_type=product&#038;p=6824"},"modified":"2024-02-23T12:49:24","modified_gmt":"2024-02-23T12:49:24","slug":"oh-dynamic-white","status":"publish","type":"product","link":"http:\/\/www.modelight.eu\/de\/produkt\/oh-dynamic-white\/","title":{"rendered":"OH! DYNAMISCHES WEISS"},"content":{"rendered":"","protected":false},"excerpt":{"rendered":"<p>OH! die Sch\u00f6nheit einer einzelnen Kugel, wie z. B. ein heller Erntemond, oder eine Ansammlung von Kugeln, die auf Fotos auf geheimnisvolle Weise auftauchen, die Anziehungskraft der schwebenden, untergehenden Sonne, oder die Pracht von Mutter Natur in ihrer ganzen Sch\u00f6nheit.<\/p>\n<p>OH! Dynamic White dimmbare Bodenbeleuchtung von Linea Light ist unser vielf\u00e4ltiges Angebot an Au\u00dfenleuchten hier auf dem Planeten Erde; hochwertige Kugeln zur Beleuchtung aller Au\u00dfenbereiche. Als eine oder bis zu vier Kugelgr\u00f6\u00dfen kann diese herrliche dimmbare Beleuchtung in ihrer Perfektion tiefgreifende Effekte erzeugen. Ob einzeln, in Reihen oder Clustern oder in zuf\u00e4lliger Anordnung - arrangieren Sie unsere sch\u00f6nen Kugeln, wie Sie m\u00f6chten.<\/p>","protected":false},"featured_media":6825,"template":"","meta":[],"product_brand":[],"product_cat":[78,81,52],"product_tag":[129,283,294,295,639,667,668],"class_list":{"0":"post-6824","1":"product","2":"type-product","3":"status-publish","4":"has-post-thumbnail","6":"product_cat-outdoor-lighting","7":"product_cat-led-lighting","8":"product_cat-italian-sphere-lighting","9":"product_tag-floor","10":"product_tag-oh","11":"product_tag-outdoor","12":"product_tag-garden","13":"product_tag-dynamic","14":"product_tag-italian","15":"product_tag-designer","17":"first","18":"instock","19":"taxable","20":"shipping-taxable","21":"purchasable","22":"product-type-variable"},"yoast_head":"<!-- This site is optimized with the Yoast SEO plugin v27.6 - https:\/\/yoast.com\/product\/yoast-seo-wordpress\/ -->\n<title>OH! DYNAMIC WHITE - Modelight<\/title>\n<meta name=\"robots\" content=\"index, follow, max-snippet:-1, max-image-preview:large, max-video-preview:-1\" \/>\n<link rel=\"canonical\" href=\"https:\/\/www.modelight.eu\/de\/produkt\/oh-dynamic-white\/\" \/>\n<meta property=\"og:locale\" content=\"de_DE\" \/>\n<meta property=\"og:type\" content=\"article\" \/>\n<meta property=\"og:title\" content=\"OH! DYNAMIC WHITE - Modelight\" \/>\n<meta property=\"og:description\" content=\"OH! the beauty of a single sphere, such as a bright harvest moon, or a collection of orbs that mysteriously appear on photographs, the allure of the hovering, setting sun, or the magnificence of mother nature at her all round best.  OH! Dynamic White dimmable floor lighting by Linea Light is our diverse range of outdoor lights here on planet Earth; high quality spheres to light all outdoor settings. As one size or up to four sizes of sphere, this magnificent dimmable lighting in its perfection can create profound effects. Whether solo, in rows or clusters, or left randomly, arrange our beautiful spheres any way you wish.\" \/>\n<meta property=\"og:url\" content=\"https:\/\/www.modelight.eu\/de\/produkt\/oh-dynamic-white\/\" \/>\n<meta property=\"og:site_name\" content=\"Modelight\" \/>\n<meta property=\"article:publisher\" content=\"https:\/\/www.facebook.com\/Modelight.eu\" \/>\n<meta property=\"article:modified_time\" content=\"2024-02-23T12:49:24+00:00\" \/>\n<meta property=\"og:image\" content=\"https:\/\/www.modelight.eu\/wp-content\/uploads\/2021\/02\/oh-dynamic-white-linea-light-outdoor-sphere-lights-for-garden-modelight-italian-lighting-1.jpg\" \/>\n\t<meta property=\"og:image:width\" content=\"800\" \/>\n\t<meta property=\"og:image:height\" content=\"1200\" \/>\n\t<meta property=\"og:image:type\" content=\"image\/jpeg\" \/>\n<meta name=\"twitter:card\" content=\"summary_large_image\" \/>\n<meta name=\"twitter:site\" content=\"@modelightqdl\" \/>\n<script type=\"application\/ld+json\" class=\"yoast-schema-graph\">{\"@context\":\"https:\\\/\\\/schema.org\",\"@graph\":[{\"@type\":\"WebPage\",\"@id\":\"https:\\\/\\\/www.modelight.eu\\\/product\\\/oh-dynamic-white\\\/\",\"url\":\"https:\\\/\\\/www.modelight.eu\\\/product\\\/oh-dynamic-white\\\/\",\"name\":\"OH! DYNAMIC WHITE - Modelight\",\"isPartOf\":{\"@id\":\"http:\\\/\\\/www.modelight.eu\\\/pt\\\/#website\"},\"primaryImageOfPage\":{\"@id\":\"https:\\\/\\\/www.modelight.eu\\\/product\\\/oh-dynamic-white\\\/#primaryimage\"},\"image\":{\"@id\":\"https:\\\/\\\/www.modelight.eu\\\/product\\\/oh-dynamic-white\\\/#primaryimage\"},\"thumbnailUrl\":\"https:\\\/\\\/www.modelight.eu\\\/wp-content\\\/uploads\\\/2021\\\/02\\\/oh-dynamic-white-linea-light-outdoor-sphere-lights-for-garden-modelight-italian-lighting-1.jpg\",\"datePublished\":\"2021-02-24T12:08:10+00:00\",\"dateModified\":\"2024-02-23T12:49:24+00:00\",\"breadcrumb\":{\"@id\":\"https:\\\/\\\/www.modelight.eu\\\/product\\\/oh-dynamic-white\\\/#breadcrumb\"},\"inLanguage\":\"de\",\"potentialAction\":[{\"@type\":\"ReadAction\",\"target\":[\"https:\\\/\\\/www.modelight.eu\\\/product\\\/oh-dynamic-white\\\/\"]}]},{\"@type\":\"ImageObject\",\"inLanguage\":\"de\",\"@id\":\"https:\\\/\\\/www.modelight.eu\\\/product\\\/oh-dynamic-white\\\/#primaryimage\",\"url\":\"https:\\\/\\\/www.modelight.eu\\\/wp-content\\\/uploads\\\/2021\\\/02\\\/oh-dynamic-white-linea-light-outdoor-sphere-lights-for-garden-modelight-italian-lighting-1.jpg\",\"contentUrl\":\"https:\\\/\\\/www.modelight.eu\\\/wp-content\\\/uploads\\\/2021\\\/02\\\/oh-dynamic-white-linea-light-outdoor-sphere-lights-for-garden-modelight-italian-lighting-1.jpg\",\"width\":800,\"height\":1200,\"caption\":\"OH! DYNAMIC WHITE Italian Outdoor Lighting Picture 1\"},{\"@type\":\"BreadcrumbList\",\"@id\":\"https:\\\/\\\/www.modelight.eu\\\/product\\\/oh-dynamic-white\\\/#breadcrumb\",\"itemListElement\":[{\"@type\":\"ListItem\",\"position\":1,\"name\":\"Home\",\"item\":\"https:\\\/\\\/www.modelight.eu\\\/\"},{\"@type\":\"ListItem\",\"position\":2,\"name\":\"Shop\",\"item\":\"https:\\\/\\\/www.modelight.eu\\\/modelight-decorative-lighting\\\/\"},{\"@type\":\"ListItem\",\"position\":3,\"name\":\"OH! DYNAMIC WHITE\"}]},{\"@type\":\"WebSite\",\"@id\":\"http:\\\/\\\/www.modelight.eu\\\/pt\\\/#website\",\"url\":\"http:\\\/\\\/www.modelight.eu\\\/pt\\\/\",\"name\":\"Modelight\",\"description\":\"Italian Decorative Lighting\",\"publisher\":{\"@id\":\"http:\\\/\\\/www.modelight.eu\\\/pt\\\/#organization\"},\"potentialAction\":[{\"@type\":\"SearchAction\",\"target\":{\"@type\":\"EntryPoint\",\"urlTemplate\":\"http:\\\/\\\/www.modelight.eu\\\/pt\\\/?s={search_term_string}\"},\"query-input\":{\"@type\":\"PropertyValueSpecification\",\"valueRequired\":true,\"valueName\":\"search_term_string\"}}],\"inLanguage\":\"de\"},{\"@type\":\"Organization\",\"@id\":\"http:\\\/\\\/www.modelight.eu\\\/pt\\\/#organization\",\"name\":\"modelight.eu\",\"url\":\"http:\\\/\\\/www.modelight.eu\\\/pt\\\/\",\"logo\":{\"@type\":\"ImageObject\",\"inLanguage\":\"de\",\"@id\":\"http:\\\/\\\/www.modelight.eu\\\/pt\\\/#\\\/schema\\\/logo\\\/image\\\/\",\"url\":\"https:\\\/\\\/www.modelight.eu\\\/wp-content\\\/uploads\\\/2020\\\/08\\\/modelight-ico-logo.jpg\",\"contentUrl\":\"https:\\\/\\\/www.modelight.eu\\\/wp-content\\\/uploads\\\/2020\\\/08\\\/modelight-ico-logo.jpg\",\"width\":512,\"height\":512,\"caption\":\"modelight.eu\"},\"image\":{\"@id\":\"http:\\\/\\\/www.modelight.eu\\\/pt\\\/#\\\/schema\\\/logo\\\/image\\\/\"},\"sameAs\":[\"https:\\\/\\\/www.facebook.com\\\/Modelight.eu\",\"https:\\\/\\\/x.com\\\/modelightqdl\",\"https:\\\/\\\/www.instagram.com\\\/modelight.eu\\\/\"]}]}<\/script>\n<!-- \/ Yoast SEO plugin. -->","yoast_head_json":{"title":"OH! DYNAMIC WHITE - Modelight","robots":{"index":"index","follow":"follow","max-snippet":"max-snippet:-1","max-image-preview":"max-image-preview:large","max-video-preview":"max-video-preview:-1"},"canonical":"https:\/\/www.modelight.eu\/de\/produkt\/oh-dynamic-white\/","og_locale":"de_DE","og_type":"article","og_title":"OH! DYNAMIC WHITE - Modelight","og_description":"OH! the beauty of a single sphere, such as a bright harvest moon, or a collection of orbs that mysteriously appear on photographs, the allure of the hovering, setting sun, or the magnificence of mother nature at her all round best.  OH! Dynamic White dimmable floor lighting by Linea Light is our diverse range of outdoor lights here on planet Earth; high quality spheres to light all outdoor settings. As one size or up to four sizes of sphere, this magnificent dimmable lighting in its perfection can create profound effects. Whether solo, in rows or clusters, or left randomly, arrange our beautiful spheres any way you wish.","og_url":"https:\/\/www.modelight.eu\/de\/produkt\/oh-dynamic-white\/","og_site_name":"Modelight","article_publisher":"https:\/\/www.facebook.com\/Modelight.eu","article_modified_time":"2024-02-23T12:49:24+00:00","og_image":[{"width":800,"height":1200,"url":"https:\/\/www.modelight.eu\/wp-content\/uploads\/2021\/02\/oh-dynamic-white-linea-light-outdoor-sphere-lights-for-garden-modelight-italian-lighting-1.jpg","type":"image\/jpeg"}],"twitter_card":"summary_large_image","twitter_site":"@modelightqdl","schema":{"@context":"https:\/\/schema.org","@graph":[{"@type":"WebPage","@id":"https:\/\/www.modelight.eu\/product\/oh-dynamic-white\/","url":"https:\/\/www.modelight.eu\/product\/oh-dynamic-white\/","name":"OH! DYNAMIC WHITE - Modelight","isPartOf":{"@id":"http:\/\/www.modelight.eu\/pt\/#website"},"primaryImageOfPage":{"@id":"https:\/\/www.modelight.eu\/product\/oh-dynamic-white\/#primaryimage"},"image":{"@id":"https:\/\/www.modelight.eu\/product\/oh-dynamic-white\/#primaryimage"},"thumbnailUrl":"https:\/\/www.modelight.eu\/wp-content\/uploads\/2021\/02\/oh-dynamic-white-linea-light-outdoor-sphere-lights-for-garden-modelight-italian-lighting-1.jpg","datePublished":"2021-02-24T12:08:10+00:00","dateModified":"2024-02-23T12:49:24+00:00","breadcrumb":{"@id":"https:\/\/www.modelight.eu\/product\/oh-dynamic-white\/#breadcrumb"},"inLanguage":"de","potentialAction":[{"@type":"ReadAction","target":["https:\/\/www.modelight.eu\/product\/oh-dynamic-white\/"]}]},{"@type":"ImageObject","inLanguage":"de","@id":"https:\/\/www.modelight.eu\/product\/oh-dynamic-white\/#primaryimage","url":"https:\/\/www.modelight.eu\/wp-content\/uploads\/2021\/02\/oh-dynamic-white-linea-light-outdoor-sphere-lights-for-garden-modelight-italian-lighting-1.jpg","contentUrl":"https:\/\/www.modelight.eu\/wp-content\/uploads\/2021\/02\/oh-dynamic-white-linea-light-outdoor-sphere-lights-for-garden-modelight-italian-lighting-1.jpg","width":800,"height":1200,"caption":"OH! DYNAMIC WHITE Italian Outdoor Lighting Picture 1"},{"@type":"BreadcrumbList","@id":"https:\/\/www.modelight.eu\/product\/oh-dynamic-white\/#breadcrumb","itemListElement":[{"@type":"ListItem","position":1,"name":"Home","item":"https:\/\/www.modelight.eu\/"},{"@type":"ListItem","position":2,"name":"Shop","item":"https:\/\/www.modelight.eu\/modelight-decorative-lighting\/"},{"@type":"ListItem","position":3,"name":"OH! DYNAMIC WHITE"}]},{"@type":"WebSite","@id":"http:\/\/www.modelight.eu\/pt\/#website","url":"http:\/\/www.modelight.eu\/pt\/","name":"Modelight","description":"Italienische dekorative Beleuchtung","publisher":{"@id":"http:\/\/www.modelight.eu\/pt\/#organization"},"potentialAction":[{"@type":"SearchAction","target":{"@type":"EntryPoint","urlTemplate":"http:\/\/www.modelight.eu\/pt\/?s={search_term_string}"},"query-input":{"@type":"PropertyValueSpecification","valueRequired":true,"valueName":"search_term_string"}}],"inLanguage":"de"},{"@type":"Organization","@id":"http:\/\/www.modelight.eu\/pt\/#organization","name":"modelight.eu","url":"http:\/\/www.modelight.eu\/pt\/","logo":{"@type":"ImageObject","inLanguage":"de","@id":"http:\/\/www.modelight.eu\/pt\/#\/schema\/logo\/image\/","url":"https:\/\/www.modelight.eu\/wp-content\/uploads\/2020\/08\/modelight-ico-logo.jpg","contentUrl":"https:\/\/www.modelight.eu\/wp-content\/uploads\/2020\/08\/modelight-ico-logo.jpg","width":512,"height":512,"caption":"modelight.eu"},"image":{"@id":"http:\/\/www.modelight.eu\/pt\/#\/schema\/logo\/image\/"},"sameAs":["https:\/\/www.facebook.com\/Modelight.eu","https:\/\/x.com\/modelightqdl","https:\/\/www.instagram.com\/modelight.eu\/"]}]}},"jetpack_sharing_enabled":true,"_links":{"self":[{"href":"http:\/\/www.modelight.eu\/de\/wp-json\/wp\/v2\/product\/6824","targetHints":{"allow":["GET"]}}],"collection":[{"href":"http:\/\/www.modelight.eu\/de\/wp-json\/wp\/v2\/product"}],"about":[{"href":"http:\/\/www.modelight.eu\/de\/wp-json\/wp\/v2\/types\/product"}],"wp:featuredmedia":[{"embeddable":true,"href":"http:\/\/www.modelight.eu\/de\/wp-json\/wp\/v2\/media\/6825"}],"wp:attachment":[{"href":"http:\/\/www.modelight.eu\/de\/wp-json\/wp\/v2\/media?parent=6824"}],"wp:term":[{"taxonomy":"product_brand","embeddable":true,"href":"http:\/\/www.modelight.eu\/de\/wp-json\/wp\/v2\/product_brand?post=6824"},{"taxonomy":"product_cat","embeddable":true,"href":"http:\/\/www.modelight.eu\/de\/wp-json\/wp\/v2\/product_cat?post=6824"},{"taxonomy":"product_tag","embeddable":true,"href":"http:\/\/www.modelight.eu\/de\/wp-json\/wp\/v2\/product_tag?post=6824"}],"curies":[{"name":"wp","href":"https:\/\/api.w.org\/{rel}","templated":true}]}}